{"id":3559,"date":"2022-12-13T11:46:55","date_gmt":"2022-12-13T11:46:55","guid":{"rendered":"https:\/\/estover.ee\/contacts\/management\/"},"modified":"2025-11-13T08:16:27","modified_gmt":"2025-11-13T08:16:27","slug":"management","status":"publish","type":"page","link":"https:\/\/estover.ee\/en\/contacts\/management\/","title":{"rendered":"Management"},"content":{"rendered":"\t\t<div data-elementor-type=\"wp-page\" data-elementor-id=\"3559\" class=\"elementor elementor-3559 elementor-306\">\n\t\t\t\t\t\t<section class=\"elementor-section elementor-top-section elementor-element elementor-element-7a21647 elementor-section-boxed elementor-section-height-default elementor-section-height-default\" data-id=\"7a21647\" data-element_type=\"section\">\n\t\t\t\t\t\t<div class=\"elementor-container elementor-column-gap-default\">\n\t\t\t\t\t<div class=\"elementor-column elementor-col-100 elementor-top-column elementor-element elementor-element-e27f27e\" data-id=\"e27f27e\" data-element_type=\"column\">\n\t\t\t<div class=\"elementor-widget-wrap elementor-element-populated\">\n\t\t\t\t\t\t<div class=\"elementor-element elementor-element-39526dc elementor-widget elementor-widget-heading\" data-id=\"39526dc\" data-element_type=\"widget\" data-widget_type=\"heading.default\">\n\t\t\t\t<div class=\"elementor-widget-container\">\n\t\t\t\t\t<h1 class=\"elementor-heading-title elementor-size-default\">MANAGEMENT<\/h1>\t\t\t\t<\/div>\n\t\t\t\t<\/div>\n\t\t\t\t\t<\/div>\n\t\t<\/div>\n\t\t\t\t\t<\/div>\n\t\t<\/section>\n\t\t\t\t<section class=\"elementor-section elementor-top-section elementor-element elementor-element-9e265c1 elementor-section-boxed elementor-section-height-default elementor-section-height-default\" data-id=\"9e265c1\" data-element_type=\"section\">\n\t\t\t\t\t\t<div class=\"elementor-container elementor-column-gap-default\">\n\t\t\t\t\t<div class=\"elementor-column elementor-col-33 elementor-top-column elementor-element elementor-element-164f6c6\" data-id=\"164f6c6\" data-element_type=\"column\">\n\t\t\t<div class=\"elementor-widget-wrap elementor-element-populated\">\n\t\t\t\t\t\t<div class=\"elementor-element elementor-element-e4be098 elementor-widget elementor-widget-wp-widget-nav_menu\" data-id=\"e4be098\" data-element_type=\"widget\" data-widget_type=\"wp-widget-nav_menu.default\">\n\t\t\t\t<div class=\"elementor-widget-container\">\n\t\t\t\t\t<div class=\"menu-contact-page-nav-container\"><ul id=\"menu-contact-page-nav\" class=\"menu\"><li id=\"menu-item-413\" class=\"menu-item menu-item-type-post_type menu-item-object-page menu-item-413\"><a href=\"https:\/\/estover.ee\/kontakt\/\">Contacts<\/a><\/li>\n<li id=\"menu-item-417\" class=\"menu-item menu-item-type-post_type menu-item-object-page menu-item-417\"><a href=\"https:\/\/estover.ee\/kontakt\/muugi-ja-turundusosakond\/\">Marketing and Sales Department<\/a><\/li>\n<li id=\"menu-item-416\" class=\"menu-item menu-item-type-post_type menu-item-object-page menu-item-416\"><a href=\"https:\/\/estover.ee\/kontakt\/juhtimine\/\">Management<\/a><\/li>\n<\/ul><\/div>\t\t\t\t<\/div>\n\t\t\t\t<\/div>\n\t\t\t\t\t<\/div>\n\t\t<\/div>\n\t\t\t\t<div class=\"elementor-column elementor-col-66 elementor-top-column elementor-element elementor-element-b194f9e\" data-id=\"b194f9e\" data-element_type=\"column\">\n\t\t\t<div class=\"elementor-widget-wrap elementor-element-populated\">\n\t\t\t\t\t\t<div class=\"elementor-element elementor-element-fbede20 elementor-widget elementor-widget-text-editor\" data-id=\"fbede20\" data-element_type=\"widget\" data-widget_type=\"text-editor.default\">\n\t\t\t\t<div class=\"elementor-widget-container\">\n\t\t\t\t\t\t\t\t\t<p style=\"margin-bottom: 30px; color: #555555;\"><span style=\"font-weight: bolder;\">Hannes Mootse<\/span><br \/>CEO of Estover O\u00dc, Estover Piimat\u00f6\u00f6stus O\u00dc, Eesti Juustu Tootmise O\u00dc<br \/>hannes.mootse(at)estover.ee<\/p>\t\t\t\t\t\t\t\t<\/div>\n\t\t\t\t<\/div>\n\t\t\t\t<div class=\"elementor-element elementor-element-73416c6 elementor-widget elementor-widget-text-editor\" data-id=\"73416c6\" data-element_type=\"widget\" data-widget_type=\"text-editor.default\">\n\t\t\t\t<div class=\"elementor-widget-container\">\n\t\t\t\t\t\t\t\t\t<p style=\"margin-bottom: 30px; color: #555555;\"><span style=\"font-weight: bolder;\">Helen Aruoja<\/span><br>head of Tallinn unit<br>helen.aruoja(at)estover.ee<\/p>\t\t\t\t\t\t\t\t<\/div>\n\t\t\t\t<\/div>\n\t\t\t\t<div class=\"elementor-element elementor-element-3948ef5 elementor-widget elementor-widget-text-editor\" data-id=\"3948ef5\" data-element_type=\"widget\" data-widget_type=\"text-editor.default\">\n\t\t\t\t<div class=\"elementor-widget-container\">\n\t\t\t\t\t\t\t\t\t<p style=\"margin-bottom: 30px; color: #555555;\"><span style=\"font-weight: bolder;\">Triin Merilyn Varatalu<br><\/span>head of sales and marketing department<br style=\"color: rgb(119, 119, 119);\">triin.varatalu(at)estover.ee<\/p>\t\t\t\t\t\t\t\t<\/div>\n\t\t\t\t<\/div>\n\t\t\t\t<div class=\"elementor-element elementor-element-a7e0708 elementor-widget elementor-widget-text-editor\" data-id=\"a7e0708\" data-element_type=\"widget\" data-widget_type=\"text-editor.default\">\n\t\t\t\t<div class=\"elementor-widget-container\">\n\t\t\t\t\t\t\t\t\t<p style=\"margin-bottom: 30px; color: #555555;\"><span style=\"font-weight: bolder;\">Maigi Nuuma<\/span><br \/>logistics department manager<br \/>maigi.nuuma(at)estover.ee<\/p>\t\t\t\t\t\t\t\t<\/div>\n\t\t\t\t<\/div>\n\t\t\t\t<div class=\"elementor-element elementor-element-ec33849 elementor-widget elementor-widget-text-editor\" data-id=\"ec33849\" data-element_type=\"widget\" data-widget_type=\"text-editor.default\">\n\t\t\t\t<div class=\"elementor-widget-container\">\n\t\t\t\t\t\t\t\t\t<p style=\"margin-bottom: 30px; color: #555555;\"><span style=\"font-weight: bolder;\">Tiina Metsalu<\/span><br \/>United Estover Group O\u00dc Head of Finance and Human Resources<br \/>tiina.metsalu(at)estover.ee<\/p>\t\t\t\t\t\t\t\t<\/div>\n\t\t\t\t<\/div>\n\t\t\t\t<div class=\"elementor-element elementor-element-f09cac8 elementor-widget elementor-widget-text-editor\" data-id=\"f09cac8\" data-element_type=\"widget\" data-widget_type=\"text-editor.default\">\n\t\t\t\t<div class=\"elementor-widget-container\">\n\t\t\t\t\t\t\t\t\t<p style=\"margin-bottom: 30px; color: #555555;\"><span style=\"font-weight: bolder;\">T\u00f5nu Raudsepp<\/span><br \/>Development Manager<br \/>tonu.raudsepp(at)estover.ee<\/p>\t\t\t\t\t\t\t\t<\/div>\n\t\t\t\t<\/div>\n\t\t\t\t<div class=\"elementor-element elementor-element-f5d32da elementor-widget elementor-widget-text-editor\" data-id=\"f5d32da\" data-element_type=\"widget\" data-widget_type=\"text-editor.default\">\n\t\t\t\t<div class=\"elementor-widget-container\">\n\t\t\t\t\t\t\t\t\t<p style=\"margin-bottom: 30px; color: #555555;\"><span style=\"font-weight: bolder;\">Ago Teder<\/span><br \/>Board member<br \/><span style=\"color: #000000;\">ago.teder(at)estover.ee<\/span><\/p>\t\t\t\t\t\t\t\t<\/div>\n\t\t\t\t<\/div>\n\t\t\t\t<div class=\"elementor-element elementor-element-67418e7 elementor-widget elementor-widget-text-editor\" data-id=\"67418e7\" data-element_type=\"widget\" data-widget_type=\"text-editor.default\">\n\t\t\t\t<div class=\"elementor-widget-container\">\n\t\t\t\t\t\t\t\t\t<p style=\"margin-bottom: 30px; color: #555555;\"><span style=\"font-weight: bolder;\">Ago Enok<\/span><br \/>Management<br \/>ago.enok(at)estove<span style=\"color: #c13128;\">r<\/span>.ee<\/p>\t\t\t\t\t\t\t\t<\/div>\n\t\t\t\t<\/div>\n\t\t\t\t\t<\/div>\n\t\t<\/div>\n\t\t\t\t\t<\/div>\n\t\t<\/section>\n\t\t\t\t<\/div>\n\t\t","protected":false},"excerpt":{"rendered":"<p>MANAGEMENT Hannes MootseCEO of Estover O\u00dc, Estover Piimat\u00f6\u00f6stus O\u00dc, Eesti Juustu Tootmise O\u00dchannes.mootse(at)estover.ee Helen Aruojahead of Tallinn unithelen.aruoja(at)estover.ee Triin Merilyn Varataluhead of sales and marketing departmenttriin.varatalu(at)estover.ee Maigi Nuumalogistics department managermaigi.nuuma(at)estover.ee Tiina MetsaluUnited Estover Group O\u00dc Head of Finance and Human Resourcestiina.metsalu(at)estover.ee T\u00f5nu RaudseppDevelopment Managertonu.raudsepp(at)estover.ee Ago TederBoard memberago.teder(at)estover.ee Ago EnokManagementago.enok(at)estover.ee<\/p>\n","protected":false},"author":1,"featured_media":0,"parent":3556,"menu_order":0,"comment_status":"closed","ping_status":"closed","template":"","meta":{"inline_featured_image":false,"footnotes":""},"class_list":["post-3559","page","type-page","status-publish","hentry"],"yoast_head":"<!-- This site is optimized with the Yoast SEO plugin v27.2 - https:\/\/yoast.com\/product\/yoast-seo-wordpress\/ -->\n<title>Management - Estover<\/title>\n<meta name=\"robots\" content=\"index, follow, max-snippet:-1, max-image-preview:large, max-video-preview:-1\" \/>\n<link rel=\"canonical\" href=\"https:\/\/estover.ee\/en\/contacts\/management\/\" \/>\n<meta property=\"og:locale\" content=\"en_US\" \/>\n<meta property=\"og:type\" content=\"article\" \/>\n<meta property=\"og:title\" content=\"Management - Estover\" \/>\n<meta property=\"og:description\" content=\"MANAGEMENT Hannes MootseCEO of Estover O\u00dc, Estover Piimat\u00f6\u00f6stus O\u00dc, Eesti Juustu Tootmise O\u00dchannes.mootse(at)estover.ee Helen Aruojahead of Tallinn unithelen.aruoja(at)estover.ee Triin Merilyn Varataluhead of sales and marketing departmenttriin.varatalu(at)estover.ee Maigi Nuumalogistics department managermaigi.nuuma(at)estover.ee Tiina MetsaluUnited Estover Group O\u00dc Head of Finance and Human Resourcestiina.metsalu(at)estover.ee T\u00f5nu RaudseppDevelopment Managertonu.raudsepp(at)estover.ee Ago TederBoard memberago.teder(at)estover.ee Ago EnokManagementago.enok(at)estover.ee\" \/>\n<meta property=\"og:url\" content=\"https:\/\/estover.ee\/en\/contacts\/management\/\" \/>\n<meta property=\"og:site_name\" content=\"Estover\" \/>\n<meta property=\"article:publisher\" content=\"https:\/\/www.facebook.com\/estoverpiimatoostus\" \/>\n<meta property=\"article:modified_time\" content=\"2025-11-13T08:16:27+00:00\" \/>\n<meta name=\"twitter:card\" content=\"summary_large_image\" \/>\n<meta name=\"twitter:label1\" content=\"Est. reading time\" \/>\n\t<meta name=\"twitter:data1\" content=\"1 minute\" \/>\n<script type=\"application\/ld+json\" class=\"yoast-schema-graph\">{\"@context\":\"https:\/\/schema.org\",\"@graph\":[{\"@type\":\"WebPage\",\"@id\":\"https:\/\/estover.ee\/en\/contacts\/management\/\",\"url\":\"https:\/\/estover.ee\/en\/contacts\/management\/\",\"name\":\"Management - Estover\",\"isPartOf\":{\"@id\":\"https:\/\/estover.ee\/en\/#website\"},\"datePublished\":\"2022-12-13T11:46:55+00:00\",\"dateModified\":\"2025-11-13T08:16:27+00:00\",\"breadcrumb\":{\"@id\":\"https:\/\/estover.ee\/en\/contacts\/management\/#breadcrumb\"},\"inLanguage\":\"en-US\",\"potentialAction\":[{\"@type\":\"ReadAction\",\"target\":[\"https:\/\/estover.ee\/en\/contacts\/management\/\"]}]},{\"@type\":\"BreadcrumbList\",\"@id\":\"https:\/\/estover.ee\/en\/contacts\/management\/#breadcrumb\",\"itemListElement\":[{\"@type\":\"ListItem\",\"position\":1,\"name\":\"Home\",\"item\":\"https:\/\/estover.ee\/en\/\"},{\"@type\":\"ListItem\",\"position\":2,\"name\":\"Contacts\",\"item\":\"https:\/\/estover.ee\/en\/kontakt\/\"},{\"@type\":\"ListItem\",\"position\":3,\"name\":\"Management\"}]},{\"@type\":\"WebSite\",\"@id\":\"https:\/\/estover.ee\/en\/#website\",\"url\":\"https:\/\/estover.ee\/en\/\",\"name\":\"Estover\",\"description\":\"Piimat\u00f6\u00f6stus\",\"publisher\":{\"@id\":\"https:\/\/estover.ee\/en\/#organization\"},\"potentialAction\":[{\"@type\":\"SearchAction\",\"target\":{\"@type\":\"EntryPoint\",\"urlTemplate\":\"https:\/\/estover.ee\/en\/?s={search_term_string}\"},\"query-input\":{\"@type\":\"PropertyValueSpecification\",\"valueRequired\":true,\"valueName\":\"search_term_string\"}}],\"inLanguage\":\"en-US\"},{\"@type\":\"Organization\",\"@id\":\"https:\/\/estover.ee\/en\/#organization\",\"name\":\"Estover\",\"url\":\"https:\/\/estover.ee\/en\/\",\"logo\":{\"@type\":\"ImageObject\",\"inLanguage\":\"en-US\",\"@id\":\"https:\/\/estover.ee\/en\/#\/schema\/logo\/image\/\",\"url\":\"https:\/\/estover.ee\/wp-content\/uploads\/2022\/12\/estover_logo.png\",\"contentUrl\":\"https:\/\/estover.ee\/wp-content\/uploads\/2022\/12\/estover_logo.png\",\"width\":167,\"height\":125,\"caption\":\"Estover\"},\"image\":{\"@id\":\"https:\/\/estover.ee\/en\/#\/schema\/logo\/image\/\"},\"sameAs\":[\"https:\/\/www.facebook.com\/estoverpiimatoostus\",\"https:\/\/www.instagram.com\/estovereesti\/\"]}]}<\/script>\n<!-- \/ Yoast SEO plugin. -->","yoast_head_json":{"title":"Management - Estover","robots":{"index":"index","follow":"follow","max-snippet":"max-snippet:-1","max-image-preview":"max-image-preview:large","max-video-preview":"max-video-preview:-1"},"canonical":"https:\/\/estover.ee\/en\/contacts\/management\/","og_locale":"en_US","og_type":"article","og_title":"Management - Estover","og_description":"MANAGEMENT Hannes MootseCEO of Estover O\u00dc, Estover Piimat\u00f6\u00f6stus O\u00dc, Eesti Juustu Tootmise O\u00dchannes.mootse(at)estover.ee Helen Aruojahead of Tallinn unithelen.aruoja(at)estover.ee Triin Merilyn Varataluhead of sales and marketing departmenttriin.varatalu(at)estover.ee Maigi Nuumalogistics department managermaigi.nuuma(at)estover.ee Tiina MetsaluUnited Estover Group O\u00dc Head of Finance and Human Resourcestiina.metsalu(at)estover.ee T\u00f5nu RaudseppDevelopment Managertonu.raudsepp(at)estover.ee Ago TederBoard memberago.teder(at)estover.ee Ago EnokManagementago.enok(at)estover.ee","og_url":"https:\/\/estover.ee\/en\/contacts\/management\/","og_site_name":"Estover","article_publisher":"https:\/\/www.facebook.com\/estoverpiimatoostus","article_modified_time":"2025-11-13T08:16:27+00:00","twitter_card":"summary_large_image","twitter_misc":{"Est. reading time":"1 minute"},"schema":{"@context":"https:\/\/schema.org","@graph":[{"@type":"WebPage","@id":"https:\/\/estover.ee\/en\/contacts\/management\/","url":"https:\/\/estover.ee\/en\/contacts\/management\/","name":"Management - Estover","isPartOf":{"@id":"https:\/\/estover.ee\/en\/#website"},"datePublished":"2022-12-13T11:46:55+00:00","dateModified":"2025-11-13T08:16:27+00:00","breadcrumb":{"@id":"https:\/\/estover.ee\/en\/contacts\/management\/#breadcrumb"},"inLanguage":"en-US","potentialAction":[{"@type":"ReadAction","target":["https:\/\/estover.ee\/en\/contacts\/management\/"]}]},{"@type":"BreadcrumbList","@id":"https:\/\/estover.ee\/en\/contacts\/management\/#breadcrumb","itemListElement":[{"@type":"ListItem","position":1,"name":"Home","item":"https:\/\/estover.ee\/en\/"},{"@type":"ListItem","position":2,"name":"Contacts","item":"https:\/\/estover.ee\/en\/kontakt\/"},{"@type":"ListItem","position":3,"name":"Management"}]},{"@type":"WebSite","@id":"https:\/\/estover.ee\/en\/#website","url":"https:\/\/estover.ee\/en\/","name":"Estover","description":"Piimat\u00f6\u00f6stus","publisher":{"@id":"https:\/\/estover.ee\/en\/#organization"},"potentialAction":[{"@type":"SearchAction","target":{"@type":"EntryPoint","urlTemplate":"https:\/\/estover.ee\/en\/?s={search_term_string}"},"query-input":{"@type":"PropertyValueSpecification","valueRequired":true,"valueName":"search_term_string"}}],"inLanguage":"en-US"},{"@type":"Organization","@id":"https:\/\/estover.ee\/en\/#organization","name":"Estover","url":"https:\/\/estover.ee\/en\/","logo":{"@type":"ImageObject","inLanguage":"en-US","@id":"https:\/\/estover.ee\/en\/#\/schema\/logo\/image\/","url":"https:\/\/estover.ee\/wp-content\/uploads\/2022\/12\/estover_logo.png","contentUrl":"https:\/\/estover.ee\/wp-content\/uploads\/2022\/12\/estover_logo.png","width":167,"height":125,"caption":"Estover"},"image":{"@id":"https:\/\/estover.ee\/en\/#\/schema\/logo\/image\/"},"sameAs":["https:\/\/www.facebook.com\/estoverpiimatoostus","https:\/\/www.instagram.com\/estovereesti\/"]}]}},"_links":{"self":[{"href":"https:\/\/estover.ee\/en\/wp-json\/wp\/v2\/pages\/3559","targetHints":{"allow":["GET"]}}],"collection":[{"href":"https:\/\/estover.ee\/en\/wp-json\/wp\/v2\/pages"}],"about":[{"href":"https:\/\/estover.ee\/en\/wp-json\/wp\/v2\/types\/page"}],"author":[{"embeddable":true,"href":"https:\/\/estover.ee\/en\/wp-json\/wp\/v2\/users\/1"}],"replies":[{"embeddable":true,"href":"https:\/\/estover.ee\/en\/wp-json\/wp\/v2\/comments?post=3559"}],"version-history":[{"count":16,"href":"https:\/\/estover.ee\/en\/wp-json\/wp\/v2\/pages\/3559\/revisions"}],"predecessor-version":[{"id":7502,"href":"https:\/\/estover.ee\/en\/wp-json\/wp\/v2\/pages\/3559\/revisions\/7502"}],"up":[{"embeddable":true,"href":"https:\/\/estover.ee\/en\/wp-json\/wp\/v2\/pages\/3556"}],"wp:attachment":[{"href":"https:\/\/estover.ee\/en\/wp-json\/wp\/v2\/media?parent=3559"}],"curies":[{"name":"wp","href":"https:\/\/api.w.org\/{rel}","templated":true}]}}