{"id":3623,"date":"2023-01-17T15:35:44","date_gmt":"2023-01-17T15:35:44","guid":{"rendered":"https:\/\/estover.ee\/about-us\/history\/"},"modified":"2023-02-03T11:34:11","modified_gmt":"2023-02-03T11:34:11","slug":"history","status":"publish","type":"page","link":"https:\/\/estover.ee\/en\/about-us\/history\/","title":{"rendered":"History"},"content":{"rendered":"\t\t<div data-elementor-type=\"wp-page\" data-elementor-id=\"3623\" class=\"elementor elementor-3623 elementor-2921\">\n\t\t\t\t\t\t<section class=\"elementor-section elementor-top-section elementor-element elementor-element-29f11a9 elementor-section-boxed elementor-section-height-default elementor-section-height-default\" data-id=\"29f11a9\" data-element_type=\"section\" data-e-type=\"section\">\n\t\t\t\t\t\t<div class=\"elementor-container elementor-column-gap-default\">\n\t\t\t\t\t<div class=\"elementor-column elementor-col-100 elementor-top-column elementor-element elementor-element-90813e6\" data-id=\"90813e6\" data-element_type=\"column\" data-e-type=\"column\">\n\t\t\t<div class=\"elementor-widget-wrap elementor-element-populated\">\n\t\t\t\t\t\t<div class=\"elementor-element elementor-element-9b6fce2 elementor-widget elementor-widget-heading\" data-id=\"9b6fce2\" data-element_type=\"widget\" data-e-type=\"widget\" data-widget_type=\"heading.default\">\n\t\t\t\t<div class=\"elementor-widget-container\">\n\t\t\t\t\t<h1 class=\"elementor-heading-title elementor-size-default\">History<\/h1>\t\t\t\t<\/div>\n\t\t\t\t<\/div>\n\t\t\t\t\t<\/div>\n\t\t<\/div>\n\t\t\t\t\t<\/div>\n\t\t<\/section>\n\t\t\t\t<section class=\"elementor-section elementor-top-section elementor-element elementor-element-3d3c36a elementor-reverse-mobile elementor-section-boxed elementor-section-height-default elementor-section-height-default\" data-id=\"3d3c36a\" data-element_type=\"section\" data-e-type=\"section\">\n\t\t\t\t\t\t<div class=\"elementor-container elementor-column-gap-default\">\n\t\t\t\t\t<div class=\"elementor-column elementor-col-33 elementor-top-column elementor-element elementor-element-6228a9b\" data-id=\"6228a9b\" data-element_type=\"column\" data-e-type=\"column\">\n\t\t\t<div class=\"elementor-widget-wrap elementor-element-populated\">\n\t\t\t\t\t\t<div class=\"elementor-element elementor-element-c8ebd23 elementor-widget elementor-widget-image\" data-id=\"c8ebd23\" data-element_type=\"widget\" data-e-type=\"widget\" data-widget_type=\"image.default\">\n\t\t\t\t<div class=\"elementor-widget-container\">\n\t\t\t\t\t\t\t\t\t\t\t\t\t\t\t<img fetchpriority=\"high\" decoding=\"async\" width=\"420\" height=\"1024\" src=\"https:\/\/estover.ee\/wp-content\/uploads\/2023\/01\/52-2-420x1024.png\" class=\"attachment-large size-large wp-image-3517\" alt=\"\" srcset=\"https:\/\/estover.ee\/wp-content\/uploads\/2023\/01\/52-2-420x1024.png 420w, https:\/\/estover.ee\/wp-content\/uploads\/2023\/01\/52-2-150x365.png 150w, https:\/\/estover.ee\/wp-content\/uploads\/2023\/01\/52-2-600x1462.png 600w, https:\/\/estover.ee\/wp-content\/uploads\/2023\/01\/52-2-246x600.png 246w, https:\/\/estover.ee\/wp-content\/uploads\/2023\/01\/52-2-768x1871.png 768w, https:\/\/estover.ee\/wp-content\/uploads\/2023\/01\/52-2.png 780w\" sizes=\"(max-width: 420px) 100vw, 420px\" \/>\t\t\t\t\t\t\t\t\t\t\t\t\t\t\t<\/div>\n\t\t\t\t<\/div>\n\t\t\t\t\t<\/div>\n\t\t<\/div>\n\t\t\t\t<div class=\"elementor-column elementor-col-66 elementor-top-column elementor-element elementor-element-9b1da40\" data-id=\"9b1da40\" data-element_type=\"column\" data-e-type=\"column\">\n\t\t\t<div class=\"elementor-widget-wrap elementor-element-populated\">\n\t\t\t\t\t\t<div class=\"elementor-element elementor-element-7a2b8bd elementor-widget elementor-widget-text-editor\" data-id=\"7a2b8bd\" data-element_type=\"widget\" data-e-type=\"widget\" data-widget_type=\"text-editor.default\">\n\t\t\t\t<div class=\"elementor-widget-container\">\n\t\t\t\t\t\t\t\t\t<p>Estover O\u00dc\u2019s history goes back to 1992, when the company began as cheese products wholesaler. Currently the company has become one of the largest milk product wholesalers and distributors in Estonia that in addition to the largest cheese selection on the market also offers ricotta cheese, cottage cheese, butter and yeast. With a market share of approx. 40%, the company is the leader on the Estonian cheese market. Estover\u2019s best known trademarks include Traditsiooniline Eesti Juust, Hollandi Leibjuust Originaal, Piimameister Otto, Vene Juust, Hiirte Juust and Royal Blue. In addition to own products, the company is also active in marketing imported brands, and is among others, the representative of such world famous cheese brands as Philadelphia, President, Bergader, Galbani.<\/p>\n<p>Export, which includes selling local milk products to the markets in Russia, Finland, Latvia, Lithuania and Germany, is an important aspect of the company\u2019s sales strategy.<\/p>\n<p>The company is part of United Estover Group (UEG) along with Estover Piimat\u00f6\u00f6stus O\u00dc and Eesti Juustu Tootmise O\u00dc. The company is based 100 % on Estonian capital and is currently an employer to more than 200 people.<\/p>\n<p>Our aim is to be the best partner for our customers by providing good products and a quality service that enables us to fulfil the end consumer\u2019s desire for a delicious and versatile cheese selection.<\/p>\n<p>The vision of Estover O\u00dc is to develop the cheese culture in Estonia by providing a rich selection of both local and foreign high quality cheese products, and to be an innovative and flexible seller on the Estonian and European market.<\/p>\n<p>Estover\u2019s future development directions are connected to offering values, i.e. in addition to our product selection, we also offer introduction to the essence of the products. The latter includes product trainings, cheese history, cheese culture, and also how cheese, as an indispensable food product, can be used with different food and drinks.<\/p>\n\t\t\t\t\t\t\t\t<\/div>\n\t\t\t\t<\/div>\n\t\t\t\t\t<\/div>\n\t\t<\/div>\n\t\t\t\t\t<\/div>\n\t\t<\/section>\n\t\t\t\t<\/div>\n\t\t","protected":false},"excerpt":{"rendered":"<p>History Estover O\u00dc\u2019s history goes back to 1992, when the company began as cheese products wholesaler. Currently the company has become one of the largest milk product wholesalers and distributors in Estonia that in addition to the largest cheese selection on the market also offers ricotta cheese, cottage cheese, butter and yeast. With a market &hellip; <a href=\"https:\/\/estover.ee\/en\/about-us\/history\/\">Continued<\/a><\/p>\n","protected":false},"author":1,"featured_media":0,"parent":3553,"menu_order":0,"comment_status":"closed","ping_status":"closed","template":"","meta":{"inline_featured_image":false,"footnotes":""},"class_list":["post-3623","page","type-page","status-publish","hentry"],"yoast_head":"<!-- This site is optimized with the Yoast SEO plugin v27.6 - https:\/\/yoast.com\/product\/yoast-seo-wordpress\/ -->\n<title>History - Estover<\/title>\n<meta name=\"robots\" content=\"index, follow, max-snippet:-1, max-image-preview:large, max-video-preview:-1\" \/>\n<link rel=\"canonical\" href=\"https:\/\/estover.ee\/en\/about-us\/history\/\" \/>\n<meta property=\"og:locale\" content=\"en_US\" \/>\n<meta property=\"og:type\" content=\"article\" \/>\n<meta property=\"og:title\" content=\"History - Estover\" \/>\n<meta property=\"og:description\" content=\"History Estover O\u00dc\u2019s history goes back to 1992, when the company began as cheese products wholesaler. Currently the company has become one of the largest milk product wholesalers and distributors in Estonia that in addition to the largest cheese selection on the market also offers ricotta cheese, cottage cheese, butter and yeast. With a market &hellip; Continued\" \/>\n<meta property=\"og:url\" content=\"https:\/\/estover.ee\/en\/about-us\/history\/\" \/>\n<meta property=\"og:site_name\" content=\"Estover\" \/>\n<meta property=\"article:publisher\" content=\"https:\/\/www.facebook.com\/estoverpiimatoostus\" \/>\n<meta property=\"article:modified_time\" content=\"2023-02-03T11:34:11+00:00\" \/>\n<meta property=\"og:image\" content=\"https:\/\/estover.ee\/wp-content\/uploads\/2023\/01\/52-2-420x1024.png\" \/>\n<meta name=\"twitter:card\" content=\"summary_large_image\" \/>\n<meta name=\"twitter:label1\" content=\"Est. reading time\" \/>\n\t<meta name=\"twitter:data1\" content=\"2 minutes\" \/>\n<script type=\"application\/ld+json\" class=\"yoast-schema-graph\">{\"@context\":\"https:\\\/\\\/schema.org\",\"@graph\":[{\"@type\":\"WebPage\",\"@id\":\"https:\\\/\\\/estover.ee\\\/en\\\/about-us\\\/history\\\/\",\"url\":\"https:\\\/\\\/estover.ee\\\/en\\\/about-us\\\/history\\\/\",\"name\":\"History - Estover\",\"isPartOf\":{\"@id\":\"https:\\\/\\\/estover.ee\\\/en\\\/#website\"},\"primaryImageOfPage\":{\"@id\":\"https:\\\/\\\/estover.ee\\\/en\\\/about-us\\\/history\\\/#primaryimage\"},\"image\":{\"@id\":\"https:\\\/\\\/estover.ee\\\/en\\\/about-us\\\/history\\\/#primaryimage\"},\"thumbnailUrl\":\"https:\\\/\\\/estover.ee\\\/wp-content\\\/uploads\\\/2023\\\/01\\\/52-2-420x1024.png\",\"datePublished\":\"2023-01-17T15:35:44+00:00\",\"dateModified\":\"2023-02-03T11:34:11+00:00\",\"breadcrumb\":{\"@id\":\"https:\\\/\\\/estover.ee\\\/en\\\/about-us\\\/history\\\/#breadcrumb\"},\"inLanguage\":\"en-US\",\"potentialAction\":[{\"@type\":\"ReadAction\",\"target\":[\"https:\\\/\\\/estover.ee\\\/en\\\/about-us\\\/history\\\/\"]}]},{\"@type\":\"ImageObject\",\"inLanguage\":\"en-US\",\"@id\":\"https:\\\/\\\/estover.ee\\\/en\\\/about-us\\\/history\\\/#primaryimage\",\"url\":\"https:\\\/\\\/estover.ee\\\/wp-content\\\/uploads\\\/2023\\\/01\\\/52-2-420x1024.png\",\"contentUrl\":\"https:\\\/\\\/estover.ee\\\/wp-content\\\/uploads\\\/2023\\\/01\\\/52-2-420x1024.png\"},{\"@type\":\"BreadcrumbList\",\"@id\":\"https:\\\/\\\/estover.ee\\\/en\\\/about-us\\\/history\\\/#breadcrumb\",\"itemListElement\":[{\"@type\":\"ListItem\",\"position\":1,\"name\":\"Home\",\"item\":\"https:\\\/\\\/estover.ee\\\/en\\\/\"},{\"@type\":\"ListItem\",\"position\":2,\"name\":\"About us\",\"item\":\"https:\\\/\\\/estover.ee\\\/en\\\/ettevottest\\\/\"},{\"@type\":\"ListItem\",\"position\":3,\"name\":\"History\"}]},{\"@type\":\"WebSite\",\"@id\":\"https:\\\/\\\/estover.ee\\\/en\\\/#website\",\"url\":\"https:\\\/\\\/estover.ee\\\/en\\\/\",\"name\":\"Estover\",\"description\":\"Piimat\u00f6\u00f6stus\",\"publisher\":{\"@id\":\"https:\\\/\\\/estover.ee\\\/en\\\/#organization\"},\"potentialAction\":[{\"@type\":\"SearchAction\",\"target\":{\"@type\":\"EntryPoint\",\"urlTemplate\":\"https:\\\/\\\/estover.ee\\\/en\\\/?s={search_term_string}\"},\"query-input\":{\"@type\":\"PropertyValueSpecification\",\"valueRequired\":true,\"valueName\":\"search_term_string\"}}],\"inLanguage\":\"en-US\"},{\"@type\":\"Organization\",\"@id\":\"https:\\\/\\\/estover.ee\\\/en\\\/#organization\",\"name\":\"Estover\",\"url\":\"https:\\\/\\\/estover.ee\\\/en\\\/\",\"logo\":{\"@type\":\"ImageObject\",\"inLanguage\":\"en-US\",\"@id\":\"https:\\\/\\\/estover.ee\\\/en\\\/#\\\/schema\\\/logo\\\/image\\\/\",\"url\":\"https:\\\/\\\/estover.ee\\\/wp-content\\\/uploads\\\/2022\\\/12\\\/estover_logo.png\",\"contentUrl\":\"https:\\\/\\\/estover.ee\\\/wp-content\\\/uploads\\\/2022\\\/12\\\/estover_logo.png\",\"width\":167,\"height\":125,\"caption\":\"Estover\"},\"image\":{\"@id\":\"https:\\\/\\\/estover.ee\\\/en\\\/#\\\/schema\\\/logo\\\/image\\\/\"},\"sameAs\":[\"https:\\\/\\\/www.facebook.com\\\/estoverpiimatoostus\",\"https:\\\/\\\/www.instagram.com\\\/estovereesti\\\/\"]}]}<\/script>\n<!-- \/ Yoast SEO plugin. -->","yoast_head_json":{"title":"History - Estover","robots":{"index":"index","follow":"follow","max-snippet":"max-snippet:-1","max-image-preview":"max-image-preview:large","max-video-preview":"max-video-preview:-1"},"canonical":"https:\/\/estover.ee\/en\/about-us\/history\/","og_locale":"en_US","og_type":"article","og_title":"History - Estover","og_description":"History Estover O\u00dc\u2019s history goes back to 1992, when the company began as cheese products wholesaler. Currently the company has become one of the largest milk product wholesalers and distributors in Estonia that in addition to the largest cheese selection on the market also offers ricotta cheese, cottage cheese, butter and yeast. With a market &hellip; Continued","og_url":"https:\/\/estover.ee\/en\/about-us\/history\/","og_site_name":"Estover","article_publisher":"https:\/\/www.facebook.com\/estoverpiimatoostus","article_modified_time":"2023-02-03T11:34:11+00:00","og_image":[{"url":"https:\/\/estover.ee\/wp-content\/uploads\/2023\/01\/52-2-420x1024.png","type":"","width":"","height":""}],"twitter_card":"summary_large_image","twitter_misc":{"Est. reading time":"2 minutes"},"schema":{"@context":"https:\/\/schema.org","@graph":[{"@type":"WebPage","@id":"https:\/\/estover.ee\/en\/about-us\/history\/","url":"https:\/\/estover.ee\/en\/about-us\/history\/","name":"History - Estover","isPartOf":{"@id":"https:\/\/estover.ee\/en\/#website"},"primaryImageOfPage":{"@id":"https:\/\/estover.ee\/en\/about-us\/history\/#primaryimage"},"image":{"@id":"https:\/\/estover.ee\/en\/about-us\/history\/#primaryimage"},"thumbnailUrl":"https:\/\/estover.ee\/wp-content\/uploads\/2023\/01\/52-2-420x1024.png","datePublished":"2023-01-17T15:35:44+00:00","dateModified":"2023-02-03T11:34:11+00:00","breadcrumb":{"@id":"https:\/\/estover.ee\/en\/about-us\/history\/#breadcrumb"},"inLanguage":"en-US","potentialAction":[{"@type":"ReadAction","target":["https:\/\/estover.ee\/en\/about-us\/history\/"]}]},{"@type":"ImageObject","inLanguage":"en-US","@id":"https:\/\/estover.ee\/en\/about-us\/history\/#primaryimage","url":"https:\/\/estover.ee\/wp-content\/uploads\/2023\/01\/52-2-420x1024.png","contentUrl":"https:\/\/estover.ee\/wp-content\/uploads\/2023\/01\/52-2-420x1024.png"},{"@type":"BreadcrumbList","@id":"https:\/\/estover.ee\/en\/about-us\/history\/#breadcrumb","itemListElement":[{"@type":"ListItem","position":1,"name":"Home","item":"https:\/\/estover.ee\/en\/"},{"@type":"ListItem","position":2,"name":"About us","item":"https:\/\/estover.ee\/en\/ettevottest\/"},{"@type":"ListItem","position":3,"name":"History"}]},{"@type":"WebSite","@id":"https:\/\/estover.ee\/en\/#website","url":"https:\/\/estover.ee\/en\/","name":"Estover","description":"Piimat\u00f6\u00f6stus","publisher":{"@id":"https:\/\/estover.ee\/en\/#organization"},"potentialAction":[{"@type":"SearchAction","target":{"@type":"EntryPoint","urlTemplate":"https:\/\/estover.ee\/en\/?s={search_term_string}"},"query-input":{"@type":"PropertyValueSpecification","valueRequired":true,"valueName":"search_term_string"}}],"inLanguage":"en-US"},{"@type":"Organization","@id":"https:\/\/estover.ee\/en\/#organization","name":"Estover","url":"https:\/\/estover.ee\/en\/","logo":{"@type":"ImageObject","inLanguage":"en-US","@id":"https:\/\/estover.ee\/en\/#\/schema\/logo\/image\/","url":"https:\/\/estover.ee\/wp-content\/uploads\/2022\/12\/estover_logo.png","contentUrl":"https:\/\/estover.ee\/wp-content\/uploads\/2022\/12\/estover_logo.png","width":167,"height":125,"caption":"Estover"},"image":{"@id":"https:\/\/estover.ee\/en\/#\/schema\/logo\/image\/"},"sameAs":["https:\/\/www.facebook.com\/estoverpiimatoostus","https:\/\/www.instagram.com\/estovereesti\/"]}]}},"_links":{"self":[{"href":"https:\/\/estover.ee\/en\/wp-json\/wp\/v2\/pages\/3623","targetHints":{"allow":["GET"]}}],"collection":[{"href":"https:\/\/estover.ee\/en\/wp-json\/wp\/v2\/pages"}],"about":[{"href":"https:\/\/estover.ee\/en\/wp-json\/wp\/v2\/types\/page"}],"author":[{"embeddable":true,"href":"https:\/\/estover.ee\/en\/wp-json\/wp\/v2\/users\/1"}],"replies":[{"embeddable":true,"href":"https:\/\/estover.ee\/en\/wp-json\/wp\/v2\/comments?post=3623"}],"version-history":[{"count":1,"href":"https:\/\/estover.ee\/en\/wp-json\/wp\/v2\/pages\/3623\/revisions"}],"predecessor-version":[{"id":3624,"href":"https:\/\/estover.ee\/en\/wp-json\/wp\/v2\/pages\/3623\/revisions\/3624"}],"up":[{"embeddable":true,"href":"https:\/\/estover.ee\/en\/wp-json\/wp\/v2\/pages\/3553"}],"wp:attachment":[{"href":"https:\/\/estover.ee\/en\/wp-json\/wp\/v2\/media?parent=3623"}],"curies":[{"name":"wp","href":"https:\/\/api.w.org\/{rel}","templated":true}]}}