{"id":3660,"date":"2022-12-22T11:55:55","date_gmt":"2022-12-22T11:55:55","guid":{"rendered":"https:\/\/estover.ee\/tooted\/uncategorized\/dairyman-otto-ricotta-5-kg\/"},"modified":"2024-02-13T14:17:13","modified_gmt":"2024-02-13T14:17:13","slug":"milk-master-otto-ricotta-5-kg","status":"publish","type":"product","link":"https:\/\/estover.ee\/en\/tooted\/horeca-en\/milk-master-otto-ricotta-5-kg\/","title":{"rendered":"Bakery Curd 5kg"},"content":{"rendered":"","protected":false},"excerpt":{"rendered":"<p>Piimameister Otto Ricotta is a soft fresh curd made from pasteurized cheese whey. Mild and slightly caramel flavour,\u00a0with a lower acidity than ordinary curd. Its bright flavour pairs well with sweet and savory dishes, and its\u00a0texture adds lightness to baked goods.\u00a0Slightly crumbly, may contain butter lumps.<\/p>\n<p><strong>Ingredients<\/strong><br \/>\nRICOTTA CURD<\/p>\n<p><strong>Nutrient value per 100g<\/strong><br \/>\nEnergy 492 kJ\/118 kcal; fat 6,4 g, of which saturated fatty acids 4,0 g; carbohydrates 3,4 g, of which sugar 3,1 g; protein 12 g; salt 0,1 g<\/p>\n<p><strong>Brand<\/strong><br \/>\nPiimameister OTTO<\/p>\n<p><strong>Manufacturer<\/strong><br \/>\nO\u00dc Estover Piimat\u00f6\u00f6stus Kaarlij\u00e4rve Meierei<\/p>\n<p><a href=\"https:\/\/estover.ee\/wp-content\/uploads\/2022\/12\/148_1_v.jpg\">Product image<\/a><\/p>\n","protected":false},"featured_media":5105,"template":"","meta":{"inline_featured_image":false},"product_brand":[],"product_cat":[110],"product_tag":[],"class_list":{"0":"post-3660","1":"product","2":"type-product","3":"status-publish","4":"has-post-thumbnail","6":"product_cat-horeca-en","8":"first","9":"instock","10":"product-type-simple"},"yoast_head":"<!-- This site is optimized with the Yoast SEO plugin v27.6 - https:\/\/yoast.com\/product\/yoast-seo-wordpress\/ -->\n<title>Bakery Curd 5kg - Estover<\/title>\n<meta name=\"robots\" content=\"index, follow, max-snippet:-1, max-image-preview:large, max-video-preview:-1\" \/>\n<link rel=\"canonical\" href=\"https:\/\/estover.ee\/en\/tooted\/horeca-en\/milk-master-otto-ricotta-5-kg\/\" \/>\n<meta property=\"og:locale\" content=\"en_US\" \/>\n<meta property=\"og:type\" content=\"article\" \/>\n<meta property=\"og:title\" content=\"Bakery Curd 5kg - Estover\" \/>\n<meta property=\"og:description\" content=\"Piimameister Otto Ricotta is a soft fresh curd made from pasteurized cheese whey. Mild and slightly caramel flavour,\u00a0with a lower acidity than ordinary curd. Its bright flavour pairs well with sweet and savory dishes, and its\u00a0texture adds lightness to baked goods.\u00a0Slightly crumbly, may contain butter lumps.  Ingredients RICOTTA CURD  Nutrient value per 100g Energy 492 kJ\/118 kcal; fat 6,4 g, of which saturated fatty acids 4,0 g; carbohydrates 3,4 g, of which sugar 3,1 g; protein 12 g; salt 0,1 g  Brand Piimameister OTTO  Manufacturer O\u00dc Estover Piimat\u00f6\u00f6stus Kaarlij\u00e4rve Meierei  Product image\" \/>\n<meta property=\"og:url\" content=\"https:\/\/estover.ee\/en\/tooted\/horeca-en\/milk-master-otto-ricotta-5-kg\/\" \/>\n<meta property=\"og:site_name\" content=\"Estover\" \/>\n<meta property=\"article:publisher\" content=\"https:\/\/www.facebook.com\/estoverpiimatoostus\" \/>\n<meta property=\"article:modified_time\" content=\"2024-02-13T14:17:13+00:00\" \/>\n<meta property=\"og:image\" content=\"https:\/\/estover.ee\/wp-content\/uploads\/2022\/12\/5-kg-kohupiim.jpg\" \/>\n\t<meta property=\"og:image:width\" content=\"500\" \/>\n\t<meta property=\"og:image:height\" content=\"500\" \/>\n\t<meta property=\"og:image:type\" content=\"image\/jpeg\" \/>\n<meta name=\"twitter:card\" content=\"summary_large_image\" \/>\n<script type=\"application\/ld+json\" class=\"yoast-schema-graph\">{\"@context\":\"https:\\\/\\\/schema.org\",\"@graph\":[{\"@type\":\"WebPage\",\"@id\":\"https:\\\/\\\/estover.ee\\\/en\\\/tooted\\\/horeca-en\\\/milk-master-otto-ricotta-5-kg\\\/\",\"url\":\"https:\\\/\\\/estover.ee\\\/en\\\/tooted\\\/horeca-en\\\/milk-master-otto-ricotta-5-kg\\\/\",\"name\":\"Bakery Curd 5kg - Estover\",\"isPartOf\":{\"@id\":\"https:\\\/\\\/estover.ee\\\/en\\\/#website\"},\"primaryImageOfPage\":{\"@id\":\"https:\\\/\\\/estover.ee\\\/en\\\/tooted\\\/horeca-en\\\/milk-master-otto-ricotta-5-kg\\\/#primaryimage\"},\"image\":{\"@id\":\"https:\\\/\\\/estover.ee\\\/en\\\/tooted\\\/horeca-en\\\/milk-master-otto-ricotta-5-kg\\\/#primaryimage\"},\"thumbnailUrl\":\"https:\\\/\\\/estover.ee\\\/wp-content\\\/uploads\\\/2022\\\/12\\\/5-kg-kohupiim.jpg\",\"datePublished\":\"2022-12-22T11:55:55+00:00\",\"dateModified\":\"2024-02-13T14:17:13+00:00\",\"breadcrumb\":{\"@id\":\"https:\\\/\\\/estover.ee\\\/en\\\/tooted\\\/horeca-en\\\/milk-master-otto-ricotta-5-kg\\\/#breadcrumb\"},\"inLanguage\":\"en-US\",\"potentialAction\":[{\"@type\":\"ReadAction\",\"target\":[\"https:\\\/\\\/estover.ee\\\/en\\\/tooted\\\/horeca-en\\\/milk-master-otto-ricotta-5-kg\\\/\"]}]},{\"@type\":\"ImageObject\",\"inLanguage\":\"en-US\",\"@id\":\"https:\\\/\\\/estover.ee\\\/en\\\/tooted\\\/horeca-en\\\/milk-master-otto-ricotta-5-kg\\\/#primaryimage\",\"url\":\"https:\\\/\\\/estover.ee\\\/wp-content\\\/uploads\\\/2022\\\/12\\\/5-kg-kohupiim.jpg\",\"contentUrl\":\"https:\\\/\\\/estover.ee\\\/wp-content\\\/uploads\\\/2022\\\/12\\\/5-kg-kohupiim.jpg\",\"width\":500,\"height\":500},{\"@type\":\"BreadcrumbList\",\"@id\":\"https:\\\/\\\/estover.ee\\\/en\\\/tooted\\\/horeca-en\\\/milk-master-otto-ricotta-5-kg\\\/#breadcrumb\",\"itemListElement\":[{\"@type\":\"ListItem\",\"position\":1,\"name\":\"Home\",\"item\":\"https:\\\/\\\/estover.ee\\\/en\\\/\"},{\"@type\":\"ListItem\",\"position\":2,\"name\":\"Products\",\"item\":\"https:\\\/\\\/estover.ee\\\/en\\\/products\\\/\"},{\"@type\":\"ListItem\",\"position\":3,\"name\":\"Bakery Curd 5kg\"}]},{\"@type\":\"WebSite\",\"@id\":\"https:\\\/\\\/estover.ee\\\/en\\\/#website\",\"url\":\"https:\\\/\\\/estover.ee\\\/en\\\/\",\"name\":\"Estover\",\"description\":\"Piimat\u00f6\u00f6stus\",\"publisher\":{\"@id\":\"https:\\\/\\\/estover.ee\\\/en\\\/#organization\"},\"potentialAction\":[{\"@type\":\"SearchAction\",\"target\":{\"@type\":\"EntryPoint\",\"urlTemplate\":\"https:\\\/\\\/estover.ee\\\/en\\\/?s={search_term_string}\"},\"query-input\":{\"@type\":\"PropertyValueSpecification\",\"valueRequired\":true,\"valueName\":\"search_term_string\"}}],\"inLanguage\":\"en-US\"},{\"@type\":\"Organization\",\"@id\":\"https:\\\/\\\/estover.ee\\\/en\\\/#organization\",\"name\":\"Estover\",\"url\":\"https:\\\/\\\/estover.ee\\\/en\\\/\",\"logo\":{\"@type\":\"ImageObject\",\"inLanguage\":\"en-US\",\"@id\":\"https:\\\/\\\/estover.ee\\\/en\\\/#\\\/schema\\\/logo\\\/image\\\/\",\"url\":\"https:\\\/\\\/estover.ee\\\/wp-content\\\/uploads\\\/2022\\\/12\\\/estover_logo.png\",\"contentUrl\":\"https:\\\/\\\/estover.ee\\\/wp-content\\\/uploads\\\/2022\\\/12\\\/estover_logo.png\",\"width\":167,\"height\":125,\"caption\":\"Estover\"},\"image\":{\"@id\":\"https:\\\/\\\/estover.ee\\\/en\\\/#\\\/schema\\\/logo\\\/image\\\/\"},\"sameAs\":[\"https:\\\/\\\/www.facebook.com\\\/estoverpiimatoostus\",\"https:\\\/\\\/www.instagram.com\\\/estovereesti\\\/\"]}]}<\/script>\n<!-- \/ Yoast SEO plugin. -->","yoast_head_json":{"title":"Bakery Curd 5kg - Estover","robots":{"index":"index","follow":"follow","max-snippet":"max-snippet:-1","max-image-preview":"max-image-preview:large","max-video-preview":"max-video-preview:-1"},"canonical":"https:\/\/estover.ee\/en\/tooted\/horeca-en\/milk-master-otto-ricotta-5-kg\/","og_locale":"en_US","og_type":"article","og_title":"Bakery Curd 5kg - Estover","og_description":"Piimameister Otto Ricotta is a soft fresh curd made from pasteurized cheese whey. Mild and slightly caramel flavour,\u00a0with a lower acidity than ordinary curd. Its bright flavour pairs well with sweet and savory dishes, and its\u00a0texture adds lightness to baked goods.\u00a0Slightly crumbly, may contain butter lumps.  Ingredients RICOTTA CURD  Nutrient value per 100g Energy 492 kJ\/118 kcal; fat 6,4 g, of which saturated fatty acids 4,0 g; carbohydrates 3,4 g, of which sugar 3,1 g; protein 12 g; salt 0,1 g  Brand Piimameister OTTO  Manufacturer O\u00dc Estover Piimat\u00f6\u00f6stus Kaarlij\u00e4rve Meierei  Product image","og_url":"https:\/\/estover.ee\/en\/tooted\/horeca-en\/milk-master-otto-ricotta-5-kg\/","og_site_name":"Estover","article_publisher":"https:\/\/www.facebook.com\/estoverpiimatoostus","article_modified_time":"2024-02-13T14:17:13+00:00","og_image":[{"width":500,"height":500,"url":"https:\/\/estover.ee\/wp-content\/uploads\/2022\/12\/5-kg-kohupiim.jpg","type":"image\/jpeg"}],"twitter_card":"summary_large_image","schema":{"@context":"https:\/\/schema.org","@graph":[{"@type":"WebPage","@id":"https:\/\/estover.ee\/en\/tooted\/horeca-en\/milk-master-otto-ricotta-5-kg\/","url":"https:\/\/estover.ee\/en\/tooted\/horeca-en\/milk-master-otto-ricotta-5-kg\/","name":"Bakery Curd 5kg - Estover","isPartOf":{"@id":"https:\/\/estover.ee\/en\/#website"},"primaryImageOfPage":{"@id":"https:\/\/estover.ee\/en\/tooted\/horeca-en\/milk-master-otto-ricotta-5-kg\/#primaryimage"},"image":{"@id":"https:\/\/estover.ee\/en\/tooted\/horeca-en\/milk-master-otto-ricotta-5-kg\/#primaryimage"},"thumbnailUrl":"https:\/\/estover.ee\/wp-content\/uploads\/2022\/12\/5-kg-kohupiim.jpg","datePublished":"2022-12-22T11:55:55+00:00","dateModified":"2024-02-13T14:17:13+00:00","breadcrumb":{"@id":"https:\/\/estover.ee\/en\/tooted\/horeca-en\/milk-master-otto-ricotta-5-kg\/#breadcrumb"},"inLanguage":"en-US","potentialAction":[{"@type":"ReadAction","target":["https:\/\/estover.ee\/en\/tooted\/horeca-en\/milk-master-otto-ricotta-5-kg\/"]}]},{"@type":"ImageObject","inLanguage":"en-US","@id":"https:\/\/estover.ee\/en\/tooted\/horeca-en\/milk-master-otto-ricotta-5-kg\/#primaryimage","url":"https:\/\/estover.ee\/wp-content\/uploads\/2022\/12\/5-kg-kohupiim.jpg","contentUrl":"https:\/\/estover.ee\/wp-content\/uploads\/2022\/12\/5-kg-kohupiim.jpg","width":500,"height":500},{"@type":"BreadcrumbList","@id":"https:\/\/estover.ee\/en\/tooted\/horeca-en\/milk-master-otto-ricotta-5-kg\/#breadcrumb","itemListElement":[{"@type":"ListItem","position":1,"name":"Home","item":"https:\/\/estover.ee\/en\/"},{"@type":"ListItem","position":2,"name":"Products","item":"https:\/\/estover.ee\/en\/products\/"},{"@type":"ListItem","position":3,"name":"Bakery Curd 5kg"}]},{"@type":"WebSite","@id":"https:\/\/estover.ee\/en\/#website","url":"https:\/\/estover.ee\/en\/","name":"Estover","description":"Piimat\u00f6\u00f6stus","publisher":{"@id":"https:\/\/estover.ee\/en\/#organization"},"potentialAction":[{"@type":"SearchAction","target":{"@type":"EntryPoint","urlTemplate":"https:\/\/estover.ee\/en\/?s={search_term_string}"},"query-input":{"@type":"PropertyValueSpecification","valueRequired":true,"valueName":"search_term_string"}}],"inLanguage":"en-US"},{"@type":"Organization","@id":"https:\/\/estover.ee\/en\/#organization","name":"Estover","url":"https:\/\/estover.ee\/en\/","logo":{"@type":"ImageObject","inLanguage":"en-US","@id":"https:\/\/estover.ee\/en\/#\/schema\/logo\/image\/","url":"https:\/\/estover.ee\/wp-content\/uploads\/2022\/12\/estover_logo.png","contentUrl":"https:\/\/estover.ee\/wp-content\/uploads\/2022\/12\/estover_logo.png","width":167,"height":125,"caption":"Estover"},"image":{"@id":"https:\/\/estover.ee\/en\/#\/schema\/logo\/image\/"},"sameAs":["https:\/\/www.facebook.com\/estoverpiimatoostus","https:\/\/www.instagram.com\/estovereesti\/"]}]}},"_links":{"self":[{"href":"https:\/\/estover.ee\/en\/wp-json\/wp\/v2\/product\/3660","targetHints":{"allow":["GET"]}}],"collection":[{"href":"https:\/\/estover.ee\/en\/wp-json\/wp\/v2\/product"}],"about":[{"href":"https:\/\/estover.ee\/en\/wp-json\/wp\/v2\/types\/product"}],"wp:featuredmedia":[{"embeddable":true,"href":"https:\/\/estover.ee\/en\/wp-json\/wp\/v2\/media\/5105"}],"wp:attachment":[{"href":"https:\/\/estover.ee\/en\/wp-json\/wp\/v2\/media?parent=3660"}],"wp:term":[{"taxonomy":"product_brand","embeddable":true,"href":"https:\/\/estover.ee\/en\/wp-json\/wp\/v2\/product_brand?post=3660"},{"taxonomy":"product_cat","embeddable":true,"href":"https:\/\/estover.ee\/en\/wp-json\/wp\/v2\/product_cat?post=3660"},{"taxonomy":"product_tag","embeddable":true,"href":"https:\/\/estover.ee\/en\/wp-json\/wp\/v2\/product_tag?post=3660"}],"curies":[{"name":"wp","href":"https:\/\/api.w.org\/{rel}","templated":true}]}}