{"id":3678,"date":"2022-12-22T11:55:54","date_gmt":"2022-12-22T11:55:54","guid":{"rendered":"https:\/\/estover.ee\/tooted\/uncategorized\/school-day-yoghurt-drink-organic-flavoured-800g\/"},"modified":"2023-09-12T13:31:58","modified_gmt":"2023-09-12T13:31:58","slug":"cola-yoghurt-drink-sweet-and-savoury-800g","status":"publish","type":"product","link":"https:\/\/estover.ee\/en\/tooted\/drinking-yoghurt\/cola-yoghurt-drink-sweet-and-savoury-800g\/","title":{"rendered":"School Day Yoghurt Drink Organic Flavoured 800g"},"content":{"rendered":"<p>Mildly organic &#8211; unflavoured yoghurt drink 800g.<br \/>\nUnflavoured yoghurt can be used to make muesli, smoothies, pancakes, sauces, and is thinner in fat than sour cream and cream cheese. Yoghurt drinks are very low in sugar (2.7 g\/100g), high in calcium and protein, and rich in whey proteins, which are easily assimilated by the body.<br \/>\nYoghurt drinks are made from domestic ingredients and milk produced in Estonia.<\/p>\n","protected":false},"excerpt":{"rendered":"<p>Yoghurt drinks are very low in sugar (2.7 g\/100g), high in calcium and protein, and rich in whey proteins, which are easily assimilated by the body.  <\/p>\n<p>Yoghurt drinks are made from domestic ingredients and milk produced in Estonia. We do not use artificial preservatives and dyes in our products.<\/p>\n<p><strong>Ingredients<\/strong><\/p>\n<p>VADAK, PIIM, rhizome<\/p>\n<p><strong>Nutrient value per 100g<\/strong><\/p>\n<p>Energy 202 kJ\/ 48kcal, fats 2,3 g of which saturated fatty acids 1,5 g, carbohydrates 2,7 g of which sugars 2,7 g, proteins 4,2 g, salt 0,1 g.<\/p>\n<p><strong>Brand<\/strong><br \/>\nEstover<br \/>\n<strong>Manufacturer<\/strong><br \/>\nEstover Piimat\u00f6\u00f6stus O\u00dc<\/p>\n<p><a href=\"https:\/\/estover.ee\/wp-content\/uploads\/2022\/12\/Koolipaeva-jogurtijook-800g-EAN-4740572006067-inglise-keel.jpg\">Product picture <\/a><\/p>\n","protected":false},"featured_media":4300,"template":"","meta":{"inline_featured_image":false},"product_brand":[],"product_cat":[112],"product_tag":[],"class_list":{"0":"post-3678","1":"product","2":"type-product","3":"status-publish","4":"has-post-thumbnail","6":"product_cat-drinking-yoghurt","8":"first","9":"instock","10":"product-type-simple"},"yoast_head":"<!-- This site is optimized with the Yoast SEO plugin v27.2 - https:\/\/yoast.com\/product\/yoast-seo-wordpress\/ -->\n<title>School Day Yoghurt Drink Organic Flavoured 800g - Estover<\/title>\n<meta name=\"robots\" content=\"index, follow, max-snippet:-1, max-image-preview:large, max-video-preview:-1\" \/>\n<link rel=\"canonical\" href=\"https:\/\/estover.ee\/en\/tooted\/drinking-yoghurt\/cola-yoghurt-drink-sweet-and-savoury-800g\/\" \/>\n<meta property=\"og:locale\" content=\"en_US\" \/>\n<meta property=\"og:type\" content=\"article\" \/>\n<meta property=\"og:title\" content=\"School Day Yoghurt Drink Organic Flavoured 800g - Estover\" \/>\n<meta property=\"og:description\" content=\"Yoghurt drinks are very low in sugar (2.7 g\/100g), high in calcium and protein, and rich in whey proteins, which are easily assimilated by the body.  Yoghurt drinks are made from domestic ingredients and milk produced in Estonia. We do not use artificial preservatives and dyes in our products. Ingredients VADAK, PIIM, rhizome Nutrient value per 100g Energy 202 kJ\/ 48kcal, fats 2,3 g of which saturated fatty acids 1,5 g, carbohydrates 2,7 g of which sugars 2,7 g, proteins 4,2 g, salt 0,1 g. Brand Estover Manufacturer Estover Piimat\u00f6\u00f6stus O\u00dc Product picture\" \/>\n<meta property=\"og:url\" content=\"https:\/\/estover.ee\/en\/tooted\/drinking-yoghurt\/cola-yoghurt-drink-sweet-and-savoury-800g\/\" \/>\n<meta property=\"og:site_name\" content=\"Estover\" \/>\n<meta property=\"article:publisher\" content=\"https:\/\/www.facebook.com\/estoverpiimatoostus\" \/>\n<meta property=\"article:modified_time\" content=\"2023-09-12T13:31:58+00:00\" \/>\n<meta property=\"og:image\" content=\"https:\/\/estover.ee\/wp-content\/uploads\/2022\/12\/Koolipaeva-jogurtijook-800g-EAN-4740572006067-inglise-keel.jpg\" \/>\n\t<meta property=\"og:image:width\" content=\"1700\" \/>\n\t<meta property=\"og:image:height\" content=\"2200\" \/>\n\t<meta property=\"og:image:type\" content=\"image\/jpeg\" \/>\n<meta name=\"twitter:card\" content=\"summary_large_image\" \/>\n<script type=\"application\/ld+json\" class=\"yoast-schema-graph\">{\"@context\":\"https:\/\/schema.org\",\"@graph\":[{\"@type\":\"WebPage\",\"@id\":\"https:\/\/estover.ee\/en\/tooted\/drinking-yoghurt\/cola-yoghurt-drink-sweet-and-savoury-800g\/\",\"url\":\"https:\/\/estover.ee\/en\/tooted\/drinking-yoghurt\/cola-yoghurt-drink-sweet-and-savoury-800g\/\",\"name\":\"School Day Yoghurt Drink Organic Flavoured 800g - Estover\",\"isPartOf\":{\"@id\":\"https:\/\/estover.ee\/en\/#website\"},\"primaryImageOfPage\":{\"@id\":\"https:\/\/estover.ee\/en\/tooted\/drinking-yoghurt\/cola-yoghurt-drink-sweet-and-savoury-800g\/#primaryimage\"},\"image\":{\"@id\":\"https:\/\/estover.ee\/en\/tooted\/drinking-yoghurt\/cola-yoghurt-drink-sweet-and-savoury-800g\/#primaryimage\"},\"thumbnailUrl\":\"https:\/\/estover.ee\/wp-content\/uploads\/2022\/12\/Koolipaeva-jogurtijook-800g-EAN-4740572006067-inglise-keel.jpg\",\"datePublished\":\"2022-12-22T11:55:54+00:00\",\"dateModified\":\"2023-09-12T13:31:58+00:00\",\"breadcrumb\":{\"@id\":\"https:\/\/estover.ee\/en\/tooted\/drinking-yoghurt\/cola-yoghurt-drink-sweet-and-savoury-800g\/#breadcrumb\"},\"inLanguage\":\"en-US\",\"potentialAction\":[{\"@type\":\"ReadAction\",\"target\":[\"https:\/\/estover.ee\/en\/tooted\/drinking-yoghurt\/cola-yoghurt-drink-sweet-and-savoury-800g\/\"]}]},{\"@type\":\"ImageObject\",\"inLanguage\":\"en-US\",\"@id\":\"https:\/\/estover.ee\/en\/tooted\/drinking-yoghurt\/cola-yoghurt-drink-sweet-and-savoury-800g\/#primaryimage\",\"url\":\"https:\/\/estover.ee\/wp-content\/uploads\/2022\/12\/Koolipaeva-jogurtijook-800g-EAN-4740572006067-inglise-keel.jpg\",\"contentUrl\":\"https:\/\/estover.ee\/wp-content\/uploads\/2022\/12\/Koolipaeva-jogurtijook-800g-EAN-4740572006067-inglise-keel.jpg\",\"width\":1700,\"height\":2200},{\"@type\":\"BreadcrumbList\",\"@id\":\"https:\/\/estover.ee\/en\/tooted\/drinking-yoghurt\/cola-yoghurt-drink-sweet-and-savoury-800g\/#breadcrumb\",\"itemListElement\":[{\"@type\":\"ListItem\",\"position\":1,\"name\":\"Home\",\"item\":\"https:\/\/estover.ee\/en\/\"},{\"@type\":\"ListItem\",\"position\":2,\"name\":\"Products\",\"item\":\"https:\/\/estover.ee\/en\/products\/\"},{\"@type\":\"ListItem\",\"position\":3,\"name\":\"School Day Yoghurt Drink Organic Flavoured 800g\"}]},{\"@type\":\"WebSite\",\"@id\":\"https:\/\/estover.ee\/en\/#website\",\"url\":\"https:\/\/estover.ee\/en\/\",\"name\":\"Estover\",\"description\":\"Piimat\u00f6\u00f6stus\",\"publisher\":{\"@id\":\"https:\/\/estover.ee\/en\/#organization\"},\"potentialAction\":[{\"@type\":\"SearchAction\",\"target\":{\"@type\":\"EntryPoint\",\"urlTemplate\":\"https:\/\/estover.ee\/en\/?s={search_term_string}\"},\"query-input\":{\"@type\":\"PropertyValueSpecification\",\"valueRequired\":true,\"valueName\":\"search_term_string\"}}],\"inLanguage\":\"en-US\"},{\"@type\":\"Organization\",\"@id\":\"https:\/\/estover.ee\/en\/#organization\",\"name\":\"Estover\",\"url\":\"https:\/\/estover.ee\/en\/\",\"logo\":{\"@type\":\"ImageObject\",\"inLanguage\":\"en-US\",\"@id\":\"https:\/\/estover.ee\/en\/#\/schema\/logo\/image\/\",\"url\":\"https:\/\/estover.ee\/wp-content\/uploads\/2022\/12\/estover_logo.png\",\"contentUrl\":\"https:\/\/estover.ee\/wp-content\/uploads\/2022\/12\/estover_logo.png\",\"width\":167,\"height\":125,\"caption\":\"Estover\"},\"image\":{\"@id\":\"https:\/\/estover.ee\/en\/#\/schema\/logo\/image\/\"},\"sameAs\":[\"https:\/\/www.facebook.com\/estoverpiimatoostus\",\"https:\/\/www.instagram.com\/estovereesti\/\"]}]}<\/script>\n<!-- \/ Yoast SEO plugin. -->","yoast_head_json":{"title":"School Day Yoghurt Drink Organic Flavoured 800g - Estover","robots":{"index":"index","follow":"follow","max-snippet":"max-snippet:-1","max-image-preview":"max-image-preview:large","max-video-preview":"max-video-preview:-1"},"canonical":"https:\/\/estover.ee\/en\/tooted\/drinking-yoghurt\/cola-yoghurt-drink-sweet-and-savoury-800g\/","og_locale":"en_US","og_type":"article","og_title":"School Day Yoghurt Drink Organic Flavoured 800g - Estover","og_description":"Yoghurt drinks are very low in sugar (2.7 g\/100g), high in calcium and protein, and rich in whey proteins, which are easily assimilated by the body.  Yoghurt drinks are made from domestic ingredients and milk produced in Estonia. We do not use artificial preservatives and dyes in our products. Ingredients VADAK, PIIM, rhizome Nutrient value per 100g Energy 202 kJ\/ 48kcal, fats 2,3 g of which saturated fatty acids 1,5 g, carbohydrates 2,7 g of which sugars 2,7 g, proteins 4,2 g, salt 0,1 g. Brand Estover Manufacturer Estover Piimat\u00f6\u00f6stus O\u00dc Product picture","og_url":"https:\/\/estover.ee\/en\/tooted\/drinking-yoghurt\/cola-yoghurt-drink-sweet-and-savoury-800g\/","og_site_name":"Estover","article_publisher":"https:\/\/www.facebook.com\/estoverpiimatoostus","article_modified_time":"2023-09-12T13:31:58+00:00","og_image":[{"width":1700,"height":2200,"url":"https:\/\/estover.ee\/wp-content\/uploads\/2022\/12\/Koolipaeva-jogurtijook-800g-EAN-4740572006067-inglise-keel.jpg","type":"image\/jpeg"}],"twitter_card":"summary_large_image","schema":{"@context":"https:\/\/schema.org","@graph":[{"@type":"WebPage","@id":"https:\/\/estover.ee\/en\/tooted\/drinking-yoghurt\/cola-yoghurt-drink-sweet-and-savoury-800g\/","url":"https:\/\/estover.ee\/en\/tooted\/drinking-yoghurt\/cola-yoghurt-drink-sweet-and-savoury-800g\/","name":"School Day Yoghurt Drink Organic Flavoured 800g - Estover","isPartOf":{"@id":"https:\/\/estover.ee\/en\/#website"},"primaryImageOfPage":{"@id":"https:\/\/estover.ee\/en\/tooted\/drinking-yoghurt\/cola-yoghurt-drink-sweet-and-savoury-800g\/#primaryimage"},"image":{"@id":"https:\/\/estover.ee\/en\/tooted\/drinking-yoghurt\/cola-yoghurt-drink-sweet-and-savoury-800g\/#primaryimage"},"thumbnailUrl":"https:\/\/estover.ee\/wp-content\/uploads\/2022\/12\/Koolipaeva-jogurtijook-800g-EAN-4740572006067-inglise-keel.jpg","datePublished":"2022-12-22T11:55:54+00:00","dateModified":"2023-09-12T13:31:58+00:00","breadcrumb":{"@id":"https:\/\/estover.ee\/en\/tooted\/drinking-yoghurt\/cola-yoghurt-drink-sweet-and-savoury-800g\/#breadcrumb"},"inLanguage":"en-US","potentialAction":[{"@type":"ReadAction","target":["https:\/\/estover.ee\/en\/tooted\/drinking-yoghurt\/cola-yoghurt-drink-sweet-and-savoury-800g\/"]}]},{"@type":"ImageObject","inLanguage":"en-US","@id":"https:\/\/estover.ee\/en\/tooted\/drinking-yoghurt\/cola-yoghurt-drink-sweet-and-savoury-800g\/#primaryimage","url":"https:\/\/estover.ee\/wp-content\/uploads\/2022\/12\/Koolipaeva-jogurtijook-800g-EAN-4740572006067-inglise-keel.jpg","contentUrl":"https:\/\/estover.ee\/wp-content\/uploads\/2022\/12\/Koolipaeva-jogurtijook-800g-EAN-4740572006067-inglise-keel.jpg","width":1700,"height":2200},{"@type":"BreadcrumbList","@id":"https:\/\/estover.ee\/en\/tooted\/drinking-yoghurt\/cola-yoghurt-drink-sweet-and-savoury-800g\/#breadcrumb","itemListElement":[{"@type":"ListItem","position":1,"name":"Home","item":"https:\/\/estover.ee\/en\/"},{"@type":"ListItem","position":2,"name":"Products","item":"https:\/\/estover.ee\/en\/products\/"},{"@type":"ListItem","position":3,"name":"School Day Yoghurt Drink Organic Flavoured 800g"}]},{"@type":"WebSite","@id":"https:\/\/estover.ee\/en\/#website","url":"https:\/\/estover.ee\/en\/","name":"Estover","description":"Piimat\u00f6\u00f6stus","publisher":{"@id":"https:\/\/estover.ee\/en\/#organization"},"potentialAction":[{"@type":"SearchAction","target":{"@type":"EntryPoint","urlTemplate":"https:\/\/estover.ee\/en\/?s={search_term_string}"},"query-input":{"@type":"PropertyValueSpecification","valueRequired":true,"valueName":"search_term_string"}}],"inLanguage":"en-US"},{"@type":"Organization","@id":"https:\/\/estover.ee\/en\/#organization","name":"Estover","url":"https:\/\/estover.ee\/en\/","logo":{"@type":"ImageObject","inLanguage":"en-US","@id":"https:\/\/estover.ee\/en\/#\/schema\/logo\/image\/","url":"https:\/\/estover.ee\/wp-content\/uploads\/2022\/12\/estover_logo.png","contentUrl":"https:\/\/estover.ee\/wp-content\/uploads\/2022\/12\/estover_logo.png","width":167,"height":125,"caption":"Estover"},"image":{"@id":"https:\/\/estover.ee\/en\/#\/schema\/logo\/image\/"},"sameAs":["https:\/\/www.facebook.com\/estoverpiimatoostus","https:\/\/www.instagram.com\/estovereesti\/"]}]}},"_links":{"self":[{"href":"https:\/\/estover.ee\/en\/wp-json\/wp\/v2\/product\/3678","targetHints":{"allow":["GET"]}}],"collection":[{"href":"https:\/\/estover.ee\/en\/wp-json\/wp\/v2\/product"}],"about":[{"href":"https:\/\/estover.ee\/en\/wp-json\/wp\/v2\/types\/product"}],"wp:featuredmedia":[{"embeddable":true,"href":"https:\/\/estover.ee\/en\/wp-json\/wp\/v2\/media\/4300"}],"wp:attachment":[{"href":"https:\/\/estover.ee\/en\/wp-json\/wp\/v2\/media?parent=3678"}],"wp:term":[{"taxonomy":"product_brand","embeddable":true,"href":"https:\/\/estover.ee\/en\/wp-json\/wp\/v2\/product_brand?post=3678"},{"taxonomy":"product_cat","embeddable":true,"href":"https:\/\/estover.ee\/en\/wp-json\/wp\/v2\/product_cat?post=3678"},{"taxonomy":"product_tag","embeddable":true,"href":"https:\/\/estover.ee\/en\/wp-json\/wp\/v2\/product_tag?post=3678"}],"curies":[{"name":"wp","href":"https:\/\/api.w.org\/{rel}","templated":true}]}}