{"id":3720,"date":"2022-12-22T11:55:54","date_gmt":"2022-12-22T11:55:54","guid":{"rendered":"https:\/\/estover.ee\/tooted\/uncategorized\/estonian-cheese-bar-approx-2-5-kg\/"},"modified":"2024-02-13T14:52:14","modified_gmt":"2024-02-13T14:52:14","slug":"estonian-cheese-bar-ca-25-kg","status":"publish","type":"product","link":"https:\/\/estover.ee\/en\/tooted\/cheese\/estonian-cheese\/estonian-cheese-bar-ca-25-kg\/","title":{"rendered":"Traditional Estonian Cheese Eesti Juust 2.5kg"},"content":{"rendered":"","protected":false},"excerpt":{"rendered":"<p>Traditional Estonian Cheese Eesti Juust is cylindrical semi-hard Dutch-type quality cheese has been produced since 1958. It has\u00a0a mild, slightly sour taste and aroma and is high in calcium.<\/p>\n<p>Traditional Estonian cheese has an elastic texture, is easy to cut, and the lice have round or oval holes. A maximum of 44% moisture content,\u00a045\u00b12 % of fat in dry matter and 1,2-2,0% of salt. Suitable for vegetarians.<\/p>\n<p><strong>Ingredients<\/strong><br \/>\nPASTEURIZED MILK, cheese culture, salt, rennet, additives (calcium chloride, potassium nitrate).<\/p>\n<p><strong>Nutrient value per 100g<\/strong><br \/>\nEnergy 1388 kJ \/ 334 kcal; fat 25 g, of which saturated fatty acids 16,4 g; carbohydrates &lt; 1 g, of which sugar &lt; 0,5 g; protein 27 g; salt 1,4 g<\/p>\n<p><strong>Brand<\/strong><br \/>\nTraditional Estonian Cheese<\/p>\n<p><strong>Manufacturer<\/strong><br \/>\nO\u00dc Estover Piimat\u00f6\u00f6stus Kaarlij\u00e4rve Meierei<\/p>\n<p><a href=\"https:\/\/estover.ee\/wp-content\/uploads\/2023\/02\/101106-Eesti-Juust-kang-ca-25-kg-v2-scaled.jpg\">Product image<\/a><\/p>\n","protected":false},"featured_media":4781,"template":"","meta":{"inline_featured_image":false},"product_brand":[],"product_cat":[114,110],"product_tag":[],"class_list":{"0":"post-3720","1":"product","2":"type-product","3":"status-publish","4":"has-post-thumbnail","6":"product_cat-estonian-cheese","7":"product_cat-horeca-en","9":"first","10":"instock","11":"product-type-simple"},"yoast_head":"<!-- This site is optimized with the Yoast SEO plugin v27.2 - https:\/\/yoast.com\/product\/yoast-seo-wordpress\/ -->\n<title>Traditional Estonian Cheese Eesti Juust 2.5kg - Estover<\/title>\n<meta name=\"robots\" content=\"index, follow, max-snippet:-1, max-image-preview:large, max-video-preview:-1\" \/>\n<link rel=\"canonical\" href=\"https:\/\/estover.ee\/en\/tooted\/cheese\/estonian-cheese\/estonian-cheese-bar-ca-25-kg\/\" \/>\n<meta property=\"og:locale\" content=\"en_US\" \/>\n<meta property=\"og:type\" content=\"article\" \/>\n<meta property=\"og:title\" content=\"Traditional Estonian Cheese Eesti Juust 2.5kg - Estover\" \/>\n<meta property=\"og:description\" content=\"Traditional Estonian Cheese Eesti Juust is cylindrical semi-hard Dutch-type quality cheese has been produced since 1958. It has\u00a0a mild, slightly sour taste and aroma and is high in calcium.  Traditional Estonian cheese has an elastic texture, is easy to cut, and the lice have round or oval holes. A maximum of 44% moisture content,\u00a045\u00b12 % of fat in dry matter and 1,2-2,0% of salt. Suitable for vegetarians.  Ingredients PASTEURIZED MILK, cheese culture, salt, rennet, additives (calcium chloride, potassium nitrate).  Nutrient value per 100g Energy 1388 kJ \/ 334 kcal; fat 25 g, of which saturated fatty acids 16,4 g; carbohydrates &lt; 1 g, of which sugar &lt; 0,5 g; protein 27 g; salt 1,4 g  Brand Traditional Estonian Cheese  Manufacturer O\u00dc Estover Piimat\u00f6\u00f6stus Kaarlij\u00e4rve Meierei  Product image\" \/>\n<meta property=\"og:url\" content=\"https:\/\/estover.ee\/en\/tooted\/cheese\/estonian-cheese\/estonian-cheese-bar-ca-25-kg\/\" \/>\n<meta property=\"og:site_name\" content=\"Estover\" \/>\n<meta property=\"article:publisher\" content=\"https:\/\/www.facebook.com\/estoverpiimatoostus\" \/>\n<meta property=\"article:modified_time\" content=\"2024-02-13T14:52:14+00:00\" \/>\n<meta property=\"og:image\" content=\"https:\/\/estover.ee\/wp-content\/uploads\/2022\/12\/Eesti-Juust-kang-ca-25kg.png\" \/>\n\t<meta property=\"og:image:width\" content=\"500\" \/>\n\t<meta property=\"og:image:height\" content=\"500\" \/>\n\t<meta property=\"og:image:type\" content=\"image\/png\" \/>\n<meta name=\"twitter:card\" content=\"summary_large_image\" \/>\n<script type=\"application\/ld+json\" class=\"yoast-schema-graph\">{\"@context\":\"https:\/\/schema.org\",\"@graph\":[{\"@type\":\"WebPage\",\"@id\":\"https:\/\/estover.ee\/en\/tooted\/cheese\/estonian-cheese\/estonian-cheese-bar-ca-25-kg\/\",\"url\":\"https:\/\/estover.ee\/en\/tooted\/cheese\/estonian-cheese\/estonian-cheese-bar-ca-25-kg\/\",\"name\":\"Traditional Estonian Cheese Eesti Juust 2.5kg - Estover\",\"isPartOf\":{\"@id\":\"https:\/\/estover.ee\/en\/#website\"},\"primaryImageOfPage\":{\"@id\":\"https:\/\/estover.ee\/en\/tooted\/cheese\/estonian-cheese\/estonian-cheese-bar-ca-25-kg\/#primaryimage\"},\"image\":{\"@id\":\"https:\/\/estover.ee\/en\/tooted\/cheese\/estonian-cheese\/estonian-cheese-bar-ca-25-kg\/#primaryimage\"},\"thumbnailUrl\":\"https:\/\/estover.ee\/wp-content\/uploads\/2022\/12\/Eesti-Juust-kang-ca-25kg.png\",\"datePublished\":\"2022-12-22T11:55:54+00:00\",\"dateModified\":\"2024-02-13T14:52:14+00:00\",\"breadcrumb\":{\"@id\":\"https:\/\/estover.ee\/en\/tooted\/cheese\/estonian-cheese\/estonian-cheese-bar-ca-25-kg\/#breadcrumb\"},\"inLanguage\":\"en-US\",\"potentialAction\":[{\"@type\":\"ReadAction\",\"target\":[\"https:\/\/estover.ee\/en\/tooted\/cheese\/estonian-cheese\/estonian-cheese-bar-ca-25-kg\/\"]}]},{\"@type\":\"ImageObject\",\"inLanguage\":\"en-US\",\"@id\":\"https:\/\/estover.ee\/en\/tooted\/cheese\/estonian-cheese\/estonian-cheese-bar-ca-25-kg\/#primaryimage\",\"url\":\"https:\/\/estover.ee\/wp-content\/uploads\/2022\/12\/Eesti-Juust-kang-ca-25kg.png\",\"contentUrl\":\"https:\/\/estover.ee\/wp-content\/uploads\/2022\/12\/Eesti-Juust-kang-ca-25kg.png\",\"width\":500,\"height\":500},{\"@type\":\"BreadcrumbList\",\"@id\":\"https:\/\/estover.ee\/en\/tooted\/cheese\/estonian-cheese\/estonian-cheese-bar-ca-25-kg\/#breadcrumb\",\"itemListElement\":[{\"@type\":\"ListItem\",\"position\":1,\"name\":\"Home\",\"item\":\"https:\/\/estover.ee\/en\/\"},{\"@type\":\"ListItem\",\"position\":2,\"name\":\"Products\",\"item\":\"https:\/\/estover.ee\/en\/products\/\"},{\"@type\":\"ListItem\",\"position\":3,\"name\":\"Traditional Estonian Cheese Eesti Juust 2.5kg\"}]},{\"@type\":\"WebSite\",\"@id\":\"https:\/\/estover.ee\/en\/#website\",\"url\":\"https:\/\/estover.ee\/en\/\",\"name\":\"Estover\",\"description\":\"Piimat\u00f6\u00f6stus\",\"publisher\":{\"@id\":\"https:\/\/estover.ee\/en\/#organization\"},\"potentialAction\":[{\"@type\":\"SearchAction\",\"target\":{\"@type\":\"EntryPoint\",\"urlTemplate\":\"https:\/\/estover.ee\/en\/?s={search_term_string}\"},\"query-input\":{\"@type\":\"PropertyValueSpecification\",\"valueRequired\":true,\"valueName\":\"search_term_string\"}}],\"inLanguage\":\"en-US\"},{\"@type\":\"Organization\",\"@id\":\"https:\/\/estover.ee\/en\/#organization\",\"name\":\"Estover\",\"url\":\"https:\/\/estover.ee\/en\/\",\"logo\":{\"@type\":\"ImageObject\",\"inLanguage\":\"en-US\",\"@id\":\"https:\/\/estover.ee\/en\/#\/schema\/logo\/image\/\",\"url\":\"https:\/\/estover.ee\/wp-content\/uploads\/2022\/12\/estover_logo.png\",\"contentUrl\":\"https:\/\/estover.ee\/wp-content\/uploads\/2022\/12\/estover_logo.png\",\"width\":167,\"height\":125,\"caption\":\"Estover\"},\"image\":{\"@id\":\"https:\/\/estover.ee\/en\/#\/schema\/logo\/image\/\"},\"sameAs\":[\"https:\/\/www.facebook.com\/estoverpiimatoostus\",\"https:\/\/www.instagram.com\/estovereesti\/\"]}]}<\/script>\n<!-- \/ Yoast SEO plugin. -->","yoast_head_json":{"title":"Traditional Estonian Cheese Eesti Juust 2.5kg - Estover","robots":{"index":"index","follow":"follow","max-snippet":"max-snippet:-1","max-image-preview":"max-image-preview:large","max-video-preview":"max-video-preview:-1"},"canonical":"https:\/\/estover.ee\/en\/tooted\/cheese\/estonian-cheese\/estonian-cheese-bar-ca-25-kg\/","og_locale":"en_US","og_type":"article","og_title":"Traditional Estonian Cheese Eesti Juust 2.5kg - Estover","og_description":"Traditional Estonian Cheese Eesti Juust is cylindrical semi-hard Dutch-type quality cheese has been produced since 1958. It has\u00a0a mild, slightly sour taste and aroma and is high in calcium.  Traditional Estonian cheese has an elastic texture, is easy to cut, and the lice have round or oval holes. A maximum of 44% moisture content,\u00a045\u00b12 % of fat in dry matter and 1,2-2,0% of salt. Suitable for vegetarians.  Ingredients PASTEURIZED MILK, cheese culture, salt, rennet, additives (calcium chloride, potassium nitrate).  Nutrient value per 100g Energy 1388 kJ \/ 334 kcal; fat 25 g, of which saturated fatty acids 16,4 g; carbohydrates &lt; 1 g, of which sugar &lt; 0,5 g; protein 27 g; salt 1,4 g  Brand Traditional Estonian Cheese  Manufacturer O\u00dc Estover Piimat\u00f6\u00f6stus Kaarlij\u00e4rve Meierei  Product image","og_url":"https:\/\/estover.ee\/en\/tooted\/cheese\/estonian-cheese\/estonian-cheese-bar-ca-25-kg\/","og_site_name":"Estover","article_publisher":"https:\/\/www.facebook.com\/estoverpiimatoostus","article_modified_time":"2024-02-13T14:52:14+00:00","og_image":[{"width":500,"height":500,"url":"https:\/\/estover.ee\/wp-content\/uploads\/2022\/12\/Eesti-Juust-kang-ca-25kg.png","type":"image\/png"}],"twitter_card":"summary_large_image","schema":{"@context":"https:\/\/schema.org","@graph":[{"@type":"WebPage","@id":"https:\/\/estover.ee\/en\/tooted\/cheese\/estonian-cheese\/estonian-cheese-bar-ca-25-kg\/","url":"https:\/\/estover.ee\/en\/tooted\/cheese\/estonian-cheese\/estonian-cheese-bar-ca-25-kg\/","name":"Traditional Estonian Cheese Eesti Juust 2.5kg - Estover","isPartOf":{"@id":"https:\/\/estover.ee\/en\/#website"},"primaryImageOfPage":{"@id":"https:\/\/estover.ee\/en\/tooted\/cheese\/estonian-cheese\/estonian-cheese-bar-ca-25-kg\/#primaryimage"},"image":{"@id":"https:\/\/estover.ee\/en\/tooted\/cheese\/estonian-cheese\/estonian-cheese-bar-ca-25-kg\/#primaryimage"},"thumbnailUrl":"https:\/\/estover.ee\/wp-content\/uploads\/2022\/12\/Eesti-Juust-kang-ca-25kg.png","datePublished":"2022-12-22T11:55:54+00:00","dateModified":"2024-02-13T14:52:14+00:00","breadcrumb":{"@id":"https:\/\/estover.ee\/en\/tooted\/cheese\/estonian-cheese\/estonian-cheese-bar-ca-25-kg\/#breadcrumb"},"inLanguage":"en-US","potentialAction":[{"@type":"ReadAction","target":["https:\/\/estover.ee\/en\/tooted\/cheese\/estonian-cheese\/estonian-cheese-bar-ca-25-kg\/"]}]},{"@type":"ImageObject","inLanguage":"en-US","@id":"https:\/\/estover.ee\/en\/tooted\/cheese\/estonian-cheese\/estonian-cheese-bar-ca-25-kg\/#primaryimage","url":"https:\/\/estover.ee\/wp-content\/uploads\/2022\/12\/Eesti-Juust-kang-ca-25kg.png","contentUrl":"https:\/\/estover.ee\/wp-content\/uploads\/2022\/12\/Eesti-Juust-kang-ca-25kg.png","width":500,"height":500},{"@type":"BreadcrumbList","@id":"https:\/\/estover.ee\/en\/tooted\/cheese\/estonian-cheese\/estonian-cheese-bar-ca-25-kg\/#breadcrumb","itemListElement":[{"@type":"ListItem","position":1,"name":"Home","item":"https:\/\/estover.ee\/en\/"},{"@type":"ListItem","position":2,"name":"Products","item":"https:\/\/estover.ee\/en\/products\/"},{"@type":"ListItem","position":3,"name":"Traditional Estonian Cheese Eesti Juust 2.5kg"}]},{"@type":"WebSite","@id":"https:\/\/estover.ee\/en\/#website","url":"https:\/\/estover.ee\/en\/","name":"Estover","description":"Piimat\u00f6\u00f6stus","publisher":{"@id":"https:\/\/estover.ee\/en\/#organization"},"potentialAction":[{"@type":"SearchAction","target":{"@type":"EntryPoint","urlTemplate":"https:\/\/estover.ee\/en\/?s={search_term_string}"},"query-input":{"@type":"PropertyValueSpecification","valueRequired":true,"valueName":"search_term_string"}}],"inLanguage":"en-US"},{"@type":"Organization","@id":"https:\/\/estover.ee\/en\/#organization","name":"Estover","url":"https:\/\/estover.ee\/en\/","logo":{"@type":"ImageObject","inLanguage":"en-US","@id":"https:\/\/estover.ee\/en\/#\/schema\/logo\/image\/","url":"https:\/\/estover.ee\/wp-content\/uploads\/2022\/12\/estover_logo.png","contentUrl":"https:\/\/estover.ee\/wp-content\/uploads\/2022\/12\/estover_logo.png","width":167,"height":125,"caption":"Estover"},"image":{"@id":"https:\/\/estover.ee\/en\/#\/schema\/logo\/image\/"},"sameAs":["https:\/\/www.facebook.com\/estoverpiimatoostus","https:\/\/www.instagram.com\/estovereesti\/"]}]}},"_links":{"self":[{"href":"https:\/\/estover.ee\/en\/wp-json\/wp\/v2\/product\/3720","targetHints":{"allow":["GET"]}}],"collection":[{"href":"https:\/\/estover.ee\/en\/wp-json\/wp\/v2\/product"}],"about":[{"href":"https:\/\/estover.ee\/en\/wp-json\/wp\/v2\/types\/product"}],"wp:featuredmedia":[{"embeddable":true,"href":"https:\/\/estover.ee\/en\/wp-json\/wp\/v2\/media\/4781"}],"wp:attachment":[{"href":"https:\/\/estover.ee\/en\/wp-json\/wp\/v2\/media?parent=3720"}],"wp:term":[{"taxonomy":"product_brand","embeddable":true,"href":"https:\/\/estover.ee\/en\/wp-json\/wp\/v2\/product_brand?post=3720"},{"taxonomy":"product_cat","embeddable":true,"href":"https:\/\/estover.ee\/en\/wp-json\/wp\/v2\/product_cat?post=3720"},{"taxonomy":"product_tag","embeddable":true,"href":"https:\/\/estover.ee\/en\/wp-json\/wp\/v2\/product_tag?post=3720"}],"curies":[{"name":"wp","href":"https:\/\/api.w.org\/{rel}","templated":true}]}}