{"id":3722,"date":"2022-12-22T11:55:54","date_gmt":"2022-12-22T11:55:54","guid":{"rendered":"https:\/\/estover.ee\/tooted\/uncategorized\/emmental-cheese-sliced-1-kg\/"},"modified":"2024-02-13T14:51:25","modified_gmt":"2024-02-13T14:51:25","slug":"emmental-cheese-sliced-1-kg","status":"publish","type":"product","link":"https:\/\/estover.ee\/en\/tooted\/horeca-en\/emmental-cheese-sliced-1-kg\/","title":{"rendered":"Emmental Cheese sliced 1kg"},"content":{"rendered":"","protected":false},"excerpt":{"rendered":"<p>Emmental Cheese is a Swiss-type rennet cheese made from semi-hard cow&#8217;s milk. With a sweet and sour and slightly nutty taste, medium fat content and high calcium content. Elastic in consistency and easy to slice, with large holes typical of Swiss cheese in structure. It is recommended to keep the cheese at room temperature for at least 30min before serving.<\/p>\n<p><strong>Ingredients<\/strong><br \/>\nPASTURIZED MILK, salt, lactic acid culture, microbiological rennet<\/p>\n<p><strong>Nutrient value per 100g<\/strong><br \/>\nEnergy 1542 kJ \/ 368 kcal; fat 28 g, of which saturated fatty acids 20 g; carbohydrates 0 g, of which sugar 0 g; protein 27 g; salt 1,2 g<\/p>\n<p><strong>Type of product<\/strong><br \/>\nHoreca<br \/>\n<strong>Manufacturer<\/strong><br \/>\nO\u00dc Estover Piimat\u00f6\u00f6stus Kaarlij\u00e4rve Meierei<\/p>\n<p><a href=\"https:\/\/estover.ee\/wp-content\/uploads\/2022\/12\/152_1_v.jpg\">Product image<\/a><\/p>\n","protected":false},"featured_media":5081,"template":"","meta":{"inline_featured_image":false},"product_brand":[],"product_cat":[110],"product_tag":[],"class_list":{"0":"post-3722","1":"product","2":"type-product","3":"status-publish","4":"has-post-thumbnail","6":"product_cat-horeca-en","8":"first","9":"instock","10":"product-type-simple"},"yoast_head":"<!-- This site is optimized with the Yoast SEO plugin v27.2 - https:\/\/yoast.com\/product\/yoast-seo-wordpress\/ -->\n<title>Emmental Cheese sliced 1kg - Estover<\/title>\n<meta name=\"robots\" content=\"index, follow, max-snippet:-1, max-image-preview:large, max-video-preview:-1\" \/>\n<link rel=\"canonical\" href=\"https:\/\/estover.ee\/en\/tooted\/horeca-en\/emmental-cheese-sliced-1-kg\/\" \/>\n<meta property=\"og:locale\" content=\"en_US\" \/>\n<meta property=\"og:type\" content=\"article\" \/>\n<meta property=\"og:title\" content=\"Emmental Cheese sliced 1kg - Estover\" \/>\n<meta property=\"og:description\" content=\"Emmental Cheese is a Swiss-type rennet cheese made from semi-hard cow&#039;s milk. With a sweet and sour and slightly nutty taste, medium fat content and high calcium content. Elastic in consistency and easy to slice, with large holes typical of Swiss cheese in structure. It is recommended to keep the cheese at room temperature for at least 30min before serving.  Ingredients PASTURIZED MILK, salt, lactic acid culture, microbiological rennet  Nutrient value per 100g Energy 1542 kJ \/ 368 kcal; fat 28 g, of which saturated fatty acids 20 g; carbohydrates 0 g, of which sugar 0 g; protein 27 g; salt 1,2 g  Type of product Horeca Manufacturer O\u00dc Estover Piimat\u00f6\u00f6stus Kaarlij\u00e4rve Meierei  Product image\" \/>\n<meta property=\"og:url\" content=\"https:\/\/estover.ee\/en\/tooted\/horeca-en\/emmental-cheese-sliced-1-kg\/\" \/>\n<meta property=\"og:site_name\" content=\"Estover\" \/>\n<meta property=\"article:publisher\" content=\"https:\/\/www.facebook.com\/estoverpiimatoostus\" \/>\n<meta property=\"article:modified_time\" content=\"2024-02-13T14:51:25+00:00\" \/>\n<meta property=\"og:image\" content=\"https:\/\/estover.ee\/wp-content\/uploads\/2022\/12\/Emmental-1kg.jpg\" \/>\n\t<meta property=\"og:image:width\" content=\"500\" \/>\n\t<meta property=\"og:image:height\" content=\"500\" \/>\n\t<meta property=\"og:image:type\" content=\"image\/jpeg\" \/>\n<meta name=\"twitter:card\" content=\"summary_large_image\" \/>\n<script type=\"application\/ld+json\" class=\"yoast-schema-graph\">{\"@context\":\"https:\/\/schema.org\",\"@graph\":[{\"@type\":\"WebPage\",\"@id\":\"https:\/\/estover.ee\/en\/tooted\/horeca-en\/emmental-cheese-sliced-1-kg\/\",\"url\":\"https:\/\/estover.ee\/en\/tooted\/horeca-en\/emmental-cheese-sliced-1-kg\/\",\"name\":\"Emmental Cheese sliced 1kg - Estover\",\"isPartOf\":{\"@id\":\"https:\/\/estover.ee\/en\/#website\"},\"primaryImageOfPage\":{\"@id\":\"https:\/\/estover.ee\/en\/tooted\/horeca-en\/emmental-cheese-sliced-1-kg\/#primaryimage\"},\"image\":{\"@id\":\"https:\/\/estover.ee\/en\/tooted\/horeca-en\/emmental-cheese-sliced-1-kg\/#primaryimage\"},\"thumbnailUrl\":\"https:\/\/estover.ee\/wp-content\/uploads\/2022\/12\/Emmental-1kg.jpg\",\"datePublished\":\"2022-12-22T11:55:54+00:00\",\"dateModified\":\"2024-02-13T14:51:25+00:00\",\"breadcrumb\":{\"@id\":\"https:\/\/estover.ee\/en\/tooted\/horeca-en\/emmental-cheese-sliced-1-kg\/#breadcrumb\"},\"inLanguage\":\"en-US\",\"potentialAction\":[{\"@type\":\"ReadAction\",\"target\":[\"https:\/\/estover.ee\/en\/tooted\/horeca-en\/emmental-cheese-sliced-1-kg\/\"]}]},{\"@type\":\"ImageObject\",\"inLanguage\":\"en-US\",\"@id\":\"https:\/\/estover.ee\/en\/tooted\/horeca-en\/emmental-cheese-sliced-1-kg\/#primaryimage\",\"url\":\"https:\/\/estover.ee\/wp-content\/uploads\/2022\/12\/Emmental-1kg.jpg\",\"contentUrl\":\"https:\/\/estover.ee\/wp-content\/uploads\/2022\/12\/Emmental-1kg.jpg\",\"width\":500,\"height\":500},{\"@type\":\"BreadcrumbList\",\"@id\":\"https:\/\/estover.ee\/en\/tooted\/horeca-en\/emmental-cheese-sliced-1-kg\/#breadcrumb\",\"itemListElement\":[{\"@type\":\"ListItem\",\"position\":1,\"name\":\"Home\",\"item\":\"https:\/\/estover.ee\/en\/\"},{\"@type\":\"ListItem\",\"position\":2,\"name\":\"Products\",\"item\":\"https:\/\/estover.ee\/en\/products\/\"},{\"@type\":\"ListItem\",\"position\":3,\"name\":\"Emmental Cheese sliced 1kg\"}]},{\"@type\":\"WebSite\",\"@id\":\"https:\/\/estover.ee\/en\/#website\",\"url\":\"https:\/\/estover.ee\/en\/\",\"name\":\"Estover\",\"description\":\"Piimat\u00f6\u00f6stus\",\"publisher\":{\"@id\":\"https:\/\/estover.ee\/en\/#organization\"},\"potentialAction\":[{\"@type\":\"SearchAction\",\"target\":{\"@type\":\"EntryPoint\",\"urlTemplate\":\"https:\/\/estover.ee\/en\/?s={search_term_string}\"},\"query-input\":{\"@type\":\"PropertyValueSpecification\",\"valueRequired\":true,\"valueName\":\"search_term_string\"}}],\"inLanguage\":\"en-US\"},{\"@type\":\"Organization\",\"@id\":\"https:\/\/estover.ee\/en\/#organization\",\"name\":\"Estover\",\"url\":\"https:\/\/estover.ee\/en\/\",\"logo\":{\"@type\":\"ImageObject\",\"inLanguage\":\"en-US\",\"@id\":\"https:\/\/estover.ee\/en\/#\/schema\/logo\/image\/\",\"url\":\"https:\/\/estover.ee\/wp-content\/uploads\/2022\/12\/estover_logo.png\",\"contentUrl\":\"https:\/\/estover.ee\/wp-content\/uploads\/2022\/12\/estover_logo.png\",\"width\":167,\"height\":125,\"caption\":\"Estover\"},\"image\":{\"@id\":\"https:\/\/estover.ee\/en\/#\/schema\/logo\/image\/\"},\"sameAs\":[\"https:\/\/www.facebook.com\/estoverpiimatoostus\",\"https:\/\/www.instagram.com\/estovereesti\/\"]}]}<\/script>\n<!-- \/ Yoast SEO plugin. -->","yoast_head_json":{"title":"Emmental Cheese sliced 1kg - Estover","robots":{"index":"index","follow":"follow","max-snippet":"max-snippet:-1","max-image-preview":"max-image-preview:large","max-video-preview":"max-video-preview:-1"},"canonical":"https:\/\/estover.ee\/en\/tooted\/horeca-en\/emmental-cheese-sliced-1-kg\/","og_locale":"en_US","og_type":"article","og_title":"Emmental Cheese sliced 1kg - Estover","og_description":"Emmental Cheese is a Swiss-type rennet cheese made from semi-hard cow's milk. With a sweet and sour and slightly nutty taste, medium fat content and high calcium content. Elastic in consistency and easy to slice, with large holes typical of Swiss cheese in structure. It is recommended to keep the cheese at room temperature for at least 30min before serving.  Ingredients PASTURIZED MILK, salt, lactic acid culture, microbiological rennet  Nutrient value per 100g Energy 1542 kJ \/ 368 kcal; fat 28 g, of which saturated fatty acids 20 g; carbohydrates 0 g, of which sugar 0 g; protein 27 g; salt 1,2 g  Type of product Horeca Manufacturer O\u00dc Estover Piimat\u00f6\u00f6stus Kaarlij\u00e4rve Meierei  Product image","og_url":"https:\/\/estover.ee\/en\/tooted\/horeca-en\/emmental-cheese-sliced-1-kg\/","og_site_name":"Estover","article_publisher":"https:\/\/www.facebook.com\/estoverpiimatoostus","article_modified_time":"2024-02-13T14:51:25+00:00","og_image":[{"width":500,"height":500,"url":"https:\/\/estover.ee\/wp-content\/uploads\/2022\/12\/Emmental-1kg.jpg","type":"image\/jpeg"}],"twitter_card":"summary_large_image","schema":{"@context":"https:\/\/schema.org","@graph":[{"@type":"WebPage","@id":"https:\/\/estover.ee\/en\/tooted\/horeca-en\/emmental-cheese-sliced-1-kg\/","url":"https:\/\/estover.ee\/en\/tooted\/horeca-en\/emmental-cheese-sliced-1-kg\/","name":"Emmental Cheese sliced 1kg - Estover","isPartOf":{"@id":"https:\/\/estover.ee\/en\/#website"},"primaryImageOfPage":{"@id":"https:\/\/estover.ee\/en\/tooted\/horeca-en\/emmental-cheese-sliced-1-kg\/#primaryimage"},"image":{"@id":"https:\/\/estover.ee\/en\/tooted\/horeca-en\/emmental-cheese-sliced-1-kg\/#primaryimage"},"thumbnailUrl":"https:\/\/estover.ee\/wp-content\/uploads\/2022\/12\/Emmental-1kg.jpg","datePublished":"2022-12-22T11:55:54+00:00","dateModified":"2024-02-13T14:51:25+00:00","breadcrumb":{"@id":"https:\/\/estover.ee\/en\/tooted\/horeca-en\/emmental-cheese-sliced-1-kg\/#breadcrumb"},"inLanguage":"en-US","potentialAction":[{"@type":"ReadAction","target":["https:\/\/estover.ee\/en\/tooted\/horeca-en\/emmental-cheese-sliced-1-kg\/"]}]},{"@type":"ImageObject","inLanguage":"en-US","@id":"https:\/\/estover.ee\/en\/tooted\/horeca-en\/emmental-cheese-sliced-1-kg\/#primaryimage","url":"https:\/\/estover.ee\/wp-content\/uploads\/2022\/12\/Emmental-1kg.jpg","contentUrl":"https:\/\/estover.ee\/wp-content\/uploads\/2022\/12\/Emmental-1kg.jpg","width":500,"height":500},{"@type":"BreadcrumbList","@id":"https:\/\/estover.ee\/en\/tooted\/horeca-en\/emmental-cheese-sliced-1-kg\/#breadcrumb","itemListElement":[{"@type":"ListItem","position":1,"name":"Home","item":"https:\/\/estover.ee\/en\/"},{"@type":"ListItem","position":2,"name":"Products","item":"https:\/\/estover.ee\/en\/products\/"},{"@type":"ListItem","position":3,"name":"Emmental Cheese sliced 1kg"}]},{"@type":"WebSite","@id":"https:\/\/estover.ee\/en\/#website","url":"https:\/\/estover.ee\/en\/","name":"Estover","description":"Piimat\u00f6\u00f6stus","publisher":{"@id":"https:\/\/estover.ee\/en\/#organization"},"potentialAction":[{"@type":"SearchAction","target":{"@type":"EntryPoint","urlTemplate":"https:\/\/estover.ee\/en\/?s={search_term_string}"},"query-input":{"@type":"PropertyValueSpecification","valueRequired":true,"valueName":"search_term_string"}}],"inLanguage":"en-US"},{"@type":"Organization","@id":"https:\/\/estover.ee\/en\/#organization","name":"Estover","url":"https:\/\/estover.ee\/en\/","logo":{"@type":"ImageObject","inLanguage":"en-US","@id":"https:\/\/estover.ee\/en\/#\/schema\/logo\/image\/","url":"https:\/\/estover.ee\/wp-content\/uploads\/2022\/12\/estover_logo.png","contentUrl":"https:\/\/estover.ee\/wp-content\/uploads\/2022\/12\/estover_logo.png","width":167,"height":125,"caption":"Estover"},"image":{"@id":"https:\/\/estover.ee\/en\/#\/schema\/logo\/image\/"},"sameAs":["https:\/\/www.facebook.com\/estoverpiimatoostus","https:\/\/www.instagram.com\/estovereesti\/"]}]}},"_links":{"self":[{"href":"https:\/\/estover.ee\/en\/wp-json\/wp\/v2\/product\/3722","targetHints":{"allow":["GET"]}}],"collection":[{"href":"https:\/\/estover.ee\/en\/wp-json\/wp\/v2\/product"}],"about":[{"href":"https:\/\/estover.ee\/en\/wp-json\/wp\/v2\/types\/product"}],"wp:featuredmedia":[{"embeddable":true,"href":"https:\/\/estover.ee\/en\/wp-json\/wp\/v2\/media\/5081"}],"wp:attachment":[{"href":"https:\/\/estover.ee\/en\/wp-json\/wp\/v2\/media?parent=3722"}],"wp:term":[{"taxonomy":"product_brand","embeddable":true,"href":"https:\/\/estover.ee\/en\/wp-json\/wp\/v2\/product_brand?post=3722"},{"taxonomy":"product_cat","embeddable":true,"href":"https:\/\/estover.ee\/en\/wp-json\/wp\/v2\/product_cat?post=3722"},{"taxonomy":"product_tag","embeddable":true,"href":"https:\/\/estover.ee\/en\/wp-json\/wp\/v2\/product_tag?post=3722"}],"curies":[{"name":"wp","href":"https:\/\/api.w.org\/{rel}","templated":true}]}}