{"id":3749,"date":"2022-12-22T11:55:50","date_gmt":"2022-12-22T11:55:50","guid":{"rendered":"https:\/\/estover.ee\/tooted\/uncategorized\/russian-cheese\/"},"modified":"2024-02-13T14:59:19","modified_gmt":"2024-02-13T14:59:19","slug":"vene-juust","status":"publish","type":"product","link":"https:\/\/estover.ee\/en\/tooted\/cheese\/russian-cheese\/vene-juust\/","title":{"rendered":"Tilsiter-type Cheese Vene Juust 150g, sliced"},"content":{"rendered":"","protected":false},"excerpt":{"rendered":"<p>Russian cheese is a type of cheese characterized by a slightly salty taste, it is a full-fat tilsiter type rennet cheese. Mild, slightly sour taste and high calcium content. Medium density in consistency, easy to slice, with &#8220;uneven lacy&#8221; perforation typical of tilsiter. No animal rennet is used in the production, suitable for vegetarians. It is recommended to keep the cheese at room temperature for at least 30min before serving. The cheese is produced in Estover Kaarlij\u00e4rve Meierei Dairy Factory in Estonia by diligent milk masters.<\/p>\n<p><strong>Ingredients<\/strong><br \/>\nPASTURIZED MILK, cheese culture, salt, rennet, additives (calcium chloride, potassium nitrate).<\/p>\n<p><strong>Nutrient value per 100g<\/strong><br \/>\nEnergy 1454 kJ \/ 351 kcal; fat 29 g, of which saturated fatty acids 18 g; carbohydrates &lt; 1,0 g, of which sugar &lt;0,5 g; protein 24 g; salt 1,4 g<\/p>\n<p><strong>Brand<\/strong><br \/>\nVene Juust<br \/>\n<strong>Manufacturer<\/strong><br \/>\nO\u00dc Estover Piimat\u00f6\u00f6stus Kaarlij\u00e4rve Meierei<\/p>\n<p><a href=\"https:\/\/estover.ee\/wp-content\/uploads\/2023\/02\/101437-Vene-Juust-285-viilutatud-150-g-800px.jpg\">Product image<\/a><\/p>\n","protected":false},"featured_media":3929,"template":"","meta":{"inline_featured_image":false},"product_brand":[],"product_cat":[115],"product_tag":[],"class_list":{"0":"post-3749","1":"product","2":"type-product","3":"status-publish","4":"has-post-thumbnail","6":"product_cat-russian-cheese","8":"first","9":"instock","10":"product-type-simple"},"yoast_head":"<!-- This site is optimized with the Yoast SEO plugin v27.2 - https:\/\/yoast.com\/product\/yoast-seo-wordpress\/ -->\n<title>Tilsiter-type Cheese Vene Juust 150g, sliced - Estover<\/title>\n<meta name=\"robots\" content=\"index, follow, max-snippet:-1, max-image-preview:large, max-video-preview:-1\" \/>\n<link rel=\"canonical\" href=\"https:\/\/estover.ee\/en\/tooted\/cheese\/russian-cheese\/vene-juust\/\" \/>\n<meta property=\"og:locale\" content=\"en_US\" \/>\n<meta property=\"og:type\" content=\"article\" \/>\n<meta property=\"og:title\" content=\"Tilsiter-type Cheese Vene Juust 150g, sliced - Estover\" \/>\n<meta property=\"og:description\" content=\"Russian cheese is a type of cheese characterized by a slightly salty taste, it is a full-fat tilsiter type rennet cheese. Mild, slightly sour taste and high calcium content. Medium density in consistency, easy to slice, with &quot;uneven lacy&quot; perforation typical of tilsiter. No animal rennet is used in the production, suitable for vegetarians. It is recommended to keep the cheese at room temperature for at least 30min before serving. The cheese is produced in Estover Kaarlij\u00e4rve Meierei Dairy Factory in Estonia by diligent milk masters.  Ingredients PASTURIZED MILK, cheese culture, salt, rennet, additives (calcium chloride, potassium nitrate).  Nutrient value per 100g Energy 1454 kJ \/ 351 kcal; fat 29 g, of which saturated fatty acids 18 g; carbohydrates &lt; 1,0 g, of which sugar &lt;0,5 g; protein 24 g; salt 1,4 g  Brand Vene Juust Manufacturer O\u00dc Estover Piimat\u00f6\u00f6stus Kaarlij\u00e4rve Meierei  Product image\" \/>\n<meta property=\"og:url\" content=\"https:\/\/estover.ee\/en\/tooted\/cheese\/russian-cheese\/vene-juust\/\" \/>\n<meta property=\"og:site_name\" content=\"Estover\" \/>\n<meta property=\"article:publisher\" content=\"https:\/\/www.facebook.com\/estoverpiimatoostus\" \/>\n<meta property=\"article:modified_time\" content=\"2024-02-13T14:59:19+00:00\" \/>\n<meta property=\"og:image\" content=\"https:\/\/estover.ee\/wp-content\/uploads\/2023\/02\/101437-Vene-Juust-285-viilutatud-150-g-800px.jpg\" \/>\n\t<meta property=\"og:image:width\" content=\"800\" \/>\n\t<meta property=\"og:image:height\" content=\"533\" \/>\n\t<meta property=\"og:image:type\" content=\"image\/jpeg\" \/>\n<meta name=\"twitter:card\" content=\"summary_large_image\" \/>\n<script type=\"application\/ld+json\" class=\"yoast-schema-graph\">{\"@context\":\"https:\/\/schema.org\",\"@graph\":[{\"@type\":\"WebPage\",\"@id\":\"https:\/\/estover.ee\/en\/tooted\/cheese\/russian-cheese\/vene-juust\/\",\"url\":\"https:\/\/estover.ee\/en\/tooted\/cheese\/russian-cheese\/vene-juust\/\",\"name\":\"Tilsiter-type Cheese Vene Juust 150g, sliced - Estover\",\"isPartOf\":{\"@id\":\"https:\/\/estover.ee\/en\/#website\"},\"primaryImageOfPage\":{\"@id\":\"https:\/\/estover.ee\/en\/tooted\/cheese\/russian-cheese\/vene-juust\/#primaryimage\"},\"image\":{\"@id\":\"https:\/\/estover.ee\/en\/tooted\/cheese\/russian-cheese\/vene-juust\/#primaryimage\"},\"thumbnailUrl\":\"https:\/\/estover.ee\/wp-content\/uploads\/2023\/02\/101437-Vene-Juust-285-viilutatud-150-g-800px.jpg\",\"datePublished\":\"2022-12-22T11:55:50+00:00\",\"dateModified\":\"2024-02-13T14:59:19+00:00\",\"breadcrumb\":{\"@id\":\"https:\/\/estover.ee\/en\/tooted\/cheese\/russian-cheese\/vene-juust\/#breadcrumb\"},\"inLanguage\":\"en-US\",\"potentialAction\":[{\"@type\":\"ReadAction\",\"target\":[\"https:\/\/estover.ee\/en\/tooted\/cheese\/russian-cheese\/vene-juust\/\"]}]},{\"@type\":\"ImageObject\",\"inLanguage\":\"en-US\",\"@id\":\"https:\/\/estover.ee\/en\/tooted\/cheese\/russian-cheese\/vene-juust\/#primaryimage\",\"url\":\"https:\/\/estover.ee\/wp-content\/uploads\/2023\/02\/101437-Vene-Juust-285-viilutatud-150-g-800px.jpg\",\"contentUrl\":\"https:\/\/estover.ee\/wp-content\/uploads\/2023\/02\/101437-Vene-Juust-285-viilutatud-150-g-800px.jpg\",\"width\":800,\"height\":533},{\"@type\":\"BreadcrumbList\",\"@id\":\"https:\/\/estover.ee\/en\/tooted\/cheese\/russian-cheese\/vene-juust\/#breadcrumb\",\"itemListElement\":[{\"@type\":\"ListItem\",\"position\":1,\"name\":\"Home\",\"item\":\"https:\/\/estover.ee\/en\/\"},{\"@type\":\"ListItem\",\"position\":2,\"name\":\"Products\",\"item\":\"https:\/\/estover.ee\/en\/products\/\"},{\"@type\":\"ListItem\",\"position\":3,\"name\":\"Tilsiter-type Cheese Vene Juust 150g, sliced\"}]},{\"@type\":\"WebSite\",\"@id\":\"https:\/\/estover.ee\/en\/#website\",\"url\":\"https:\/\/estover.ee\/en\/\",\"name\":\"Estover\",\"description\":\"Piimat\u00f6\u00f6stus\",\"publisher\":{\"@id\":\"https:\/\/estover.ee\/en\/#organization\"},\"potentialAction\":[{\"@type\":\"SearchAction\",\"target\":{\"@type\":\"EntryPoint\",\"urlTemplate\":\"https:\/\/estover.ee\/en\/?s={search_term_string}\"},\"query-input\":{\"@type\":\"PropertyValueSpecification\",\"valueRequired\":true,\"valueName\":\"search_term_string\"}}],\"inLanguage\":\"en-US\"},{\"@type\":\"Organization\",\"@id\":\"https:\/\/estover.ee\/en\/#organization\",\"name\":\"Estover\",\"url\":\"https:\/\/estover.ee\/en\/\",\"logo\":{\"@type\":\"ImageObject\",\"inLanguage\":\"en-US\",\"@id\":\"https:\/\/estover.ee\/en\/#\/schema\/logo\/image\/\",\"url\":\"https:\/\/estover.ee\/wp-content\/uploads\/2022\/12\/estover_logo.png\",\"contentUrl\":\"https:\/\/estover.ee\/wp-content\/uploads\/2022\/12\/estover_logo.png\",\"width\":167,\"height\":125,\"caption\":\"Estover\"},\"image\":{\"@id\":\"https:\/\/estover.ee\/en\/#\/schema\/logo\/image\/\"},\"sameAs\":[\"https:\/\/www.facebook.com\/estoverpiimatoostus\",\"https:\/\/www.instagram.com\/estovereesti\/\"]}]}<\/script>\n<!-- \/ Yoast SEO plugin. -->","yoast_head_json":{"title":"Tilsiter-type Cheese Vene Juust 150g, sliced - Estover","robots":{"index":"index","follow":"follow","max-snippet":"max-snippet:-1","max-image-preview":"max-image-preview:large","max-video-preview":"max-video-preview:-1"},"canonical":"https:\/\/estover.ee\/en\/tooted\/cheese\/russian-cheese\/vene-juust\/","og_locale":"en_US","og_type":"article","og_title":"Tilsiter-type Cheese Vene Juust 150g, sliced - Estover","og_description":"Russian cheese is a type of cheese characterized by a slightly salty taste, it is a full-fat tilsiter type rennet cheese. Mild, slightly sour taste and high calcium content. Medium density in consistency, easy to slice, with \"uneven lacy\" perforation typical of tilsiter. No animal rennet is used in the production, suitable for vegetarians. It is recommended to keep the cheese at room temperature for at least 30min before serving. The cheese is produced in Estover Kaarlij\u00e4rve Meierei Dairy Factory in Estonia by diligent milk masters.  Ingredients PASTURIZED MILK, cheese culture, salt, rennet, additives (calcium chloride, potassium nitrate).  Nutrient value per 100g Energy 1454 kJ \/ 351 kcal; fat 29 g, of which saturated fatty acids 18 g; carbohydrates &lt; 1,0 g, of which sugar &lt;0,5 g; protein 24 g; salt 1,4 g  Brand Vene Juust Manufacturer O\u00dc Estover Piimat\u00f6\u00f6stus Kaarlij\u00e4rve Meierei  Product image","og_url":"https:\/\/estover.ee\/en\/tooted\/cheese\/russian-cheese\/vene-juust\/","og_site_name":"Estover","article_publisher":"https:\/\/www.facebook.com\/estoverpiimatoostus","article_modified_time":"2024-02-13T14:59:19+00:00","og_image":[{"width":800,"height":533,"url":"https:\/\/estover.ee\/wp-content\/uploads\/2023\/02\/101437-Vene-Juust-285-viilutatud-150-g-800px.jpg","type":"image\/jpeg"}],"twitter_card":"summary_large_image","schema":{"@context":"https:\/\/schema.org","@graph":[{"@type":"WebPage","@id":"https:\/\/estover.ee\/en\/tooted\/cheese\/russian-cheese\/vene-juust\/","url":"https:\/\/estover.ee\/en\/tooted\/cheese\/russian-cheese\/vene-juust\/","name":"Tilsiter-type Cheese Vene Juust 150g, sliced - Estover","isPartOf":{"@id":"https:\/\/estover.ee\/en\/#website"},"primaryImageOfPage":{"@id":"https:\/\/estover.ee\/en\/tooted\/cheese\/russian-cheese\/vene-juust\/#primaryimage"},"image":{"@id":"https:\/\/estover.ee\/en\/tooted\/cheese\/russian-cheese\/vene-juust\/#primaryimage"},"thumbnailUrl":"https:\/\/estover.ee\/wp-content\/uploads\/2023\/02\/101437-Vene-Juust-285-viilutatud-150-g-800px.jpg","datePublished":"2022-12-22T11:55:50+00:00","dateModified":"2024-02-13T14:59:19+00:00","breadcrumb":{"@id":"https:\/\/estover.ee\/en\/tooted\/cheese\/russian-cheese\/vene-juust\/#breadcrumb"},"inLanguage":"en-US","potentialAction":[{"@type":"ReadAction","target":["https:\/\/estover.ee\/en\/tooted\/cheese\/russian-cheese\/vene-juust\/"]}]},{"@type":"ImageObject","inLanguage":"en-US","@id":"https:\/\/estover.ee\/en\/tooted\/cheese\/russian-cheese\/vene-juust\/#primaryimage","url":"https:\/\/estover.ee\/wp-content\/uploads\/2023\/02\/101437-Vene-Juust-285-viilutatud-150-g-800px.jpg","contentUrl":"https:\/\/estover.ee\/wp-content\/uploads\/2023\/02\/101437-Vene-Juust-285-viilutatud-150-g-800px.jpg","width":800,"height":533},{"@type":"BreadcrumbList","@id":"https:\/\/estover.ee\/en\/tooted\/cheese\/russian-cheese\/vene-juust\/#breadcrumb","itemListElement":[{"@type":"ListItem","position":1,"name":"Home","item":"https:\/\/estover.ee\/en\/"},{"@type":"ListItem","position":2,"name":"Products","item":"https:\/\/estover.ee\/en\/products\/"},{"@type":"ListItem","position":3,"name":"Tilsiter-type Cheese Vene Juust 150g, sliced"}]},{"@type":"WebSite","@id":"https:\/\/estover.ee\/en\/#website","url":"https:\/\/estover.ee\/en\/","name":"Estover","description":"Piimat\u00f6\u00f6stus","publisher":{"@id":"https:\/\/estover.ee\/en\/#organization"},"potentialAction":[{"@type":"SearchAction","target":{"@type":"EntryPoint","urlTemplate":"https:\/\/estover.ee\/en\/?s={search_term_string}"},"query-input":{"@type":"PropertyValueSpecification","valueRequired":true,"valueName":"search_term_string"}}],"inLanguage":"en-US"},{"@type":"Organization","@id":"https:\/\/estover.ee\/en\/#organization","name":"Estover","url":"https:\/\/estover.ee\/en\/","logo":{"@type":"ImageObject","inLanguage":"en-US","@id":"https:\/\/estover.ee\/en\/#\/schema\/logo\/image\/","url":"https:\/\/estover.ee\/wp-content\/uploads\/2022\/12\/estover_logo.png","contentUrl":"https:\/\/estover.ee\/wp-content\/uploads\/2022\/12\/estover_logo.png","width":167,"height":125,"caption":"Estover"},"image":{"@id":"https:\/\/estover.ee\/en\/#\/schema\/logo\/image\/"},"sameAs":["https:\/\/www.facebook.com\/estoverpiimatoostus","https:\/\/www.instagram.com\/estovereesti\/"]}]}},"_links":{"self":[{"href":"https:\/\/estover.ee\/en\/wp-json\/wp\/v2\/product\/3749","targetHints":{"allow":["GET"]}}],"collection":[{"href":"https:\/\/estover.ee\/en\/wp-json\/wp\/v2\/product"}],"about":[{"href":"https:\/\/estover.ee\/en\/wp-json\/wp\/v2\/types\/product"}],"wp:featuredmedia":[{"embeddable":true,"href":"https:\/\/estover.ee\/en\/wp-json\/wp\/v2\/media\/3929"}],"wp:attachment":[{"href":"https:\/\/estover.ee\/en\/wp-json\/wp\/v2\/media?parent=3749"}],"wp:term":[{"taxonomy":"product_brand","embeddable":true,"href":"https:\/\/estover.ee\/en\/wp-json\/wp\/v2\/product_brand?post=3749"},{"taxonomy":"product_cat","embeddable":true,"href":"https:\/\/estover.ee\/en\/wp-json\/wp\/v2\/product_cat?post=3749"},{"taxonomy":"product_tag","embeddable":true,"href":"https:\/\/estover.ee\/en\/wp-json\/wp\/v2\/product_tag?post=3749"}],"curies":[{"name":"wp","href":"https:\/\/api.w.org\/{rel}","templated":true}]}}