{"id":3763,"date":"2022-12-22T11:55:50","date_gmt":"2022-12-22T11:55:50","guid":{"rendered":"https:\/\/estover.ee\/tooted\/uncategorized\/maasdam-cheese-sliced-150-g\/"},"modified":"2025-01-08T14:50:37","modified_gmt":"2025-01-08T14:50:37","slug":"maasdam-cheese-sliced-150-g","status":"publish","type":"product","link":"https:\/\/estover.ee\/en\/tooted\/cheese\/estover-en\/maasdam-cheese-sliced-150-g\/","title":{"rendered":"Maasdam Cheese sliced 150g"},"content":{"rendered":"","protected":false},"excerpt":{"rendered":"<p>Swiss-type rennet cheese made from semi-hard cow&#8217;s milk. With a sweet and sour and slightly nutty taste, medium fat content and high calcium content. Elastic in consistency and easy to slice, with large holes characteristic of Swiss cheese in structure. It is recommended to keep the cheese at room temperature for at least 30 minutes before serving.<\/p>\n<p><strong>Ingredients<\/strong><\/p>\n<p>PASTEURIZED MILK, salt, lactic acid culture, microbiological rennet.<\/p>\n<p><strong>Nutrient value per 100g<\/strong><\/p>\n<p>Energy 1426 kJ \/ 343 kcal, fats 27 g, of which saturated fatty acids 17 g, carbohydrates \u02c2 0,1 g, of which sugars \u02c2 0,1 g, proteins 25 g, salt 1.5 g.<\/p>\n<p><b>Brand<\/b><\/p>\n<p>Estover<\/p>\n<p><strong>Manufacturer<\/strong><br \/>\nO\u00dc Estover Piimat\u00f6\u00f6stus Kaarlij\u00e4rve Meierei<\/p>\n<p><a href=\"https:\/\/estover.ee\/wp-content\/uploads\/2022\/12\/103_1_v.jpg\">Product image <\/a><\/p>\n","protected":false},"featured_media":6058,"template":"","meta":{"inline_featured_image":false},"product_brand":[],"product_cat":[113,202],"product_tag":[],"class_list":{"0":"post-3763","1":"product","2":"type-product","3":"status-publish","4":"has-post-thumbnail","6":"product_cat-cheese","7":"product_cat-estover-en","9":"first","10":"instock","11":"product-type-simple"},"yoast_head":"<!-- This site is optimized with the Yoast SEO plugin v27.2 - https:\/\/yoast.com\/product\/yoast-seo-wordpress\/ -->\n<title>Maasdam Cheese sliced 150g - Estover<\/title>\n<meta name=\"robots\" content=\"index, follow, max-snippet:-1, max-image-preview:large, max-video-preview:-1\" \/>\n<link rel=\"canonical\" href=\"https:\/\/estover.ee\/en\/tooted\/cheese\/estover-en\/maasdam-cheese-sliced-150-g\/\" \/>\n<meta property=\"og:locale\" content=\"en_US\" \/>\n<meta property=\"og:type\" content=\"article\" \/>\n<meta property=\"og:title\" content=\"Maasdam Cheese sliced 150g - Estover\" \/>\n<meta property=\"og:description\" content=\"Swiss-type rennet cheese made from semi-hard cow&#039;s milk. With a sweet and sour and slightly nutty taste, medium fat content and high calcium content. Elastic in consistency and easy to slice, with large holes characteristic of Swiss cheese in structure. It is recommended to keep the cheese at room temperature for at least 30 minutes before serving.  Ingredients  PASTEURIZED MILK, salt, lactic acid culture, microbiological rennet.  Nutrient value per 100g  Energy 1426 kJ \/ 343 kcal, fats 27 g, of which saturated fatty acids 17 g, carbohydrates \u02c2 0,1 g, of which sugars \u02c2 0,1 g, proteins 25 g, salt 1.5 g.  Brand  Estover  Manufacturer O\u00dc Estover Piimat\u00f6\u00f6stus Kaarlij\u00e4rve Meierei  Product image\" \/>\n<meta property=\"og:url\" content=\"https:\/\/estover.ee\/en\/tooted\/cheese\/estover-en\/maasdam-cheese-sliced-150-g\/\" \/>\n<meta property=\"og:site_name\" content=\"Estover\" \/>\n<meta property=\"article:publisher\" content=\"https:\/\/www.facebook.com\/estoverpiimatoostus\" \/>\n<meta property=\"article:modified_time\" content=\"2025-01-08T14:50:37+00:00\" \/>\n<meta property=\"og:image\" content=\"https:\/\/estover.ee\/wp-content\/uploads\/2022\/12\/estover-maasdam-juust-scaled.jpg\" \/>\n\t<meta property=\"og:image:width\" content=\"2560\" \/>\n\t<meta property=\"og:image:height\" content=\"1707\" \/>\n\t<meta property=\"og:image:type\" content=\"image\/jpeg\" \/>\n<meta name=\"twitter:card\" content=\"summary_large_image\" \/>\n<meta name=\"twitter:label1\" content=\"Est. reading time\" \/>\n\t<meta name=\"twitter:data1\" content=\"1 minute\" \/>\n<script type=\"application\/ld+json\" class=\"yoast-schema-graph\">{\"@context\":\"https:\/\/schema.org\",\"@graph\":[{\"@type\":\"WebPage\",\"@id\":\"https:\/\/estover.ee\/en\/tooted\/cheese\/estover-en\/maasdam-cheese-sliced-150-g\/\",\"url\":\"https:\/\/estover.ee\/en\/tooted\/cheese\/estover-en\/maasdam-cheese-sliced-150-g\/\",\"name\":\"Maasdam Cheese sliced 150g - Estover\",\"isPartOf\":{\"@id\":\"https:\/\/estover.ee\/en\/#website\"},\"primaryImageOfPage\":{\"@id\":\"https:\/\/estover.ee\/en\/tooted\/cheese\/estover-en\/maasdam-cheese-sliced-150-g\/#primaryimage\"},\"image\":{\"@id\":\"https:\/\/estover.ee\/en\/tooted\/cheese\/estover-en\/maasdam-cheese-sliced-150-g\/#primaryimage\"},\"thumbnailUrl\":\"https:\/\/estover.ee\/wp-content\/uploads\/2022\/12\/estover-maasdam-juust-scaled.jpg\",\"datePublished\":\"2022-12-22T11:55:50+00:00\",\"dateModified\":\"2025-01-08T14:50:37+00:00\",\"breadcrumb\":{\"@id\":\"https:\/\/estover.ee\/en\/tooted\/cheese\/estover-en\/maasdam-cheese-sliced-150-g\/#breadcrumb\"},\"inLanguage\":\"en-US\",\"potentialAction\":[{\"@type\":\"ReadAction\",\"target\":[\"https:\/\/estover.ee\/en\/tooted\/cheese\/estover-en\/maasdam-cheese-sliced-150-g\/\"]}]},{\"@type\":\"ImageObject\",\"inLanguage\":\"en-US\",\"@id\":\"https:\/\/estover.ee\/en\/tooted\/cheese\/estover-en\/maasdam-cheese-sliced-150-g\/#primaryimage\",\"url\":\"https:\/\/estover.ee\/wp-content\/uploads\/2022\/12\/estover-maasdam-juust-scaled.jpg\",\"contentUrl\":\"https:\/\/estover.ee\/wp-content\/uploads\/2022\/12\/estover-maasdam-juust-scaled.jpg\",\"width\":2560,\"height\":1707,\"caption\":\"Estover Maastam juust 150g\"},{\"@type\":\"BreadcrumbList\",\"@id\":\"https:\/\/estover.ee\/en\/tooted\/cheese\/estover-en\/maasdam-cheese-sliced-150-g\/#breadcrumb\",\"itemListElement\":[{\"@type\":\"ListItem\",\"position\":1,\"name\":\"Home\",\"item\":\"https:\/\/estover.ee\/en\/\"},{\"@type\":\"ListItem\",\"position\":2,\"name\":\"Products\",\"item\":\"https:\/\/estover.ee\/en\/products\/\"},{\"@type\":\"ListItem\",\"position\":3,\"name\":\"Maasdam Cheese sliced 150g\"}]},{\"@type\":\"WebSite\",\"@id\":\"https:\/\/estover.ee\/en\/#website\",\"url\":\"https:\/\/estover.ee\/en\/\",\"name\":\"Estover\",\"description\":\"Piimat\u00f6\u00f6stus\",\"publisher\":{\"@id\":\"https:\/\/estover.ee\/en\/#organization\"},\"potentialAction\":[{\"@type\":\"SearchAction\",\"target\":{\"@type\":\"EntryPoint\",\"urlTemplate\":\"https:\/\/estover.ee\/en\/?s={search_term_string}\"},\"query-input\":{\"@type\":\"PropertyValueSpecification\",\"valueRequired\":true,\"valueName\":\"search_term_string\"}}],\"inLanguage\":\"en-US\"},{\"@type\":\"Organization\",\"@id\":\"https:\/\/estover.ee\/en\/#organization\",\"name\":\"Estover\",\"url\":\"https:\/\/estover.ee\/en\/\",\"logo\":{\"@type\":\"ImageObject\",\"inLanguage\":\"en-US\",\"@id\":\"https:\/\/estover.ee\/en\/#\/schema\/logo\/image\/\",\"url\":\"https:\/\/estover.ee\/wp-content\/uploads\/2022\/12\/estover_logo.png\",\"contentUrl\":\"https:\/\/estover.ee\/wp-content\/uploads\/2022\/12\/estover_logo.png\",\"width\":167,\"height\":125,\"caption\":\"Estover\"},\"image\":{\"@id\":\"https:\/\/estover.ee\/en\/#\/schema\/logo\/image\/\"},\"sameAs\":[\"https:\/\/www.facebook.com\/estoverpiimatoostus\",\"https:\/\/www.instagram.com\/estovereesti\/\"]}]}<\/script>\n<!-- \/ Yoast SEO plugin. -->","yoast_head_json":{"title":"Maasdam Cheese sliced 150g - Estover","robots":{"index":"index","follow":"follow","max-snippet":"max-snippet:-1","max-image-preview":"max-image-preview:large","max-video-preview":"max-video-preview:-1"},"canonical":"https:\/\/estover.ee\/en\/tooted\/cheese\/estover-en\/maasdam-cheese-sliced-150-g\/","og_locale":"en_US","og_type":"article","og_title":"Maasdam Cheese sliced 150g - Estover","og_description":"Swiss-type rennet cheese made from semi-hard cow's milk. With a sweet and sour and slightly nutty taste, medium fat content and high calcium content. Elastic in consistency and easy to slice, with large holes characteristic of Swiss cheese in structure. It is recommended to keep the cheese at room temperature for at least 30 minutes before serving.  Ingredients  PASTEURIZED MILK, salt, lactic acid culture, microbiological rennet.  Nutrient value per 100g  Energy 1426 kJ \/ 343 kcal, fats 27 g, of which saturated fatty acids 17 g, carbohydrates \u02c2 0,1 g, of which sugars \u02c2 0,1 g, proteins 25 g, salt 1.5 g.  Brand  Estover  Manufacturer O\u00dc Estover Piimat\u00f6\u00f6stus Kaarlij\u00e4rve Meierei  Product image","og_url":"https:\/\/estover.ee\/en\/tooted\/cheese\/estover-en\/maasdam-cheese-sliced-150-g\/","og_site_name":"Estover","article_publisher":"https:\/\/www.facebook.com\/estoverpiimatoostus","article_modified_time":"2025-01-08T14:50:37+00:00","og_image":[{"width":2560,"height":1707,"url":"https:\/\/estover.ee\/wp-content\/uploads\/2022\/12\/estover-maasdam-juust-scaled.jpg","type":"image\/jpeg"}],"twitter_card":"summary_large_image","twitter_misc":{"Est. reading time":"1 minute"},"schema":{"@context":"https:\/\/schema.org","@graph":[{"@type":"WebPage","@id":"https:\/\/estover.ee\/en\/tooted\/cheese\/estover-en\/maasdam-cheese-sliced-150-g\/","url":"https:\/\/estover.ee\/en\/tooted\/cheese\/estover-en\/maasdam-cheese-sliced-150-g\/","name":"Maasdam Cheese sliced 150g - Estover","isPartOf":{"@id":"https:\/\/estover.ee\/en\/#website"},"primaryImageOfPage":{"@id":"https:\/\/estover.ee\/en\/tooted\/cheese\/estover-en\/maasdam-cheese-sliced-150-g\/#primaryimage"},"image":{"@id":"https:\/\/estover.ee\/en\/tooted\/cheese\/estover-en\/maasdam-cheese-sliced-150-g\/#primaryimage"},"thumbnailUrl":"https:\/\/estover.ee\/wp-content\/uploads\/2022\/12\/estover-maasdam-juust-scaled.jpg","datePublished":"2022-12-22T11:55:50+00:00","dateModified":"2025-01-08T14:50:37+00:00","breadcrumb":{"@id":"https:\/\/estover.ee\/en\/tooted\/cheese\/estover-en\/maasdam-cheese-sliced-150-g\/#breadcrumb"},"inLanguage":"en-US","potentialAction":[{"@type":"ReadAction","target":["https:\/\/estover.ee\/en\/tooted\/cheese\/estover-en\/maasdam-cheese-sliced-150-g\/"]}]},{"@type":"ImageObject","inLanguage":"en-US","@id":"https:\/\/estover.ee\/en\/tooted\/cheese\/estover-en\/maasdam-cheese-sliced-150-g\/#primaryimage","url":"https:\/\/estover.ee\/wp-content\/uploads\/2022\/12\/estover-maasdam-juust-scaled.jpg","contentUrl":"https:\/\/estover.ee\/wp-content\/uploads\/2022\/12\/estover-maasdam-juust-scaled.jpg","width":2560,"height":1707,"caption":"Estover Maastam juust 150g"},{"@type":"BreadcrumbList","@id":"https:\/\/estover.ee\/en\/tooted\/cheese\/estover-en\/maasdam-cheese-sliced-150-g\/#breadcrumb","itemListElement":[{"@type":"ListItem","position":1,"name":"Home","item":"https:\/\/estover.ee\/en\/"},{"@type":"ListItem","position":2,"name":"Products","item":"https:\/\/estover.ee\/en\/products\/"},{"@type":"ListItem","position":3,"name":"Maasdam Cheese sliced 150g"}]},{"@type":"WebSite","@id":"https:\/\/estover.ee\/en\/#website","url":"https:\/\/estover.ee\/en\/","name":"Estover","description":"Piimat\u00f6\u00f6stus","publisher":{"@id":"https:\/\/estover.ee\/en\/#organization"},"potentialAction":[{"@type":"SearchAction","target":{"@type":"EntryPoint","urlTemplate":"https:\/\/estover.ee\/en\/?s={search_term_string}"},"query-input":{"@type":"PropertyValueSpecification","valueRequired":true,"valueName":"search_term_string"}}],"inLanguage":"en-US"},{"@type":"Organization","@id":"https:\/\/estover.ee\/en\/#organization","name":"Estover","url":"https:\/\/estover.ee\/en\/","logo":{"@type":"ImageObject","inLanguage":"en-US","@id":"https:\/\/estover.ee\/en\/#\/schema\/logo\/image\/","url":"https:\/\/estover.ee\/wp-content\/uploads\/2022\/12\/estover_logo.png","contentUrl":"https:\/\/estover.ee\/wp-content\/uploads\/2022\/12\/estover_logo.png","width":167,"height":125,"caption":"Estover"},"image":{"@id":"https:\/\/estover.ee\/en\/#\/schema\/logo\/image\/"},"sameAs":["https:\/\/www.facebook.com\/estoverpiimatoostus","https:\/\/www.instagram.com\/estovereesti\/"]}]}},"_links":{"self":[{"href":"https:\/\/estover.ee\/en\/wp-json\/wp\/v2\/product\/3763","targetHints":{"allow":["GET"]}}],"collection":[{"href":"https:\/\/estover.ee\/en\/wp-json\/wp\/v2\/product"}],"about":[{"href":"https:\/\/estover.ee\/en\/wp-json\/wp\/v2\/types\/product"}],"wp:featuredmedia":[{"embeddable":true,"href":"https:\/\/estover.ee\/en\/wp-json\/wp\/v2\/media\/6058"}],"wp:attachment":[{"href":"https:\/\/estover.ee\/en\/wp-json\/wp\/v2\/media?parent=3763"}],"wp:term":[{"taxonomy":"product_brand","embeddable":true,"href":"https:\/\/estover.ee\/en\/wp-json\/wp\/v2\/product_brand?post=3763"},{"taxonomy":"product_cat","embeddable":true,"href":"https:\/\/estover.ee\/en\/wp-json\/wp\/v2\/product_cat?post=3763"},{"taxonomy":"product_tag","embeddable":true,"href":"https:\/\/estover.ee\/en\/wp-json\/wp\/v2\/product_tag?post=3763"}],"curies":[{"name":"wp","href":"https:\/\/api.w.org\/{rel}","templated":true}]}}