{"id":3765,"date":"2022-12-22T11:55:50","date_gmt":"2022-12-22T11:55:50","guid":{"rendered":"https:\/\/estover.ee\/tooted\/uncategorized\/piimameister-otto-cream-cheese-400-g\/"},"modified":"2024-02-13T14:58:37","modified_gmt":"2024-02-13T14:58:37","slug":"milk-master-otto-cream-cheese-400-g","status":"publish","type":"product","link":"https:\/\/estover.ee\/en\/tooted\/cream-cheese\/piimameister-otto-cream-cheese\/milk-master-otto-cream-cheese-400-g\/","title":{"rendered":"Piimameister Otto cream cheese 400g"},"content":{"rendered":"","protected":false},"excerpt":{"rendered":"<p>Piimameister Otto cream cheese has been developed for cooking, and is ideal for both savoury and sweet delicacies. Dairy Master Otto cream cheese has a creamy and silky texture, tastes mild and is pleasantly creamy. Piimameister Otto cream cheese is perfect for cooking!<\/p>\n<p><strong>Ingredients<\/strong><br \/>\nFRESH CHEESE, acidity regulator (citric acid), salt, stabilizers (carrageenan, locust bean gum). Nutrient value per 100g<\/p>\n<p><strong>Nutrient value per 100g<\/strong><br \/>\nEnergy 1032 kJ \/ 250 kcal; fats 24 g, of which saturated fatty acids 15 g; carbohydrates 3.3 g, of which sugars 2.4 g; proteins 6.2 g; salt 0.4 g<\/p>\n<p><strong>Brand<\/strong><br \/>\nPiimameister OTTO<\/p>\n<p><strong>Manufacturer<\/strong><br \/>\nO\u00dc Estover Piimat\u00f6\u00f6stus Kaarlij\u00e4rve Meierei<\/p>\n<p><a href=\"https:\/\/estover.ee\/wp-content\/uploads\/2022\/12\/503022-PMO-Toorjuust-3D-magus.jpg\">Product picture <\/a><\/p>\n","protected":false},"featured_media":5627,"template":"","meta":{"inline_featured_image":false},"product_brand":[],"product_cat":[124,154],"product_tag":[],"class_list":{"0":"post-3765","1":"product","2":"type-product","3":"status-publish","4":"has-post-thumbnail","6":"product_cat-cream-cheese","7":"product_cat-piimameister-otto-cream-cheese","9":"first","10":"instock","11":"product-type-simple"},"yoast_head":"<!-- This site is optimized with the Yoast SEO plugin v27.2 - https:\/\/yoast.com\/product\/yoast-seo-wordpress\/ -->\n<title>Piimameister Otto cream cheese 400g - Estover<\/title>\n<meta name=\"robots\" content=\"index, follow, max-snippet:-1, max-image-preview:large, max-video-preview:-1\" \/>\n<link rel=\"canonical\" href=\"https:\/\/estover.ee\/en\/tooted\/cream-cheese\/piimameister-otto-cream-cheese\/milk-master-otto-cream-cheese-400-g\/\" \/>\n<meta property=\"og:locale\" content=\"en_US\" \/>\n<meta property=\"og:type\" content=\"article\" \/>\n<meta property=\"og:title\" content=\"Piimameister Otto cream cheese 400g - Estover\" \/>\n<meta property=\"og:description\" content=\"Piimameister Otto cream cheese has been developed for cooking, and is ideal for both savoury and sweet delicacies. Dairy Master Otto cream cheese has a creamy and silky texture, tastes mild and is pleasantly creamy. Piimameister Otto cream cheese is perfect for cooking!  Ingredients FRESH CHEESE, acidity regulator (citric acid), salt, stabilizers (carrageenan, locust bean gum). Nutrient value per 100g  Nutrient value per 100g Energy 1032 kJ \/ 250 kcal; fats 24 g, of which saturated fatty acids 15 g; carbohydrates 3.3 g, of which sugars 2.4 g; proteins 6.2 g; salt 0.4 g  Brand Piimameister OTTO  Manufacturer O\u00dc Estover Piimat\u00f6\u00f6stus Kaarlij\u00e4rve Meierei  Product picture\" \/>\n<meta property=\"og:url\" content=\"https:\/\/estover.ee\/en\/tooted\/cream-cheese\/piimameister-otto-cream-cheese\/milk-master-otto-cream-cheese-400-g\/\" \/>\n<meta property=\"og:site_name\" content=\"Estover\" \/>\n<meta property=\"article:publisher\" content=\"https:\/\/www.facebook.com\/estoverpiimatoostus\" \/>\n<meta property=\"article:modified_time\" content=\"2024-02-13T14:58:37+00:00\" \/>\n<meta property=\"og:image\" content=\"https:\/\/estover.ee\/wp-content\/uploads\/2022\/12\/pmo-toorjuust-400g.png\" \/>\n\t<meta property=\"og:image:width\" content=\"1563\" \/>\n\t<meta property=\"og:image:height\" content=\"1563\" \/>\n\t<meta property=\"og:image:type\" content=\"image\/png\" \/>\n<meta name=\"twitter:card\" content=\"summary_large_image\" \/>\n<script type=\"application\/ld+json\" class=\"yoast-schema-graph\">{\"@context\":\"https:\/\/schema.org\",\"@graph\":[{\"@type\":\"WebPage\",\"@id\":\"https:\/\/estover.ee\/en\/tooted\/cream-cheese\/piimameister-otto-cream-cheese\/milk-master-otto-cream-cheese-400-g\/\",\"url\":\"https:\/\/estover.ee\/en\/tooted\/cream-cheese\/piimameister-otto-cream-cheese\/milk-master-otto-cream-cheese-400-g\/\",\"name\":\"Piimameister Otto cream cheese 400g - Estover\",\"isPartOf\":{\"@id\":\"https:\/\/estover.ee\/en\/#website\"},\"primaryImageOfPage\":{\"@id\":\"https:\/\/estover.ee\/en\/tooted\/cream-cheese\/piimameister-otto-cream-cheese\/milk-master-otto-cream-cheese-400-g\/#primaryimage\"},\"image\":{\"@id\":\"https:\/\/estover.ee\/en\/tooted\/cream-cheese\/piimameister-otto-cream-cheese\/milk-master-otto-cream-cheese-400-g\/#primaryimage\"},\"thumbnailUrl\":\"https:\/\/estover.ee\/wp-content\/uploads\/2022\/12\/pmo-toorjuust-400g.png\",\"datePublished\":\"2022-12-22T11:55:50+00:00\",\"dateModified\":\"2024-02-13T14:58:37+00:00\",\"breadcrumb\":{\"@id\":\"https:\/\/estover.ee\/en\/tooted\/cream-cheese\/piimameister-otto-cream-cheese\/milk-master-otto-cream-cheese-400-g\/#breadcrumb\"},\"inLanguage\":\"en-US\",\"potentialAction\":[{\"@type\":\"ReadAction\",\"target\":[\"https:\/\/estover.ee\/en\/tooted\/cream-cheese\/piimameister-otto-cream-cheese\/milk-master-otto-cream-cheese-400-g\/\"]}]},{\"@type\":\"ImageObject\",\"inLanguage\":\"en-US\",\"@id\":\"https:\/\/estover.ee\/en\/tooted\/cream-cheese\/piimameister-otto-cream-cheese\/milk-master-otto-cream-cheese-400-g\/#primaryimage\",\"url\":\"https:\/\/estover.ee\/wp-content\/uploads\/2022\/12\/pmo-toorjuust-400g.png\",\"contentUrl\":\"https:\/\/estover.ee\/wp-content\/uploads\/2022\/12\/pmo-toorjuust-400g.png\",\"width\":1563,\"height\":1563},{\"@type\":\"BreadcrumbList\",\"@id\":\"https:\/\/estover.ee\/en\/tooted\/cream-cheese\/piimameister-otto-cream-cheese\/milk-master-otto-cream-cheese-400-g\/#breadcrumb\",\"itemListElement\":[{\"@type\":\"ListItem\",\"position\":1,\"name\":\"Home\",\"item\":\"https:\/\/estover.ee\/en\/\"},{\"@type\":\"ListItem\",\"position\":2,\"name\":\"Products\",\"item\":\"https:\/\/estover.ee\/en\/products\/\"},{\"@type\":\"ListItem\",\"position\":3,\"name\":\"Piimameister Otto cream cheese 400g\"}]},{\"@type\":\"WebSite\",\"@id\":\"https:\/\/estover.ee\/en\/#website\",\"url\":\"https:\/\/estover.ee\/en\/\",\"name\":\"Estover\",\"description\":\"Piimat\u00f6\u00f6stus\",\"publisher\":{\"@id\":\"https:\/\/estover.ee\/en\/#organization\"},\"potentialAction\":[{\"@type\":\"SearchAction\",\"target\":{\"@type\":\"EntryPoint\",\"urlTemplate\":\"https:\/\/estover.ee\/en\/?s={search_term_string}\"},\"query-input\":{\"@type\":\"PropertyValueSpecification\",\"valueRequired\":true,\"valueName\":\"search_term_string\"}}],\"inLanguage\":\"en-US\"},{\"@type\":\"Organization\",\"@id\":\"https:\/\/estover.ee\/en\/#organization\",\"name\":\"Estover\",\"url\":\"https:\/\/estover.ee\/en\/\",\"logo\":{\"@type\":\"ImageObject\",\"inLanguage\":\"en-US\",\"@id\":\"https:\/\/estover.ee\/en\/#\/schema\/logo\/image\/\",\"url\":\"https:\/\/estover.ee\/wp-content\/uploads\/2022\/12\/estover_logo.png\",\"contentUrl\":\"https:\/\/estover.ee\/wp-content\/uploads\/2022\/12\/estover_logo.png\",\"width\":167,\"height\":125,\"caption\":\"Estover\"},\"image\":{\"@id\":\"https:\/\/estover.ee\/en\/#\/schema\/logo\/image\/\"},\"sameAs\":[\"https:\/\/www.facebook.com\/estoverpiimatoostus\",\"https:\/\/www.instagram.com\/estovereesti\/\"]}]}<\/script>\n<!-- \/ Yoast SEO plugin. -->","yoast_head_json":{"title":"Piimameister Otto cream cheese 400g - Estover","robots":{"index":"index","follow":"follow","max-snippet":"max-snippet:-1","max-image-preview":"max-image-preview:large","max-video-preview":"max-video-preview:-1"},"canonical":"https:\/\/estover.ee\/en\/tooted\/cream-cheese\/piimameister-otto-cream-cheese\/milk-master-otto-cream-cheese-400-g\/","og_locale":"en_US","og_type":"article","og_title":"Piimameister Otto cream cheese 400g - Estover","og_description":"Piimameister Otto cream cheese has been developed for cooking, and is ideal for both savoury and sweet delicacies. Dairy Master Otto cream cheese has a creamy and silky texture, tastes mild and is pleasantly creamy. Piimameister Otto cream cheese is perfect for cooking!  Ingredients FRESH CHEESE, acidity regulator (citric acid), salt, stabilizers (carrageenan, locust bean gum). Nutrient value per 100g  Nutrient value per 100g Energy 1032 kJ \/ 250 kcal; fats 24 g, of which saturated fatty acids 15 g; carbohydrates 3.3 g, of which sugars 2.4 g; proteins 6.2 g; salt 0.4 g  Brand Piimameister OTTO  Manufacturer O\u00dc Estover Piimat\u00f6\u00f6stus Kaarlij\u00e4rve Meierei  Product picture","og_url":"https:\/\/estover.ee\/en\/tooted\/cream-cheese\/piimameister-otto-cream-cheese\/milk-master-otto-cream-cheese-400-g\/","og_site_name":"Estover","article_publisher":"https:\/\/www.facebook.com\/estoverpiimatoostus","article_modified_time":"2024-02-13T14:58:37+00:00","og_image":[{"width":1563,"height":1563,"url":"https:\/\/estover.ee\/wp-content\/uploads\/2022\/12\/pmo-toorjuust-400g.png","type":"image\/png"}],"twitter_card":"summary_large_image","schema":{"@context":"https:\/\/schema.org","@graph":[{"@type":"WebPage","@id":"https:\/\/estover.ee\/en\/tooted\/cream-cheese\/piimameister-otto-cream-cheese\/milk-master-otto-cream-cheese-400-g\/","url":"https:\/\/estover.ee\/en\/tooted\/cream-cheese\/piimameister-otto-cream-cheese\/milk-master-otto-cream-cheese-400-g\/","name":"Piimameister Otto cream cheese 400g - Estover","isPartOf":{"@id":"https:\/\/estover.ee\/en\/#website"},"primaryImageOfPage":{"@id":"https:\/\/estover.ee\/en\/tooted\/cream-cheese\/piimameister-otto-cream-cheese\/milk-master-otto-cream-cheese-400-g\/#primaryimage"},"image":{"@id":"https:\/\/estover.ee\/en\/tooted\/cream-cheese\/piimameister-otto-cream-cheese\/milk-master-otto-cream-cheese-400-g\/#primaryimage"},"thumbnailUrl":"https:\/\/estover.ee\/wp-content\/uploads\/2022\/12\/pmo-toorjuust-400g.png","datePublished":"2022-12-22T11:55:50+00:00","dateModified":"2024-02-13T14:58:37+00:00","breadcrumb":{"@id":"https:\/\/estover.ee\/en\/tooted\/cream-cheese\/piimameister-otto-cream-cheese\/milk-master-otto-cream-cheese-400-g\/#breadcrumb"},"inLanguage":"en-US","potentialAction":[{"@type":"ReadAction","target":["https:\/\/estover.ee\/en\/tooted\/cream-cheese\/piimameister-otto-cream-cheese\/milk-master-otto-cream-cheese-400-g\/"]}]},{"@type":"ImageObject","inLanguage":"en-US","@id":"https:\/\/estover.ee\/en\/tooted\/cream-cheese\/piimameister-otto-cream-cheese\/milk-master-otto-cream-cheese-400-g\/#primaryimage","url":"https:\/\/estover.ee\/wp-content\/uploads\/2022\/12\/pmo-toorjuust-400g.png","contentUrl":"https:\/\/estover.ee\/wp-content\/uploads\/2022\/12\/pmo-toorjuust-400g.png","width":1563,"height":1563},{"@type":"BreadcrumbList","@id":"https:\/\/estover.ee\/en\/tooted\/cream-cheese\/piimameister-otto-cream-cheese\/milk-master-otto-cream-cheese-400-g\/#breadcrumb","itemListElement":[{"@type":"ListItem","position":1,"name":"Home","item":"https:\/\/estover.ee\/en\/"},{"@type":"ListItem","position":2,"name":"Products","item":"https:\/\/estover.ee\/en\/products\/"},{"@type":"ListItem","position":3,"name":"Piimameister Otto cream cheese 400g"}]},{"@type":"WebSite","@id":"https:\/\/estover.ee\/en\/#website","url":"https:\/\/estover.ee\/en\/","name":"Estover","description":"Piimat\u00f6\u00f6stus","publisher":{"@id":"https:\/\/estover.ee\/en\/#organization"},"potentialAction":[{"@type":"SearchAction","target":{"@type":"EntryPoint","urlTemplate":"https:\/\/estover.ee\/en\/?s={search_term_string}"},"query-input":{"@type":"PropertyValueSpecification","valueRequired":true,"valueName":"search_term_string"}}],"inLanguage":"en-US"},{"@type":"Organization","@id":"https:\/\/estover.ee\/en\/#organization","name":"Estover","url":"https:\/\/estover.ee\/en\/","logo":{"@type":"ImageObject","inLanguage":"en-US","@id":"https:\/\/estover.ee\/en\/#\/schema\/logo\/image\/","url":"https:\/\/estover.ee\/wp-content\/uploads\/2022\/12\/estover_logo.png","contentUrl":"https:\/\/estover.ee\/wp-content\/uploads\/2022\/12\/estover_logo.png","width":167,"height":125,"caption":"Estover"},"image":{"@id":"https:\/\/estover.ee\/en\/#\/schema\/logo\/image\/"},"sameAs":["https:\/\/www.facebook.com\/estoverpiimatoostus","https:\/\/www.instagram.com\/estovereesti\/"]}]}},"_links":{"self":[{"href":"https:\/\/estover.ee\/en\/wp-json\/wp\/v2\/product\/3765","targetHints":{"allow":["GET"]}}],"collection":[{"href":"https:\/\/estover.ee\/en\/wp-json\/wp\/v2\/product"}],"about":[{"href":"https:\/\/estover.ee\/en\/wp-json\/wp\/v2\/types\/product"}],"wp:featuredmedia":[{"embeddable":true,"href":"https:\/\/estover.ee\/en\/wp-json\/wp\/v2\/media\/5627"}],"wp:attachment":[{"href":"https:\/\/estover.ee\/en\/wp-json\/wp\/v2\/media?parent=3765"}],"wp:term":[{"taxonomy":"product_brand","embeddable":true,"href":"https:\/\/estover.ee\/en\/wp-json\/wp\/v2\/product_brand?post=3765"},{"taxonomy":"product_cat","embeddable":true,"href":"https:\/\/estover.ee\/en\/wp-json\/wp\/v2\/product_cat?post=3765"},{"taxonomy":"product_tag","embeddable":true,"href":"https:\/\/estover.ee\/en\/wp-json\/wp\/v2\/product_tag?post=3765"}],"curies":[{"name":"wp","href":"https:\/\/api.w.org\/{rel}","templated":true}]}}