{"id":3777,"date":"2022-12-22T11:55:51","date_gmt":"2022-12-22T11:55:51","guid":{"rendered":"https:\/\/estover.ee\/tooted\/uncategorized\/piimameister-otto-mozzarella-cheese-250-g\/"},"modified":"2024-02-13T14:57:10","modified_gmt":"2024-02-13T14:57:10","slug":"piimameister-otto-mozzarella-250-g","status":"publish","type":"product","link":"https:\/\/estover.ee\/en\/tooted\/mozzarella-cheese\/piimameister-otto-en\/piimameister-otto-mozzarella-250-g\/","title":{"rendered":"Piimameister Otto mozzarella cheese 250g"},"content":{"rendered":"","protected":false},"excerpt":{"rendered":"<p>Piimameister Otto Mozzarella Cheese is entirely made of Estonian milk. Mozzarella is the classic Italian cheese with the fresh, mild flavour. Traditionally eaten with tomatoes and basil as a &#8216;Caprese&#8217; salad but can also be eaten hot in toasties, paninis or pasta dishes! Mild in taste, slightly salty, with a characteristic pleasant aroma typical to\u00a0fresh cheese. Evenly soft and fibrous in consistency. Relatively elastic, restores its original shape after light crushing. With medium fat content and very good melting properties. Animal rennet has not been used in the production, it is suitable for vegetarians.<\/p>\n<p><strong>Ingredients<\/strong><br \/>\nPASTURIZED MILK, citric acid, salt, rennet, calcium chloride<\/p>\n<p><strong>Nutrient value per 100g<\/strong><br \/>\nEnergy 946 kJ \/ 227 kcal, fats 15 g, including saturated fatty acids 8,0 g, carbohydrates 1,0 g, including sugars 0,5 g, proteins 22 g, salt 1,5 g<\/p>\n<p><strong>Brand<\/strong><br \/>\nPiimameister OTTO<\/p>\n<p><strong>Manufacturer<\/strong><br \/>\nO\u00dc Estover Piimat\u00f6\u00f6stus Kaarlij\u00e4rve Meierei<\/p>\n<p><a href=\"https:\/\/estover.ee\/wp-content\/uploads\/2022\/12\/Piimameister-Otto-mozzarella-250g-EAN-4740572005350.png\">Product image<\/a><\/p>\n","protected":false},"featured_media":4850,"template":"","meta":{"inline_featured_image":false},"product_brand":[],"product_cat":[119,181],"product_tag":[],"class_list":{"0":"post-3777","1":"product","2":"type-product","3":"status-publish","4":"has-post-thumbnail","6":"product_cat-mozzarella-cheese","7":"product_cat-piimameister-otto-en","9":"first","10":"instock","11":"product-type-simple"},"yoast_head":"<!-- This site is optimized with the Yoast SEO plugin v27.6 - https:\/\/yoast.com\/product\/yoast-seo-wordpress\/ -->\n<title>Piimameister Otto mozzarella cheese 250g - Estover<\/title>\n<meta name=\"robots\" content=\"index, follow, max-snippet:-1, max-image-preview:large, max-video-preview:-1\" \/>\n<link rel=\"canonical\" href=\"https:\/\/estover.ee\/en\/tooted\/mozzarella-cheese\/piimameister-otto-en\/piimameister-otto-mozzarella-250-g\/\" \/>\n<meta property=\"og:locale\" content=\"en_US\" \/>\n<meta property=\"og:type\" content=\"article\" \/>\n<meta property=\"og:title\" content=\"Piimameister Otto mozzarella cheese 250g - Estover\" \/>\n<meta property=\"og:description\" content=\"Piimameister Otto Mozzarella Cheese is entirely made of Estonian milk. Mozzarella is the classic Italian cheese with the fresh, mild flavour. Traditionally eaten with tomatoes and basil as a &#039;Caprese&#039; salad but can also be eaten hot in toasties, paninis or pasta dishes! Mild in taste, slightly salty, with a characteristic pleasant aroma typical to\u00a0fresh cheese. Evenly soft and fibrous in consistency. Relatively elastic, restores its original shape after light crushing. With medium fat content and very good melting properties. Animal rennet has not been used in the production, it is suitable for vegetarians.  Ingredients PASTURIZED MILK, citric acid, salt, rennet, calcium chloride  Nutrient value per 100g Energy 946 kJ \/ 227 kcal, fats 15 g, including saturated fatty acids 8,0 g, carbohydrates 1,0 g, including sugars 0,5 g, proteins 22 g, salt 1,5 g  Brand Piimameister OTTO  Manufacturer O\u00dc Estover Piimat\u00f6\u00f6stus Kaarlij\u00e4rve Meierei  Product image\" \/>\n<meta property=\"og:url\" content=\"https:\/\/estover.ee\/en\/tooted\/mozzarella-cheese\/piimameister-otto-en\/piimameister-otto-mozzarella-250-g\/\" \/>\n<meta property=\"og:site_name\" content=\"Estover\" \/>\n<meta property=\"article:publisher\" content=\"https:\/\/www.facebook.com\/estoverpiimatoostus\" \/>\n<meta property=\"article:modified_time\" content=\"2024-02-13T14:57:10+00:00\" \/>\n<meta property=\"og:image\" content=\"https:\/\/estover.ee\/wp-content\/uploads\/2022\/12\/PMO-Mozzarella-250g.png\" \/>\n\t<meta property=\"og:image:width\" content=\"500\" \/>\n\t<meta property=\"og:image:height\" content=\"500\" \/>\n\t<meta property=\"og:image:type\" content=\"image\/png\" \/>\n<meta name=\"twitter:card\" content=\"summary_large_image\" \/>\n<script type=\"application\/ld+json\" class=\"yoast-schema-graph\">{\"@context\":\"https:\\\/\\\/schema.org\",\"@graph\":[{\"@type\":\"WebPage\",\"@id\":\"https:\\\/\\\/estover.ee\\\/en\\\/tooted\\\/mozzarella-cheese\\\/piimameister-otto-en\\\/piimameister-otto-mozzarella-250-g\\\/\",\"url\":\"https:\\\/\\\/estover.ee\\\/en\\\/tooted\\\/mozzarella-cheese\\\/piimameister-otto-en\\\/piimameister-otto-mozzarella-250-g\\\/\",\"name\":\"Piimameister Otto mozzarella cheese 250g - Estover\",\"isPartOf\":{\"@id\":\"https:\\\/\\\/estover.ee\\\/en\\\/#website\"},\"primaryImageOfPage\":{\"@id\":\"https:\\\/\\\/estover.ee\\\/en\\\/tooted\\\/mozzarella-cheese\\\/piimameister-otto-en\\\/piimameister-otto-mozzarella-250-g\\\/#primaryimage\"},\"image\":{\"@id\":\"https:\\\/\\\/estover.ee\\\/en\\\/tooted\\\/mozzarella-cheese\\\/piimameister-otto-en\\\/piimameister-otto-mozzarella-250-g\\\/#primaryimage\"},\"thumbnailUrl\":\"https:\\\/\\\/estover.ee\\\/wp-content\\\/uploads\\\/2022\\\/12\\\/PMO-Mozzarella-250g.png\",\"datePublished\":\"2022-12-22T11:55:51+00:00\",\"dateModified\":\"2024-02-13T14:57:10+00:00\",\"breadcrumb\":{\"@id\":\"https:\\\/\\\/estover.ee\\\/en\\\/tooted\\\/mozzarella-cheese\\\/piimameister-otto-en\\\/piimameister-otto-mozzarella-250-g\\\/#breadcrumb\"},\"inLanguage\":\"en-US\",\"potentialAction\":[{\"@type\":\"ReadAction\",\"target\":[\"https:\\\/\\\/estover.ee\\\/en\\\/tooted\\\/mozzarella-cheese\\\/piimameister-otto-en\\\/piimameister-otto-mozzarella-250-g\\\/\"]}]},{\"@type\":\"ImageObject\",\"inLanguage\":\"en-US\",\"@id\":\"https:\\\/\\\/estover.ee\\\/en\\\/tooted\\\/mozzarella-cheese\\\/piimameister-otto-en\\\/piimameister-otto-mozzarella-250-g\\\/#primaryimage\",\"url\":\"https:\\\/\\\/estover.ee\\\/wp-content\\\/uploads\\\/2022\\\/12\\\/PMO-Mozzarella-250g.png\",\"contentUrl\":\"https:\\\/\\\/estover.ee\\\/wp-content\\\/uploads\\\/2022\\\/12\\\/PMO-Mozzarella-250g.png\",\"width\":500,\"height\":500},{\"@type\":\"BreadcrumbList\",\"@id\":\"https:\\\/\\\/estover.ee\\\/en\\\/tooted\\\/mozzarella-cheese\\\/piimameister-otto-en\\\/piimameister-otto-mozzarella-250-g\\\/#breadcrumb\",\"itemListElement\":[{\"@type\":\"ListItem\",\"position\":1,\"name\":\"Home\",\"item\":\"https:\\\/\\\/estover.ee\\\/en\\\/\"},{\"@type\":\"ListItem\",\"position\":2,\"name\":\"Products\",\"item\":\"https:\\\/\\\/estover.ee\\\/en\\\/products\\\/\"},{\"@type\":\"ListItem\",\"position\":3,\"name\":\"Piimameister Otto mozzarella cheese 250g\"}]},{\"@type\":\"WebSite\",\"@id\":\"https:\\\/\\\/estover.ee\\\/en\\\/#website\",\"url\":\"https:\\\/\\\/estover.ee\\\/en\\\/\",\"name\":\"Estover\",\"description\":\"Piimat\u00f6\u00f6stus\",\"publisher\":{\"@id\":\"https:\\\/\\\/estover.ee\\\/en\\\/#organization\"},\"potentialAction\":[{\"@type\":\"SearchAction\",\"target\":{\"@type\":\"EntryPoint\",\"urlTemplate\":\"https:\\\/\\\/estover.ee\\\/en\\\/?s={search_term_string}\"},\"query-input\":{\"@type\":\"PropertyValueSpecification\",\"valueRequired\":true,\"valueName\":\"search_term_string\"}}],\"inLanguage\":\"en-US\"},{\"@type\":\"Organization\",\"@id\":\"https:\\\/\\\/estover.ee\\\/en\\\/#organization\",\"name\":\"Estover\",\"url\":\"https:\\\/\\\/estover.ee\\\/en\\\/\",\"logo\":{\"@type\":\"ImageObject\",\"inLanguage\":\"en-US\",\"@id\":\"https:\\\/\\\/estover.ee\\\/en\\\/#\\\/schema\\\/logo\\\/image\\\/\",\"url\":\"https:\\\/\\\/estover.ee\\\/wp-content\\\/uploads\\\/2022\\\/12\\\/estover_logo.png\",\"contentUrl\":\"https:\\\/\\\/estover.ee\\\/wp-content\\\/uploads\\\/2022\\\/12\\\/estover_logo.png\",\"width\":167,\"height\":125,\"caption\":\"Estover\"},\"image\":{\"@id\":\"https:\\\/\\\/estover.ee\\\/en\\\/#\\\/schema\\\/logo\\\/image\\\/\"},\"sameAs\":[\"https:\\\/\\\/www.facebook.com\\\/estoverpiimatoostus\",\"https:\\\/\\\/www.instagram.com\\\/estovereesti\\\/\"]}]}<\/script>\n<!-- \/ Yoast SEO plugin. -->","yoast_head_json":{"title":"Piimameister Otto mozzarella cheese 250g - Estover","robots":{"index":"index","follow":"follow","max-snippet":"max-snippet:-1","max-image-preview":"max-image-preview:large","max-video-preview":"max-video-preview:-1"},"canonical":"https:\/\/estover.ee\/en\/tooted\/mozzarella-cheese\/piimameister-otto-en\/piimameister-otto-mozzarella-250-g\/","og_locale":"en_US","og_type":"article","og_title":"Piimameister Otto mozzarella cheese 250g - Estover","og_description":"Piimameister Otto Mozzarella Cheese is entirely made of Estonian milk. Mozzarella is the classic Italian cheese with the fresh, mild flavour. Traditionally eaten with tomatoes and basil as a 'Caprese' salad but can also be eaten hot in toasties, paninis or pasta dishes! Mild in taste, slightly salty, with a characteristic pleasant aroma typical to\u00a0fresh cheese. Evenly soft and fibrous in consistency. Relatively elastic, restores its original shape after light crushing. With medium fat content and very good melting properties. Animal rennet has not been used in the production, it is suitable for vegetarians.  Ingredients PASTURIZED MILK, citric acid, salt, rennet, calcium chloride  Nutrient value per 100g Energy 946 kJ \/ 227 kcal, fats 15 g, including saturated fatty acids 8,0 g, carbohydrates 1,0 g, including sugars 0,5 g, proteins 22 g, salt 1,5 g  Brand Piimameister OTTO  Manufacturer O\u00dc Estover Piimat\u00f6\u00f6stus Kaarlij\u00e4rve Meierei  Product image","og_url":"https:\/\/estover.ee\/en\/tooted\/mozzarella-cheese\/piimameister-otto-en\/piimameister-otto-mozzarella-250-g\/","og_site_name":"Estover","article_publisher":"https:\/\/www.facebook.com\/estoverpiimatoostus","article_modified_time":"2024-02-13T14:57:10+00:00","og_image":[{"width":500,"height":500,"url":"https:\/\/estover.ee\/wp-content\/uploads\/2022\/12\/PMO-Mozzarella-250g.png","type":"image\/png"}],"twitter_card":"summary_large_image","schema":{"@context":"https:\/\/schema.org","@graph":[{"@type":"WebPage","@id":"https:\/\/estover.ee\/en\/tooted\/mozzarella-cheese\/piimameister-otto-en\/piimameister-otto-mozzarella-250-g\/","url":"https:\/\/estover.ee\/en\/tooted\/mozzarella-cheese\/piimameister-otto-en\/piimameister-otto-mozzarella-250-g\/","name":"Piimameister Otto mozzarella cheese 250g - Estover","isPartOf":{"@id":"https:\/\/estover.ee\/en\/#website"},"primaryImageOfPage":{"@id":"https:\/\/estover.ee\/en\/tooted\/mozzarella-cheese\/piimameister-otto-en\/piimameister-otto-mozzarella-250-g\/#primaryimage"},"image":{"@id":"https:\/\/estover.ee\/en\/tooted\/mozzarella-cheese\/piimameister-otto-en\/piimameister-otto-mozzarella-250-g\/#primaryimage"},"thumbnailUrl":"https:\/\/estover.ee\/wp-content\/uploads\/2022\/12\/PMO-Mozzarella-250g.png","datePublished":"2022-12-22T11:55:51+00:00","dateModified":"2024-02-13T14:57:10+00:00","breadcrumb":{"@id":"https:\/\/estover.ee\/en\/tooted\/mozzarella-cheese\/piimameister-otto-en\/piimameister-otto-mozzarella-250-g\/#breadcrumb"},"inLanguage":"en-US","potentialAction":[{"@type":"ReadAction","target":["https:\/\/estover.ee\/en\/tooted\/mozzarella-cheese\/piimameister-otto-en\/piimameister-otto-mozzarella-250-g\/"]}]},{"@type":"ImageObject","inLanguage":"en-US","@id":"https:\/\/estover.ee\/en\/tooted\/mozzarella-cheese\/piimameister-otto-en\/piimameister-otto-mozzarella-250-g\/#primaryimage","url":"https:\/\/estover.ee\/wp-content\/uploads\/2022\/12\/PMO-Mozzarella-250g.png","contentUrl":"https:\/\/estover.ee\/wp-content\/uploads\/2022\/12\/PMO-Mozzarella-250g.png","width":500,"height":500},{"@type":"BreadcrumbList","@id":"https:\/\/estover.ee\/en\/tooted\/mozzarella-cheese\/piimameister-otto-en\/piimameister-otto-mozzarella-250-g\/#breadcrumb","itemListElement":[{"@type":"ListItem","position":1,"name":"Home","item":"https:\/\/estover.ee\/en\/"},{"@type":"ListItem","position":2,"name":"Products","item":"https:\/\/estover.ee\/en\/products\/"},{"@type":"ListItem","position":3,"name":"Piimameister Otto mozzarella cheese 250g"}]},{"@type":"WebSite","@id":"https:\/\/estover.ee\/en\/#website","url":"https:\/\/estover.ee\/en\/","name":"Estover","description":"Piimat\u00f6\u00f6stus","publisher":{"@id":"https:\/\/estover.ee\/en\/#organization"},"potentialAction":[{"@type":"SearchAction","target":{"@type":"EntryPoint","urlTemplate":"https:\/\/estover.ee\/en\/?s={search_term_string}"},"query-input":{"@type":"PropertyValueSpecification","valueRequired":true,"valueName":"search_term_string"}}],"inLanguage":"en-US"},{"@type":"Organization","@id":"https:\/\/estover.ee\/en\/#organization","name":"Estover","url":"https:\/\/estover.ee\/en\/","logo":{"@type":"ImageObject","inLanguage":"en-US","@id":"https:\/\/estover.ee\/en\/#\/schema\/logo\/image\/","url":"https:\/\/estover.ee\/wp-content\/uploads\/2022\/12\/estover_logo.png","contentUrl":"https:\/\/estover.ee\/wp-content\/uploads\/2022\/12\/estover_logo.png","width":167,"height":125,"caption":"Estover"},"image":{"@id":"https:\/\/estover.ee\/en\/#\/schema\/logo\/image\/"},"sameAs":["https:\/\/www.facebook.com\/estoverpiimatoostus","https:\/\/www.instagram.com\/estovereesti\/"]}]}},"_links":{"self":[{"href":"https:\/\/estover.ee\/en\/wp-json\/wp\/v2\/product\/3777","targetHints":{"allow":["GET"]}}],"collection":[{"href":"https:\/\/estover.ee\/en\/wp-json\/wp\/v2\/product"}],"about":[{"href":"https:\/\/estover.ee\/en\/wp-json\/wp\/v2\/types\/product"}],"wp:featuredmedia":[{"embeddable":true,"href":"https:\/\/estover.ee\/en\/wp-json\/wp\/v2\/media\/4850"}],"wp:attachment":[{"href":"https:\/\/estover.ee\/en\/wp-json\/wp\/v2\/media?parent=3777"}],"wp:term":[{"taxonomy":"product_brand","embeddable":true,"href":"https:\/\/estover.ee\/en\/wp-json\/wp\/v2\/product_brand?post=3777"},{"taxonomy":"product_cat","embeddable":true,"href":"https:\/\/estover.ee\/en\/wp-json\/wp\/v2\/product_cat?post=3777"},{"taxonomy":"product_tag","embeddable":true,"href":"https:\/\/estover.ee\/en\/wp-json\/wp\/v2\/product_tag?post=3777"}],"curies":[{"name":"wp","href":"https:\/\/api.w.org\/{rel}","templated":true}]}}