{"id":3779,"date":"2022-12-22T11:55:51","date_gmt":"2022-12-22T11:55:51","guid":{"rendered":"https:\/\/estover.ee\/tooted\/uncategorized\/piimameister-otto-mozzarella-cherries-125-g\/"},"modified":"2024-02-13T14:57:18","modified_gmt":"2024-02-13T14:57:18","slug":"milk-master-otto-mozzarella-cherries-125-g","status":"publish","type":"product","link":"https:\/\/estover.ee\/en\/tooted\/mozzarella-cheese\/piimameister-otto-en\/milk-master-otto-mozzarella-cherries-125-g\/","title":{"rendered":"Piimameister Otto mozzarella cherries 125g"},"content":{"rendered":"","protected":false},"excerpt":{"rendered":"<p>Piimameister Otto&#8217;s mozzarella cherries are made from Italian cream cheese using the Pasta Filata method from Estonian cow&#8217;s milk. The taste is mild, slightly salty, with a characteristic pleasant smell characteristic of fresh cheese. Uniformly soft and fibrous in consistency. Relatively elastic, recovers its original shape after slight crushing. With medium fat content and very good melting properties. No animal rennet is used in the production, suitable for vegetarians.<\/p>\n<p><strong>Ingredients<\/strong><\/p>\n<p>PASTEURIZED MILK, acidity regulator citric acid, salt, rennet, calcium chloride<\/p>\n<p><strong>Nutrient value per 100g<\/strong><\/p>\n<p>Energy 946 kJ \/ 227 kcal, fats 15 g, including saturated fatty acids 8.0 g, carbohydrates 1.0 g, including sugars 0.5 g, proteins 22 g, salt 1.5 g<\/p>\n<p><strong>Brand<\/strong><br \/>\nPiimameister OTTO<br \/>\n<strong>Manufacturer<\/strong><br \/>\nO\u00dc Estover Piimat\u00f6\u00f6stus Kaarlij\u00e4rve Meierei<\/p>\n<p><a href=\"https:\/\/estover.ee\/wp-content\/uploads\/2022\/12\/501025-Mozzarella-Kirsid-125-g-800px.jpg\">Product image<\/a><\/p>\n","protected":false},"featured_media":4847,"template":"","meta":{"inline_featured_image":false},"product_brand":[],"product_cat":[119,181],"product_tag":[],"class_list":{"0":"post-3779","1":"product","2":"type-product","3":"status-publish","4":"has-post-thumbnail","6":"product_cat-mozzarella-cheese","7":"product_cat-piimameister-otto-en","9":"first","10":"instock","11":"product-type-simple"},"yoast_head":"<!-- This site is optimized with the Yoast SEO plugin v27.2 - https:\/\/yoast.com\/product\/yoast-seo-wordpress\/ -->\n<title>Piimameister Otto mozzarella cherries 125g - Estover<\/title>\n<meta name=\"robots\" content=\"index, follow, max-snippet:-1, max-image-preview:large, max-video-preview:-1\" \/>\n<link rel=\"canonical\" href=\"https:\/\/estover.ee\/en\/tooted\/mozzarella-cheese\/piimameister-otto-en\/milk-master-otto-mozzarella-cherries-125-g\/\" \/>\n<meta property=\"og:locale\" content=\"en_US\" \/>\n<meta property=\"og:type\" content=\"article\" \/>\n<meta property=\"og:title\" content=\"Piimameister Otto mozzarella cherries 125g - Estover\" \/>\n<meta property=\"og:description\" content=\"Piimameister Otto&#039;s mozzarella cherries are made from Italian cream cheese using the Pasta Filata method from Estonian cow&#039;s milk. The taste is mild, slightly salty, with a characteristic pleasant smell characteristic of fresh cheese. Uniformly soft and fibrous in consistency. Relatively elastic, recovers its original shape after slight crushing. With medium fat content and very good melting properties. No animal rennet is used in the production, suitable for vegetarians.  Ingredients  PASTEURIZED MILK, acidity regulator citric acid, salt, rennet, calcium chloride  Nutrient value per 100g  Energy 946 kJ \/ 227 kcal, fats 15 g, including saturated fatty acids 8.0 g, carbohydrates 1.0 g, including sugars 0.5 g, proteins 22 g, salt 1.5 g  Brand Piimameister OTTO Manufacturer O\u00dc Estover Piimat\u00f6\u00f6stus Kaarlij\u00e4rve Meierei  Product image\" \/>\n<meta property=\"og:url\" content=\"https:\/\/estover.ee\/en\/tooted\/mozzarella-cheese\/piimameister-otto-en\/milk-master-otto-mozzarella-cherries-125-g\/\" \/>\n<meta property=\"og:site_name\" content=\"Estover\" \/>\n<meta property=\"article:publisher\" content=\"https:\/\/www.facebook.com\/estoverpiimatoostus\" \/>\n<meta property=\"article:modified_time\" content=\"2024-02-13T14:57:18+00:00\" \/>\n<meta property=\"og:image\" content=\"https:\/\/estover.ee\/wp-content\/uploads\/2022\/12\/PMO-Mozzarella-kirsid-125g.png\" \/>\n\t<meta property=\"og:image:width\" content=\"500\" \/>\n\t<meta property=\"og:image:height\" content=\"500\" \/>\n\t<meta property=\"og:image:type\" content=\"image\/png\" \/>\n<meta name=\"twitter:card\" content=\"summary_large_image\" \/>\n<script type=\"application\/ld+json\" class=\"yoast-schema-graph\">{\"@context\":\"https:\/\/schema.org\",\"@graph\":[{\"@type\":\"WebPage\",\"@id\":\"https:\/\/estover.ee\/en\/tooted\/mozzarella-cheese\/piimameister-otto-en\/milk-master-otto-mozzarella-cherries-125-g\/\",\"url\":\"https:\/\/estover.ee\/en\/tooted\/mozzarella-cheese\/piimameister-otto-en\/milk-master-otto-mozzarella-cherries-125-g\/\",\"name\":\"Piimameister Otto mozzarella cherries 125g - Estover\",\"isPartOf\":{\"@id\":\"https:\/\/estover.ee\/en\/#website\"},\"primaryImageOfPage\":{\"@id\":\"https:\/\/estover.ee\/en\/tooted\/mozzarella-cheese\/piimameister-otto-en\/milk-master-otto-mozzarella-cherries-125-g\/#primaryimage\"},\"image\":{\"@id\":\"https:\/\/estover.ee\/en\/tooted\/mozzarella-cheese\/piimameister-otto-en\/milk-master-otto-mozzarella-cherries-125-g\/#primaryimage\"},\"thumbnailUrl\":\"https:\/\/estover.ee\/wp-content\/uploads\/2022\/12\/PMO-Mozzarella-kirsid-125g.png\",\"datePublished\":\"2022-12-22T11:55:51+00:00\",\"dateModified\":\"2024-02-13T14:57:18+00:00\",\"breadcrumb\":{\"@id\":\"https:\/\/estover.ee\/en\/tooted\/mozzarella-cheese\/piimameister-otto-en\/milk-master-otto-mozzarella-cherries-125-g\/#breadcrumb\"},\"inLanguage\":\"en-US\",\"potentialAction\":[{\"@type\":\"ReadAction\",\"target\":[\"https:\/\/estover.ee\/en\/tooted\/mozzarella-cheese\/piimameister-otto-en\/milk-master-otto-mozzarella-cherries-125-g\/\"]}]},{\"@type\":\"ImageObject\",\"inLanguage\":\"en-US\",\"@id\":\"https:\/\/estover.ee\/en\/tooted\/mozzarella-cheese\/piimameister-otto-en\/milk-master-otto-mozzarella-cherries-125-g\/#primaryimage\",\"url\":\"https:\/\/estover.ee\/wp-content\/uploads\/2022\/12\/PMO-Mozzarella-kirsid-125g.png\",\"contentUrl\":\"https:\/\/estover.ee\/wp-content\/uploads\/2022\/12\/PMO-Mozzarella-kirsid-125g.png\",\"width\":500,\"height\":500},{\"@type\":\"BreadcrumbList\",\"@id\":\"https:\/\/estover.ee\/en\/tooted\/mozzarella-cheese\/piimameister-otto-en\/milk-master-otto-mozzarella-cherries-125-g\/#breadcrumb\",\"itemListElement\":[{\"@type\":\"ListItem\",\"position\":1,\"name\":\"Home\",\"item\":\"https:\/\/estover.ee\/en\/\"},{\"@type\":\"ListItem\",\"position\":2,\"name\":\"Products\",\"item\":\"https:\/\/estover.ee\/en\/products\/\"},{\"@type\":\"ListItem\",\"position\":3,\"name\":\"Piimameister Otto mozzarella cherries 125g\"}]},{\"@type\":\"WebSite\",\"@id\":\"https:\/\/estover.ee\/en\/#website\",\"url\":\"https:\/\/estover.ee\/en\/\",\"name\":\"Estover\",\"description\":\"Piimat\u00f6\u00f6stus\",\"publisher\":{\"@id\":\"https:\/\/estover.ee\/en\/#organization\"},\"potentialAction\":[{\"@type\":\"SearchAction\",\"target\":{\"@type\":\"EntryPoint\",\"urlTemplate\":\"https:\/\/estover.ee\/en\/?s={search_term_string}\"},\"query-input\":{\"@type\":\"PropertyValueSpecification\",\"valueRequired\":true,\"valueName\":\"search_term_string\"}}],\"inLanguage\":\"en-US\"},{\"@type\":\"Organization\",\"@id\":\"https:\/\/estover.ee\/en\/#organization\",\"name\":\"Estover\",\"url\":\"https:\/\/estover.ee\/en\/\",\"logo\":{\"@type\":\"ImageObject\",\"inLanguage\":\"en-US\",\"@id\":\"https:\/\/estover.ee\/en\/#\/schema\/logo\/image\/\",\"url\":\"https:\/\/estover.ee\/wp-content\/uploads\/2022\/12\/estover_logo.png\",\"contentUrl\":\"https:\/\/estover.ee\/wp-content\/uploads\/2022\/12\/estover_logo.png\",\"width\":167,\"height\":125,\"caption\":\"Estover\"},\"image\":{\"@id\":\"https:\/\/estover.ee\/en\/#\/schema\/logo\/image\/\"},\"sameAs\":[\"https:\/\/www.facebook.com\/estoverpiimatoostus\",\"https:\/\/www.instagram.com\/estovereesti\/\"]}]}<\/script>\n<!-- \/ Yoast SEO plugin. -->","yoast_head_json":{"title":"Piimameister Otto mozzarella cherries 125g - Estover","robots":{"index":"index","follow":"follow","max-snippet":"max-snippet:-1","max-image-preview":"max-image-preview:large","max-video-preview":"max-video-preview:-1"},"canonical":"https:\/\/estover.ee\/en\/tooted\/mozzarella-cheese\/piimameister-otto-en\/milk-master-otto-mozzarella-cherries-125-g\/","og_locale":"en_US","og_type":"article","og_title":"Piimameister Otto mozzarella cherries 125g - Estover","og_description":"Piimameister Otto's mozzarella cherries are made from Italian cream cheese using the Pasta Filata method from Estonian cow's milk. The taste is mild, slightly salty, with a characteristic pleasant smell characteristic of fresh cheese. Uniformly soft and fibrous in consistency. Relatively elastic, recovers its original shape after slight crushing. With medium fat content and very good melting properties. No animal rennet is used in the production, suitable for vegetarians.  Ingredients  PASTEURIZED MILK, acidity regulator citric acid, salt, rennet, calcium chloride  Nutrient value per 100g  Energy 946 kJ \/ 227 kcal, fats 15 g, including saturated fatty acids 8.0 g, carbohydrates 1.0 g, including sugars 0.5 g, proteins 22 g, salt 1.5 g  Brand Piimameister OTTO Manufacturer O\u00dc Estover Piimat\u00f6\u00f6stus Kaarlij\u00e4rve Meierei  Product image","og_url":"https:\/\/estover.ee\/en\/tooted\/mozzarella-cheese\/piimameister-otto-en\/milk-master-otto-mozzarella-cherries-125-g\/","og_site_name":"Estover","article_publisher":"https:\/\/www.facebook.com\/estoverpiimatoostus","article_modified_time":"2024-02-13T14:57:18+00:00","og_image":[{"width":500,"height":500,"url":"https:\/\/estover.ee\/wp-content\/uploads\/2022\/12\/PMO-Mozzarella-kirsid-125g.png","type":"image\/png"}],"twitter_card":"summary_large_image","schema":{"@context":"https:\/\/schema.org","@graph":[{"@type":"WebPage","@id":"https:\/\/estover.ee\/en\/tooted\/mozzarella-cheese\/piimameister-otto-en\/milk-master-otto-mozzarella-cherries-125-g\/","url":"https:\/\/estover.ee\/en\/tooted\/mozzarella-cheese\/piimameister-otto-en\/milk-master-otto-mozzarella-cherries-125-g\/","name":"Piimameister Otto mozzarella cherries 125g - Estover","isPartOf":{"@id":"https:\/\/estover.ee\/en\/#website"},"primaryImageOfPage":{"@id":"https:\/\/estover.ee\/en\/tooted\/mozzarella-cheese\/piimameister-otto-en\/milk-master-otto-mozzarella-cherries-125-g\/#primaryimage"},"image":{"@id":"https:\/\/estover.ee\/en\/tooted\/mozzarella-cheese\/piimameister-otto-en\/milk-master-otto-mozzarella-cherries-125-g\/#primaryimage"},"thumbnailUrl":"https:\/\/estover.ee\/wp-content\/uploads\/2022\/12\/PMO-Mozzarella-kirsid-125g.png","datePublished":"2022-12-22T11:55:51+00:00","dateModified":"2024-02-13T14:57:18+00:00","breadcrumb":{"@id":"https:\/\/estover.ee\/en\/tooted\/mozzarella-cheese\/piimameister-otto-en\/milk-master-otto-mozzarella-cherries-125-g\/#breadcrumb"},"inLanguage":"en-US","potentialAction":[{"@type":"ReadAction","target":["https:\/\/estover.ee\/en\/tooted\/mozzarella-cheese\/piimameister-otto-en\/milk-master-otto-mozzarella-cherries-125-g\/"]}]},{"@type":"ImageObject","inLanguage":"en-US","@id":"https:\/\/estover.ee\/en\/tooted\/mozzarella-cheese\/piimameister-otto-en\/milk-master-otto-mozzarella-cherries-125-g\/#primaryimage","url":"https:\/\/estover.ee\/wp-content\/uploads\/2022\/12\/PMO-Mozzarella-kirsid-125g.png","contentUrl":"https:\/\/estover.ee\/wp-content\/uploads\/2022\/12\/PMO-Mozzarella-kirsid-125g.png","width":500,"height":500},{"@type":"BreadcrumbList","@id":"https:\/\/estover.ee\/en\/tooted\/mozzarella-cheese\/piimameister-otto-en\/milk-master-otto-mozzarella-cherries-125-g\/#breadcrumb","itemListElement":[{"@type":"ListItem","position":1,"name":"Home","item":"https:\/\/estover.ee\/en\/"},{"@type":"ListItem","position":2,"name":"Products","item":"https:\/\/estover.ee\/en\/products\/"},{"@type":"ListItem","position":3,"name":"Piimameister Otto mozzarella cherries 125g"}]},{"@type":"WebSite","@id":"https:\/\/estover.ee\/en\/#website","url":"https:\/\/estover.ee\/en\/","name":"Estover","description":"Piimat\u00f6\u00f6stus","publisher":{"@id":"https:\/\/estover.ee\/en\/#organization"},"potentialAction":[{"@type":"SearchAction","target":{"@type":"EntryPoint","urlTemplate":"https:\/\/estover.ee\/en\/?s={search_term_string}"},"query-input":{"@type":"PropertyValueSpecification","valueRequired":true,"valueName":"search_term_string"}}],"inLanguage":"en-US"},{"@type":"Organization","@id":"https:\/\/estover.ee\/en\/#organization","name":"Estover","url":"https:\/\/estover.ee\/en\/","logo":{"@type":"ImageObject","inLanguage":"en-US","@id":"https:\/\/estover.ee\/en\/#\/schema\/logo\/image\/","url":"https:\/\/estover.ee\/wp-content\/uploads\/2022\/12\/estover_logo.png","contentUrl":"https:\/\/estover.ee\/wp-content\/uploads\/2022\/12\/estover_logo.png","width":167,"height":125,"caption":"Estover"},"image":{"@id":"https:\/\/estover.ee\/en\/#\/schema\/logo\/image\/"},"sameAs":["https:\/\/www.facebook.com\/estoverpiimatoostus","https:\/\/www.instagram.com\/estovereesti\/"]}]}},"_links":{"self":[{"href":"https:\/\/estover.ee\/en\/wp-json\/wp\/v2\/product\/3779","targetHints":{"allow":["GET"]}}],"collection":[{"href":"https:\/\/estover.ee\/en\/wp-json\/wp\/v2\/product"}],"about":[{"href":"https:\/\/estover.ee\/en\/wp-json\/wp\/v2\/types\/product"}],"wp:featuredmedia":[{"embeddable":true,"href":"https:\/\/estover.ee\/en\/wp-json\/wp\/v2\/media\/4847"}],"wp:attachment":[{"href":"https:\/\/estover.ee\/en\/wp-json\/wp\/v2\/media?parent=3779"}],"wp:term":[{"taxonomy":"product_brand","embeddable":true,"href":"https:\/\/estover.ee\/en\/wp-json\/wp\/v2\/product_brand?post=3779"},{"taxonomy":"product_cat","embeddable":true,"href":"https:\/\/estover.ee\/en\/wp-json\/wp\/v2\/product_cat?post=3779"},{"taxonomy":"product_tag","embeddable":true,"href":"https:\/\/estover.ee\/en\/wp-json\/wp\/v2\/product_tag?post=3779"}],"curies":[{"name":"wp","href":"https:\/\/api.w.org\/{rel}","templated":true}]}}