{"id":3791,"date":"2022-12-22T11:55:51","date_gmt":"2022-12-22T11:55:51","guid":{"rendered":"https:\/\/estover.ee\/tooted\/uncategorized\/royal-blue-blue-cheese\/"},"modified":"2024-02-13T14:55:23","modified_gmt":"2024-02-13T14:55:23","slug":"royal-blue-blue-cheese","status":"publish","type":"product","link":"https:\/\/estover.ee\/en\/tooted\/blue-cheese\/royal-blue\/royal-blue-blue-cheese\/","title":{"rendered":"Royal Blue cheese 100g"},"content":{"rendered":"","protected":false},"excerpt":{"rendered":"<p>Blue cheese Royal Blue is made from pasteurized cow&#8217;s milk. A distinctive feature of these cheeses is the presence of specks of green-blue mold in a soft cheese mass, which gives the cheese a delicious taste. Royal Blue is a real pleasure for blue cheese lovers.<\/p>\n<p><strong>Manufacturer<\/strong><br \/>\nLAZUR &#8211; SP\u00d3\u0141DZIELCZY ZWI\u0104ZEK GRUP PRODUCENT\u00d3W ROLNYCH<\/p>\n<p><strong>Ingredients<\/strong><br \/>\npasteurized MILK, salt, starch: calcium chloride, microbiological rennet substitute, lactic acid bacteria, Penicillium Roqueforti.<\/p>\n<p><strong>Nutrient value per 100g<\/strong><br \/>\nEnergy 1518 kJ\/366kcal; fat 31 g, of which saturated fatty acids 21 g; carbohydrates 1,8 g, of which sugar &lt;0,1 g; protein 20 g; salt 2,5 g<\/p>\n<p><a href=\"https:\/\/estover.ee\/wp-content\/uploads\/2022\/12\/Estover_Royal_Blue_mockup.png\">Product image<\/a><\/p>\n","protected":false},"featured_media":4102,"template":"","meta":{"inline_featured_image":false},"product_brand":[],"product_cat":[109,168],"product_tag":[],"class_list":{"0":"post-3791","1":"product","2":"type-product","3":"status-publish","4":"has-post-thumbnail","6":"product_cat-blue-cheese","7":"product_cat-royal-blue","9":"first","10":"instock","11":"product-type-simple"},"yoast_head":"<!-- This site is optimized with the Yoast SEO plugin v27.2 - https:\/\/yoast.com\/product\/yoast-seo-wordpress\/ -->\n<title>Royal Blue cheese 100g - Estover<\/title>\n<meta name=\"robots\" content=\"index, follow, max-snippet:-1, max-image-preview:large, max-video-preview:-1\" \/>\n<link rel=\"canonical\" href=\"https:\/\/estover.ee\/en\/tooted\/blue-cheese\/royal-blue\/royal-blue-blue-cheese\/\" \/>\n<meta property=\"og:locale\" content=\"en_US\" \/>\n<meta property=\"og:type\" content=\"article\" \/>\n<meta property=\"og:title\" content=\"Royal Blue cheese 100g - Estover\" \/>\n<meta property=\"og:description\" content=\"Blue cheese Royal Blue is made from pasteurized cow&#039;s milk. A distinctive feature of these cheeses is the presence of specks of green-blue mold in a soft cheese mass, which gives the cheese a delicious taste. Royal Blue is a real pleasure for blue cheese lovers.  Manufacturer LAZUR - SP\u00d3\u0141DZIELCZY ZWI\u0104ZEK GRUP PRODUCENT\u00d3W ROLNYCH  Ingredients pasteurized MILK, salt, starch: calcium chloride, microbiological rennet substitute, lactic acid bacteria, Penicillium Roqueforti.  Nutrient value per 100g Energy 1518 kJ\/366kcal; fat 31 g, of which saturated fatty acids 21 g; carbohydrates 1,8 g, of which sugar &lt;0,1 g; protein 20 g; salt 2,5 g  Product image\" \/>\n<meta property=\"og:url\" content=\"https:\/\/estover.ee\/en\/tooted\/blue-cheese\/royal-blue\/royal-blue-blue-cheese\/\" \/>\n<meta property=\"og:site_name\" content=\"Estover\" \/>\n<meta property=\"article:publisher\" content=\"https:\/\/www.facebook.com\/estoverpiimatoostus\" \/>\n<meta property=\"article:modified_time\" content=\"2024-02-13T14:55:23+00:00\" \/>\n<meta property=\"og:image\" content=\"https:\/\/estover.ee\/wp-content\/uploads\/2022\/12\/Estover_Royal_Blue_mockup.png\" \/>\n\t<meta property=\"og:image:width\" content=\"1500\" \/>\n\t<meta property=\"og:image:height\" content=\"1500\" \/>\n\t<meta property=\"og:image:type\" content=\"image\/png\" \/>\n<meta name=\"twitter:card\" content=\"summary_large_image\" \/>\n<script type=\"application\/ld+json\" class=\"yoast-schema-graph\">{\"@context\":\"https:\/\/schema.org\",\"@graph\":[{\"@type\":\"WebPage\",\"@id\":\"https:\/\/estover.ee\/en\/tooted\/blue-cheese\/royal-blue\/royal-blue-blue-cheese\/\",\"url\":\"https:\/\/estover.ee\/en\/tooted\/blue-cheese\/royal-blue\/royal-blue-blue-cheese\/\",\"name\":\"Royal Blue cheese 100g - Estover\",\"isPartOf\":{\"@id\":\"https:\/\/estover.ee\/en\/#website\"},\"primaryImageOfPage\":{\"@id\":\"https:\/\/estover.ee\/en\/tooted\/blue-cheese\/royal-blue\/royal-blue-blue-cheese\/#primaryimage\"},\"image\":{\"@id\":\"https:\/\/estover.ee\/en\/tooted\/blue-cheese\/royal-blue\/royal-blue-blue-cheese\/#primaryimage\"},\"thumbnailUrl\":\"https:\/\/estover.ee\/wp-content\/uploads\/2022\/12\/Estover_Royal_Blue_mockup.png\",\"datePublished\":\"2022-12-22T11:55:51+00:00\",\"dateModified\":\"2024-02-13T14:55:23+00:00\",\"breadcrumb\":{\"@id\":\"https:\/\/estover.ee\/en\/tooted\/blue-cheese\/royal-blue\/royal-blue-blue-cheese\/#breadcrumb\"},\"inLanguage\":\"en-US\",\"potentialAction\":[{\"@type\":\"ReadAction\",\"target\":[\"https:\/\/estover.ee\/en\/tooted\/blue-cheese\/royal-blue\/royal-blue-blue-cheese\/\"]}]},{\"@type\":\"ImageObject\",\"inLanguage\":\"en-US\",\"@id\":\"https:\/\/estover.ee\/en\/tooted\/blue-cheese\/royal-blue\/royal-blue-blue-cheese\/#primaryimage\",\"url\":\"https:\/\/estover.ee\/wp-content\/uploads\/2022\/12\/Estover_Royal_Blue_mockup.png\",\"contentUrl\":\"https:\/\/estover.ee\/wp-content\/uploads\/2022\/12\/Estover_Royal_Blue_mockup.png\",\"width\":1500,\"height\":1500},{\"@type\":\"BreadcrumbList\",\"@id\":\"https:\/\/estover.ee\/en\/tooted\/blue-cheese\/royal-blue\/royal-blue-blue-cheese\/#breadcrumb\",\"itemListElement\":[{\"@type\":\"ListItem\",\"position\":1,\"name\":\"Home\",\"item\":\"https:\/\/estover.ee\/en\/\"},{\"@type\":\"ListItem\",\"position\":2,\"name\":\"Products\",\"item\":\"https:\/\/estover.ee\/en\/products\/\"},{\"@type\":\"ListItem\",\"position\":3,\"name\":\"Royal Blue cheese 100g\"}]},{\"@type\":\"WebSite\",\"@id\":\"https:\/\/estover.ee\/en\/#website\",\"url\":\"https:\/\/estover.ee\/en\/\",\"name\":\"Estover\",\"description\":\"Piimat\u00f6\u00f6stus\",\"publisher\":{\"@id\":\"https:\/\/estover.ee\/en\/#organization\"},\"potentialAction\":[{\"@type\":\"SearchAction\",\"target\":{\"@type\":\"EntryPoint\",\"urlTemplate\":\"https:\/\/estover.ee\/en\/?s={search_term_string}\"},\"query-input\":{\"@type\":\"PropertyValueSpecification\",\"valueRequired\":true,\"valueName\":\"search_term_string\"}}],\"inLanguage\":\"en-US\"},{\"@type\":\"Organization\",\"@id\":\"https:\/\/estover.ee\/en\/#organization\",\"name\":\"Estover\",\"url\":\"https:\/\/estover.ee\/en\/\",\"logo\":{\"@type\":\"ImageObject\",\"inLanguage\":\"en-US\",\"@id\":\"https:\/\/estover.ee\/en\/#\/schema\/logo\/image\/\",\"url\":\"https:\/\/estover.ee\/wp-content\/uploads\/2022\/12\/estover_logo.png\",\"contentUrl\":\"https:\/\/estover.ee\/wp-content\/uploads\/2022\/12\/estover_logo.png\",\"width\":167,\"height\":125,\"caption\":\"Estover\"},\"image\":{\"@id\":\"https:\/\/estover.ee\/en\/#\/schema\/logo\/image\/\"},\"sameAs\":[\"https:\/\/www.facebook.com\/estoverpiimatoostus\",\"https:\/\/www.instagram.com\/estovereesti\/\"]}]}<\/script>\n<!-- \/ Yoast SEO plugin. -->","yoast_head_json":{"title":"Royal Blue cheese 100g - Estover","robots":{"index":"index","follow":"follow","max-snippet":"max-snippet:-1","max-image-preview":"max-image-preview:large","max-video-preview":"max-video-preview:-1"},"canonical":"https:\/\/estover.ee\/en\/tooted\/blue-cheese\/royal-blue\/royal-blue-blue-cheese\/","og_locale":"en_US","og_type":"article","og_title":"Royal Blue cheese 100g - Estover","og_description":"Blue cheese Royal Blue is made from pasteurized cow's milk. A distinctive feature of these cheeses is the presence of specks of green-blue mold in a soft cheese mass, which gives the cheese a delicious taste. Royal Blue is a real pleasure for blue cheese lovers.  Manufacturer LAZUR - SP\u00d3\u0141DZIELCZY ZWI\u0104ZEK GRUP PRODUCENT\u00d3W ROLNYCH  Ingredients pasteurized MILK, salt, starch: calcium chloride, microbiological rennet substitute, lactic acid bacteria, Penicillium Roqueforti.  Nutrient value per 100g Energy 1518 kJ\/366kcal; fat 31 g, of which saturated fatty acids 21 g; carbohydrates 1,8 g, of which sugar &lt;0,1 g; protein 20 g; salt 2,5 g  Product image","og_url":"https:\/\/estover.ee\/en\/tooted\/blue-cheese\/royal-blue\/royal-blue-blue-cheese\/","og_site_name":"Estover","article_publisher":"https:\/\/www.facebook.com\/estoverpiimatoostus","article_modified_time":"2024-02-13T14:55:23+00:00","og_image":[{"width":1500,"height":1500,"url":"https:\/\/estover.ee\/wp-content\/uploads\/2022\/12\/Estover_Royal_Blue_mockup.png","type":"image\/png"}],"twitter_card":"summary_large_image","schema":{"@context":"https:\/\/schema.org","@graph":[{"@type":"WebPage","@id":"https:\/\/estover.ee\/en\/tooted\/blue-cheese\/royal-blue\/royal-blue-blue-cheese\/","url":"https:\/\/estover.ee\/en\/tooted\/blue-cheese\/royal-blue\/royal-blue-blue-cheese\/","name":"Royal Blue cheese 100g - Estover","isPartOf":{"@id":"https:\/\/estover.ee\/en\/#website"},"primaryImageOfPage":{"@id":"https:\/\/estover.ee\/en\/tooted\/blue-cheese\/royal-blue\/royal-blue-blue-cheese\/#primaryimage"},"image":{"@id":"https:\/\/estover.ee\/en\/tooted\/blue-cheese\/royal-blue\/royal-blue-blue-cheese\/#primaryimage"},"thumbnailUrl":"https:\/\/estover.ee\/wp-content\/uploads\/2022\/12\/Estover_Royal_Blue_mockup.png","datePublished":"2022-12-22T11:55:51+00:00","dateModified":"2024-02-13T14:55:23+00:00","breadcrumb":{"@id":"https:\/\/estover.ee\/en\/tooted\/blue-cheese\/royal-blue\/royal-blue-blue-cheese\/#breadcrumb"},"inLanguage":"en-US","potentialAction":[{"@type":"ReadAction","target":["https:\/\/estover.ee\/en\/tooted\/blue-cheese\/royal-blue\/royal-blue-blue-cheese\/"]}]},{"@type":"ImageObject","inLanguage":"en-US","@id":"https:\/\/estover.ee\/en\/tooted\/blue-cheese\/royal-blue\/royal-blue-blue-cheese\/#primaryimage","url":"https:\/\/estover.ee\/wp-content\/uploads\/2022\/12\/Estover_Royal_Blue_mockup.png","contentUrl":"https:\/\/estover.ee\/wp-content\/uploads\/2022\/12\/Estover_Royal_Blue_mockup.png","width":1500,"height":1500},{"@type":"BreadcrumbList","@id":"https:\/\/estover.ee\/en\/tooted\/blue-cheese\/royal-blue\/royal-blue-blue-cheese\/#breadcrumb","itemListElement":[{"@type":"ListItem","position":1,"name":"Home","item":"https:\/\/estover.ee\/en\/"},{"@type":"ListItem","position":2,"name":"Products","item":"https:\/\/estover.ee\/en\/products\/"},{"@type":"ListItem","position":3,"name":"Royal Blue cheese 100g"}]},{"@type":"WebSite","@id":"https:\/\/estover.ee\/en\/#website","url":"https:\/\/estover.ee\/en\/","name":"Estover","description":"Piimat\u00f6\u00f6stus","publisher":{"@id":"https:\/\/estover.ee\/en\/#organization"},"potentialAction":[{"@type":"SearchAction","target":{"@type":"EntryPoint","urlTemplate":"https:\/\/estover.ee\/en\/?s={search_term_string}"},"query-input":{"@type":"PropertyValueSpecification","valueRequired":true,"valueName":"search_term_string"}}],"inLanguage":"en-US"},{"@type":"Organization","@id":"https:\/\/estover.ee\/en\/#organization","name":"Estover","url":"https:\/\/estover.ee\/en\/","logo":{"@type":"ImageObject","inLanguage":"en-US","@id":"https:\/\/estover.ee\/en\/#\/schema\/logo\/image\/","url":"https:\/\/estover.ee\/wp-content\/uploads\/2022\/12\/estover_logo.png","contentUrl":"https:\/\/estover.ee\/wp-content\/uploads\/2022\/12\/estover_logo.png","width":167,"height":125,"caption":"Estover"},"image":{"@id":"https:\/\/estover.ee\/en\/#\/schema\/logo\/image\/"},"sameAs":["https:\/\/www.facebook.com\/estoverpiimatoostus","https:\/\/www.instagram.com\/estovereesti\/"]}]}},"_links":{"self":[{"href":"https:\/\/estover.ee\/en\/wp-json\/wp\/v2\/product\/3791","targetHints":{"allow":["GET"]}}],"collection":[{"href":"https:\/\/estover.ee\/en\/wp-json\/wp\/v2\/product"}],"about":[{"href":"https:\/\/estover.ee\/en\/wp-json\/wp\/v2\/types\/product"}],"wp:featuredmedia":[{"embeddable":true,"href":"https:\/\/estover.ee\/en\/wp-json\/wp\/v2\/media\/4102"}],"wp:attachment":[{"href":"https:\/\/estover.ee\/en\/wp-json\/wp\/v2\/media?parent=3791"}],"wp:term":[{"taxonomy":"product_brand","embeddable":true,"href":"https:\/\/estover.ee\/en\/wp-json\/wp\/v2\/product_brand?post=3791"},{"taxonomy":"product_cat","embeddable":true,"href":"https:\/\/estover.ee\/en\/wp-json\/wp\/v2\/product_cat?post=3791"},{"taxonomy":"product_tag","embeddable":true,"href":"https:\/\/estover.ee\/en\/wp-json\/wp\/v2\/product_tag?post=3791"}],"curies":[{"name":"wp","href":"https:\/\/api.w.org\/{rel}","templated":true}]}}