{"id":3804,"date":"2022-12-22T11:55:52","date_gmt":"2022-12-22T11:55:52","guid":{"rendered":"https:\/\/estover.ee\/tooted\/uncategorized\/school-day-yogurt-drink-strawberry-800g\/"},"modified":"2023-09-12T13:34:39","modified_gmt":"2023-09-12T13:34:39","slug":"school-day-yogurt-drink-strawberry-800g","status":"publish","type":"product","link":"https:\/\/estover.ee\/en\/tooted\/drinking-yoghurt\/school-day-yogurt-drink-strawberry-800g\/","title":{"rendered":"School Day Yogurt Drink Strawberry 800g"},"content":{"rendered":"<p>Pleasantly Strawberry School Day yogurt drink 800g.<br \/>\nKoolip\u00e4\u00e4 Maasika yogurt drink has that genuine sweet strawberry taste, which tastes like fresh berries picked from grandma&#8217;s garden with her own hands. The taste is natural and refreshing, the texture is creamy, liquid in consistency and easy to drink. The yogurt drink has a low sugar content (7.9 g\/100g), high calcium and protein content, including plenty of easily absorbed whey proteins that are beneficial to the body.<br \/>\nYoghurt drinks are made from domestic ingredients and milk produced in Estonia.<\/p>\n","protected":false},"excerpt":{"rendered":"<p>Koolip\u00e4\u00e4 Maasika yogurt drink has that genuine sweet strawberry taste, which tastes like fresh berries picked from grandma&#8217;s garden with her own hands. The taste is natural and refreshing, the texture is creamy, liquid in consistency and easy to drink. <\/p>\n<p>Yoghurt drinks are made from domestic ingredients and milk produced in Estonia. We do not use artificial preservatives and dyes in our products.<\/p>\n<p><strong>Ingredients<\/strong><\/p>\n<p>WHEY, sugar, strawberries (5%), MILK, thickener: modified corn starch, flavoring agent, food coloring: beet red, acidity regulators: sodium citrate, citric acid, leavening agent.<\/p>\n<p><strong>Nutrient value per 100g<\/strong><\/p>\n<p>Energy 280kJ\/ 67kcal, fats 2.1g, of which saturated fatty acids 1.4g, carbohydrates 8.2g, of which sugars 7.9g, proteins 3.8g, salt 0.1g<\/p>\n<p><strong>Brand<\/strong><br \/>\nEstover<br \/>\n<strong>Manufacturer<\/strong><br \/>\nEstover Piimat\u00f6\u00f6stus O\u00dc<\/p>\n<p><a href=\"https:\/\/estover.ee\/wp-content\/uploads\/2022\/12\/Koolipaeva-jogurtijook-maasika-800g-EAN-4740572006081-loodusopetus.jpg\">Product image<\/a><\/p>\n","protected":false},"featured_media":4303,"template":"","meta":{"inline_featured_image":false},"product_brand":[],"product_cat":[112],"product_tag":[],"class_list":{"0":"post-3804","1":"product","2":"type-product","3":"status-publish","4":"has-post-thumbnail","6":"product_cat-drinking-yoghurt","8":"first","9":"instock","10":"product-type-simple"},"yoast_head":"<!-- This site is optimized with the Yoast SEO plugin v27.2 - https:\/\/yoast.com\/product\/yoast-seo-wordpress\/ -->\n<title>School Day Yogurt Drink Strawberry 800g - Estover<\/title>\n<meta name=\"robots\" content=\"index, follow, max-snippet:-1, max-image-preview:large, max-video-preview:-1\" \/>\n<link rel=\"canonical\" href=\"https:\/\/estover.ee\/en\/tooted\/drinking-yoghurt\/school-day-yogurt-drink-strawberry-800g\/\" \/>\n<meta property=\"og:locale\" content=\"en_US\" \/>\n<meta property=\"og:type\" content=\"article\" \/>\n<meta property=\"og:title\" content=\"School Day Yogurt Drink Strawberry 800g - Estover\" \/>\n<meta property=\"og:description\" content=\"Koolip\u00e4\u00e4 Maasika yogurt drink has that genuine sweet strawberry taste, which tastes like fresh berries picked from grandma&#039;s garden with her own hands. The taste is natural and refreshing, the texture is creamy, liquid in consistency and easy to drink.  Yoghurt drinks are made from domestic ingredients and milk produced in Estonia. We do not use artificial preservatives and dyes in our products. Ingredients WHEY, sugar, strawberries (5%), MILK, thickener: modified corn starch, flavoring agent, food coloring: beet red, acidity regulators: sodium citrate, citric acid, leavening agent. Nutrient value per 100g Energy 280kJ\/ 67kcal, fats 2.1g, of which saturated fatty acids 1.4g, carbohydrates 8.2g, of which sugars 7.9g, proteins 3.8g, salt 0.1g Brand Estover Manufacturer Estover Piimat\u00f6\u00f6stus O\u00dc Product image\" \/>\n<meta property=\"og:url\" content=\"https:\/\/estover.ee\/en\/tooted\/drinking-yoghurt\/school-day-yogurt-drink-strawberry-800g\/\" \/>\n<meta property=\"og:site_name\" content=\"Estover\" \/>\n<meta property=\"article:publisher\" content=\"https:\/\/www.facebook.com\/estoverpiimatoostus\" \/>\n<meta property=\"article:modified_time\" content=\"2023-09-12T13:34:39+00:00\" \/>\n<meta property=\"og:image\" content=\"https:\/\/estover.ee\/wp-content\/uploads\/2022\/12\/Koolipaeva-jogurtijook-maasika-800g-EAN-4740572006081-loodusopetus.jpg\" \/>\n\t<meta property=\"og:image:width\" content=\"1700\" \/>\n\t<meta property=\"og:image:height\" content=\"2200\" \/>\n\t<meta property=\"og:image:type\" content=\"image\/jpeg\" \/>\n<meta name=\"twitter:card\" content=\"summary_large_image\" \/>\n<script type=\"application\/ld+json\" class=\"yoast-schema-graph\">{\"@context\":\"https:\/\/schema.org\",\"@graph\":[{\"@type\":\"WebPage\",\"@id\":\"https:\/\/estover.ee\/en\/tooted\/drinking-yoghurt\/school-day-yogurt-drink-strawberry-800g\/\",\"url\":\"https:\/\/estover.ee\/en\/tooted\/drinking-yoghurt\/school-day-yogurt-drink-strawberry-800g\/\",\"name\":\"School Day Yogurt Drink Strawberry 800g - Estover\",\"isPartOf\":{\"@id\":\"https:\/\/estover.ee\/en\/#website\"},\"primaryImageOfPage\":{\"@id\":\"https:\/\/estover.ee\/en\/tooted\/drinking-yoghurt\/school-day-yogurt-drink-strawberry-800g\/#primaryimage\"},\"image\":{\"@id\":\"https:\/\/estover.ee\/en\/tooted\/drinking-yoghurt\/school-day-yogurt-drink-strawberry-800g\/#primaryimage\"},\"thumbnailUrl\":\"https:\/\/estover.ee\/wp-content\/uploads\/2022\/12\/Koolipaeva-jogurtijook-maasika-800g-EAN-4740572006081-loodusopetus.jpg\",\"datePublished\":\"2022-12-22T11:55:52+00:00\",\"dateModified\":\"2023-09-12T13:34:39+00:00\",\"breadcrumb\":{\"@id\":\"https:\/\/estover.ee\/en\/tooted\/drinking-yoghurt\/school-day-yogurt-drink-strawberry-800g\/#breadcrumb\"},\"inLanguage\":\"en-US\",\"potentialAction\":[{\"@type\":\"ReadAction\",\"target\":[\"https:\/\/estover.ee\/en\/tooted\/drinking-yoghurt\/school-day-yogurt-drink-strawberry-800g\/\"]}]},{\"@type\":\"ImageObject\",\"inLanguage\":\"en-US\",\"@id\":\"https:\/\/estover.ee\/en\/tooted\/drinking-yoghurt\/school-day-yogurt-drink-strawberry-800g\/#primaryimage\",\"url\":\"https:\/\/estover.ee\/wp-content\/uploads\/2022\/12\/Koolipaeva-jogurtijook-maasika-800g-EAN-4740572006081-loodusopetus.jpg\",\"contentUrl\":\"https:\/\/estover.ee\/wp-content\/uploads\/2022\/12\/Koolipaeva-jogurtijook-maasika-800g-EAN-4740572006081-loodusopetus.jpg\",\"width\":1700,\"height\":2200},{\"@type\":\"BreadcrumbList\",\"@id\":\"https:\/\/estover.ee\/en\/tooted\/drinking-yoghurt\/school-day-yogurt-drink-strawberry-800g\/#breadcrumb\",\"itemListElement\":[{\"@type\":\"ListItem\",\"position\":1,\"name\":\"Home\",\"item\":\"https:\/\/estover.ee\/en\/\"},{\"@type\":\"ListItem\",\"position\":2,\"name\":\"Products\",\"item\":\"https:\/\/estover.ee\/en\/products\/\"},{\"@type\":\"ListItem\",\"position\":3,\"name\":\"School Day Yogurt Drink Strawberry 800g\"}]},{\"@type\":\"WebSite\",\"@id\":\"https:\/\/estover.ee\/en\/#website\",\"url\":\"https:\/\/estover.ee\/en\/\",\"name\":\"Estover\",\"description\":\"Piimat\u00f6\u00f6stus\",\"publisher\":{\"@id\":\"https:\/\/estover.ee\/en\/#organization\"},\"potentialAction\":[{\"@type\":\"SearchAction\",\"target\":{\"@type\":\"EntryPoint\",\"urlTemplate\":\"https:\/\/estover.ee\/en\/?s={search_term_string}\"},\"query-input\":{\"@type\":\"PropertyValueSpecification\",\"valueRequired\":true,\"valueName\":\"search_term_string\"}}],\"inLanguage\":\"en-US\"},{\"@type\":\"Organization\",\"@id\":\"https:\/\/estover.ee\/en\/#organization\",\"name\":\"Estover\",\"url\":\"https:\/\/estover.ee\/en\/\",\"logo\":{\"@type\":\"ImageObject\",\"inLanguage\":\"en-US\",\"@id\":\"https:\/\/estover.ee\/en\/#\/schema\/logo\/image\/\",\"url\":\"https:\/\/estover.ee\/wp-content\/uploads\/2022\/12\/estover_logo.png\",\"contentUrl\":\"https:\/\/estover.ee\/wp-content\/uploads\/2022\/12\/estover_logo.png\",\"width\":167,\"height\":125,\"caption\":\"Estover\"},\"image\":{\"@id\":\"https:\/\/estover.ee\/en\/#\/schema\/logo\/image\/\"},\"sameAs\":[\"https:\/\/www.facebook.com\/estoverpiimatoostus\",\"https:\/\/www.instagram.com\/estovereesti\/\"]}]}<\/script>\n<!-- \/ Yoast SEO plugin. -->","yoast_head_json":{"title":"School Day Yogurt Drink Strawberry 800g - Estover","robots":{"index":"index","follow":"follow","max-snippet":"max-snippet:-1","max-image-preview":"max-image-preview:large","max-video-preview":"max-video-preview:-1"},"canonical":"https:\/\/estover.ee\/en\/tooted\/drinking-yoghurt\/school-day-yogurt-drink-strawberry-800g\/","og_locale":"en_US","og_type":"article","og_title":"School Day Yogurt Drink Strawberry 800g - Estover","og_description":"Koolip\u00e4\u00e4 Maasika yogurt drink has that genuine sweet strawberry taste, which tastes like fresh berries picked from grandma's garden with her own hands. The taste is natural and refreshing, the texture is creamy, liquid in consistency and easy to drink.  Yoghurt drinks are made from domestic ingredients and milk produced in Estonia. We do not use artificial preservatives and dyes in our products. Ingredients WHEY, sugar, strawberries (5%), MILK, thickener: modified corn starch, flavoring agent, food coloring: beet red, acidity regulators: sodium citrate, citric acid, leavening agent. Nutrient value per 100g Energy 280kJ\/ 67kcal, fats 2.1g, of which saturated fatty acids 1.4g, carbohydrates 8.2g, of which sugars 7.9g, proteins 3.8g, salt 0.1g Brand Estover Manufacturer Estover Piimat\u00f6\u00f6stus O\u00dc Product image","og_url":"https:\/\/estover.ee\/en\/tooted\/drinking-yoghurt\/school-day-yogurt-drink-strawberry-800g\/","og_site_name":"Estover","article_publisher":"https:\/\/www.facebook.com\/estoverpiimatoostus","article_modified_time":"2023-09-12T13:34:39+00:00","og_image":[{"width":1700,"height":2200,"url":"https:\/\/estover.ee\/wp-content\/uploads\/2022\/12\/Koolipaeva-jogurtijook-maasika-800g-EAN-4740572006081-loodusopetus.jpg","type":"image\/jpeg"}],"twitter_card":"summary_large_image","schema":{"@context":"https:\/\/schema.org","@graph":[{"@type":"WebPage","@id":"https:\/\/estover.ee\/en\/tooted\/drinking-yoghurt\/school-day-yogurt-drink-strawberry-800g\/","url":"https:\/\/estover.ee\/en\/tooted\/drinking-yoghurt\/school-day-yogurt-drink-strawberry-800g\/","name":"School Day Yogurt Drink Strawberry 800g - Estover","isPartOf":{"@id":"https:\/\/estover.ee\/en\/#website"},"primaryImageOfPage":{"@id":"https:\/\/estover.ee\/en\/tooted\/drinking-yoghurt\/school-day-yogurt-drink-strawberry-800g\/#primaryimage"},"image":{"@id":"https:\/\/estover.ee\/en\/tooted\/drinking-yoghurt\/school-day-yogurt-drink-strawberry-800g\/#primaryimage"},"thumbnailUrl":"https:\/\/estover.ee\/wp-content\/uploads\/2022\/12\/Koolipaeva-jogurtijook-maasika-800g-EAN-4740572006081-loodusopetus.jpg","datePublished":"2022-12-22T11:55:52+00:00","dateModified":"2023-09-12T13:34:39+00:00","breadcrumb":{"@id":"https:\/\/estover.ee\/en\/tooted\/drinking-yoghurt\/school-day-yogurt-drink-strawberry-800g\/#breadcrumb"},"inLanguage":"en-US","potentialAction":[{"@type":"ReadAction","target":["https:\/\/estover.ee\/en\/tooted\/drinking-yoghurt\/school-day-yogurt-drink-strawberry-800g\/"]}]},{"@type":"ImageObject","inLanguage":"en-US","@id":"https:\/\/estover.ee\/en\/tooted\/drinking-yoghurt\/school-day-yogurt-drink-strawberry-800g\/#primaryimage","url":"https:\/\/estover.ee\/wp-content\/uploads\/2022\/12\/Koolipaeva-jogurtijook-maasika-800g-EAN-4740572006081-loodusopetus.jpg","contentUrl":"https:\/\/estover.ee\/wp-content\/uploads\/2022\/12\/Koolipaeva-jogurtijook-maasika-800g-EAN-4740572006081-loodusopetus.jpg","width":1700,"height":2200},{"@type":"BreadcrumbList","@id":"https:\/\/estover.ee\/en\/tooted\/drinking-yoghurt\/school-day-yogurt-drink-strawberry-800g\/#breadcrumb","itemListElement":[{"@type":"ListItem","position":1,"name":"Home","item":"https:\/\/estover.ee\/en\/"},{"@type":"ListItem","position":2,"name":"Products","item":"https:\/\/estover.ee\/en\/products\/"},{"@type":"ListItem","position":3,"name":"School Day Yogurt Drink Strawberry 800g"}]},{"@type":"WebSite","@id":"https:\/\/estover.ee\/en\/#website","url":"https:\/\/estover.ee\/en\/","name":"Estover","description":"Piimat\u00f6\u00f6stus","publisher":{"@id":"https:\/\/estover.ee\/en\/#organization"},"potentialAction":[{"@type":"SearchAction","target":{"@type":"EntryPoint","urlTemplate":"https:\/\/estover.ee\/en\/?s={search_term_string}"},"query-input":{"@type":"PropertyValueSpecification","valueRequired":true,"valueName":"search_term_string"}}],"inLanguage":"en-US"},{"@type":"Organization","@id":"https:\/\/estover.ee\/en\/#organization","name":"Estover","url":"https:\/\/estover.ee\/en\/","logo":{"@type":"ImageObject","inLanguage":"en-US","@id":"https:\/\/estover.ee\/en\/#\/schema\/logo\/image\/","url":"https:\/\/estover.ee\/wp-content\/uploads\/2022\/12\/estover_logo.png","contentUrl":"https:\/\/estover.ee\/wp-content\/uploads\/2022\/12\/estover_logo.png","width":167,"height":125,"caption":"Estover"},"image":{"@id":"https:\/\/estover.ee\/en\/#\/schema\/logo\/image\/"},"sameAs":["https:\/\/www.facebook.com\/estoverpiimatoostus","https:\/\/www.instagram.com\/estovereesti\/"]}]}},"_links":{"self":[{"href":"https:\/\/estover.ee\/en\/wp-json\/wp\/v2\/product\/3804","targetHints":{"allow":["GET"]}}],"collection":[{"href":"https:\/\/estover.ee\/en\/wp-json\/wp\/v2\/product"}],"about":[{"href":"https:\/\/estover.ee\/en\/wp-json\/wp\/v2\/types\/product"}],"wp:featuredmedia":[{"embeddable":true,"href":"https:\/\/estover.ee\/en\/wp-json\/wp\/v2\/media\/4303"}],"wp:attachment":[{"href":"https:\/\/estover.ee\/en\/wp-json\/wp\/v2\/media?parent=3804"}],"wp:term":[{"taxonomy":"product_brand","embeddable":true,"href":"https:\/\/estover.ee\/en\/wp-json\/wp\/v2\/product_brand?post=3804"},{"taxonomy":"product_cat","embeddable":true,"href":"https:\/\/estover.ee\/en\/wp-json\/wp\/v2\/product_cat?post=3804"},{"taxonomy":"product_tag","embeddable":true,"href":"https:\/\/estover.ee\/en\/wp-json\/wp\/v2\/product_tag?post=3804"}],"curies":[{"name":"wp","href":"https:\/\/api.w.org\/{rel}","templated":true}]}}