{"id":3810,"date":"2022-12-22T11:55:52","date_gmt":"2022-12-22T11:55:52","guid":{"rendered":"https:\/\/estover.ee\/tooted\/uncategorized\/piimameister-otto-cottage-cheese\/"},"modified":"2025-01-20T09:30:36","modified_gmt":"2025-01-20T09:30:36","slug":"piimameister-otto-cottage-cheese","status":"publish","type":"product","link":"https:\/\/estover.ee\/en\/tooted\/cottage-cheese\/piimameister-otto-cottage-cheese\/","title":{"rendered":"Piimameister Otto Cottage Cheese 220g"},"content":{"rendered":"","protected":false},"excerpt":{"rendered":"<p>Piimameister Otto&#8217;s cottage cheese is unusually silky and soft with whole grains and tastes like a real cottage cheese should taste. The secret of an excellent product lies in the whole grains and the loose cream added to the cottage cheese, which gives the product a velvety and mild taste and a juicy consistency.<\/p>\n<p><strong>Ingredients<\/strong><br \/>\nCOTTAGE CHEESE, CREAM, salt<\/p>\n<p><strong>Nutrient value per 100g<\/strong><br \/>\nEnergy 440 kJ \/ 105 kcal; fats 5,0 g, of which saturated fatty acids 3,4 g; carbohydrates 2,2 g, of which sugars 1,9 g; proteins 12 g; salt 1,0 g<\/p>\n<p><strong>Brand<\/strong><br \/>\nPiimameister OTTO<\/p>\n<p><strong>Manufacturer<\/strong><br \/>\nO\u00dc Estover Piimat\u00f6\u00f6stus Kaarlij\u00e4rve Meierei<\/p>\n","protected":false},"featured_media":7140,"template":"","meta":{"inline_featured_image":false},"product_brand":[],"product_cat":[117],"product_tag":[],"class_list":{"0":"post-3810","1":"product","2":"type-product","3":"status-publish","4":"has-post-thumbnail","6":"product_cat-cottage-cheese","8":"first","9":"instock","10":"product-type-simple"},"yoast_head":"<!-- This site is optimized with the Yoast SEO plugin v27.2 - https:\/\/yoast.com\/product\/yoast-seo-wordpress\/ -->\n<title>Piimameister Otto Cottage Cheese 220g - Estover<\/title>\n<meta name=\"robots\" content=\"index, follow, max-snippet:-1, max-image-preview:large, max-video-preview:-1\" \/>\n<link rel=\"canonical\" href=\"https:\/\/estover.ee\/en\/tooted\/cottage-cheese\/piimameister-otto-cottage-cheese\/\" \/>\n<meta property=\"og:locale\" content=\"en_US\" \/>\n<meta property=\"og:type\" content=\"article\" \/>\n<meta property=\"og:title\" content=\"Piimameister Otto Cottage Cheese 220g - Estover\" \/>\n<meta property=\"og:description\" content=\"Piimameister Otto&#039;s cottage cheese is unusually silky and soft with whole grains and tastes like a real cottage cheese should taste. The secret of an excellent product lies in the whole grains and the loose cream added to the cottage cheese, which gives the product a velvety and mild taste and a juicy consistency.  Ingredients COTTAGE CHEESE, CREAM, salt  Nutrient value per 100g Energy 440 kJ \/ 105 kcal; fats 5,0 g, of which saturated fatty acids 3,4 g; carbohydrates 2,2 g, of which sugars 1,9 g; proteins 12 g; salt 1,0 g  Brand Piimameister OTTO  Manufacturer O\u00dc Estover Piimat\u00f6\u00f6stus Kaarlij\u00e4rve Meierei\" \/>\n<meta property=\"og:url\" content=\"https:\/\/estover.ee\/en\/tooted\/cottage-cheese\/piimameister-otto-cottage-cheese\/\" \/>\n<meta property=\"og:site_name\" content=\"Estover\" \/>\n<meta property=\"article:publisher\" content=\"https:\/\/www.facebook.com\/estoverpiimatoostus\" \/>\n<meta property=\"article:modified_time\" content=\"2025-01-20T09:30:36+00:00\" \/>\n<meta property=\"og:image\" content=\"https:\/\/estover.ee\/wp-content\/uploads\/2022\/12\/PO_Kodujuust_Klassikaline_220g-scaled.jpg\" \/>\n\t<meta property=\"og:image:width\" content=\"2560\" \/>\n\t<meta property=\"og:image:height\" content=\"2560\" \/>\n\t<meta property=\"og:image:type\" content=\"image\/jpeg\" \/>\n<meta name=\"twitter:card\" content=\"summary_large_image\" \/>\n<meta name=\"twitter:label1\" content=\"Est. reading time\" \/>\n\t<meta name=\"twitter:data1\" content=\"1 minute\" \/>\n<script type=\"application\/ld+json\" class=\"yoast-schema-graph\">{\"@context\":\"https:\/\/schema.org\",\"@graph\":[{\"@type\":\"WebPage\",\"@id\":\"https:\/\/estover.ee\/en\/tooted\/cottage-cheese\/piimameister-otto-cottage-cheese\/\",\"url\":\"https:\/\/estover.ee\/en\/tooted\/cottage-cheese\/piimameister-otto-cottage-cheese\/\",\"name\":\"Piimameister Otto Cottage Cheese 220g - Estover\",\"isPartOf\":{\"@id\":\"https:\/\/estover.ee\/en\/#website\"},\"primaryImageOfPage\":{\"@id\":\"https:\/\/estover.ee\/en\/tooted\/cottage-cheese\/piimameister-otto-cottage-cheese\/#primaryimage\"},\"image\":{\"@id\":\"https:\/\/estover.ee\/en\/tooted\/cottage-cheese\/piimameister-otto-cottage-cheese\/#primaryimage\"},\"thumbnailUrl\":\"https:\/\/estover.ee\/wp-content\/uploads\/2022\/12\/PO_Kodujuust_Klassikaline_220g-scaled.jpg\",\"datePublished\":\"2022-12-22T11:55:52+00:00\",\"dateModified\":\"2025-01-20T09:30:36+00:00\",\"breadcrumb\":{\"@id\":\"https:\/\/estover.ee\/en\/tooted\/cottage-cheese\/piimameister-otto-cottage-cheese\/#breadcrumb\"},\"inLanguage\":\"en-US\",\"potentialAction\":[{\"@type\":\"ReadAction\",\"target\":[\"https:\/\/estover.ee\/en\/tooted\/cottage-cheese\/piimameister-otto-cottage-cheese\/\"]}]},{\"@type\":\"ImageObject\",\"inLanguage\":\"en-US\",\"@id\":\"https:\/\/estover.ee\/en\/tooted\/cottage-cheese\/piimameister-otto-cottage-cheese\/#primaryimage\",\"url\":\"https:\/\/estover.ee\/wp-content\/uploads\/2022\/12\/PO_Kodujuust_Klassikaline_220g-scaled.jpg\",\"contentUrl\":\"https:\/\/estover.ee\/wp-content\/uploads\/2022\/12\/PO_Kodujuust_Klassikaline_220g-scaled.jpg\",\"width\":2560,\"height\":2560},{\"@type\":\"BreadcrumbList\",\"@id\":\"https:\/\/estover.ee\/en\/tooted\/cottage-cheese\/piimameister-otto-cottage-cheese\/#breadcrumb\",\"itemListElement\":[{\"@type\":\"ListItem\",\"position\":1,\"name\":\"Home\",\"item\":\"https:\/\/estover.ee\/en\/\"},{\"@type\":\"ListItem\",\"position\":2,\"name\":\"Products\",\"item\":\"https:\/\/estover.ee\/en\/products\/\"},{\"@type\":\"ListItem\",\"position\":3,\"name\":\"Piimameister Otto Cottage Cheese 220g\"}]},{\"@type\":\"WebSite\",\"@id\":\"https:\/\/estover.ee\/en\/#website\",\"url\":\"https:\/\/estover.ee\/en\/\",\"name\":\"Estover\",\"description\":\"Piimat\u00f6\u00f6stus\",\"publisher\":{\"@id\":\"https:\/\/estover.ee\/en\/#organization\"},\"potentialAction\":[{\"@type\":\"SearchAction\",\"target\":{\"@type\":\"EntryPoint\",\"urlTemplate\":\"https:\/\/estover.ee\/en\/?s={search_term_string}\"},\"query-input\":{\"@type\":\"PropertyValueSpecification\",\"valueRequired\":true,\"valueName\":\"search_term_string\"}}],\"inLanguage\":\"en-US\"},{\"@type\":\"Organization\",\"@id\":\"https:\/\/estover.ee\/en\/#organization\",\"name\":\"Estover\",\"url\":\"https:\/\/estover.ee\/en\/\",\"logo\":{\"@type\":\"ImageObject\",\"inLanguage\":\"en-US\",\"@id\":\"https:\/\/estover.ee\/en\/#\/schema\/logo\/image\/\",\"url\":\"https:\/\/estover.ee\/wp-content\/uploads\/2022\/12\/estover_logo.png\",\"contentUrl\":\"https:\/\/estover.ee\/wp-content\/uploads\/2022\/12\/estover_logo.png\",\"width\":167,\"height\":125,\"caption\":\"Estover\"},\"image\":{\"@id\":\"https:\/\/estover.ee\/en\/#\/schema\/logo\/image\/\"},\"sameAs\":[\"https:\/\/www.facebook.com\/estoverpiimatoostus\",\"https:\/\/www.instagram.com\/estovereesti\/\"]}]}<\/script>\n<!-- \/ Yoast SEO plugin. -->","yoast_head_json":{"title":"Piimameister Otto Cottage Cheese 220g - Estover","robots":{"index":"index","follow":"follow","max-snippet":"max-snippet:-1","max-image-preview":"max-image-preview:large","max-video-preview":"max-video-preview:-1"},"canonical":"https:\/\/estover.ee\/en\/tooted\/cottage-cheese\/piimameister-otto-cottage-cheese\/","og_locale":"en_US","og_type":"article","og_title":"Piimameister Otto Cottage Cheese 220g - Estover","og_description":"Piimameister Otto's cottage cheese is unusually silky and soft with whole grains and tastes like a real cottage cheese should taste. The secret of an excellent product lies in the whole grains and the loose cream added to the cottage cheese, which gives the product a velvety and mild taste and a juicy consistency.  Ingredients COTTAGE CHEESE, CREAM, salt  Nutrient value per 100g Energy 440 kJ \/ 105 kcal; fats 5,0 g, of which saturated fatty acids 3,4 g; carbohydrates 2,2 g, of which sugars 1,9 g; proteins 12 g; salt 1,0 g  Brand Piimameister OTTO  Manufacturer O\u00dc Estover Piimat\u00f6\u00f6stus Kaarlij\u00e4rve Meierei","og_url":"https:\/\/estover.ee\/en\/tooted\/cottage-cheese\/piimameister-otto-cottage-cheese\/","og_site_name":"Estover","article_publisher":"https:\/\/www.facebook.com\/estoverpiimatoostus","article_modified_time":"2025-01-20T09:30:36+00:00","og_image":[{"width":2560,"height":2560,"url":"https:\/\/estover.ee\/wp-content\/uploads\/2022\/12\/PO_Kodujuust_Klassikaline_220g-scaled.jpg","type":"image\/jpeg"}],"twitter_card":"summary_large_image","twitter_misc":{"Est. reading time":"1 minute"},"schema":{"@context":"https:\/\/schema.org","@graph":[{"@type":"WebPage","@id":"https:\/\/estover.ee\/en\/tooted\/cottage-cheese\/piimameister-otto-cottage-cheese\/","url":"https:\/\/estover.ee\/en\/tooted\/cottage-cheese\/piimameister-otto-cottage-cheese\/","name":"Piimameister Otto Cottage Cheese 220g - Estover","isPartOf":{"@id":"https:\/\/estover.ee\/en\/#website"},"primaryImageOfPage":{"@id":"https:\/\/estover.ee\/en\/tooted\/cottage-cheese\/piimameister-otto-cottage-cheese\/#primaryimage"},"image":{"@id":"https:\/\/estover.ee\/en\/tooted\/cottage-cheese\/piimameister-otto-cottage-cheese\/#primaryimage"},"thumbnailUrl":"https:\/\/estover.ee\/wp-content\/uploads\/2022\/12\/PO_Kodujuust_Klassikaline_220g-scaled.jpg","datePublished":"2022-12-22T11:55:52+00:00","dateModified":"2025-01-20T09:30:36+00:00","breadcrumb":{"@id":"https:\/\/estover.ee\/en\/tooted\/cottage-cheese\/piimameister-otto-cottage-cheese\/#breadcrumb"},"inLanguage":"en-US","potentialAction":[{"@type":"ReadAction","target":["https:\/\/estover.ee\/en\/tooted\/cottage-cheese\/piimameister-otto-cottage-cheese\/"]}]},{"@type":"ImageObject","inLanguage":"en-US","@id":"https:\/\/estover.ee\/en\/tooted\/cottage-cheese\/piimameister-otto-cottage-cheese\/#primaryimage","url":"https:\/\/estover.ee\/wp-content\/uploads\/2022\/12\/PO_Kodujuust_Klassikaline_220g-scaled.jpg","contentUrl":"https:\/\/estover.ee\/wp-content\/uploads\/2022\/12\/PO_Kodujuust_Klassikaline_220g-scaled.jpg","width":2560,"height":2560},{"@type":"BreadcrumbList","@id":"https:\/\/estover.ee\/en\/tooted\/cottage-cheese\/piimameister-otto-cottage-cheese\/#breadcrumb","itemListElement":[{"@type":"ListItem","position":1,"name":"Home","item":"https:\/\/estover.ee\/en\/"},{"@type":"ListItem","position":2,"name":"Products","item":"https:\/\/estover.ee\/en\/products\/"},{"@type":"ListItem","position":3,"name":"Piimameister Otto Cottage Cheese 220g"}]},{"@type":"WebSite","@id":"https:\/\/estover.ee\/en\/#website","url":"https:\/\/estover.ee\/en\/","name":"Estover","description":"Piimat\u00f6\u00f6stus","publisher":{"@id":"https:\/\/estover.ee\/en\/#organization"},"potentialAction":[{"@type":"SearchAction","target":{"@type":"EntryPoint","urlTemplate":"https:\/\/estover.ee\/en\/?s={search_term_string}"},"query-input":{"@type":"PropertyValueSpecification","valueRequired":true,"valueName":"search_term_string"}}],"inLanguage":"en-US"},{"@type":"Organization","@id":"https:\/\/estover.ee\/en\/#organization","name":"Estover","url":"https:\/\/estover.ee\/en\/","logo":{"@type":"ImageObject","inLanguage":"en-US","@id":"https:\/\/estover.ee\/en\/#\/schema\/logo\/image\/","url":"https:\/\/estover.ee\/wp-content\/uploads\/2022\/12\/estover_logo.png","contentUrl":"https:\/\/estover.ee\/wp-content\/uploads\/2022\/12\/estover_logo.png","width":167,"height":125,"caption":"Estover"},"image":{"@id":"https:\/\/estover.ee\/en\/#\/schema\/logo\/image\/"},"sameAs":["https:\/\/www.facebook.com\/estoverpiimatoostus","https:\/\/www.instagram.com\/estovereesti\/"]}]}},"_links":{"self":[{"href":"https:\/\/estover.ee\/en\/wp-json\/wp\/v2\/product\/3810","targetHints":{"allow":["GET"]}}],"collection":[{"href":"https:\/\/estover.ee\/en\/wp-json\/wp\/v2\/product"}],"about":[{"href":"https:\/\/estover.ee\/en\/wp-json\/wp\/v2\/types\/product"}],"wp:featuredmedia":[{"embeddable":true,"href":"https:\/\/estover.ee\/en\/wp-json\/wp\/v2\/media\/7140"}],"wp:attachment":[{"href":"https:\/\/estover.ee\/en\/wp-json\/wp\/v2\/media?parent=3810"}],"wp:term":[{"taxonomy":"product_brand","embeddable":true,"href":"https:\/\/estover.ee\/en\/wp-json\/wp\/v2\/product_brand?post=3810"},{"taxonomy":"product_cat","embeddable":true,"href":"https:\/\/estover.ee\/en\/wp-json\/wp\/v2\/product_cat?post=3810"},{"taxonomy":"product_tag","embeddable":true,"href":"https:\/\/estover.ee\/en\/wp-json\/wp\/v2\/product_tag?post=3810"}],"curies":[{"name":"wp","href":"https:\/\/api.w.org\/{rel}","templated":true}]}}