{"id":3922,"date":"2023-02-10T15:38:24","date_gmt":"2023-02-10T15:38:24","guid":{"rendered":"https:\/\/estover.ee\/?post_type=product&#038;p=3922"},"modified":"2024-02-13T14:41:37","modified_gmt":"2024-02-13T14:41:37","slug":"estonian-jubilee-cheese-from-whole-milk-kopeeri","status":"publish","type":"product","link":"https:\/\/estover.ee\/en\/tooted\/cheese\/estonian-cheese\/estonian-jubilee-cheese-from-whole-milk-kopeeri\/","title":{"rendered":"Whole Milk Cheese Eesti Juust 450g, sliced"},"content":{"rendered":"","protected":false},"excerpt":{"rendered":"<p>To celebrate the 60th anniversary of Traditional Estonian Cheese,\u00a0we developed Jubilee Estonian Cheese, which is made from whole milk and has been matured for at least 3 months. The cheese is perfect for cheese lovers who want to bring variety to their everyday life and enjoy a stronger taste experience! A maximum of\u00a043% moisture content, 50\u00b12% of fat in dry matter, 1,2-2% of salt.<\/p>\n<p><strong>Ingredients<\/strong><br \/>\nPASTURIZED MILK, starter culture, salt, animal rennet, calcium chloride, potassium nitrate.<\/p>\n<p><strong>Nutrient value per 100g<\/strong><br \/>\nEnergy 1607kJ \/ 384 kcal; fat 32 g, of which saturated fatty acids 21 g, carbohydrates 0 g, of which sugar 0 g, proteins 24 g, salt 1 g.<\/p>\n<p><strong>Brand<\/strong><br \/>\nTraditional Estonian Cheese<\/p>\n<p><strong>Manufacturer<\/strong><br \/>\nO\u00dc Estover Piimat\u00f6\u00f6stus Kaarlij\u00e4rve Meierei<\/p>\n<p><a href=\"https:\/\/estover.ee\/wp-content\/uploads\/2022\/12\/101783-Eesti-Juust-Taispiimast-450g-scaled.jpg\">Product image<\/a><\/p>\n","protected":false},"featured_media":4775,"template":"","meta":{"inline_featured_image":false},"product_brand":[],"product_cat":[114],"product_tag":[],"class_list":{"0":"post-3922","1":"product","2":"type-product","3":"status-publish","4":"has-post-thumbnail","6":"product_cat-estonian-cheese","8":"first","9":"instock","10":"product-type-simple"},"yoast_head":"<!-- This site is optimized with the Yoast SEO plugin v27.2 - https:\/\/yoast.com\/product\/yoast-seo-wordpress\/ -->\n<title>Whole Milk Cheese Eesti Juust 450g, sliced - Estover<\/title>\n<meta name=\"robots\" content=\"index, follow, max-snippet:-1, max-image-preview:large, max-video-preview:-1\" \/>\n<link rel=\"canonical\" href=\"https:\/\/estover.ee\/en\/tooted\/cheese\/estonian-cheese\/estonian-jubilee-cheese-from-whole-milk-kopeeri\/\" \/>\n<meta property=\"og:locale\" content=\"en_US\" \/>\n<meta property=\"og:type\" content=\"article\" \/>\n<meta property=\"og:title\" content=\"Whole Milk Cheese Eesti Juust 450g, sliced - Estover\" \/>\n<meta property=\"og:description\" content=\"To celebrate the 60th anniversary of Traditional Estonian Cheese,\u00a0we developed Jubilee Estonian Cheese, which is made from whole milk and has been matured for at least 3 months. The cheese is perfect for cheese lovers who want to bring variety to their everyday life and enjoy a stronger taste experience! A maximum of\u00a043% moisture content, 50\u00b12% of fat in dry matter, 1,2-2% of salt.  Ingredients PASTURIZED MILK, starter culture, salt, animal rennet, calcium chloride, potassium nitrate.  Nutrient value per 100g Energy 1607kJ \/ 384 kcal; fat 32 g, of which saturated fatty acids 21 g, carbohydrates 0 g, of which sugar 0 g, proteins 24 g, salt 1 g.  Brand Traditional Estonian Cheese  Manufacturer O\u00dc Estover Piimat\u00f6\u00f6stus Kaarlij\u00e4rve Meierei  Product image\" \/>\n<meta property=\"og:url\" content=\"https:\/\/estover.ee\/en\/tooted\/cheese\/estonian-cheese\/estonian-jubilee-cheese-from-whole-milk-kopeeri\/\" \/>\n<meta property=\"og:site_name\" content=\"Estover\" \/>\n<meta property=\"article:publisher\" content=\"https:\/\/www.facebook.com\/estoverpiimatoostus\" \/>\n<meta property=\"article:modified_time\" content=\"2024-02-13T14:41:37+00:00\" \/>\n<meta property=\"og:image\" content=\"https:\/\/estover.ee\/wp-content\/uploads\/2023\/02\/Eesti-Juust-taispiimast-450g.png\" \/>\n\t<meta property=\"og:image:width\" content=\"500\" \/>\n\t<meta property=\"og:image:height\" content=\"500\" \/>\n\t<meta property=\"og:image:type\" content=\"image\/png\" \/>\n<meta name=\"twitter:card\" content=\"summary_large_image\" \/>\n<script type=\"application\/ld+json\" class=\"yoast-schema-graph\">{\"@context\":\"https:\/\/schema.org\",\"@graph\":[{\"@type\":\"WebPage\",\"@id\":\"https:\/\/estover.ee\/en\/tooted\/cheese\/estonian-cheese\/estonian-jubilee-cheese-from-whole-milk-kopeeri\/\",\"url\":\"https:\/\/estover.ee\/en\/tooted\/cheese\/estonian-cheese\/estonian-jubilee-cheese-from-whole-milk-kopeeri\/\",\"name\":\"Whole Milk Cheese Eesti Juust 450g, sliced - Estover\",\"isPartOf\":{\"@id\":\"https:\/\/estover.ee\/en\/#website\"},\"primaryImageOfPage\":{\"@id\":\"https:\/\/estover.ee\/en\/tooted\/cheese\/estonian-cheese\/estonian-jubilee-cheese-from-whole-milk-kopeeri\/#primaryimage\"},\"image\":{\"@id\":\"https:\/\/estover.ee\/en\/tooted\/cheese\/estonian-cheese\/estonian-jubilee-cheese-from-whole-milk-kopeeri\/#primaryimage\"},\"thumbnailUrl\":\"https:\/\/estover.ee\/wp-content\/uploads\/2023\/02\/Eesti-Juust-taispiimast-450g.png\",\"datePublished\":\"2023-02-10T15:38:24+00:00\",\"dateModified\":\"2024-02-13T14:41:37+00:00\",\"breadcrumb\":{\"@id\":\"https:\/\/estover.ee\/en\/tooted\/cheese\/estonian-cheese\/estonian-jubilee-cheese-from-whole-milk-kopeeri\/#breadcrumb\"},\"inLanguage\":\"en-US\",\"potentialAction\":[{\"@type\":\"ReadAction\",\"target\":[\"https:\/\/estover.ee\/en\/tooted\/cheese\/estonian-cheese\/estonian-jubilee-cheese-from-whole-milk-kopeeri\/\"]}]},{\"@type\":\"ImageObject\",\"inLanguage\":\"en-US\",\"@id\":\"https:\/\/estover.ee\/en\/tooted\/cheese\/estonian-cheese\/estonian-jubilee-cheese-from-whole-milk-kopeeri\/#primaryimage\",\"url\":\"https:\/\/estover.ee\/wp-content\/uploads\/2023\/02\/Eesti-Juust-taispiimast-450g.png\",\"contentUrl\":\"https:\/\/estover.ee\/wp-content\/uploads\/2023\/02\/Eesti-Juust-taispiimast-450g.png\",\"width\":500,\"height\":500},{\"@type\":\"BreadcrumbList\",\"@id\":\"https:\/\/estover.ee\/en\/tooted\/cheese\/estonian-cheese\/estonian-jubilee-cheese-from-whole-milk-kopeeri\/#breadcrumb\",\"itemListElement\":[{\"@type\":\"ListItem\",\"position\":1,\"name\":\"Home\",\"item\":\"https:\/\/estover.ee\/en\/\"},{\"@type\":\"ListItem\",\"position\":2,\"name\":\"Products\",\"item\":\"https:\/\/estover.ee\/en\/products\/\"},{\"@type\":\"ListItem\",\"position\":3,\"name\":\"Whole Milk Cheese Eesti Juust 450g, sliced\"}]},{\"@type\":\"WebSite\",\"@id\":\"https:\/\/estover.ee\/en\/#website\",\"url\":\"https:\/\/estover.ee\/en\/\",\"name\":\"Estover\",\"description\":\"Piimat\u00f6\u00f6stus\",\"publisher\":{\"@id\":\"https:\/\/estover.ee\/en\/#organization\"},\"potentialAction\":[{\"@type\":\"SearchAction\",\"target\":{\"@type\":\"EntryPoint\",\"urlTemplate\":\"https:\/\/estover.ee\/en\/?s={search_term_string}\"},\"query-input\":{\"@type\":\"PropertyValueSpecification\",\"valueRequired\":true,\"valueName\":\"search_term_string\"}}],\"inLanguage\":\"en-US\"},{\"@type\":\"Organization\",\"@id\":\"https:\/\/estover.ee\/en\/#organization\",\"name\":\"Estover\",\"url\":\"https:\/\/estover.ee\/en\/\",\"logo\":{\"@type\":\"ImageObject\",\"inLanguage\":\"en-US\",\"@id\":\"https:\/\/estover.ee\/en\/#\/schema\/logo\/image\/\",\"url\":\"https:\/\/estover.ee\/wp-content\/uploads\/2022\/12\/estover_logo.png\",\"contentUrl\":\"https:\/\/estover.ee\/wp-content\/uploads\/2022\/12\/estover_logo.png\",\"width\":167,\"height\":125,\"caption\":\"Estover\"},\"image\":{\"@id\":\"https:\/\/estover.ee\/en\/#\/schema\/logo\/image\/\"},\"sameAs\":[\"https:\/\/www.facebook.com\/estoverpiimatoostus\",\"https:\/\/www.instagram.com\/estovereesti\/\"]}]}<\/script>\n<!-- \/ Yoast SEO plugin. -->","yoast_head_json":{"title":"Whole Milk Cheese Eesti Juust 450g, sliced - Estover","robots":{"index":"index","follow":"follow","max-snippet":"max-snippet:-1","max-image-preview":"max-image-preview:large","max-video-preview":"max-video-preview:-1"},"canonical":"https:\/\/estover.ee\/en\/tooted\/cheese\/estonian-cheese\/estonian-jubilee-cheese-from-whole-milk-kopeeri\/","og_locale":"en_US","og_type":"article","og_title":"Whole Milk Cheese Eesti Juust 450g, sliced - Estover","og_description":"To celebrate the 60th anniversary of Traditional Estonian Cheese,\u00a0we developed Jubilee Estonian Cheese, which is made from whole milk and has been matured for at least 3 months. The cheese is perfect for cheese lovers who want to bring variety to their everyday life and enjoy a stronger taste experience! A maximum of\u00a043% moisture content, 50\u00b12% of fat in dry matter, 1,2-2% of salt.  Ingredients PASTURIZED MILK, starter culture, salt, animal rennet, calcium chloride, potassium nitrate.  Nutrient value per 100g Energy 1607kJ \/ 384 kcal; fat 32 g, of which saturated fatty acids 21 g, carbohydrates 0 g, of which sugar 0 g, proteins 24 g, salt 1 g.  Brand Traditional Estonian Cheese  Manufacturer O\u00dc Estover Piimat\u00f6\u00f6stus Kaarlij\u00e4rve Meierei  Product image","og_url":"https:\/\/estover.ee\/en\/tooted\/cheese\/estonian-cheese\/estonian-jubilee-cheese-from-whole-milk-kopeeri\/","og_site_name":"Estover","article_publisher":"https:\/\/www.facebook.com\/estoverpiimatoostus","article_modified_time":"2024-02-13T14:41:37+00:00","og_image":[{"width":500,"height":500,"url":"https:\/\/estover.ee\/wp-content\/uploads\/2023\/02\/Eesti-Juust-taispiimast-450g.png","type":"image\/png"}],"twitter_card":"summary_large_image","schema":{"@context":"https:\/\/schema.org","@graph":[{"@type":"WebPage","@id":"https:\/\/estover.ee\/en\/tooted\/cheese\/estonian-cheese\/estonian-jubilee-cheese-from-whole-milk-kopeeri\/","url":"https:\/\/estover.ee\/en\/tooted\/cheese\/estonian-cheese\/estonian-jubilee-cheese-from-whole-milk-kopeeri\/","name":"Whole Milk Cheese Eesti Juust 450g, sliced - Estover","isPartOf":{"@id":"https:\/\/estover.ee\/en\/#website"},"primaryImageOfPage":{"@id":"https:\/\/estover.ee\/en\/tooted\/cheese\/estonian-cheese\/estonian-jubilee-cheese-from-whole-milk-kopeeri\/#primaryimage"},"image":{"@id":"https:\/\/estover.ee\/en\/tooted\/cheese\/estonian-cheese\/estonian-jubilee-cheese-from-whole-milk-kopeeri\/#primaryimage"},"thumbnailUrl":"https:\/\/estover.ee\/wp-content\/uploads\/2023\/02\/Eesti-Juust-taispiimast-450g.png","datePublished":"2023-02-10T15:38:24+00:00","dateModified":"2024-02-13T14:41:37+00:00","breadcrumb":{"@id":"https:\/\/estover.ee\/en\/tooted\/cheese\/estonian-cheese\/estonian-jubilee-cheese-from-whole-milk-kopeeri\/#breadcrumb"},"inLanguage":"en-US","potentialAction":[{"@type":"ReadAction","target":["https:\/\/estover.ee\/en\/tooted\/cheese\/estonian-cheese\/estonian-jubilee-cheese-from-whole-milk-kopeeri\/"]}]},{"@type":"ImageObject","inLanguage":"en-US","@id":"https:\/\/estover.ee\/en\/tooted\/cheese\/estonian-cheese\/estonian-jubilee-cheese-from-whole-milk-kopeeri\/#primaryimage","url":"https:\/\/estover.ee\/wp-content\/uploads\/2023\/02\/Eesti-Juust-taispiimast-450g.png","contentUrl":"https:\/\/estover.ee\/wp-content\/uploads\/2023\/02\/Eesti-Juust-taispiimast-450g.png","width":500,"height":500},{"@type":"BreadcrumbList","@id":"https:\/\/estover.ee\/en\/tooted\/cheese\/estonian-cheese\/estonian-jubilee-cheese-from-whole-milk-kopeeri\/#breadcrumb","itemListElement":[{"@type":"ListItem","position":1,"name":"Home","item":"https:\/\/estover.ee\/en\/"},{"@type":"ListItem","position":2,"name":"Products","item":"https:\/\/estover.ee\/en\/products\/"},{"@type":"ListItem","position":3,"name":"Whole Milk Cheese Eesti Juust 450g, sliced"}]},{"@type":"WebSite","@id":"https:\/\/estover.ee\/en\/#website","url":"https:\/\/estover.ee\/en\/","name":"Estover","description":"Piimat\u00f6\u00f6stus","publisher":{"@id":"https:\/\/estover.ee\/en\/#organization"},"potentialAction":[{"@type":"SearchAction","target":{"@type":"EntryPoint","urlTemplate":"https:\/\/estover.ee\/en\/?s={search_term_string}"},"query-input":{"@type":"PropertyValueSpecification","valueRequired":true,"valueName":"search_term_string"}}],"inLanguage":"en-US"},{"@type":"Organization","@id":"https:\/\/estover.ee\/en\/#organization","name":"Estover","url":"https:\/\/estover.ee\/en\/","logo":{"@type":"ImageObject","inLanguage":"en-US","@id":"https:\/\/estover.ee\/en\/#\/schema\/logo\/image\/","url":"https:\/\/estover.ee\/wp-content\/uploads\/2022\/12\/estover_logo.png","contentUrl":"https:\/\/estover.ee\/wp-content\/uploads\/2022\/12\/estover_logo.png","width":167,"height":125,"caption":"Estover"},"image":{"@id":"https:\/\/estover.ee\/en\/#\/schema\/logo\/image\/"},"sameAs":["https:\/\/www.facebook.com\/estoverpiimatoostus","https:\/\/www.instagram.com\/estovereesti\/"]}]}},"_links":{"self":[{"href":"https:\/\/estover.ee\/en\/wp-json\/wp\/v2\/product\/3922","targetHints":{"allow":["GET"]}}],"collection":[{"href":"https:\/\/estover.ee\/en\/wp-json\/wp\/v2\/product"}],"about":[{"href":"https:\/\/estover.ee\/en\/wp-json\/wp\/v2\/types\/product"}],"wp:featuredmedia":[{"embeddable":true,"href":"https:\/\/estover.ee\/en\/wp-json\/wp\/v2\/media\/4775"}],"wp:attachment":[{"href":"https:\/\/estover.ee\/en\/wp-json\/wp\/v2\/media?parent=3922"}],"wp:term":[{"taxonomy":"product_brand","embeddable":true,"href":"https:\/\/estover.ee\/en\/wp-json\/wp\/v2\/product_brand?post=3922"},{"taxonomy":"product_cat","embeddable":true,"href":"https:\/\/estover.ee\/en\/wp-json\/wp\/v2\/product_cat?post=3922"},{"taxonomy":"product_tag","embeddable":true,"href":"https:\/\/estover.ee\/en\/wp-json\/wp\/v2\/product_tag?post=3922"}],"curies":[{"name":"wp","href":"https:\/\/api.w.org\/{rel}","templated":true}]}}