{"id":3941,"date":"2023-02-10T15:51:39","date_gmt":"2023-02-10T15:51:39","guid":{"rendered":"https:\/\/estover.ee\/?post_type=product&#038;p=3941"},"modified":"2024-02-13T14:40:54","modified_gmt":"2024-02-13T14:40:54","slug":"traditional-estonian-cheese-kopeeri-kopeeri-kopeeri-kopeeri-kopeeri","status":"publish","type":"product","link":"https:\/\/estover.ee\/en\/tooted\/cheese\/estonian-cheese\/traditional-estonian-cheese-kopeeri-kopeeri-kopeeri-kopeeri-kopeeri\/","title":{"rendered":"Traditional Estonian Cheese Eesti Juust 1kg, sliced"},"content":{"rendered":"","protected":false},"excerpt":{"rendered":"<p>Traditional Estonian Cheese is a cylindrical Dutch-type rennet cheese. The best-known quality cheese in Estonia, which has been produced since 1958. Mild, slightly sour taste and smell, full fat and high calcium content. The consistency of the cheese is semi-hard, elastic and easy to slice, unevenly distributed with individual 3-5 mm diameter oval or round holes. No animal rennet is used in the production, suitable for vegetarians. It is recommended to keep the cheese at room temperature for at least 30min before serving.<\/p>\n<p><strong>Ingredients<\/strong><br \/>\nPASTEURIZED MILK, cheese culture, salt, rennet, additives (calcium chloride, potassium nitrate).<\/p>\n<p><strong>Nutrient value per 100g<\/strong><br \/>\nEnergy 1388 kJ \/ 334 kcal; fat 25 g, of which saturated fatty acids 16,4 g; carbohydrates &lt; 1 g, of which sugar &lt; 0,5 g; protein 27 g; salt 1,4 g<\/p>\n<p><strong>Brand<\/strong><br \/>\nTraditional Estonian Cheese<br \/>\n<strong>Manufacturer<\/strong><br \/>\nO\u00dc Estover Piimat\u00f6\u00f6stus Kaarlij\u00e4rve Meierei<\/p>\n<p><a href=\"https:\/\/estover.ee\/wp-content\/uploads\/2023\/02\/101730-Eesti-Juust-252-viilutatud-kg-v2-scaled.jpg\" target=\"_blank\" rel=\"noopener\">Product image<\/a><\/p>\n","protected":false},"featured_media":3900,"template":"","meta":{"inline_featured_image":false},"product_brand":[],"product_cat":[113,114],"product_tag":[],"class_list":{"0":"post-3941","1":"product","2":"type-product","3":"status-publish","4":"has-post-thumbnail","6":"product_cat-cheese","7":"product_cat-estonian-cheese","9":"first","10":"instock","11":"product-type-simple"},"yoast_head":"<!-- This site is optimized with the Yoast SEO plugin v27.2 - https:\/\/yoast.com\/product\/yoast-seo-wordpress\/ -->\n<title>Traditional Estonian Cheese Eesti Juust 1kg, sliced - Estover<\/title>\n<meta name=\"robots\" content=\"index, follow, max-snippet:-1, max-image-preview:large, max-video-preview:-1\" \/>\n<link rel=\"canonical\" href=\"https:\/\/estover.ee\/en\/tooted\/cheese\/estonian-cheese\/traditional-estonian-cheese-kopeeri-kopeeri-kopeeri-kopeeri-kopeeri\/\" \/>\n<meta property=\"og:locale\" content=\"en_US\" \/>\n<meta property=\"og:type\" content=\"article\" \/>\n<meta property=\"og:title\" content=\"Traditional Estonian Cheese Eesti Juust 1kg, sliced - Estover\" \/>\n<meta property=\"og:description\" content=\"Traditional Estonian Cheese is a cylindrical Dutch-type rennet cheese. The best-known quality cheese in Estonia, which has been produced since 1958. Mild, slightly sour taste and smell, full fat and high calcium content. The consistency of the cheese is semi-hard, elastic and easy to slice, unevenly distributed with individual 3-5 mm diameter oval or round holes. No animal rennet is used in the production, suitable for vegetarians. It is recommended to keep the cheese at room temperature for at least 30min before serving.  Ingredients PASTEURIZED MILK, cheese culture, salt, rennet, additives (calcium chloride, potassium nitrate).  Nutrient value per 100g Energy 1388 kJ \/ 334 kcal; fat 25 g, of which saturated fatty acids 16,4 g; carbohydrates &lt; 1 g, of which sugar &lt; 0,5 g; protein 27 g; salt 1,4 g  Brand Traditional Estonian Cheese Manufacturer O\u00dc Estover Piimat\u00f6\u00f6stus Kaarlij\u00e4rve Meierei  Product image\" \/>\n<meta property=\"og:url\" content=\"https:\/\/estover.ee\/en\/tooted\/cheese\/estonian-cheese\/traditional-estonian-cheese-kopeeri-kopeeri-kopeeri-kopeeri-kopeeri\/\" \/>\n<meta property=\"og:site_name\" content=\"Estover\" \/>\n<meta property=\"article:publisher\" content=\"https:\/\/www.facebook.com\/estoverpiimatoostus\" \/>\n<meta property=\"article:modified_time\" content=\"2024-02-13T14:40:54+00:00\" \/>\n<meta property=\"og:image\" content=\"https:\/\/estover.ee\/wp-content\/uploads\/2023\/02\/101730-Eesti-Juust-252-viilutatud-kg-v2-scaled.jpg\" \/>\n\t<meta property=\"og:image:width\" content=\"2560\" \/>\n\t<meta property=\"og:image:height\" content=\"1707\" \/>\n\t<meta property=\"og:image:type\" content=\"image\/jpeg\" \/>\n<meta name=\"twitter:card\" content=\"summary_large_image\" \/>\n<script type=\"application\/ld+json\" class=\"yoast-schema-graph\">{\"@context\":\"https:\/\/schema.org\",\"@graph\":[{\"@type\":\"WebPage\",\"@id\":\"https:\/\/estover.ee\/en\/tooted\/cheese\/estonian-cheese\/traditional-estonian-cheese-kopeeri-kopeeri-kopeeri-kopeeri-kopeeri\/\",\"url\":\"https:\/\/estover.ee\/en\/tooted\/cheese\/estonian-cheese\/traditional-estonian-cheese-kopeeri-kopeeri-kopeeri-kopeeri-kopeeri\/\",\"name\":\"Traditional Estonian Cheese Eesti Juust 1kg, sliced - Estover\",\"isPartOf\":{\"@id\":\"https:\/\/estover.ee\/en\/#website\"},\"primaryImageOfPage\":{\"@id\":\"https:\/\/estover.ee\/en\/tooted\/cheese\/estonian-cheese\/traditional-estonian-cheese-kopeeri-kopeeri-kopeeri-kopeeri-kopeeri\/#primaryimage\"},\"image\":{\"@id\":\"https:\/\/estover.ee\/en\/tooted\/cheese\/estonian-cheese\/traditional-estonian-cheese-kopeeri-kopeeri-kopeeri-kopeeri-kopeeri\/#primaryimage\"},\"thumbnailUrl\":\"https:\/\/estover.ee\/wp-content\/uploads\/2023\/02\/101730-Eesti-Juust-252-viilutatud-kg-v2-scaled.jpg\",\"datePublished\":\"2023-02-10T15:51:39+00:00\",\"dateModified\":\"2024-02-13T14:40:54+00:00\",\"breadcrumb\":{\"@id\":\"https:\/\/estover.ee\/en\/tooted\/cheese\/estonian-cheese\/traditional-estonian-cheese-kopeeri-kopeeri-kopeeri-kopeeri-kopeeri\/#breadcrumb\"},\"inLanguage\":\"en-US\",\"potentialAction\":[{\"@type\":\"ReadAction\",\"target\":[\"https:\/\/estover.ee\/en\/tooted\/cheese\/estonian-cheese\/traditional-estonian-cheese-kopeeri-kopeeri-kopeeri-kopeeri-kopeeri\/\"]}]},{\"@type\":\"ImageObject\",\"inLanguage\":\"en-US\",\"@id\":\"https:\/\/estover.ee\/en\/tooted\/cheese\/estonian-cheese\/traditional-estonian-cheese-kopeeri-kopeeri-kopeeri-kopeeri-kopeeri\/#primaryimage\",\"url\":\"https:\/\/estover.ee\/wp-content\/uploads\/2023\/02\/101730-Eesti-Juust-252-viilutatud-kg-v2-scaled.jpg\",\"contentUrl\":\"https:\/\/estover.ee\/wp-content\/uploads\/2023\/02\/101730-Eesti-Juust-252-viilutatud-kg-v2-scaled.jpg\",\"width\":2560,\"height\":1707},{\"@type\":\"BreadcrumbList\",\"@id\":\"https:\/\/estover.ee\/en\/tooted\/cheese\/estonian-cheese\/traditional-estonian-cheese-kopeeri-kopeeri-kopeeri-kopeeri-kopeeri\/#breadcrumb\",\"itemListElement\":[{\"@type\":\"ListItem\",\"position\":1,\"name\":\"Home\",\"item\":\"https:\/\/estover.ee\/en\/\"},{\"@type\":\"ListItem\",\"position\":2,\"name\":\"Products\",\"item\":\"https:\/\/estover.ee\/en\/products\/\"},{\"@type\":\"ListItem\",\"position\":3,\"name\":\"Traditional Estonian Cheese Eesti Juust 1kg, sliced\"}]},{\"@type\":\"WebSite\",\"@id\":\"https:\/\/estover.ee\/en\/#website\",\"url\":\"https:\/\/estover.ee\/en\/\",\"name\":\"Estover\",\"description\":\"Piimat\u00f6\u00f6stus\",\"publisher\":{\"@id\":\"https:\/\/estover.ee\/en\/#organization\"},\"potentialAction\":[{\"@type\":\"SearchAction\",\"target\":{\"@type\":\"EntryPoint\",\"urlTemplate\":\"https:\/\/estover.ee\/en\/?s={search_term_string}\"},\"query-input\":{\"@type\":\"PropertyValueSpecification\",\"valueRequired\":true,\"valueName\":\"search_term_string\"}}],\"inLanguage\":\"en-US\"},{\"@type\":\"Organization\",\"@id\":\"https:\/\/estover.ee\/en\/#organization\",\"name\":\"Estover\",\"url\":\"https:\/\/estover.ee\/en\/\",\"logo\":{\"@type\":\"ImageObject\",\"inLanguage\":\"en-US\",\"@id\":\"https:\/\/estover.ee\/en\/#\/schema\/logo\/image\/\",\"url\":\"https:\/\/estover.ee\/wp-content\/uploads\/2022\/12\/estover_logo.png\",\"contentUrl\":\"https:\/\/estover.ee\/wp-content\/uploads\/2022\/12\/estover_logo.png\",\"width\":167,\"height\":125,\"caption\":\"Estover\"},\"image\":{\"@id\":\"https:\/\/estover.ee\/en\/#\/schema\/logo\/image\/\"},\"sameAs\":[\"https:\/\/www.facebook.com\/estoverpiimatoostus\",\"https:\/\/www.instagram.com\/estovereesti\/\"]}]}<\/script>\n<!-- \/ Yoast SEO plugin. -->","yoast_head_json":{"title":"Traditional Estonian Cheese Eesti Juust 1kg, sliced - Estover","robots":{"index":"index","follow":"follow","max-snippet":"max-snippet:-1","max-image-preview":"max-image-preview:large","max-video-preview":"max-video-preview:-1"},"canonical":"https:\/\/estover.ee\/en\/tooted\/cheese\/estonian-cheese\/traditional-estonian-cheese-kopeeri-kopeeri-kopeeri-kopeeri-kopeeri\/","og_locale":"en_US","og_type":"article","og_title":"Traditional Estonian Cheese Eesti Juust 1kg, sliced - Estover","og_description":"Traditional Estonian Cheese is a cylindrical Dutch-type rennet cheese. The best-known quality cheese in Estonia, which has been produced since 1958. Mild, slightly sour taste and smell, full fat and high calcium content. The consistency of the cheese is semi-hard, elastic and easy to slice, unevenly distributed with individual 3-5 mm diameter oval or round holes. No animal rennet is used in the production, suitable for vegetarians. It is recommended to keep the cheese at room temperature for at least 30min before serving.  Ingredients PASTEURIZED MILK, cheese culture, salt, rennet, additives (calcium chloride, potassium nitrate).  Nutrient value per 100g Energy 1388 kJ \/ 334 kcal; fat 25 g, of which saturated fatty acids 16,4 g; carbohydrates &lt; 1 g, of which sugar &lt; 0,5 g; protein 27 g; salt 1,4 g  Brand Traditional Estonian Cheese Manufacturer O\u00dc Estover Piimat\u00f6\u00f6stus Kaarlij\u00e4rve Meierei  Product image","og_url":"https:\/\/estover.ee\/en\/tooted\/cheese\/estonian-cheese\/traditional-estonian-cheese-kopeeri-kopeeri-kopeeri-kopeeri-kopeeri\/","og_site_name":"Estover","article_publisher":"https:\/\/www.facebook.com\/estoverpiimatoostus","article_modified_time":"2024-02-13T14:40:54+00:00","og_image":[{"width":2560,"height":1707,"url":"https:\/\/estover.ee\/wp-content\/uploads\/2023\/02\/101730-Eesti-Juust-252-viilutatud-kg-v2-scaled.jpg","type":"image\/jpeg"}],"twitter_card":"summary_large_image","schema":{"@context":"https:\/\/schema.org","@graph":[{"@type":"WebPage","@id":"https:\/\/estover.ee\/en\/tooted\/cheese\/estonian-cheese\/traditional-estonian-cheese-kopeeri-kopeeri-kopeeri-kopeeri-kopeeri\/","url":"https:\/\/estover.ee\/en\/tooted\/cheese\/estonian-cheese\/traditional-estonian-cheese-kopeeri-kopeeri-kopeeri-kopeeri-kopeeri\/","name":"Traditional Estonian Cheese Eesti Juust 1kg, sliced - Estover","isPartOf":{"@id":"https:\/\/estover.ee\/en\/#website"},"primaryImageOfPage":{"@id":"https:\/\/estover.ee\/en\/tooted\/cheese\/estonian-cheese\/traditional-estonian-cheese-kopeeri-kopeeri-kopeeri-kopeeri-kopeeri\/#primaryimage"},"image":{"@id":"https:\/\/estover.ee\/en\/tooted\/cheese\/estonian-cheese\/traditional-estonian-cheese-kopeeri-kopeeri-kopeeri-kopeeri-kopeeri\/#primaryimage"},"thumbnailUrl":"https:\/\/estover.ee\/wp-content\/uploads\/2023\/02\/101730-Eesti-Juust-252-viilutatud-kg-v2-scaled.jpg","datePublished":"2023-02-10T15:51:39+00:00","dateModified":"2024-02-13T14:40:54+00:00","breadcrumb":{"@id":"https:\/\/estover.ee\/en\/tooted\/cheese\/estonian-cheese\/traditional-estonian-cheese-kopeeri-kopeeri-kopeeri-kopeeri-kopeeri\/#breadcrumb"},"inLanguage":"en-US","potentialAction":[{"@type":"ReadAction","target":["https:\/\/estover.ee\/en\/tooted\/cheese\/estonian-cheese\/traditional-estonian-cheese-kopeeri-kopeeri-kopeeri-kopeeri-kopeeri\/"]}]},{"@type":"ImageObject","inLanguage":"en-US","@id":"https:\/\/estover.ee\/en\/tooted\/cheese\/estonian-cheese\/traditional-estonian-cheese-kopeeri-kopeeri-kopeeri-kopeeri-kopeeri\/#primaryimage","url":"https:\/\/estover.ee\/wp-content\/uploads\/2023\/02\/101730-Eesti-Juust-252-viilutatud-kg-v2-scaled.jpg","contentUrl":"https:\/\/estover.ee\/wp-content\/uploads\/2023\/02\/101730-Eesti-Juust-252-viilutatud-kg-v2-scaled.jpg","width":2560,"height":1707},{"@type":"BreadcrumbList","@id":"https:\/\/estover.ee\/en\/tooted\/cheese\/estonian-cheese\/traditional-estonian-cheese-kopeeri-kopeeri-kopeeri-kopeeri-kopeeri\/#breadcrumb","itemListElement":[{"@type":"ListItem","position":1,"name":"Home","item":"https:\/\/estover.ee\/en\/"},{"@type":"ListItem","position":2,"name":"Products","item":"https:\/\/estover.ee\/en\/products\/"},{"@type":"ListItem","position":3,"name":"Traditional Estonian Cheese Eesti Juust 1kg, sliced"}]},{"@type":"WebSite","@id":"https:\/\/estover.ee\/en\/#website","url":"https:\/\/estover.ee\/en\/","name":"Estover","description":"Piimat\u00f6\u00f6stus","publisher":{"@id":"https:\/\/estover.ee\/en\/#organization"},"potentialAction":[{"@type":"SearchAction","target":{"@type":"EntryPoint","urlTemplate":"https:\/\/estover.ee\/en\/?s={search_term_string}"},"query-input":{"@type":"PropertyValueSpecification","valueRequired":true,"valueName":"search_term_string"}}],"inLanguage":"en-US"},{"@type":"Organization","@id":"https:\/\/estover.ee\/en\/#organization","name":"Estover","url":"https:\/\/estover.ee\/en\/","logo":{"@type":"ImageObject","inLanguage":"en-US","@id":"https:\/\/estover.ee\/en\/#\/schema\/logo\/image\/","url":"https:\/\/estover.ee\/wp-content\/uploads\/2022\/12\/estover_logo.png","contentUrl":"https:\/\/estover.ee\/wp-content\/uploads\/2022\/12\/estover_logo.png","width":167,"height":125,"caption":"Estover"},"image":{"@id":"https:\/\/estover.ee\/en\/#\/schema\/logo\/image\/"},"sameAs":["https:\/\/www.facebook.com\/estoverpiimatoostus","https:\/\/www.instagram.com\/estovereesti\/"]}]}},"_links":{"self":[{"href":"https:\/\/estover.ee\/en\/wp-json\/wp\/v2\/product\/3941","targetHints":{"allow":["GET"]}}],"collection":[{"href":"https:\/\/estover.ee\/en\/wp-json\/wp\/v2\/product"}],"about":[{"href":"https:\/\/estover.ee\/en\/wp-json\/wp\/v2\/types\/product"}],"wp:featuredmedia":[{"embeddable":true,"href":"https:\/\/estover.ee\/en\/wp-json\/wp\/v2\/media\/3900"}],"wp:attachment":[{"href":"https:\/\/estover.ee\/en\/wp-json\/wp\/v2\/media?parent=3941"}],"wp:term":[{"taxonomy":"product_brand","embeddable":true,"href":"https:\/\/estover.ee\/en\/wp-json\/wp\/v2\/product_brand?post=3941"},{"taxonomy":"product_cat","embeddable":true,"href":"https:\/\/estover.ee\/en\/wp-json\/wp\/v2\/product_cat?post=3941"},{"taxonomy":"product_tag","embeddable":true,"href":"https:\/\/estover.ee\/en\/wp-json\/wp\/v2\/product_tag?post=3941"}],"curies":[{"name":"wp","href":"https:\/\/api.w.org\/{rel}","templated":true}]}}