{"id":3950,"date":"2023-02-10T15:54:27","date_gmt":"2023-02-10T15:54:27","guid":{"rendered":"https:\/\/estover.ee\/?post_type=product&#038;p=3950"},"modified":"2024-07-08T07:31:45","modified_gmt":"2024-07-08T07:31:45","slug":"vene-juust-viilutatud-500-g-2","status":"publish","type":"product","link":"https:\/\/estover.ee\/en\/tooted\/cheese\/russian-cheese\/vene-juust-viilutatud-500-g-2\/","title":{"rendered":"Tilsiter-type Cheese Vene Juust 500g, sliced"},"content":{"rendered":"","protected":false},"excerpt":{"rendered":"<p>Russian cheese is a type of cheese characterized by a slightly salty taste, it is a full-fat tilsiter type rennet cheese. It has a mild, slightly sour taste and contains a high level of calcium. Medium density in consistency, easy to slice, with &#8220;uneven lacy&#8221; perforation typical of tilsiter. No animal rennet is used in the production, suitable for vegetarians. It is recommended to keep the cheese at room temperature for at least 30 min before serving. The cheese is produced in Estover Kaarlij\u00e4rve Meierei Dairy Factory in Estonia by diligent milk masters.<\/p>\n<p><strong>Ingredients<\/strong><br \/>\nPASTEURIZED MILK, bacterial starter, salt, rennet, thickener calcium chloride, preservative potassium nitrate.<\/p>\n<p><strong>Nutrient value per 100g<\/strong><br \/>\nEnergy 1454 kJ \/ 351 kcal; fat 29 g, of which saturated fatty acids 18 g; carbohydrates &lt;&lt;1,0 g, of which sugar &lt;0,5 g; protein 24 g; salt 1,4 g &lt;<\/p>\n<p><strong>Brand<\/strong><br \/>\nRussian Cheese<\/p>\n<p><strong>Manufacturer<\/strong><br \/>\nO\u00dc Estover Piimat\u00f6\u00f6stus Kaarlij\u00e4rve Meierei<\/p>\n<p><a href=\"https:\/\/estover.ee\/wp-content\/uploads\/2023\/02\/4740572001758-Vene-juust-viilutatud-500g-1-scaled.jpg\" target=\"_blank\" rel=\"noopener\">Product image<\/a><\/p>\n","protected":false},"featured_media":5640,"template":"","meta":{"inline_featured_image":false},"product_brand":[],"product_cat":[115],"product_tag":[],"class_list":{"0":"post-3950","1":"product","2":"type-product","3":"status-publish","4":"has-post-thumbnail","6":"product_cat-russian-cheese","8":"first","9":"instock","10":"product-type-simple"},"yoast_head":"<!-- This site is optimized with the Yoast SEO plugin v27.2 - https:\/\/yoast.com\/product\/yoast-seo-wordpress\/ -->\n<title>Tilsiter-type Cheese Vene Juust 500g, sliced - Estover<\/title>\n<meta name=\"robots\" content=\"index, follow, max-snippet:-1, max-image-preview:large, max-video-preview:-1\" \/>\n<link rel=\"canonical\" href=\"https:\/\/estover.ee\/en\/tooted\/cheese\/russian-cheese\/vene-juust-viilutatud-500-g-2\/\" \/>\n<meta property=\"og:locale\" content=\"en_US\" \/>\n<meta property=\"og:type\" content=\"article\" \/>\n<meta property=\"og:title\" content=\"Tilsiter-type Cheese Vene Juust 500g, sliced - Estover\" \/>\n<meta property=\"og:description\" content=\"Russian cheese is a type of cheese characterized by a slightly salty taste, it is a full-fat tilsiter type rennet cheese. It has a mild, slightly sour taste and contains a high level of calcium. Medium density in consistency, easy to slice, with &quot;uneven lacy&quot; perforation typical of tilsiter. No animal rennet is used in the production, suitable for vegetarians. It is recommended to keep the cheese at room temperature for at least 30 min before serving. The cheese is produced in Estover Kaarlij\u00e4rve Meierei Dairy Factory in Estonia by diligent milk masters.  Ingredients PASTEURIZED MILK, bacterial starter, salt, rennet, thickener calcium chloride, preservative potassium nitrate.  Nutrient value per 100g Energy 1454 kJ \/ 351 kcal; fat 29 g, of which saturated fatty acids 18 g; carbohydrates &lt;&lt;1,0 g, of which sugar &lt;0,5 g; protein 24 g; salt 1,4 g &lt;  Brand Russian Cheese  Manufacturer O\u00dc Estover Piimat\u00f6\u00f6stus Kaarlij\u00e4rve Meierei  Product image\" \/>\n<meta property=\"og:url\" content=\"https:\/\/estover.ee\/en\/tooted\/cheese\/russian-cheese\/vene-juust-viilutatud-500-g-2\/\" \/>\n<meta property=\"og:site_name\" content=\"Estover\" \/>\n<meta property=\"article:publisher\" content=\"https:\/\/www.facebook.com\/estoverpiimatoostus\" \/>\n<meta property=\"article:modified_time\" content=\"2024-07-08T07:31:45+00:00\" \/>\n<meta property=\"og:image\" content=\"https:\/\/estover.ee\/wp-content\/uploads\/2023\/02\/4740572001758-Vene-juust-viilutatud-500g-1-scaled.jpg\" \/>\n\t<meta property=\"og:image:width\" content=\"2560\" \/>\n\t<meta property=\"og:image:height\" content=\"1707\" \/>\n\t<meta property=\"og:image:type\" content=\"image\/jpeg\" \/>\n<meta name=\"twitter:card\" content=\"summary_large_image\" \/>\n<meta name=\"twitter:label1\" content=\"Est. reading time\" \/>\n\t<meta name=\"twitter:data1\" content=\"1 minute\" \/>\n<script type=\"application\/ld+json\" class=\"yoast-schema-graph\">{\"@context\":\"https:\/\/schema.org\",\"@graph\":[{\"@type\":\"WebPage\",\"@id\":\"https:\/\/estover.ee\/en\/tooted\/cheese\/russian-cheese\/vene-juust-viilutatud-500-g-2\/\",\"url\":\"https:\/\/estover.ee\/en\/tooted\/cheese\/russian-cheese\/vene-juust-viilutatud-500-g-2\/\",\"name\":\"Tilsiter-type Cheese Vene Juust 500g, sliced - Estover\",\"isPartOf\":{\"@id\":\"https:\/\/estover.ee\/en\/#website\"},\"primaryImageOfPage\":{\"@id\":\"https:\/\/estover.ee\/en\/tooted\/cheese\/russian-cheese\/vene-juust-viilutatud-500-g-2\/#primaryimage\"},\"image\":{\"@id\":\"https:\/\/estover.ee\/en\/tooted\/cheese\/russian-cheese\/vene-juust-viilutatud-500-g-2\/#primaryimage\"},\"thumbnailUrl\":\"https:\/\/estover.ee\/wp-content\/uploads\/2023\/02\/4740572001758-Vene-juust-viilutatud-500g-1-scaled.jpg\",\"datePublished\":\"2023-02-10T15:54:27+00:00\",\"dateModified\":\"2024-07-08T07:31:45+00:00\",\"breadcrumb\":{\"@id\":\"https:\/\/estover.ee\/en\/tooted\/cheese\/russian-cheese\/vene-juust-viilutatud-500-g-2\/#breadcrumb\"},\"inLanguage\":\"en-US\",\"potentialAction\":[{\"@type\":\"ReadAction\",\"target\":[\"https:\/\/estover.ee\/en\/tooted\/cheese\/russian-cheese\/vene-juust-viilutatud-500-g-2\/\"]}]},{\"@type\":\"ImageObject\",\"inLanguage\":\"en-US\",\"@id\":\"https:\/\/estover.ee\/en\/tooted\/cheese\/russian-cheese\/vene-juust-viilutatud-500-g-2\/#primaryimage\",\"url\":\"https:\/\/estover.ee\/wp-content\/uploads\/2023\/02\/4740572001758-Vene-juust-viilutatud-500g-1-scaled.jpg\",\"contentUrl\":\"https:\/\/estover.ee\/wp-content\/uploads\/2023\/02\/4740572001758-Vene-juust-viilutatud-500g-1-scaled.jpg\",\"width\":2560,\"height\":1707},{\"@type\":\"BreadcrumbList\",\"@id\":\"https:\/\/estover.ee\/en\/tooted\/cheese\/russian-cheese\/vene-juust-viilutatud-500-g-2\/#breadcrumb\",\"itemListElement\":[{\"@type\":\"ListItem\",\"position\":1,\"name\":\"Home\",\"item\":\"https:\/\/estover.ee\/en\/\"},{\"@type\":\"ListItem\",\"position\":2,\"name\":\"Products\",\"item\":\"https:\/\/estover.ee\/en\/products\/\"},{\"@type\":\"ListItem\",\"position\":3,\"name\":\"Tilsiter-type Cheese Vene Juust 500g, sliced\"}]},{\"@type\":\"WebSite\",\"@id\":\"https:\/\/estover.ee\/en\/#website\",\"url\":\"https:\/\/estover.ee\/en\/\",\"name\":\"Estover\",\"description\":\"Piimat\u00f6\u00f6stus\",\"publisher\":{\"@id\":\"https:\/\/estover.ee\/en\/#organization\"},\"potentialAction\":[{\"@type\":\"SearchAction\",\"target\":{\"@type\":\"EntryPoint\",\"urlTemplate\":\"https:\/\/estover.ee\/en\/?s={search_term_string}\"},\"query-input\":{\"@type\":\"PropertyValueSpecification\",\"valueRequired\":true,\"valueName\":\"search_term_string\"}}],\"inLanguage\":\"en-US\"},{\"@type\":\"Organization\",\"@id\":\"https:\/\/estover.ee\/en\/#organization\",\"name\":\"Estover\",\"url\":\"https:\/\/estover.ee\/en\/\",\"logo\":{\"@type\":\"ImageObject\",\"inLanguage\":\"en-US\",\"@id\":\"https:\/\/estover.ee\/en\/#\/schema\/logo\/image\/\",\"url\":\"https:\/\/estover.ee\/wp-content\/uploads\/2022\/12\/estover_logo.png\",\"contentUrl\":\"https:\/\/estover.ee\/wp-content\/uploads\/2022\/12\/estover_logo.png\",\"width\":167,\"height\":125,\"caption\":\"Estover\"},\"image\":{\"@id\":\"https:\/\/estover.ee\/en\/#\/schema\/logo\/image\/\"},\"sameAs\":[\"https:\/\/www.facebook.com\/estoverpiimatoostus\",\"https:\/\/www.instagram.com\/estovereesti\/\"]}]}<\/script>\n<!-- \/ Yoast SEO plugin. -->","yoast_head_json":{"title":"Tilsiter-type Cheese Vene Juust 500g, sliced - Estover","robots":{"index":"index","follow":"follow","max-snippet":"max-snippet:-1","max-image-preview":"max-image-preview:large","max-video-preview":"max-video-preview:-1"},"canonical":"https:\/\/estover.ee\/en\/tooted\/cheese\/russian-cheese\/vene-juust-viilutatud-500-g-2\/","og_locale":"en_US","og_type":"article","og_title":"Tilsiter-type Cheese Vene Juust 500g, sliced - Estover","og_description":"Russian cheese is a type of cheese characterized by a slightly salty taste, it is a full-fat tilsiter type rennet cheese. It has a mild, slightly sour taste and contains a high level of calcium. Medium density in consistency, easy to slice, with \"uneven lacy\" perforation typical of tilsiter. No animal rennet is used in the production, suitable for vegetarians. It is recommended to keep the cheese at room temperature for at least 30 min before serving. The cheese is produced in Estover Kaarlij\u00e4rve Meierei Dairy Factory in Estonia by diligent milk masters.  Ingredients PASTEURIZED MILK, bacterial starter, salt, rennet, thickener calcium chloride, preservative potassium nitrate.  Nutrient value per 100g Energy 1454 kJ \/ 351 kcal; fat 29 g, of which saturated fatty acids 18 g; carbohydrates &lt;&lt;1,0 g, of which sugar &lt;0,5 g; protein 24 g; salt 1,4 g &lt;  Brand Russian Cheese  Manufacturer O\u00dc Estover Piimat\u00f6\u00f6stus Kaarlij\u00e4rve Meierei  Product image","og_url":"https:\/\/estover.ee\/en\/tooted\/cheese\/russian-cheese\/vene-juust-viilutatud-500-g-2\/","og_site_name":"Estover","article_publisher":"https:\/\/www.facebook.com\/estoverpiimatoostus","article_modified_time":"2024-07-08T07:31:45+00:00","og_image":[{"width":2560,"height":1707,"url":"https:\/\/estover.ee\/wp-content\/uploads\/2023\/02\/4740572001758-Vene-juust-viilutatud-500g-1-scaled.jpg","type":"image\/jpeg"}],"twitter_card":"summary_large_image","twitter_misc":{"Est. reading time":"1 minute"},"schema":{"@context":"https:\/\/schema.org","@graph":[{"@type":"WebPage","@id":"https:\/\/estover.ee\/en\/tooted\/cheese\/russian-cheese\/vene-juust-viilutatud-500-g-2\/","url":"https:\/\/estover.ee\/en\/tooted\/cheese\/russian-cheese\/vene-juust-viilutatud-500-g-2\/","name":"Tilsiter-type Cheese Vene Juust 500g, sliced - Estover","isPartOf":{"@id":"https:\/\/estover.ee\/en\/#website"},"primaryImageOfPage":{"@id":"https:\/\/estover.ee\/en\/tooted\/cheese\/russian-cheese\/vene-juust-viilutatud-500-g-2\/#primaryimage"},"image":{"@id":"https:\/\/estover.ee\/en\/tooted\/cheese\/russian-cheese\/vene-juust-viilutatud-500-g-2\/#primaryimage"},"thumbnailUrl":"https:\/\/estover.ee\/wp-content\/uploads\/2023\/02\/4740572001758-Vene-juust-viilutatud-500g-1-scaled.jpg","datePublished":"2023-02-10T15:54:27+00:00","dateModified":"2024-07-08T07:31:45+00:00","breadcrumb":{"@id":"https:\/\/estover.ee\/en\/tooted\/cheese\/russian-cheese\/vene-juust-viilutatud-500-g-2\/#breadcrumb"},"inLanguage":"en-US","potentialAction":[{"@type":"ReadAction","target":["https:\/\/estover.ee\/en\/tooted\/cheese\/russian-cheese\/vene-juust-viilutatud-500-g-2\/"]}]},{"@type":"ImageObject","inLanguage":"en-US","@id":"https:\/\/estover.ee\/en\/tooted\/cheese\/russian-cheese\/vene-juust-viilutatud-500-g-2\/#primaryimage","url":"https:\/\/estover.ee\/wp-content\/uploads\/2023\/02\/4740572001758-Vene-juust-viilutatud-500g-1-scaled.jpg","contentUrl":"https:\/\/estover.ee\/wp-content\/uploads\/2023\/02\/4740572001758-Vene-juust-viilutatud-500g-1-scaled.jpg","width":2560,"height":1707},{"@type":"BreadcrumbList","@id":"https:\/\/estover.ee\/en\/tooted\/cheese\/russian-cheese\/vene-juust-viilutatud-500-g-2\/#breadcrumb","itemListElement":[{"@type":"ListItem","position":1,"name":"Home","item":"https:\/\/estover.ee\/en\/"},{"@type":"ListItem","position":2,"name":"Products","item":"https:\/\/estover.ee\/en\/products\/"},{"@type":"ListItem","position":3,"name":"Tilsiter-type Cheese Vene Juust 500g, sliced"}]},{"@type":"WebSite","@id":"https:\/\/estover.ee\/en\/#website","url":"https:\/\/estover.ee\/en\/","name":"Estover","description":"Piimat\u00f6\u00f6stus","publisher":{"@id":"https:\/\/estover.ee\/en\/#organization"},"potentialAction":[{"@type":"SearchAction","target":{"@type":"EntryPoint","urlTemplate":"https:\/\/estover.ee\/en\/?s={search_term_string}"},"query-input":{"@type":"PropertyValueSpecification","valueRequired":true,"valueName":"search_term_string"}}],"inLanguage":"en-US"},{"@type":"Organization","@id":"https:\/\/estover.ee\/en\/#organization","name":"Estover","url":"https:\/\/estover.ee\/en\/","logo":{"@type":"ImageObject","inLanguage":"en-US","@id":"https:\/\/estover.ee\/en\/#\/schema\/logo\/image\/","url":"https:\/\/estover.ee\/wp-content\/uploads\/2022\/12\/estover_logo.png","contentUrl":"https:\/\/estover.ee\/wp-content\/uploads\/2022\/12\/estover_logo.png","width":167,"height":125,"caption":"Estover"},"image":{"@id":"https:\/\/estover.ee\/en\/#\/schema\/logo\/image\/"},"sameAs":["https:\/\/www.facebook.com\/estoverpiimatoostus","https:\/\/www.instagram.com\/estovereesti\/"]}]}},"_links":{"self":[{"href":"https:\/\/estover.ee\/en\/wp-json\/wp\/v2\/product\/3950","targetHints":{"allow":["GET"]}}],"collection":[{"href":"https:\/\/estover.ee\/en\/wp-json\/wp\/v2\/product"}],"about":[{"href":"https:\/\/estover.ee\/en\/wp-json\/wp\/v2\/types\/product"}],"wp:featuredmedia":[{"embeddable":true,"href":"https:\/\/estover.ee\/en\/wp-json\/wp\/v2\/media\/5640"}],"wp:attachment":[{"href":"https:\/\/estover.ee\/en\/wp-json\/wp\/v2\/media?parent=3950"}],"wp:term":[{"taxonomy":"product_brand","embeddable":true,"href":"https:\/\/estover.ee\/en\/wp-json\/wp\/v2\/product_brand?post=3950"},{"taxonomy":"product_cat","embeddable":true,"href":"https:\/\/estover.ee\/en\/wp-json\/wp\/v2\/product_cat?post=3950"},{"taxonomy":"product_tag","embeddable":true,"href":"https:\/\/estover.ee\/en\/wp-json\/wp\/v2\/product_tag?post=3950"}],"curies":[{"name":"wp","href":"https:\/\/api.w.org\/{rel}","templated":true}]}}