{"id":3957,"date":"2023-02-10T16:18:06","date_gmt":"2023-02-10T16:18:06","guid":{"rendered":"https:\/\/estover.ee\/tooted\/uncategorized\/dutch-bread-cheese-sliced-150-g\/"},"modified":"2024-02-13T14:39:38","modified_gmt":"2024-02-13T14:39:38","slug":"dutch-type-cheese-hollandi-leibjuust-150-g","status":"publish","type":"product","link":"https:\/\/estover.ee\/en\/tooted\/cheese\/dutch-type-cheese-hollandi-leibjuust\/dutch-type-cheese-hollandi-leibjuust-150-g\/","title":{"rendered":"Dutch-type Cheese Hollandi Leibjuust 150g, sliced"},"content":{"rendered":"","protected":false},"excerpt":{"rendered":"<p>Classic Dutch-type full-fat, semi-hard rennet cheese. It has a mild, slightly sour taste and contains a high level of calcium. Dense in consistency and easy to slice, unevenly distributed with small oval holes. No animal rennet is used in the production, suitable for vegetarians. It is recommended to keep the cheese at room temperature for at least 30 min before serving.<\/p>\n<p>&nbsp;<\/p>\n<p><strong>Ingredients<\/strong><br \/>\nPASTEURIZED MILK, bacterial starter, salt, rennet, thickener calcium chloride, preservative potassium nitrate<\/p>\n<p><strong>100g of the product contains<\/strong><br \/>\nEnergy 1388 kJ \/ 334 kcal, fats 25 g including saturated fatty acids 16 g, carbohydrates &lt; 1.0 g including sugars&lt; 0.5 g, proteins 27 g, salt 1.4 g.<\/p>\n<p><strong>Brand<\/strong><br \/>\nDutch-type Cheese Hollandi Leibjuust<\/p>\n<p><strong>Manufacturer<\/strong><br \/>\nO\u00dc Estover Piimat\u00f6\u00f6stus Kaarlij\u00e4rve Meierei<\/p>\n<p><a href=\"https:\/\/estover.ee\/wp-content\/uploads\/2023\/02\/101418-Hollandi-Leibjuust-252-viilutatud-150g-800-px.jpg\" target=\"_blank\" rel=\"noopener\">Product image<\/a><\/p>\n","protected":false},"featured_media":3954,"template":"","meta":{"inline_featured_image":false},"product_brand":[],"product_cat":[113,146],"product_tag":[],"class_list":{"0":"post-3957","1":"product","2":"type-product","3":"status-publish","4":"has-post-thumbnail","6":"product_cat-cheese","7":"product_cat-dutch-type-cheese-hollandi-leibjuust","9":"first","10":"instock","11":"shipping-taxable","12":"product-type-simple"},"yoast_head":"<!-- This site is optimized with the Yoast SEO plugin v27.2 - https:\/\/yoast.com\/product\/yoast-seo-wordpress\/ -->\n<title>Dutch-type Cheese Hollandi Leibjuust 150g, sliced - Estover<\/title>\n<meta name=\"robots\" content=\"index, follow, max-snippet:-1, max-image-preview:large, max-video-preview:-1\" \/>\n<link rel=\"canonical\" href=\"https:\/\/estover.ee\/en\/tooted\/cheese\/dutch-type-cheese-hollandi-leibjuust\/dutch-type-cheese-hollandi-leibjuust-150-g\/\" \/>\n<meta property=\"og:locale\" content=\"en_US\" \/>\n<meta property=\"og:type\" content=\"article\" \/>\n<meta property=\"og:title\" content=\"Dutch-type Cheese Hollandi Leibjuust 150g, sliced - Estover\" \/>\n<meta property=\"og:description\" content=\"Classic Dutch-type full-fat, semi-hard rennet cheese. It has a mild, slightly sour taste and contains a high level of calcium. Dense in consistency and easy to slice, unevenly distributed with small oval holes. No animal rennet is used in the production, suitable for vegetarians. It is recommended to keep the cheese at room temperature for at least 30 min before serving.  &nbsp;  Ingredients PASTEURIZED MILK, bacterial starter, salt, rennet, thickener calcium chloride, preservative potassium nitrate  100g of the product contains Energy 1388 kJ \/ 334 kcal, fats 25 g including saturated fatty acids 16 g, carbohydrates &lt; 1.0 g including sugars&lt; 0.5 g, proteins 27 g, salt 1.4 g.  Brand Dutch-type Cheese Hollandi Leibjuust  Manufacturer O\u00dc Estover Piimat\u00f6\u00f6stus Kaarlij\u00e4rve Meierei  Product image\" \/>\n<meta property=\"og:url\" content=\"https:\/\/estover.ee\/en\/tooted\/cheese\/dutch-type-cheese-hollandi-leibjuust\/dutch-type-cheese-hollandi-leibjuust-150-g\/\" \/>\n<meta property=\"og:site_name\" content=\"Estover\" \/>\n<meta property=\"article:publisher\" content=\"https:\/\/www.facebook.com\/estoverpiimatoostus\" \/>\n<meta property=\"article:modified_time\" content=\"2024-02-13T14:39:38+00:00\" \/>\n<meta property=\"og:image\" content=\"https:\/\/estover.ee\/wp-content\/uploads\/2023\/02\/101418-Hollandi-Leibjuust-252-viilutatud-150g-800-px.jpg\" \/>\n\t<meta property=\"og:image:width\" content=\"800\" \/>\n\t<meta property=\"og:image:height\" content=\"533\" \/>\n\t<meta property=\"og:image:type\" content=\"image\/jpeg\" \/>\n<meta name=\"twitter:card\" content=\"summary_large_image\" \/>\n<script type=\"application\/ld+json\" class=\"yoast-schema-graph\">{\"@context\":\"https:\/\/schema.org\",\"@graph\":[{\"@type\":\"WebPage\",\"@id\":\"https:\/\/estover.ee\/en\/tooted\/cheese\/dutch-type-cheese-hollandi-leibjuust\/dutch-type-cheese-hollandi-leibjuust-150-g\/\",\"url\":\"https:\/\/estover.ee\/en\/tooted\/cheese\/dutch-type-cheese-hollandi-leibjuust\/dutch-type-cheese-hollandi-leibjuust-150-g\/\",\"name\":\"Dutch-type Cheese Hollandi Leibjuust 150g, sliced - Estover\",\"isPartOf\":{\"@id\":\"https:\/\/estover.ee\/en\/#website\"},\"primaryImageOfPage\":{\"@id\":\"https:\/\/estover.ee\/en\/tooted\/cheese\/dutch-type-cheese-hollandi-leibjuust\/dutch-type-cheese-hollandi-leibjuust-150-g\/#primaryimage\"},\"image\":{\"@id\":\"https:\/\/estover.ee\/en\/tooted\/cheese\/dutch-type-cheese-hollandi-leibjuust\/dutch-type-cheese-hollandi-leibjuust-150-g\/#primaryimage\"},\"thumbnailUrl\":\"https:\/\/estover.ee\/wp-content\/uploads\/2023\/02\/101418-Hollandi-Leibjuust-252-viilutatud-150g-800-px.jpg\",\"datePublished\":\"2023-02-10T16:18:06+00:00\",\"dateModified\":\"2024-02-13T14:39:38+00:00\",\"breadcrumb\":{\"@id\":\"https:\/\/estover.ee\/en\/tooted\/cheese\/dutch-type-cheese-hollandi-leibjuust\/dutch-type-cheese-hollandi-leibjuust-150-g\/#breadcrumb\"},\"inLanguage\":\"en-US\",\"potentialAction\":[{\"@type\":\"ReadAction\",\"target\":[\"https:\/\/estover.ee\/en\/tooted\/cheese\/dutch-type-cheese-hollandi-leibjuust\/dutch-type-cheese-hollandi-leibjuust-150-g\/\"]}]},{\"@type\":\"ImageObject\",\"inLanguage\":\"en-US\",\"@id\":\"https:\/\/estover.ee\/en\/tooted\/cheese\/dutch-type-cheese-hollandi-leibjuust\/dutch-type-cheese-hollandi-leibjuust-150-g\/#primaryimage\",\"url\":\"https:\/\/estover.ee\/wp-content\/uploads\/2023\/02\/101418-Hollandi-Leibjuust-252-viilutatud-150g-800-px.jpg\",\"contentUrl\":\"https:\/\/estover.ee\/wp-content\/uploads\/2023\/02\/101418-Hollandi-Leibjuust-252-viilutatud-150g-800-px.jpg\",\"width\":800,\"height\":533},{\"@type\":\"BreadcrumbList\",\"@id\":\"https:\/\/estover.ee\/en\/tooted\/cheese\/dutch-type-cheese-hollandi-leibjuust\/dutch-type-cheese-hollandi-leibjuust-150-g\/#breadcrumb\",\"itemListElement\":[{\"@type\":\"ListItem\",\"position\":1,\"name\":\"Home\",\"item\":\"https:\/\/estover.ee\/en\/\"},{\"@type\":\"ListItem\",\"position\":2,\"name\":\"Products\",\"item\":\"https:\/\/estover.ee\/en\/products\/\"},{\"@type\":\"ListItem\",\"position\":3,\"name\":\"Dutch-type Cheese Hollandi Leibjuust 150g, sliced\"}]},{\"@type\":\"WebSite\",\"@id\":\"https:\/\/estover.ee\/en\/#website\",\"url\":\"https:\/\/estover.ee\/en\/\",\"name\":\"Estover\",\"description\":\"Piimat\u00f6\u00f6stus\",\"publisher\":{\"@id\":\"https:\/\/estover.ee\/en\/#organization\"},\"potentialAction\":[{\"@type\":\"SearchAction\",\"target\":{\"@type\":\"EntryPoint\",\"urlTemplate\":\"https:\/\/estover.ee\/en\/?s={search_term_string}\"},\"query-input\":{\"@type\":\"PropertyValueSpecification\",\"valueRequired\":true,\"valueName\":\"search_term_string\"}}],\"inLanguage\":\"en-US\"},{\"@type\":\"Organization\",\"@id\":\"https:\/\/estover.ee\/en\/#organization\",\"name\":\"Estover\",\"url\":\"https:\/\/estover.ee\/en\/\",\"logo\":{\"@type\":\"ImageObject\",\"inLanguage\":\"en-US\",\"@id\":\"https:\/\/estover.ee\/en\/#\/schema\/logo\/image\/\",\"url\":\"https:\/\/estover.ee\/wp-content\/uploads\/2022\/12\/estover_logo.png\",\"contentUrl\":\"https:\/\/estover.ee\/wp-content\/uploads\/2022\/12\/estover_logo.png\",\"width\":167,\"height\":125,\"caption\":\"Estover\"},\"image\":{\"@id\":\"https:\/\/estover.ee\/en\/#\/schema\/logo\/image\/\"},\"sameAs\":[\"https:\/\/www.facebook.com\/estoverpiimatoostus\",\"https:\/\/www.instagram.com\/estovereesti\/\"]}]}<\/script>\n<!-- \/ Yoast SEO plugin. -->","yoast_head_json":{"title":"Dutch-type Cheese Hollandi Leibjuust 150g, sliced - Estover","robots":{"index":"index","follow":"follow","max-snippet":"max-snippet:-1","max-image-preview":"max-image-preview:large","max-video-preview":"max-video-preview:-1"},"canonical":"https:\/\/estover.ee\/en\/tooted\/cheese\/dutch-type-cheese-hollandi-leibjuust\/dutch-type-cheese-hollandi-leibjuust-150-g\/","og_locale":"en_US","og_type":"article","og_title":"Dutch-type Cheese Hollandi Leibjuust 150g, sliced - Estover","og_description":"Classic Dutch-type full-fat, semi-hard rennet cheese. It has a mild, slightly sour taste and contains a high level of calcium. Dense in consistency and easy to slice, unevenly distributed with small oval holes. No animal rennet is used in the production, suitable for vegetarians. It is recommended to keep the cheese at room temperature for at least 30 min before serving.  &nbsp;  Ingredients PASTEURIZED MILK, bacterial starter, salt, rennet, thickener calcium chloride, preservative potassium nitrate  100g of the product contains Energy 1388 kJ \/ 334 kcal, fats 25 g including saturated fatty acids 16 g, carbohydrates &lt; 1.0 g including sugars&lt; 0.5 g, proteins 27 g, salt 1.4 g.  Brand Dutch-type Cheese Hollandi Leibjuust  Manufacturer O\u00dc Estover Piimat\u00f6\u00f6stus Kaarlij\u00e4rve Meierei  Product image","og_url":"https:\/\/estover.ee\/en\/tooted\/cheese\/dutch-type-cheese-hollandi-leibjuust\/dutch-type-cheese-hollandi-leibjuust-150-g\/","og_site_name":"Estover","article_publisher":"https:\/\/www.facebook.com\/estoverpiimatoostus","article_modified_time":"2024-02-13T14:39:38+00:00","og_image":[{"width":800,"height":533,"url":"https:\/\/estover.ee\/wp-content\/uploads\/2023\/02\/101418-Hollandi-Leibjuust-252-viilutatud-150g-800-px.jpg","type":"image\/jpeg"}],"twitter_card":"summary_large_image","schema":{"@context":"https:\/\/schema.org","@graph":[{"@type":"WebPage","@id":"https:\/\/estover.ee\/en\/tooted\/cheese\/dutch-type-cheese-hollandi-leibjuust\/dutch-type-cheese-hollandi-leibjuust-150-g\/","url":"https:\/\/estover.ee\/en\/tooted\/cheese\/dutch-type-cheese-hollandi-leibjuust\/dutch-type-cheese-hollandi-leibjuust-150-g\/","name":"Dutch-type Cheese Hollandi Leibjuust 150g, sliced - Estover","isPartOf":{"@id":"https:\/\/estover.ee\/en\/#website"},"primaryImageOfPage":{"@id":"https:\/\/estover.ee\/en\/tooted\/cheese\/dutch-type-cheese-hollandi-leibjuust\/dutch-type-cheese-hollandi-leibjuust-150-g\/#primaryimage"},"image":{"@id":"https:\/\/estover.ee\/en\/tooted\/cheese\/dutch-type-cheese-hollandi-leibjuust\/dutch-type-cheese-hollandi-leibjuust-150-g\/#primaryimage"},"thumbnailUrl":"https:\/\/estover.ee\/wp-content\/uploads\/2023\/02\/101418-Hollandi-Leibjuust-252-viilutatud-150g-800-px.jpg","datePublished":"2023-02-10T16:18:06+00:00","dateModified":"2024-02-13T14:39:38+00:00","breadcrumb":{"@id":"https:\/\/estover.ee\/en\/tooted\/cheese\/dutch-type-cheese-hollandi-leibjuust\/dutch-type-cheese-hollandi-leibjuust-150-g\/#breadcrumb"},"inLanguage":"en-US","potentialAction":[{"@type":"ReadAction","target":["https:\/\/estover.ee\/en\/tooted\/cheese\/dutch-type-cheese-hollandi-leibjuust\/dutch-type-cheese-hollandi-leibjuust-150-g\/"]}]},{"@type":"ImageObject","inLanguage":"en-US","@id":"https:\/\/estover.ee\/en\/tooted\/cheese\/dutch-type-cheese-hollandi-leibjuust\/dutch-type-cheese-hollandi-leibjuust-150-g\/#primaryimage","url":"https:\/\/estover.ee\/wp-content\/uploads\/2023\/02\/101418-Hollandi-Leibjuust-252-viilutatud-150g-800-px.jpg","contentUrl":"https:\/\/estover.ee\/wp-content\/uploads\/2023\/02\/101418-Hollandi-Leibjuust-252-viilutatud-150g-800-px.jpg","width":800,"height":533},{"@type":"BreadcrumbList","@id":"https:\/\/estover.ee\/en\/tooted\/cheese\/dutch-type-cheese-hollandi-leibjuust\/dutch-type-cheese-hollandi-leibjuust-150-g\/#breadcrumb","itemListElement":[{"@type":"ListItem","position":1,"name":"Home","item":"https:\/\/estover.ee\/en\/"},{"@type":"ListItem","position":2,"name":"Products","item":"https:\/\/estover.ee\/en\/products\/"},{"@type":"ListItem","position":3,"name":"Dutch-type Cheese Hollandi Leibjuust 150g, sliced"}]},{"@type":"WebSite","@id":"https:\/\/estover.ee\/en\/#website","url":"https:\/\/estover.ee\/en\/","name":"Estover","description":"Piimat\u00f6\u00f6stus","publisher":{"@id":"https:\/\/estover.ee\/en\/#organization"},"potentialAction":[{"@type":"SearchAction","target":{"@type":"EntryPoint","urlTemplate":"https:\/\/estover.ee\/en\/?s={search_term_string}"},"query-input":{"@type":"PropertyValueSpecification","valueRequired":true,"valueName":"search_term_string"}}],"inLanguage":"en-US"},{"@type":"Organization","@id":"https:\/\/estover.ee\/en\/#organization","name":"Estover","url":"https:\/\/estover.ee\/en\/","logo":{"@type":"ImageObject","inLanguage":"en-US","@id":"https:\/\/estover.ee\/en\/#\/schema\/logo\/image\/","url":"https:\/\/estover.ee\/wp-content\/uploads\/2022\/12\/estover_logo.png","contentUrl":"https:\/\/estover.ee\/wp-content\/uploads\/2022\/12\/estover_logo.png","width":167,"height":125,"caption":"Estover"},"image":{"@id":"https:\/\/estover.ee\/en\/#\/schema\/logo\/image\/"},"sameAs":["https:\/\/www.facebook.com\/estoverpiimatoostus","https:\/\/www.instagram.com\/estovereesti\/"]}]}},"_links":{"self":[{"href":"https:\/\/estover.ee\/en\/wp-json\/wp\/v2\/product\/3957","targetHints":{"allow":["GET"]}}],"collection":[{"href":"https:\/\/estover.ee\/en\/wp-json\/wp\/v2\/product"}],"about":[{"href":"https:\/\/estover.ee\/en\/wp-json\/wp\/v2\/types\/product"}],"wp:featuredmedia":[{"embeddable":true,"href":"https:\/\/estover.ee\/en\/wp-json\/wp\/v2\/media\/3954"}],"wp:attachment":[{"href":"https:\/\/estover.ee\/en\/wp-json\/wp\/v2\/media?parent=3957"}],"wp:term":[{"taxonomy":"product_brand","embeddable":true,"href":"https:\/\/estover.ee\/en\/wp-json\/wp\/v2\/product_brand?post=3957"},{"taxonomy":"product_cat","embeddable":true,"href":"https:\/\/estover.ee\/en\/wp-json\/wp\/v2\/product_cat?post=3957"},{"taxonomy":"product_tag","embeddable":true,"href":"https:\/\/estover.ee\/en\/wp-json\/wp\/v2\/product_tag?post=3957"}],"curies":[{"name":"wp","href":"https:\/\/api.w.org\/{rel}","templated":true}]}}