{"id":4011,"date":"2023-02-15T15:46:51","date_gmt":"2023-02-15T15:46:51","guid":{"rendered":"https:\/\/estover.ee\/?post_type=product&#038;p=4011"},"modified":"2023-08-01T08:06:44","modified_gmt":"2023-08-01T08:06:44","slug":"hiirte-juust-viilutatud-500-g","status":"publish","type":"product","link":"https:\/\/estover.ee\/en\/tooted\/cheese\/mice-cheese\/hiirte-juust-viilutatud-500-g\/","title":{"rendered":"Tilsiter-type Cheese Hiirte Juust sliced 500g"},"content":{"rendered":"","protected":false},"excerpt":{"rendered":"<p>Classic full-fat tilsiter-type rennet cheese. Mild and slightly sour taste, high calcium content. Medium density in consistency, easy to slice, with &#8220;uneven lacy&#8221; perforation typical of tilsiter. No animal rennet is used in the production, suitable for vegetarians.<\/p>\n<p>It is recommended to keep the cheese at room temperature for at least 30 min before serving.<\/p>\n<p>&nbsp;<\/p>\n<p><strong>Ingredients<\/strong><br \/>\nPASTEURIZED MILK, bacterial starter, salt, rennet, thickener calcium chloride, preservative potassium nitrate.<\/p>\n<p><strong>Nutrient value per 100g<\/strong><br \/>\nEnergy 1388 kJ \/ 334 kcal; fat 25 g, of which saturated fatty acids 16,g; carbohydrates &lt;&lt; 1 g, of which sugar &lt;&lt;0,5 g; protein 27 g; salt 1,4 g<\/p>\n<p><strong>Brand<\/strong><br \/>\nHiirte Juust<\/p>\n<p><strong>Manufacturer<\/strong><br \/>\nO\u00dc Estover Piimat\u00f6\u00f6stus Kaarlij\u00e4rve Meierei<\/p>\n<p><a href=\"https:\/\/estover.ee\/wp-content\/uploads\/2023\/02\/Hiirte-Juust-500-g-scaled.jpg\" target=\"_blank\" rel=\"noopener\">Product image<\/a><\/p>\n","protected":false},"featured_media":5256,"template":"","meta":{"inline_featured_image":false},"product_brand":[],"product_cat":[113,159],"product_tag":[],"class_list":{"0":"post-4011","1":"product","2":"type-product","3":"status-publish","4":"has-post-thumbnail","6":"product_cat-cheese","7":"product_cat-mice-cheese","9":"first","10":"instock","11":"shipping-taxable","12":"product-type-simple"},"yoast_head":"<!-- This site is optimized with the Yoast SEO plugin v27.2 - https:\/\/yoast.com\/product\/yoast-seo-wordpress\/ -->\n<title>Tilsiter-type Cheese Hiirte Juust sliced 500g - Estover<\/title>\n<meta name=\"robots\" content=\"index, follow, max-snippet:-1, max-image-preview:large, max-video-preview:-1\" \/>\n<link rel=\"canonical\" href=\"https:\/\/estover.ee\/en\/tooted\/cheese\/mice-cheese\/hiirte-juust-viilutatud-500-g\/\" \/>\n<meta property=\"og:locale\" content=\"en_US\" \/>\n<meta property=\"og:type\" content=\"article\" \/>\n<meta property=\"og:title\" content=\"Tilsiter-type Cheese Hiirte Juust sliced 500g - Estover\" \/>\n<meta property=\"og:description\" content=\"Classic full-fat tilsiter-type rennet cheese. Mild and slightly sour taste, high calcium content. Medium density in consistency, easy to slice, with &quot;uneven lacy&quot; perforation typical of tilsiter. No animal rennet is used in the production, suitable for vegetarians.  It is recommended to keep the cheese at room temperature for at least 30 min before serving.  &nbsp;  Ingredients PASTEURIZED MILK, bacterial starter, salt, rennet, thickener calcium chloride, preservative potassium nitrate.  Nutrient value per 100g Energy 1388 kJ \/ 334 kcal; fat 25 g, of which saturated fatty acids 16,g; carbohydrates &lt;&lt; 1 g, of which sugar &lt;&lt;0,5 g; protein 27 g; salt 1,4 g  Brand Hiirte Juust  Manufacturer O\u00dc Estover Piimat\u00f6\u00f6stus Kaarlij\u00e4rve Meierei  Product image\" \/>\n<meta property=\"og:url\" content=\"https:\/\/estover.ee\/en\/tooted\/cheese\/mice-cheese\/hiirte-juust-viilutatud-500-g\/\" \/>\n<meta property=\"og:site_name\" content=\"Estover\" \/>\n<meta property=\"article:publisher\" content=\"https:\/\/www.facebook.com\/estoverpiimatoostus\" \/>\n<meta property=\"article:modified_time\" content=\"2023-08-01T08:06:44+00:00\" \/>\n<meta property=\"og:image\" content=\"https:\/\/estover.ee\/wp-content\/uploads\/2023\/02\/hiirte-viil-500.png\" \/>\n\t<meta property=\"og:image:width\" content=\"500\" \/>\n\t<meta property=\"og:image:height\" content=\"500\" \/>\n\t<meta property=\"og:image:type\" content=\"image\/png\" \/>\n<meta name=\"twitter:card\" content=\"summary_large_image\" \/>\n<script type=\"application\/ld+json\" class=\"yoast-schema-graph\">{\"@context\":\"https:\/\/schema.org\",\"@graph\":[{\"@type\":\"WebPage\",\"@id\":\"https:\/\/estover.ee\/en\/tooted\/cheese\/mice-cheese\/hiirte-juust-viilutatud-500-g\/\",\"url\":\"https:\/\/estover.ee\/en\/tooted\/cheese\/mice-cheese\/hiirte-juust-viilutatud-500-g\/\",\"name\":\"Tilsiter-type Cheese Hiirte Juust sliced 500g - Estover\",\"isPartOf\":{\"@id\":\"https:\/\/estover.ee\/en\/#website\"},\"primaryImageOfPage\":{\"@id\":\"https:\/\/estover.ee\/en\/tooted\/cheese\/mice-cheese\/hiirte-juust-viilutatud-500-g\/#primaryimage\"},\"image\":{\"@id\":\"https:\/\/estover.ee\/en\/tooted\/cheese\/mice-cheese\/hiirte-juust-viilutatud-500-g\/#primaryimage\"},\"thumbnailUrl\":\"https:\/\/estover.ee\/wp-content\/uploads\/2023\/02\/hiirte-viil-500.png\",\"datePublished\":\"2023-02-15T15:46:51+00:00\",\"dateModified\":\"2023-08-01T08:06:44+00:00\",\"breadcrumb\":{\"@id\":\"https:\/\/estover.ee\/en\/tooted\/cheese\/mice-cheese\/hiirte-juust-viilutatud-500-g\/#breadcrumb\"},\"inLanguage\":\"en-US\",\"potentialAction\":[{\"@type\":\"ReadAction\",\"target\":[\"https:\/\/estover.ee\/en\/tooted\/cheese\/mice-cheese\/hiirte-juust-viilutatud-500-g\/\"]}]},{\"@type\":\"ImageObject\",\"inLanguage\":\"en-US\",\"@id\":\"https:\/\/estover.ee\/en\/tooted\/cheese\/mice-cheese\/hiirte-juust-viilutatud-500-g\/#primaryimage\",\"url\":\"https:\/\/estover.ee\/wp-content\/uploads\/2023\/02\/hiirte-viil-500.png\",\"contentUrl\":\"https:\/\/estover.ee\/wp-content\/uploads\/2023\/02\/hiirte-viil-500.png\",\"width\":500,\"height\":500},{\"@type\":\"BreadcrumbList\",\"@id\":\"https:\/\/estover.ee\/en\/tooted\/cheese\/mice-cheese\/hiirte-juust-viilutatud-500-g\/#breadcrumb\",\"itemListElement\":[{\"@type\":\"ListItem\",\"position\":1,\"name\":\"Home\",\"item\":\"https:\/\/estover.ee\/en\/\"},{\"@type\":\"ListItem\",\"position\":2,\"name\":\"Products\",\"item\":\"https:\/\/estover.ee\/en\/products\/\"},{\"@type\":\"ListItem\",\"position\":3,\"name\":\"Tilsiter-type Cheese Hiirte Juust sliced 500g\"}]},{\"@type\":\"WebSite\",\"@id\":\"https:\/\/estover.ee\/en\/#website\",\"url\":\"https:\/\/estover.ee\/en\/\",\"name\":\"Estover\",\"description\":\"Piimat\u00f6\u00f6stus\",\"publisher\":{\"@id\":\"https:\/\/estover.ee\/en\/#organization\"},\"potentialAction\":[{\"@type\":\"SearchAction\",\"target\":{\"@type\":\"EntryPoint\",\"urlTemplate\":\"https:\/\/estover.ee\/en\/?s={search_term_string}\"},\"query-input\":{\"@type\":\"PropertyValueSpecification\",\"valueRequired\":true,\"valueName\":\"search_term_string\"}}],\"inLanguage\":\"en-US\"},{\"@type\":\"Organization\",\"@id\":\"https:\/\/estover.ee\/en\/#organization\",\"name\":\"Estover\",\"url\":\"https:\/\/estover.ee\/en\/\",\"logo\":{\"@type\":\"ImageObject\",\"inLanguage\":\"en-US\",\"@id\":\"https:\/\/estover.ee\/en\/#\/schema\/logo\/image\/\",\"url\":\"https:\/\/estover.ee\/wp-content\/uploads\/2022\/12\/estover_logo.png\",\"contentUrl\":\"https:\/\/estover.ee\/wp-content\/uploads\/2022\/12\/estover_logo.png\",\"width\":167,\"height\":125,\"caption\":\"Estover\"},\"image\":{\"@id\":\"https:\/\/estover.ee\/en\/#\/schema\/logo\/image\/\"},\"sameAs\":[\"https:\/\/www.facebook.com\/estoverpiimatoostus\",\"https:\/\/www.instagram.com\/estovereesti\/\"]}]}<\/script>\n<!-- \/ Yoast SEO plugin. -->","yoast_head_json":{"title":"Tilsiter-type Cheese Hiirte Juust sliced 500g - Estover","robots":{"index":"index","follow":"follow","max-snippet":"max-snippet:-1","max-image-preview":"max-image-preview:large","max-video-preview":"max-video-preview:-1"},"canonical":"https:\/\/estover.ee\/en\/tooted\/cheese\/mice-cheese\/hiirte-juust-viilutatud-500-g\/","og_locale":"en_US","og_type":"article","og_title":"Tilsiter-type Cheese Hiirte Juust sliced 500g - Estover","og_description":"Classic full-fat tilsiter-type rennet cheese. Mild and slightly sour taste, high calcium content. Medium density in consistency, easy to slice, with \"uneven lacy\" perforation typical of tilsiter. No animal rennet is used in the production, suitable for vegetarians.  It is recommended to keep the cheese at room temperature for at least 30 min before serving.  &nbsp;  Ingredients PASTEURIZED MILK, bacterial starter, salt, rennet, thickener calcium chloride, preservative potassium nitrate.  Nutrient value per 100g Energy 1388 kJ \/ 334 kcal; fat 25 g, of which saturated fatty acids 16,g; carbohydrates &lt;&lt; 1 g, of which sugar &lt;&lt;0,5 g; protein 27 g; salt 1,4 g  Brand Hiirte Juust  Manufacturer O\u00dc Estover Piimat\u00f6\u00f6stus Kaarlij\u00e4rve Meierei  Product image","og_url":"https:\/\/estover.ee\/en\/tooted\/cheese\/mice-cheese\/hiirte-juust-viilutatud-500-g\/","og_site_name":"Estover","article_publisher":"https:\/\/www.facebook.com\/estoverpiimatoostus","article_modified_time":"2023-08-01T08:06:44+00:00","og_image":[{"width":500,"height":500,"url":"https:\/\/estover.ee\/wp-content\/uploads\/2023\/02\/hiirte-viil-500.png","type":"image\/png"}],"twitter_card":"summary_large_image","schema":{"@context":"https:\/\/schema.org","@graph":[{"@type":"WebPage","@id":"https:\/\/estover.ee\/en\/tooted\/cheese\/mice-cheese\/hiirte-juust-viilutatud-500-g\/","url":"https:\/\/estover.ee\/en\/tooted\/cheese\/mice-cheese\/hiirte-juust-viilutatud-500-g\/","name":"Tilsiter-type Cheese Hiirte Juust sliced 500g - Estover","isPartOf":{"@id":"https:\/\/estover.ee\/en\/#website"},"primaryImageOfPage":{"@id":"https:\/\/estover.ee\/en\/tooted\/cheese\/mice-cheese\/hiirte-juust-viilutatud-500-g\/#primaryimage"},"image":{"@id":"https:\/\/estover.ee\/en\/tooted\/cheese\/mice-cheese\/hiirte-juust-viilutatud-500-g\/#primaryimage"},"thumbnailUrl":"https:\/\/estover.ee\/wp-content\/uploads\/2023\/02\/hiirte-viil-500.png","datePublished":"2023-02-15T15:46:51+00:00","dateModified":"2023-08-01T08:06:44+00:00","breadcrumb":{"@id":"https:\/\/estover.ee\/en\/tooted\/cheese\/mice-cheese\/hiirte-juust-viilutatud-500-g\/#breadcrumb"},"inLanguage":"en-US","potentialAction":[{"@type":"ReadAction","target":["https:\/\/estover.ee\/en\/tooted\/cheese\/mice-cheese\/hiirte-juust-viilutatud-500-g\/"]}]},{"@type":"ImageObject","inLanguage":"en-US","@id":"https:\/\/estover.ee\/en\/tooted\/cheese\/mice-cheese\/hiirte-juust-viilutatud-500-g\/#primaryimage","url":"https:\/\/estover.ee\/wp-content\/uploads\/2023\/02\/hiirte-viil-500.png","contentUrl":"https:\/\/estover.ee\/wp-content\/uploads\/2023\/02\/hiirte-viil-500.png","width":500,"height":500},{"@type":"BreadcrumbList","@id":"https:\/\/estover.ee\/en\/tooted\/cheese\/mice-cheese\/hiirte-juust-viilutatud-500-g\/#breadcrumb","itemListElement":[{"@type":"ListItem","position":1,"name":"Home","item":"https:\/\/estover.ee\/en\/"},{"@type":"ListItem","position":2,"name":"Products","item":"https:\/\/estover.ee\/en\/products\/"},{"@type":"ListItem","position":3,"name":"Tilsiter-type Cheese Hiirte Juust sliced 500g"}]},{"@type":"WebSite","@id":"https:\/\/estover.ee\/en\/#website","url":"https:\/\/estover.ee\/en\/","name":"Estover","description":"Piimat\u00f6\u00f6stus","publisher":{"@id":"https:\/\/estover.ee\/en\/#organization"},"potentialAction":[{"@type":"SearchAction","target":{"@type":"EntryPoint","urlTemplate":"https:\/\/estover.ee\/en\/?s={search_term_string}"},"query-input":{"@type":"PropertyValueSpecification","valueRequired":true,"valueName":"search_term_string"}}],"inLanguage":"en-US"},{"@type":"Organization","@id":"https:\/\/estover.ee\/en\/#organization","name":"Estover","url":"https:\/\/estover.ee\/en\/","logo":{"@type":"ImageObject","inLanguage":"en-US","@id":"https:\/\/estover.ee\/en\/#\/schema\/logo\/image\/","url":"https:\/\/estover.ee\/wp-content\/uploads\/2022\/12\/estover_logo.png","contentUrl":"https:\/\/estover.ee\/wp-content\/uploads\/2022\/12\/estover_logo.png","width":167,"height":125,"caption":"Estover"},"image":{"@id":"https:\/\/estover.ee\/en\/#\/schema\/logo\/image\/"},"sameAs":["https:\/\/www.facebook.com\/estoverpiimatoostus","https:\/\/www.instagram.com\/estovereesti\/"]}]}},"_links":{"self":[{"href":"https:\/\/estover.ee\/en\/wp-json\/wp\/v2\/product\/4011","targetHints":{"allow":["GET"]}}],"collection":[{"href":"https:\/\/estover.ee\/en\/wp-json\/wp\/v2\/product"}],"about":[{"href":"https:\/\/estover.ee\/en\/wp-json\/wp\/v2\/types\/product"}],"wp:featuredmedia":[{"embeddable":true,"href":"https:\/\/estover.ee\/en\/wp-json\/wp\/v2\/media\/5256"}],"wp:attachment":[{"href":"https:\/\/estover.ee\/en\/wp-json\/wp\/v2\/media?parent=4011"}],"wp:term":[{"taxonomy":"product_brand","embeddable":true,"href":"https:\/\/estover.ee\/en\/wp-json\/wp\/v2\/product_brand?post=4011"},{"taxonomy":"product_cat","embeddable":true,"href":"https:\/\/estover.ee\/en\/wp-json\/wp\/v2\/product_cat?post=4011"},{"taxonomy":"product_tag","embeddable":true,"href":"https:\/\/estover.ee\/en\/wp-json\/wp\/v2\/product_tag?post=4011"}],"curies":[{"name":"wp","href":"https:\/\/api.w.org\/{rel}","templated":true}]}}