{"id":4278,"date":"2023-03-08T17:17:03","date_gmt":"2023-03-08T17:17:03","guid":{"rendered":"https:\/\/estover.ee\/?post_type=product&#038;p=4278"},"modified":"2023-04-05T12:40:25","modified_gmt":"2023-04-05T12:40:25","slug":"piimameister-otto-kodujuust-hapukoorega-5-kg","status":"publish","type":"product","link":"https:\/\/estover.ee\/en\/tooted\/horeca-en\/piimameister-otto-kodujuust-hapukoorega-5-kg\/","title":{"rendered":"Piimameister Otto Cottage Cheese With Sour Cream 5kg"},"content":{"rendered":"","protected":false},"excerpt":{"rendered":"<p>Piimameister Otto cottage cheese with sour cream is pleasantly creamy and velvety. The cottage cheese contains just the right amount of sour cream. The curd grains are large and tastes like a real cottage cheese should taste. With its incredible flavour and perfectly textured curd, it is a great protein-rich snack.<\/p>\n<p><strong>Ingredients<\/strong><\/p>\n<p>COTTAGE CHEESE, SOUR CREAM 40%, salt<\/p>\n<p><strong>Nutrient value per 100g<\/strong><\/p>\n<p>Energy 492 kJ \/ 118 kcal; fat 7,0 g, of which saturated fatty acids 4,6 g; carbohydrates 1,8 g, of which sugar 1,4 g; protein 11 g; salt 1,0 g<\/p>\n<p><strong>Brand<\/strong><\/p>\n<p>Piimameister Otto<\/p>\n<p><strong>Manufacturer<\/strong><br \/>\nO\u00dc Estover Piimat\u00f6\u00f6stus Kaarlij\u00e4rve Meierei<\/p>\n<p><a href=\"https:\/\/estover.ee\/wp-content\/uploads\/2022\/12\/146_1_v.jpg\">Product image<\/a><\/p>\n","protected":false},"featured_media":5096,"template":"","meta":{"inline_featured_image":false},"product_brand":[],"product_cat":[110],"product_tag":[],"class_list":{"0":"post-4278","1":"product","2":"type-product","3":"status-publish","4":"has-post-thumbnail","6":"product_cat-horeca-en","8":"first","9":"instock","10":"product-type-simple"},"yoast_head":"<!-- This site is optimized with the Yoast SEO plugin v27.6 - https:\/\/yoast.com\/product\/yoast-seo-wordpress\/ -->\n<title>Piimameister Otto Cottage Cheese With Sour Cream 5kg - Estover<\/title>\n<meta name=\"robots\" content=\"index, follow, max-snippet:-1, max-image-preview:large, max-video-preview:-1\" \/>\n<link rel=\"canonical\" href=\"https:\/\/estover.ee\/en\/tooted\/horeca-en\/piimameister-otto-kodujuust-hapukoorega-5-kg\/\" \/>\n<meta property=\"og:locale\" content=\"en_US\" \/>\n<meta property=\"og:type\" content=\"article\" \/>\n<meta property=\"og:title\" content=\"Piimameister Otto Cottage Cheese With Sour Cream 5kg - Estover\" \/>\n<meta property=\"og:description\" content=\"Piimameister Otto cottage cheese with sour cream is pleasantly creamy and velvety. The cottage cheese contains just the right amount of sour cream. The curd grains are large and tastes like a real cottage cheese should taste. With its incredible flavour and perfectly textured curd, it is a great protein-rich snack.  Ingredients  COTTAGE CHEESE, SOUR CREAM 40%, salt  Nutrient value per 100g  Energy 492 kJ \/ 118 kcal; fat 7,0 g, of which saturated fatty acids 4,6 g; carbohydrates 1,8 g, of which sugar 1,4 g; protein 11 g; salt 1,0 g  Brand  Piimameister Otto  Manufacturer O\u00dc Estover Piimat\u00f6\u00f6stus Kaarlij\u00e4rve Meierei  Product image\" \/>\n<meta property=\"og:url\" content=\"https:\/\/estover.ee\/en\/tooted\/horeca-en\/piimameister-otto-kodujuust-hapukoorega-5-kg\/\" \/>\n<meta property=\"og:site_name\" content=\"Estover\" \/>\n<meta property=\"article:publisher\" content=\"https:\/\/www.facebook.com\/estoverpiimatoostus\" \/>\n<meta property=\"article:modified_time\" content=\"2023-04-05T12:40:25+00:00\" \/>\n<meta property=\"og:image\" content=\"https:\/\/estover.ee\/wp-content\/uploads\/2023\/03\/5-kg-kogus.jpg\" \/>\n\t<meta property=\"og:image:width\" content=\"500\" \/>\n\t<meta property=\"og:image:height\" content=\"500\" \/>\n\t<meta property=\"og:image:type\" content=\"image\/jpeg\" \/>\n<meta name=\"twitter:card\" content=\"summary_large_image\" \/>\n<script type=\"application\/ld+json\" class=\"yoast-schema-graph\">{\"@context\":\"https:\\\/\\\/schema.org\",\"@graph\":[{\"@type\":\"WebPage\",\"@id\":\"https:\\\/\\\/estover.ee\\\/en\\\/tooted\\\/horeca-en\\\/piimameister-otto-kodujuust-hapukoorega-5-kg\\\/\",\"url\":\"https:\\\/\\\/estover.ee\\\/en\\\/tooted\\\/horeca-en\\\/piimameister-otto-kodujuust-hapukoorega-5-kg\\\/\",\"name\":\"Piimameister Otto Cottage Cheese With Sour Cream 5kg - Estover\",\"isPartOf\":{\"@id\":\"https:\\\/\\\/estover.ee\\\/en\\\/#website\"},\"primaryImageOfPage\":{\"@id\":\"https:\\\/\\\/estover.ee\\\/en\\\/tooted\\\/horeca-en\\\/piimameister-otto-kodujuust-hapukoorega-5-kg\\\/#primaryimage\"},\"image\":{\"@id\":\"https:\\\/\\\/estover.ee\\\/en\\\/tooted\\\/horeca-en\\\/piimameister-otto-kodujuust-hapukoorega-5-kg\\\/#primaryimage\"},\"thumbnailUrl\":\"https:\\\/\\\/estover.ee\\\/wp-content\\\/uploads\\\/2023\\\/03\\\/5-kg-kogus.jpg\",\"datePublished\":\"2023-03-08T17:17:03+00:00\",\"dateModified\":\"2023-04-05T12:40:25+00:00\",\"breadcrumb\":{\"@id\":\"https:\\\/\\\/estover.ee\\\/en\\\/tooted\\\/horeca-en\\\/piimameister-otto-kodujuust-hapukoorega-5-kg\\\/#breadcrumb\"},\"inLanguage\":\"en-US\",\"potentialAction\":[{\"@type\":\"ReadAction\",\"target\":[\"https:\\\/\\\/estover.ee\\\/en\\\/tooted\\\/horeca-en\\\/piimameister-otto-kodujuust-hapukoorega-5-kg\\\/\"]}]},{\"@type\":\"ImageObject\",\"inLanguage\":\"en-US\",\"@id\":\"https:\\\/\\\/estover.ee\\\/en\\\/tooted\\\/horeca-en\\\/piimameister-otto-kodujuust-hapukoorega-5-kg\\\/#primaryimage\",\"url\":\"https:\\\/\\\/estover.ee\\\/wp-content\\\/uploads\\\/2023\\\/03\\\/5-kg-kogus.jpg\",\"contentUrl\":\"https:\\\/\\\/estover.ee\\\/wp-content\\\/uploads\\\/2023\\\/03\\\/5-kg-kogus.jpg\",\"width\":500,\"height\":500},{\"@type\":\"BreadcrumbList\",\"@id\":\"https:\\\/\\\/estover.ee\\\/en\\\/tooted\\\/horeca-en\\\/piimameister-otto-kodujuust-hapukoorega-5-kg\\\/#breadcrumb\",\"itemListElement\":[{\"@type\":\"ListItem\",\"position\":1,\"name\":\"Home\",\"item\":\"https:\\\/\\\/estover.ee\\\/en\\\/\"},{\"@type\":\"ListItem\",\"position\":2,\"name\":\"Products\",\"item\":\"https:\\\/\\\/estover.ee\\\/en\\\/products\\\/\"},{\"@type\":\"ListItem\",\"position\":3,\"name\":\"Piimameister Otto Cottage Cheese With Sour Cream 5kg\"}]},{\"@type\":\"WebSite\",\"@id\":\"https:\\\/\\\/estover.ee\\\/en\\\/#website\",\"url\":\"https:\\\/\\\/estover.ee\\\/en\\\/\",\"name\":\"Estover\",\"description\":\"Piimat\u00f6\u00f6stus\",\"publisher\":{\"@id\":\"https:\\\/\\\/estover.ee\\\/en\\\/#organization\"},\"potentialAction\":[{\"@type\":\"SearchAction\",\"target\":{\"@type\":\"EntryPoint\",\"urlTemplate\":\"https:\\\/\\\/estover.ee\\\/en\\\/?s={search_term_string}\"},\"query-input\":{\"@type\":\"PropertyValueSpecification\",\"valueRequired\":true,\"valueName\":\"search_term_string\"}}],\"inLanguage\":\"en-US\"},{\"@type\":\"Organization\",\"@id\":\"https:\\\/\\\/estover.ee\\\/en\\\/#organization\",\"name\":\"Estover\",\"url\":\"https:\\\/\\\/estover.ee\\\/en\\\/\",\"logo\":{\"@type\":\"ImageObject\",\"inLanguage\":\"en-US\",\"@id\":\"https:\\\/\\\/estover.ee\\\/en\\\/#\\\/schema\\\/logo\\\/image\\\/\",\"url\":\"https:\\\/\\\/estover.ee\\\/wp-content\\\/uploads\\\/2022\\\/12\\\/estover_logo.png\",\"contentUrl\":\"https:\\\/\\\/estover.ee\\\/wp-content\\\/uploads\\\/2022\\\/12\\\/estover_logo.png\",\"width\":167,\"height\":125,\"caption\":\"Estover\"},\"image\":{\"@id\":\"https:\\\/\\\/estover.ee\\\/en\\\/#\\\/schema\\\/logo\\\/image\\\/\"},\"sameAs\":[\"https:\\\/\\\/www.facebook.com\\\/estoverpiimatoostus\",\"https:\\\/\\\/www.instagram.com\\\/estovereesti\\\/\"]}]}<\/script>\n<!-- \/ Yoast SEO plugin. -->","yoast_head_json":{"title":"Piimameister Otto Cottage Cheese With Sour Cream 5kg - Estover","robots":{"index":"index","follow":"follow","max-snippet":"max-snippet:-1","max-image-preview":"max-image-preview:large","max-video-preview":"max-video-preview:-1"},"canonical":"https:\/\/estover.ee\/en\/tooted\/horeca-en\/piimameister-otto-kodujuust-hapukoorega-5-kg\/","og_locale":"en_US","og_type":"article","og_title":"Piimameister Otto Cottage Cheese With Sour Cream 5kg - Estover","og_description":"Piimameister Otto cottage cheese with sour cream is pleasantly creamy and velvety. The cottage cheese contains just the right amount of sour cream. The curd grains are large and tastes like a real cottage cheese should taste. With its incredible flavour and perfectly textured curd, it is a great protein-rich snack.  Ingredients  COTTAGE CHEESE, SOUR CREAM 40%, salt  Nutrient value per 100g  Energy 492 kJ \/ 118 kcal; fat 7,0 g, of which saturated fatty acids 4,6 g; carbohydrates 1,8 g, of which sugar 1,4 g; protein 11 g; salt 1,0 g  Brand  Piimameister Otto  Manufacturer O\u00dc Estover Piimat\u00f6\u00f6stus Kaarlij\u00e4rve Meierei  Product image","og_url":"https:\/\/estover.ee\/en\/tooted\/horeca-en\/piimameister-otto-kodujuust-hapukoorega-5-kg\/","og_site_name":"Estover","article_publisher":"https:\/\/www.facebook.com\/estoverpiimatoostus","article_modified_time":"2023-04-05T12:40:25+00:00","og_image":[{"width":500,"height":500,"url":"https:\/\/estover.ee\/wp-content\/uploads\/2023\/03\/5-kg-kogus.jpg","type":"image\/jpeg"}],"twitter_card":"summary_large_image","schema":{"@context":"https:\/\/schema.org","@graph":[{"@type":"WebPage","@id":"https:\/\/estover.ee\/en\/tooted\/horeca-en\/piimameister-otto-kodujuust-hapukoorega-5-kg\/","url":"https:\/\/estover.ee\/en\/tooted\/horeca-en\/piimameister-otto-kodujuust-hapukoorega-5-kg\/","name":"Piimameister Otto Cottage Cheese With Sour Cream 5kg - Estover","isPartOf":{"@id":"https:\/\/estover.ee\/en\/#website"},"primaryImageOfPage":{"@id":"https:\/\/estover.ee\/en\/tooted\/horeca-en\/piimameister-otto-kodujuust-hapukoorega-5-kg\/#primaryimage"},"image":{"@id":"https:\/\/estover.ee\/en\/tooted\/horeca-en\/piimameister-otto-kodujuust-hapukoorega-5-kg\/#primaryimage"},"thumbnailUrl":"https:\/\/estover.ee\/wp-content\/uploads\/2023\/03\/5-kg-kogus.jpg","datePublished":"2023-03-08T17:17:03+00:00","dateModified":"2023-04-05T12:40:25+00:00","breadcrumb":{"@id":"https:\/\/estover.ee\/en\/tooted\/horeca-en\/piimameister-otto-kodujuust-hapukoorega-5-kg\/#breadcrumb"},"inLanguage":"en-US","potentialAction":[{"@type":"ReadAction","target":["https:\/\/estover.ee\/en\/tooted\/horeca-en\/piimameister-otto-kodujuust-hapukoorega-5-kg\/"]}]},{"@type":"ImageObject","inLanguage":"en-US","@id":"https:\/\/estover.ee\/en\/tooted\/horeca-en\/piimameister-otto-kodujuust-hapukoorega-5-kg\/#primaryimage","url":"https:\/\/estover.ee\/wp-content\/uploads\/2023\/03\/5-kg-kogus.jpg","contentUrl":"https:\/\/estover.ee\/wp-content\/uploads\/2023\/03\/5-kg-kogus.jpg","width":500,"height":500},{"@type":"BreadcrumbList","@id":"https:\/\/estover.ee\/en\/tooted\/horeca-en\/piimameister-otto-kodujuust-hapukoorega-5-kg\/#breadcrumb","itemListElement":[{"@type":"ListItem","position":1,"name":"Home","item":"https:\/\/estover.ee\/en\/"},{"@type":"ListItem","position":2,"name":"Products","item":"https:\/\/estover.ee\/en\/products\/"},{"@type":"ListItem","position":3,"name":"Piimameister Otto Cottage Cheese With Sour Cream 5kg"}]},{"@type":"WebSite","@id":"https:\/\/estover.ee\/en\/#website","url":"https:\/\/estover.ee\/en\/","name":"Estover","description":"Piimat\u00f6\u00f6stus","publisher":{"@id":"https:\/\/estover.ee\/en\/#organization"},"potentialAction":[{"@type":"SearchAction","target":{"@type":"EntryPoint","urlTemplate":"https:\/\/estover.ee\/en\/?s={search_term_string}"},"query-input":{"@type":"PropertyValueSpecification","valueRequired":true,"valueName":"search_term_string"}}],"inLanguage":"en-US"},{"@type":"Organization","@id":"https:\/\/estover.ee\/en\/#organization","name":"Estover","url":"https:\/\/estover.ee\/en\/","logo":{"@type":"ImageObject","inLanguage":"en-US","@id":"https:\/\/estover.ee\/en\/#\/schema\/logo\/image\/","url":"https:\/\/estover.ee\/wp-content\/uploads\/2022\/12\/estover_logo.png","contentUrl":"https:\/\/estover.ee\/wp-content\/uploads\/2022\/12\/estover_logo.png","width":167,"height":125,"caption":"Estover"},"image":{"@id":"https:\/\/estover.ee\/en\/#\/schema\/logo\/image\/"},"sameAs":["https:\/\/www.facebook.com\/estoverpiimatoostus","https:\/\/www.instagram.com\/estovereesti\/"]}]}},"_links":{"self":[{"href":"https:\/\/estover.ee\/en\/wp-json\/wp\/v2\/product\/4278","targetHints":{"allow":["GET"]}}],"collection":[{"href":"https:\/\/estover.ee\/en\/wp-json\/wp\/v2\/product"}],"about":[{"href":"https:\/\/estover.ee\/en\/wp-json\/wp\/v2\/types\/product"}],"wp:featuredmedia":[{"embeddable":true,"href":"https:\/\/estover.ee\/en\/wp-json\/wp\/v2\/media\/5096"}],"wp:attachment":[{"href":"https:\/\/estover.ee\/en\/wp-json\/wp\/v2\/media?parent=4278"}],"wp:term":[{"taxonomy":"product_brand","embeddable":true,"href":"https:\/\/estover.ee\/en\/wp-json\/wp\/v2\/product_brand?post=4278"},{"taxonomy":"product_cat","embeddable":true,"href":"https:\/\/estover.ee\/en\/wp-json\/wp\/v2\/product_cat?post=4278"},{"taxonomy":"product_tag","embeddable":true,"href":"https:\/\/estover.ee\/en\/wp-json\/wp\/v2\/product_tag?post=4278"}],"curies":[{"name":"wp","href":"https:\/\/api.w.org\/{rel}","templated":true}]}}