{"id":4918,"date":"2023-04-25T13:27:26","date_gmt":"2023-04-25T13:27:26","guid":{"rendered":"https:\/\/estover.ee\/tooted\/uncategorized\/school-day-yoghurt-strawberry-vanilla-200g\/"},"modified":"2023-09-12T13:29:56","modified_gmt":"2023-09-12T13:29:56","slug":"koolipaeva-jogurt-maasika-vanilli-200-g","status":"publish","type":"product","link":"https:\/\/estover.ee\/en\/tooted\/yoghurt\/estover-en-3\/koolipaeva-jogurt-maasika-vanilli-200-g\/","title":{"rendered":"School Day Yoghurt Strawberry-Vanilla 200g"},"content":{"rendered":"","protected":false},"excerpt":{"rendered":"<p class=\"_04xlpA direction-ltr align-start para-style-body\"><span class=\"S1PPyQ\">Strawberry<\/span> <span class=\"S1PPyQ\">and<\/span> <span class=\"S1PPyQ\">vanilla<\/span> <span class=\"S1PPyQ\">balance<\/span> each <span class=\"S1PPyQ\">other<\/span> in this Yogurt.<span class=\"S1PPyQ\"> This combination is refreshingly sweet and the texture is soft and silky.  <\/span><span class=\"S1PPyQ\">Perfect for enjoying straight from the cup for breakfast or as a snack! Yoghurt is Lactose Free.<\/span><\/p>\n<p>Yoghurt is lactose free. We do not use artificial preservatives and dyes in our products.<\/p>\n<p><strong>Ingredients<\/strong><\/p>\n<p>WHEY, sugar, strawberries (4.5%), water, MILK, modified corn starch, flavorings, thickener: pectin, food coloring: sweet potato concentrate, natural vanilla flavoring, acidity regulators: citric acid, sodium citrate, vanilla extract (0, 03%), active ingredient: calcium citrate.<\/p>\n<p><strong>Nutrient value per 100g<\/strong><\/p>\n<p>Energy: 334kJ\/79kcal, fats 2.1g, saturated fatty acids 1.4g, carbohydrates 9.8g, sugars 9.3g, proteins 5.1g, salt 0.1g*<\/p>\n<p>*salt content is due to the presence of natural sodium<\/p>\n<p><strong>Brand<\/strong><br \/>\nEstover<br \/>\n<strong>Manufacturer<\/strong><br \/>\nEstover Piimat\u00f6\u00f6stus O\u00dc<\/p>\n<p><a href=\"https:\/\/estover.ee\/wp-content\/uploads\/2023\/04\/koolipaeva-maasika-vanilje-topsijogurt-.png\">Product image<\/a><\/p>\n","protected":false},"featured_media":4902,"template":"","meta":{"inline_featured_image":false},"product_brand":[],"product_cat":[219,111],"product_tag":[],"class_list":{"0":"post-4918","1":"product","2":"type-product","3":"status-publish","4":"has-post-thumbnail","6":"product_cat-estover-en-3","7":"product_cat-yoghurt","9":"first","10":"instock","11":"shipping-taxable","12":"product-type-simple"},"yoast_head":"<!-- This site is optimized with the Yoast SEO plugin v27.2 - https:\/\/yoast.com\/product\/yoast-seo-wordpress\/ -->\n<title>School Day Yoghurt Strawberry-Vanilla 200g - Estover<\/title>\n<meta name=\"robots\" content=\"index, follow, max-snippet:-1, max-image-preview:large, max-video-preview:-1\" \/>\n<link rel=\"canonical\" href=\"https:\/\/estover.ee\/en\/tooted\/yoghurt\/estover-en-3\/koolipaeva-jogurt-maasika-vanilli-200-g\/\" \/>\n<meta property=\"og:locale\" content=\"en_US\" \/>\n<meta property=\"og:type\" content=\"article\" \/>\n<meta property=\"og:title\" content=\"School Day Yoghurt Strawberry-Vanilla 200g - Estover\" \/>\n<meta property=\"og:description\" content=\"Strawberry and vanilla balance each other in this Yogurt. This combination is refreshingly sweet and the texture is soft and silky. Perfect for enjoying straight from the cup for breakfast or as a snack! Yoghurt is Lactose Free. Yoghurt is lactose free. We do not use artificial preservatives and dyes in our products. Ingredients WHEY, sugar, strawberries (4.5%), water, MILK, modified corn starch, flavorings, thickener: pectin, food coloring: sweet potato concentrate, natural vanilla flavoring, acidity regulators: citric acid, sodium citrate, vanilla extract (0, 03%), active ingredient: calcium citrate. Nutrient value per 100g Energy: 334kJ\/79kcal, fats 2.1g, saturated fatty acids 1.4g, carbohydrates 9.8g, sugars 9.3g, proteins 5.1g, salt 0.1g* *salt content is due to the presence of natural sodium Brand Estover Manufacturer Estover Piimat\u00f6\u00f6stus O\u00dc Product image\" \/>\n<meta property=\"og:url\" content=\"https:\/\/estover.ee\/en\/tooted\/yoghurt\/estover-en-3\/koolipaeva-jogurt-maasika-vanilli-200-g\/\" \/>\n<meta property=\"og:site_name\" content=\"Estover\" \/>\n<meta property=\"article:publisher\" content=\"https:\/\/www.facebook.com\/estoverpiimatoostus\" \/>\n<meta property=\"article:modified_time\" content=\"2023-09-12T13:29:56+00:00\" \/>\n<meta property=\"og:image\" content=\"https:\/\/estover.ee\/wp-content\/uploads\/2023\/04\/koolipaeva-maasika-vanilje-topsijogurt-.png\" \/>\n\t<meta property=\"og:image:width\" content=\"500\" \/>\n\t<meta property=\"og:image:height\" content=\"500\" \/>\n\t<meta property=\"og:image:type\" content=\"image\/png\" \/>\n<meta name=\"twitter:card\" content=\"summary_large_image\" \/>\n<script type=\"application\/ld+json\" class=\"yoast-schema-graph\">{\"@context\":\"https:\/\/schema.org\",\"@graph\":[{\"@type\":\"WebPage\",\"@id\":\"https:\/\/estover.ee\/en\/tooted\/yoghurt\/estover-en-3\/koolipaeva-jogurt-maasika-vanilli-200-g\/\",\"url\":\"https:\/\/estover.ee\/en\/tooted\/yoghurt\/estover-en-3\/koolipaeva-jogurt-maasika-vanilli-200-g\/\",\"name\":\"School Day Yoghurt Strawberry-Vanilla 200g - Estover\",\"isPartOf\":{\"@id\":\"https:\/\/estover.ee\/en\/#website\"},\"primaryImageOfPage\":{\"@id\":\"https:\/\/estover.ee\/en\/tooted\/yoghurt\/estover-en-3\/koolipaeva-jogurt-maasika-vanilli-200-g\/#primaryimage\"},\"image\":{\"@id\":\"https:\/\/estover.ee\/en\/tooted\/yoghurt\/estover-en-3\/koolipaeva-jogurt-maasika-vanilli-200-g\/#primaryimage\"},\"thumbnailUrl\":\"https:\/\/estover.ee\/wp-content\/uploads\/2023\/04\/koolipaeva-maasika-vanilje-topsijogurt-.png\",\"datePublished\":\"2023-04-25T13:27:26+00:00\",\"dateModified\":\"2023-09-12T13:29:56+00:00\",\"breadcrumb\":{\"@id\":\"https:\/\/estover.ee\/en\/tooted\/yoghurt\/estover-en-3\/koolipaeva-jogurt-maasika-vanilli-200-g\/#breadcrumb\"},\"inLanguage\":\"en-US\",\"potentialAction\":[{\"@type\":\"ReadAction\",\"target\":[\"https:\/\/estover.ee\/en\/tooted\/yoghurt\/estover-en-3\/koolipaeva-jogurt-maasika-vanilli-200-g\/\"]}]},{\"@type\":\"ImageObject\",\"inLanguage\":\"en-US\",\"@id\":\"https:\/\/estover.ee\/en\/tooted\/yoghurt\/estover-en-3\/koolipaeva-jogurt-maasika-vanilli-200-g\/#primaryimage\",\"url\":\"https:\/\/estover.ee\/wp-content\/uploads\/2023\/04\/koolipaeva-maasika-vanilje-topsijogurt-.png\",\"contentUrl\":\"https:\/\/estover.ee\/wp-content\/uploads\/2023\/04\/koolipaeva-maasika-vanilje-topsijogurt-.png\",\"width\":500,\"height\":500},{\"@type\":\"BreadcrumbList\",\"@id\":\"https:\/\/estover.ee\/en\/tooted\/yoghurt\/estover-en-3\/koolipaeva-jogurt-maasika-vanilli-200-g\/#breadcrumb\",\"itemListElement\":[{\"@type\":\"ListItem\",\"position\":1,\"name\":\"Home\",\"item\":\"https:\/\/estover.ee\/en\/\"},{\"@type\":\"ListItem\",\"position\":2,\"name\":\"Products\",\"item\":\"https:\/\/estover.ee\/en\/products\/\"},{\"@type\":\"ListItem\",\"position\":3,\"name\":\"School Day Yoghurt Strawberry-Vanilla 200g\"}]},{\"@type\":\"WebSite\",\"@id\":\"https:\/\/estover.ee\/en\/#website\",\"url\":\"https:\/\/estover.ee\/en\/\",\"name\":\"Estover\",\"description\":\"Piimat\u00f6\u00f6stus\",\"publisher\":{\"@id\":\"https:\/\/estover.ee\/en\/#organization\"},\"potentialAction\":[{\"@type\":\"SearchAction\",\"target\":{\"@type\":\"EntryPoint\",\"urlTemplate\":\"https:\/\/estover.ee\/en\/?s={search_term_string}\"},\"query-input\":{\"@type\":\"PropertyValueSpecification\",\"valueRequired\":true,\"valueName\":\"search_term_string\"}}],\"inLanguage\":\"en-US\"},{\"@type\":\"Organization\",\"@id\":\"https:\/\/estover.ee\/en\/#organization\",\"name\":\"Estover\",\"url\":\"https:\/\/estover.ee\/en\/\",\"logo\":{\"@type\":\"ImageObject\",\"inLanguage\":\"en-US\",\"@id\":\"https:\/\/estover.ee\/en\/#\/schema\/logo\/image\/\",\"url\":\"https:\/\/estover.ee\/wp-content\/uploads\/2022\/12\/estover_logo.png\",\"contentUrl\":\"https:\/\/estover.ee\/wp-content\/uploads\/2022\/12\/estover_logo.png\",\"width\":167,\"height\":125,\"caption\":\"Estover\"},\"image\":{\"@id\":\"https:\/\/estover.ee\/en\/#\/schema\/logo\/image\/\"},\"sameAs\":[\"https:\/\/www.facebook.com\/estoverpiimatoostus\",\"https:\/\/www.instagram.com\/estovereesti\/\"]}]}<\/script>\n<!-- \/ Yoast SEO plugin. -->","yoast_head_json":{"title":"School Day Yoghurt Strawberry-Vanilla 200g - Estover","robots":{"index":"index","follow":"follow","max-snippet":"max-snippet:-1","max-image-preview":"max-image-preview:large","max-video-preview":"max-video-preview:-1"},"canonical":"https:\/\/estover.ee\/en\/tooted\/yoghurt\/estover-en-3\/koolipaeva-jogurt-maasika-vanilli-200-g\/","og_locale":"en_US","og_type":"article","og_title":"School Day Yoghurt Strawberry-Vanilla 200g - Estover","og_description":"Strawberry and vanilla balance each other in this Yogurt. This combination is refreshingly sweet and the texture is soft and silky. Perfect for enjoying straight from the cup for breakfast or as a snack! Yoghurt is Lactose Free. Yoghurt is lactose free. We do not use artificial preservatives and dyes in our products. Ingredients WHEY, sugar, strawberries (4.5%), water, MILK, modified corn starch, flavorings, thickener: pectin, food coloring: sweet potato concentrate, natural vanilla flavoring, acidity regulators: citric acid, sodium citrate, vanilla extract (0, 03%), active ingredient: calcium citrate. Nutrient value per 100g Energy: 334kJ\/79kcal, fats 2.1g, saturated fatty acids 1.4g, carbohydrates 9.8g, sugars 9.3g, proteins 5.1g, salt 0.1g* *salt content is due to the presence of natural sodium Brand Estover Manufacturer Estover Piimat\u00f6\u00f6stus O\u00dc Product image","og_url":"https:\/\/estover.ee\/en\/tooted\/yoghurt\/estover-en-3\/koolipaeva-jogurt-maasika-vanilli-200-g\/","og_site_name":"Estover","article_publisher":"https:\/\/www.facebook.com\/estoverpiimatoostus","article_modified_time":"2023-09-12T13:29:56+00:00","og_image":[{"width":500,"height":500,"url":"https:\/\/estover.ee\/wp-content\/uploads\/2023\/04\/koolipaeva-maasika-vanilje-topsijogurt-.png","type":"image\/png"}],"twitter_card":"summary_large_image","schema":{"@context":"https:\/\/schema.org","@graph":[{"@type":"WebPage","@id":"https:\/\/estover.ee\/en\/tooted\/yoghurt\/estover-en-3\/koolipaeva-jogurt-maasika-vanilli-200-g\/","url":"https:\/\/estover.ee\/en\/tooted\/yoghurt\/estover-en-3\/koolipaeva-jogurt-maasika-vanilli-200-g\/","name":"School Day Yoghurt Strawberry-Vanilla 200g - Estover","isPartOf":{"@id":"https:\/\/estover.ee\/en\/#website"},"primaryImageOfPage":{"@id":"https:\/\/estover.ee\/en\/tooted\/yoghurt\/estover-en-3\/koolipaeva-jogurt-maasika-vanilli-200-g\/#primaryimage"},"image":{"@id":"https:\/\/estover.ee\/en\/tooted\/yoghurt\/estover-en-3\/koolipaeva-jogurt-maasika-vanilli-200-g\/#primaryimage"},"thumbnailUrl":"https:\/\/estover.ee\/wp-content\/uploads\/2023\/04\/koolipaeva-maasika-vanilje-topsijogurt-.png","datePublished":"2023-04-25T13:27:26+00:00","dateModified":"2023-09-12T13:29:56+00:00","breadcrumb":{"@id":"https:\/\/estover.ee\/en\/tooted\/yoghurt\/estover-en-3\/koolipaeva-jogurt-maasika-vanilli-200-g\/#breadcrumb"},"inLanguage":"en-US","potentialAction":[{"@type":"ReadAction","target":["https:\/\/estover.ee\/en\/tooted\/yoghurt\/estover-en-3\/koolipaeva-jogurt-maasika-vanilli-200-g\/"]}]},{"@type":"ImageObject","inLanguage":"en-US","@id":"https:\/\/estover.ee\/en\/tooted\/yoghurt\/estover-en-3\/koolipaeva-jogurt-maasika-vanilli-200-g\/#primaryimage","url":"https:\/\/estover.ee\/wp-content\/uploads\/2023\/04\/koolipaeva-maasika-vanilje-topsijogurt-.png","contentUrl":"https:\/\/estover.ee\/wp-content\/uploads\/2023\/04\/koolipaeva-maasika-vanilje-topsijogurt-.png","width":500,"height":500},{"@type":"BreadcrumbList","@id":"https:\/\/estover.ee\/en\/tooted\/yoghurt\/estover-en-3\/koolipaeva-jogurt-maasika-vanilli-200-g\/#breadcrumb","itemListElement":[{"@type":"ListItem","position":1,"name":"Home","item":"https:\/\/estover.ee\/en\/"},{"@type":"ListItem","position":2,"name":"Products","item":"https:\/\/estover.ee\/en\/products\/"},{"@type":"ListItem","position":3,"name":"School Day Yoghurt Strawberry-Vanilla 200g"}]},{"@type":"WebSite","@id":"https:\/\/estover.ee\/en\/#website","url":"https:\/\/estover.ee\/en\/","name":"Estover","description":"Piimat\u00f6\u00f6stus","publisher":{"@id":"https:\/\/estover.ee\/en\/#organization"},"potentialAction":[{"@type":"SearchAction","target":{"@type":"EntryPoint","urlTemplate":"https:\/\/estover.ee\/en\/?s={search_term_string}"},"query-input":{"@type":"PropertyValueSpecification","valueRequired":true,"valueName":"search_term_string"}}],"inLanguage":"en-US"},{"@type":"Organization","@id":"https:\/\/estover.ee\/en\/#organization","name":"Estover","url":"https:\/\/estover.ee\/en\/","logo":{"@type":"ImageObject","inLanguage":"en-US","@id":"https:\/\/estover.ee\/en\/#\/schema\/logo\/image\/","url":"https:\/\/estover.ee\/wp-content\/uploads\/2022\/12\/estover_logo.png","contentUrl":"https:\/\/estover.ee\/wp-content\/uploads\/2022\/12\/estover_logo.png","width":167,"height":125,"caption":"Estover"},"image":{"@id":"https:\/\/estover.ee\/en\/#\/schema\/logo\/image\/"},"sameAs":["https:\/\/www.facebook.com\/estoverpiimatoostus","https:\/\/www.instagram.com\/estovereesti\/"]}]}},"_links":{"self":[{"href":"https:\/\/estover.ee\/en\/wp-json\/wp\/v2\/product\/4918","targetHints":{"allow":["GET"]}}],"collection":[{"href":"https:\/\/estover.ee\/en\/wp-json\/wp\/v2\/product"}],"about":[{"href":"https:\/\/estover.ee\/en\/wp-json\/wp\/v2\/types\/product"}],"wp:featuredmedia":[{"embeddable":true,"href":"https:\/\/estover.ee\/en\/wp-json\/wp\/v2\/media\/4902"}],"wp:attachment":[{"href":"https:\/\/estover.ee\/en\/wp-json\/wp\/v2\/media?parent=4918"}],"wp:term":[{"taxonomy":"product_brand","embeddable":true,"href":"https:\/\/estover.ee\/en\/wp-json\/wp\/v2\/product_brand?post=4918"},{"taxonomy":"product_cat","embeddable":true,"href":"https:\/\/estover.ee\/en\/wp-json\/wp\/v2\/product_cat?post=4918"},{"taxonomy":"product_tag","embeddable":true,"href":"https:\/\/estover.ee\/en\/wp-json\/wp\/v2\/product_tag?post=4918"}],"curies":[{"name":"wp","href":"https:\/\/api.w.org\/{rel}","templated":true}]}}