{"id":5343,"date":"2023-09-01T15:18:10","date_gmt":"2023-09-01T15:18:10","guid":{"rendered":"https:\/\/estover.ee\/?post_type=product&#038;p=5343"},"modified":"2023-09-01T15:26:26","modified_gmt":"2023-09-01T15:26:26","slug":"hiirte-juust-taispiimast-viilutatud-150-g","status":"publish","type":"product","link":"https:\/\/estover.ee\/en\/tooted\/cheese\/mice-cheese\/hiirte-juust-taispiimast-viilutatud-150-g\/","title":{"rendered":"Whole Milk Tilsiter-type Cheese Hiirte Juust sliced 150g"},"content":{"rendered":"","protected":false},"excerpt":{"rendered":"<p>Ideal for cheese lovers who want to change up their everyday life by enjoying a stronger flavor experience!<\/p>\n<p>It is recommended to keep the cheese at room temperature for at least 30 min before serving.<\/p>\n<p>Whole Milk Cheese Hiirte Juust is also participating in the Cheezo <a href=\"https:\/\/estover.ee\/kampaaniad\/hiirte-juustu-kampaania\/\">campaign<\/a>!<\/p>\n<p><strong>Ingredients<\/strong><br \/>\nPASTEURIZED MILK, leaven, salt, rennet, starch (calcium chloride), preservative (potassium nitrate).<\/p>\n<p><strong>Nutrient value per 100g<\/strong><br \/>\nEnergy 1454 kJ \/ 351 kcal; fats 29 g, of which saturated fatty acids 18 g; carbohydrates 0 g, of which sugars 0 g, proteins 24 g; salt 1.4, calcium 750mg (94%)*<\/p>\n<p>*% of daily reference quantity.<\/p>\n<p><strong>Brand<\/strong><br \/>\nHiirte Juust<\/p>\n<p><strong>Manufacturer<\/strong><br \/>\nO\u00dc Estover Piimat\u00f6\u00f6stus Kaarlij\u00e4rve Meierei<\/p>\n<p><a href=\"https:\/\/estover.ee\/wp-content\/uploads\/2023\/09\/RS-2510-scaled.jpg\" target=\"_blank\" rel=\"noopener\">Product image<\/a><\/p>\n","protected":false},"featured_media":5346,"template":"","meta":{"inline_featured_image":false},"product_brand":[],"product_cat":[159],"product_tag":[],"class_list":{"0":"post-5343","1":"product","2":"type-product","3":"status-publish","4":"has-post-thumbnail","6":"product_cat-mice-cheese","8":"first","9":"instock","10":"product-type-simple"},"yoast_head":"<!-- This site is optimized with the Yoast SEO plugin v27.2 - https:\/\/yoast.com\/product\/yoast-seo-wordpress\/ -->\n<title>Whole Milk Tilsiter-type Cheese Hiirte Juust sliced 150g - Estover<\/title>\n<meta name=\"robots\" content=\"index, follow, max-snippet:-1, max-image-preview:large, max-video-preview:-1\" \/>\n<link rel=\"canonical\" href=\"https:\/\/estover.ee\/en\/tooted\/cheese\/mice-cheese\/hiirte-juust-taispiimast-viilutatud-150-g\/\" \/>\n<meta property=\"og:locale\" content=\"en_US\" \/>\n<meta property=\"og:type\" content=\"article\" \/>\n<meta property=\"og:title\" content=\"Whole Milk Tilsiter-type Cheese Hiirte Juust sliced 150g - Estover\" \/>\n<meta property=\"og:description\" content=\"Ideal for cheese lovers who want to change up their everyday life by enjoying a stronger flavor experience!  It is recommended to keep the cheese at room temperature for at least 30 min before serving.  Whole Milk Cheese Hiirte Juust is also participating in the Cheezo campaign!  Ingredients PASTEURIZED MILK, leaven, salt, rennet, starch (calcium chloride), preservative (potassium nitrate).  Nutrient value per 100g Energy 1454 kJ \/ 351 kcal; fats 29 g, of which saturated fatty acids 18 g; carbohydrates 0 g, of which sugars 0 g, proteins 24 g; salt 1.4, calcium 750mg (94%)*  *% of daily reference quantity.  Brand Hiirte Juust  Manufacturer O\u00dc Estover Piimat\u00f6\u00f6stus Kaarlij\u00e4rve Meierei  Product image\" \/>\n<meta property=\"og:url\" content=\"https:\/\/estover.ee\/en\/tooted\/cheese\/mice-cheese\/hiirte-juust-taispiimast-viilutatud-150-g\/\" \/>\n<meta property=\"og:site_name\" content=\"Estover\" \/>\n<meta property=\"article:publisher\" content=\"https:\/\/www.facebook.com\/estoverpiimatoostus\" \/>\n<meta property=\"article:modified_time\" content=\"2023-09-01T15:26:26+00:00\" \/>\n<meta property=\"og:image\" content=\"https:\/\/estover.ee\/wp-content\/uploads\/2023\/09\/RS-2510-scaled.jpg\" \/>\n\t<meta property=\"og:image:width\" content=\"2560\" \/>\n\t<meta property=\"og:image:height\" content=\"1707\" \/>\n\t<meta property=\"og:image:type\" content=\"image\/jpeg\" \/>\n<meta name=\"twitter:card\" content=\"summary_large_image\" \/>\n<script type=\"application\/ld+json\" class=\"yoast-schema-graph\">{\"@context\":\"https:\/\/schema.org\",\"@graph\":[{\"@type\":\"WebPage\",\"@id\":\"https:\/\/estover.ee\/en\/tooted\/cheese\/mice-cheese\/hiirte-juust-taispiimast-viilutatud-150-g\/\",\"url\":\"https:\/\/estover.ee\/en\/tooted\/cheese\/mice-cheese\/hiirte-juust-taispiimast-viilutatud-150-g\/\",\"name\":\"Whole Milk Tilsiter-type Cheese Hiirte Juust sliced 150g - Estover\",\"isPartOf\":{\"@id\":\"https:\/\/estover.ee\/en\/#website\"},\"primaryImageOfPage\":{\"@id\":\"https:\/\/estover.ee\/en\/tooted\/cheese\/mice-cheese\/hiirte-juust-taispiimast-viilutatud-150-g\/#primaryimage\"},\"image\":{\"@id\":\"https:\/\/estover.ee\/en\/tooted\/cheese\/mice-cheese\/hiirte-juust-taispiimast-viilutatud-150-g\/#primaryimage\"},\"thumbnailUrl\":\"https:\/\/estover.ee\/wp-content\/uploads\/2023\/09\/RS-2510-scaled.jpg\",\"datePublished\":\"2023-09-01T15:18:10+00:00\",\"dateModified\":\"2023-09-01T15:26:26+00:00\",\"breadcrumb\":{\"@id\":\"https:\/\/estover.ee\/en\/tooted\/cheese\/mice-cheese\/hiirte-juust-taispiimast-viilutatud-150-g\/#breadcrumb\"},\"inLanguage\":\"en-US\",\"potentialAction\":[{\"@type\":\"ReadAction\",\"target\":[\"https:\/\/estover.ee\/en\/tooted\/cheese\/mice-cheese\/hiirte-juust-taispiimast-viilutatud-150-g\/\"]}]},{\"@type\":\"ImageObject\",\"inLanguage\":\"en-US\",\"@id\":\"https:\/\/estover.ee\/en\/tooted\/cheese\/mice-cheese\/hiirte-juust-taispiimast-viilutatud-150-g\/#primaryimage\",\"url\":\"https:\/\/estover.ee\/wp-content\/uploads\/2023\/09\/RS-2510-scaled.jpg\",\"contentUrl\":\"https:\/\/estover.ee\/wp-content\/uploads\/2023\/09\/RS-2510-scaled.jpg\",\"width\":2560,\"height\":1707},{\"@type\":\"BreadcrumbList\",\"@id\":\"https:\/\/estover.ee\/en\/tooted\/cheese\/mice-cheese\/hiirte-juust-taispiimast-viilutatud-150-g\/#breadcrumb\",\"itemListElement\":[{\"@type\":\"ListItem\",\"position\":1,\"name\":\"Home\",\"item\":\"https:\/\/estover.ee\/en\/\"},{\"@type\":\"ListItem\",\"position\":2,\"name\":\"Products\",\"item\":\"https:\/\/estover.ee\/en\/products\/\"},{\"@type\":\"ListItem\",\"position\":3,\"name\":\"Whole Milk Tilsiter-type Cheese Hiirte Juust sliced 150g\"}]},{\"@type\":\"WebSite\",\"@id\":\"https:\/\/estover.ee\/en\/#website\",\"url\":\"https:\/\/estover.ee\/en\/\",\"name\":\"Estover\",\"description\":\"Piimat\u00f6\u00f6stus\",\"publisher\":{\"@id\":\"https:\/\/estover.ee\/en\/#organization\"},\"potentialAction\":[{\"@type\":\"SearchAction\",\"target\":{\"@type\":\"EntryPoint\",\"urlTemplate\":\"https:\/\/estover.ee\/en\/?s={search_term_string}\"},\"query-input\":{\"@type\":\"PropertyValueSpecification\",\"valueRequired\":true,\"valueName\":\"search_term_string\"}}],\"inLanguage\":\"en-US\"},{\"@type\":\"Organization\",\"@id\":\"https:\/\/estover.ee\/en\/#organization\",\"name\":\"Estover\",\"url\":\"https:\/\/estover.ee\/en\/\",\"logo\":{\"@type\":\"ImageObject\",\"inLanguage\":\"en-US\",\"@id\":\"https:\/\/estover.ee\/en\/#\/schema\/logo\/image\/\",\"url\":\"https:\/\/estover.ee\/wp-content\/uploads\/2022\/12\/estover_logo.png\",\"contentUrl\":\"https:\/\/estover.ee\/wp-content\/uploads\/2022\/12\/estover_logo.png\",\"width\":167,\"height\":125,\"caption\":\"Estover\"},\"image\":{\"@id\":\"https:\/\/estover.ee\/en\/#\/schema\/logo\/image\/\"},\"sameAs\":[\"https:\/\/www.facebook.com\/estoverpiimatoostus\",\"https:\/\/www.instagram.com\/estovereesti\/\"]}]}<\/script>\n<!-- \/ Yoast SEO plugin. -->","yoast_head_json":{"title":"Whole Milk Tilsiter-type Cheese Hiirte Juust sliced 150g - Estover","robots":{"index":"index","follow":"follow","max-snippet":"max-snippet:-1","max-image-preview":"max-image-preview:large","max-video-preview":"max-video-preview:-1"},"canonical":"https:\/\/estover.ee\/en\/tooted\/cheese\/mice-cheese\/hiirte-juust-taispiimast-viilutatud-150-g\/","og_locale":"en_US","og_type":"article","og_title":"Whole Milk Tilsiter-type Cheese Hiirte Juust sliced 150g - Estover","og_description":"Ideal for cheese lovers who want to change up their everyday life by enjoying a stronger flavor experience!  It is recommended to keep the cheese at room temperature for at least 30 min before serving.  Whole Milk Cheese Hiirte Juust is also participating in the Cheezo campaign!  Ingredients PASTEURIZED MILK, leaven, salt, rennet, starch (calcium chloride), preservative (potassium nitrate).  Nutrient value per 100g Energy 1454 kJ \/ 351 kcal; fats 29 g, of which saturated fatty acids 18 g; carbohydrates 0 g, of which sugars 0 g, proteins 24 g; salt 1.4, calcium 750mg (94%)*  *% of daily reference quantity.  Brand Hiirte Juust  Manufacturer O\u00dc Estover Piimat\u00f6\u00f6stus Kaarlij\u00e4rve Meierei  Product image","og_url":"https:\/\/estover.ee\/en\/tooted\/cheese\/mice-cheese\/hiirte-juust-taispiimast-viilutatud-150-g\/","og_site_name":"Estover","article_publisher":"https:\/\/www.facebook.com\/estoverpiimatoostus","article_modified_time":"2023-09-01T15:26:26+00:00","og_image":[{"width":2560,"height":1707,"url":"https:\/\/estover.ee\/wp-content\/uploads\/2023\/09\/RS-2510-scaled.jpg","type":"image\/jpeg"}],"twitter_card":"summary_large_image","schema":{"@context":"https:\/\/schema.org","@graph":[{"@type":"WebPage","@id":"https:\/\/estover.ee\/en\/tooted\/cheese\/mice-cheese\/hiirte-juust-taispiimast-viilutatud-150-g\/","url":"https:\/\/estover.ee\/en\/tooted\/cheese\/mice-cheese\/hiirte-juust-taispiimast-viilutatud-150-g\/","name":"Whole Milk Tilsiter-type Cheese Hiirte Juust sliced 150g - Estover","isPartOf":{"@id":"https:\/\/estover.ee\/en\/#website"},"primaryImageOfPage":{"@id":"https:\/\/estover.ee\/en\/tooted\/cheese\/mice-cheese\/hiirte-juust-taispiimast-viilutatud-150-g\/#primaryimage"},"image":{"@id":"https:\/\/estover.ee\/en\/tooted\/cheese\/mice-cheese\/hiirte-juust-taispiimast-viilutatud-150-g\/#primaryimage"},"thumbnailUrl":"https:\/\/estover.ee\/wp-content\/uploads\/2023\/09\/RS-2510-scaled.jpg","datePublished":"2023-09-01T15:18:10+00:00","dateModified":"2023-09-01T15:26:26+00:00","breadcrumb":{"@id":"https:\/\/estover.ee\/en\/tooted\/cheese\/mice-cheese\/hiirte-juust-taispiimast-viilutatud-150-g\/#breadcrumb"},"inLanguage":"en-US","potentialAction":[{"@type":"ReadAction","target":["https:\/\/estover.ee\/en\/tooted\/cheese\/mice-cheese\/hiirte-juust-taispiimast-viilutatud-150-g\/"]}]},{"@type":"ImageObject","inLanguage":"en-US","@id":"https:\/\/estover.ee\/en\/tooted\/cheese\/mice-cheese\/hiirte-juust-taispiimast-viilutatud-150-g\/#primaryimage","url":"https:\/\/estover.ee\/wp-content\/uploads\/2023\/09\/RS-2510-scaled.jpg","contentUrl":"https:\/\/estover.ee\/wp-content\/uploads\/2023\/09\/RS-2510-scaled.jpg","width":2560,"height":1707},{"@type":"BreadcrumbList","@id":"https:\/\/estover.ee\/en\/tooted\/cheese\/mice-cheese\/hiirte-juust-taispiimast-viilutatud-150-g\/#breadcrumb","itemListElement":[{"@type":"ListItem","position":1,"name":"Home","item":"https:\/\/estover.ee\/en\/"},{"@type":"ListItem","position":2,"name":"Products","item":"https:\/\/estover.ee\/en\/products\/"},{"@type":"ListItem","position":3,"name":"Whole Milk Tilsiter-type Cheese Hiirte Juust sliced 150g"}]},{"@type":"WebSite","@id":"https:\/\/estover.ee\/en\/#website","url":"https:\/\/estover.ee\/en\/","name":"Estover","description":"Piimat\u00f6\u00f6stus","publisher":{"@id":"https:\/\/estover.ee\/en\/#organization"},"potentialAction":[{"@type":"SearchAction","target":{"@type":"EntryPoint","urlTemplate":"https:\/\/estover.ee\/en\/?s={search_term_string}"},"query-input":{"@type":"PropertyValueSpecification","valueRequired":true,"valueName":"search_term_string"}}],"inLanguage":"en-US"},{"@type":"Organization","@id":"https:\/\/estover.ee\/en\/#organization","name":"Estover","url":"https:\/\/estover.ee\/en\/","logo":{"@type":"ImageObject","inLanguage":"en-US","@id":"https:\/\/estover.ee\/en\/#\/schema\/logo\/image\/","url":"https:\/\/estover.ee\/wp-content\/uploads\/2022\/12\/estover_logo.png","contentUrl":"https:\/\/estover.ee\/wp-content\/uploads\/2022\/12\/estover_logo.png","width":167,"height":125,"caption":"Estover"},"image":{"@id":"https:\/\/estover.ee\/en\/#\/schema\/logo\/image\/"},"sameAs":["https:\/\/www.facebook.com\/estoverpiimatoostus","https:\/\/www.instagram.com\/estovereesti\/"]}]}},"_links":{"self":[{"href":"https:\/\/estover.ee\/en\/wp-json\/wp\/v2\/product\/5343","targetHints":{"allow":["GET"]}}],"collection":[{"href":"https:\/\/estover.ee\/en\/wp-json\/wp\/v2\/product"}],"about":[{"href":"https:\/\/estover.ee\/en\/wp-json\/wp\/v2\/types\/product"}],"wp:featuredmedia":[{"embeddable":true,"href":"https:\/\/estover.ee\/en\/wp-json\/wp\/v2\/media\/5346"}],"wp:attachment":[{"href":"https:\/\/estover.ee\/en\/wp-json\/wp\/v2\/media?parent=5343"}],"wp:term":[{"taxonomy":"product_brand","embeddable":true,"href":"https:\/\/estover.ee\/en\/wp-json\/wp\/v2\/product_brand?post=5343"},{"taxonomy":"product_cat","embeddable":true,"href":"https:\/\/estover.ee\/en\/wp-json\/wp\/v2\/product_cat?post=5343"},{"taxonomy":"product_tag","embeddable":true,"href":"https:\/\/estover.ee\/en\/wp-json\/wp\/v2\/product_tag?post=5343"}],"curies":[{"name":"wp","href":"https:\/\/api.w.org\/{rel}","templated":true}]}}