{"id":3601,"date":"2022-12-13T10:24:12","date_gmt":"2022-12-13T10:24:12","guid":{"rendered":"https:\/\/estover.ee\/%d0%ba%d0%be%d0%bd%d1%82%d0%b0%d0%ba%d1%82%d1%8b\/"},"modified":"2025-05-26T08:26:50","modified_gmt":"2025-05-26T08:26:50","slug":"%d0%ba%d0%be%d0%bd%d1%82%d0%b0%d0%ba%d1%82%d1%8b","status":"publish","type":"page","link":"https:\/\/estover.ee\/ru\/%d0%ba%d0%be%d0%bd%d1%82%d0%b0%d0%ba%d1%82%d1%8b\/","title":{"rendered":"\u041a\u043e\u043d\u0442\u0430\u043a\u0442\u044b"},"content":{"rendered":"\t\t<div data-elementor-type=\"wp-page\" data-elementor-id=\"3601\" class=\"elementor elementor-3601 elementor-249\">\n\t\t\t\t\t\t<section class=\"elementor-section elementor-top-section elementor-element elementor-element-7a21647 elementor-section-boxed elementor-section-height-default elementor-section-height-default\" data-id=\"7a21647\" data-element_type=\"section\">\n\t\t\t\t\t\t<div class=\"elementor-container elementor-column-gap-default\">\n\t\t\t\t\t<div class=\"elementor-column elementor-col-100 elementor-top-column elementor-element elementor-element-e27f27e\" data-id=\"e27f27e\" data-element_type=\"column\">\n\t\t\t<div class=\"elementor-widget-wrap elementor-element-populated\">\n\t\t\t\t\t\t<div class=\"elementor-element elementor-element-39526dc elementor-widget elementor-widget-heading\" data-id=\"39526dc\" data-element_type=\"widget\" data-widget_type=\"heading.default\">\n\t\t\t\t<div class=\"elementor-widget-container\">\n\t\t\t\t\t<h1 class=\"elementor-heading-title elementor-size-default\">\u041a\u041e\u041d\u0422\u0410\u041a\u0422\u042b<\/h1>\t\t\t\t<\/div>\n\t\t\t\t<\/div>\n\t\t\t\t<div class=\"elementor-element elementor-element-28c4ec3 elementor-widget elementor-widget-text-editor\" data-id=\"28c4ec3\" data-element_type=\"widget\" data-widget_type=\"text-editor.default\">\n\t\t\t\t<div class=\"elementor-widget-container\">\n\t\t\t\t\t\t\t\t\t<p>\u0421\u0432\u044f\u0437\u0430\u0442\u044c\u0441\u044f \u0441 \u043d\u0430\u043c\u0438<\/p>\n\t\t\t\t\t\t\t\t<\/div>\n\t\t\t\t<\/div>\n\t\t\t\t\t<\/div>\n\t\t<\/div>\n\t\t\t\t\t<\/div>\n\t\t<\/section>\n\t\t\t\t<section class=\"elementor-section elementor-top-section elementor-element elementor-element-9e265c1 elementor-section-boxed elementor-section-height-default elementor-section-height-default\" data-id=\"9e265c1\" data-element_type=\"section\">\n\t\t\t\t\t\t<div class=\"elementor-container elementor-column-gap-default\">\n\t\t\t\t\t<div class=\"elementor-column elementor-col-33 elementor-top-column elementor-element elementor-element-164f6c6\" data-id=\"164f6c6\" data-element_type=\"column\">\n\t\t\t<div class=\"elementor-widget-wrap elementor-element-populated\">\n\t\t\t\t\t\t<div class=\"elementor-element elementor-element-f817ed7 contact-nav elementor-widget elementor-widget-wp-widget-nav_menu\" data-id=\"f817ed7\" data-element_type=\"widget\" data-widget_type=\"wp-widget-nav_menu.default\">\n\t\t\t\t<div class=\"elementor-widget-container\">\n\t\t\t\t\t<div class=\"menu-contact-page-nav-container\"><ul id=\"menu-contact-page-nav\" class=\"menu\"><li id=\"menu-item-413\" class=\"menu-item menu-item-type-post_type menu-item-object-page menu-item-413\"><a href=\"https:\/\/estover.ee\/kontakt\/\">\u041a\u043e\u043d\u0442\u0430\u043a\u0442\u044b<\/a><\/li>\n<li id=\"menu-item-417\" class=\"menu-item menu-item-type-post_type menu-item-object-page menu-item-417\"><a href=\"https:\/\/estover.ee\/kontakt\/muugi-ja-turundusosakond\/\">\u043e\u0442\u0434\u0435\u043b \u043f\u0440\u043e\u0434\u0430\u0436 \u0438 \u043c\u0430\u0440\u043a\u0435\u0442\u0438\u043d\u0433\u0430<\/a><\/li>\n<li id=\"menu-item-416\" class=\"menu-item menu-item-type-post_type menu-item-object-page menu-item-416\"><a href=\"https:\/\/estover.ee\/kontakt\/juhtimine\/\">\u0420\u0443\u043a\u043e\u0432\u043e\u0434\u0441\u0442\u0432\u043e<\/a><\/li>\n<\/ul><\/div>\t\t\t\t<\/div>\n\t\t\t\t<\/div>\n\t\t\t\t\t<\/div>\n\t\t<\/div>\n\t\t\t\t<div class=\"elementor-column elementor-col-66 elementor-top-column elementor-element elementor-element-b194f9e\" data-id=\"b194f9e\" data-element_type=\"column\">\n\t\t\t<div class=\"elementor-widget-wrap elementor-element-populated\">\n\t\t\t\t\t\t<section class=\"elementor-section elementor-inner-section elementor-element elementor-element-e9509bc elementor-section-full_width elementor-section-height-default elementor-section-height-default\" data-id=\"e9509bc\" data-element_type=\"section\">\n\t\t\t\t\t\t<div class=\"elementor-container elementor-column-gap-default\">\n\t\t\t\t\t<div class=\"elementor-column elementor-col-50 elementor-inner-column elementor-element elementor-element-c1056f1\" data-id=\"c1056f1\" data-element_type=\"column\">\n\t\t\t<div class=\"elementor-widget-wrap elementor-element-populated\">\n\t\t\t\t\t\t<div class=\"elementor-element elementor-element-fa863da elementor-widget elementor-widget-heading\" data-id=\"fa863da\" data-element_type=\"widget\" data-widget_type=\"heading.default\">\n\t\t\t\t<div class=\"elementor-widget-container\">\n\t\t\t\t\t<h2 class=\"elementor-heading-title elementor-size-default\">Estover O\u00dc<\/h2>\t\t\t\t<\/div>\n\t\t\t\t<\/div>\n\t\t\t\t<div class=\"elementor-element elementor-element-fe79ff8 elementor-widget elementor-widget-text-editor\" data-id=\"fe79ff8\" data-element_type=\"widget\" data-widget_type=\"text-editor.default\">\n\t\t\t\t<div class=\"elementor-widget-container\">\n\t\t\t\t\t\t\t\t\t<p>\u0421\u0432\u044f\u0437\u0430\u0442\u044c\u0441\u044f \u0441 \u043d\u0430\u043c\u0438<\/p>\n\t\t\t\t\t\t\t\t<\/div>\n\t\t\t\t<\/div>\n\t\t\t\t<div class=\"elementor-element elementor-element-73416c6 elementor-widget elementor-widget-text-editor\" data-id=\"73416c6\" data-element_type=\"widget\" data-widget_type=\"text-editor.default\">\n\t\t\t\t<div class=\"elementor-widget-container\">\n\t\t\t\t\t\t\t\t\t<p><span style=\"color: #555555;\">\u0410\u0434\u0440\u0435\u0441: <\/span><a style=\"color: #c13128;\" href=\"https:\/\/goo.gl\/maps\/MWvV5jZUeco7dqo37\" target=\"_blank\" rel=\"noopener\"><span style=\"font-weight: bolder;\">Paneeli 2a\/1, Tallinn 13816<\/span><\/a><br><span style=\"color: #555555;\">\u0420\u0435\u0433.\u043a\u043e\u0434:&nbsp;<\/span><span style=\"color: #555555;\">10874607<br><\/span><span dir=\"ltr\">\u041d\u0414\u0421<\/span><span style=\"color: #555555;\">: EE100793754<\/span><br style=\"color: #555555;\"><span style=\"color: #555555;\">EORI nr: EE10874607<\/span><\/p>\n<p><span style=\"color: #555555;\"><b>\u0422\u0435\u043b\u0435\u0444\u043e\u043d:<\/b> <\/span>+372 611 2600<br style=\"color: #555555;\"><span style=\"color: #555555;\"><b>\u042d-\u043f\u043e\u0447\u0442\u0430:<\/b> <\/span><font color=\"#555555\">estover(at)estover.ee<\/font><br><font color=\"#555555\"><b>\u042d\u043a\u0441\u043f\u043e\u0440\u0442:&nbsp;<\/b><\/font>export(at)estover.ee<\/p>\t\t\t\t\t\t\t\t<\/div>\n\t\t\t\t<\/div>\n\t\t\t\t\t<\/div>\n\t\t<\/div>\n\t\t\t\t<div class=\"elementor-column elementor-col-50 elementor-inner-column elementor-element elementor-element-a6303ea\" data-id=\"a6303ea\" data-element_type=\"column\">\n\t\t\t<div class=\"elementor-widget-wrap elementor-element-populated\">\n\t\t\t\t\t\t<div class=\"elementor-element elementor-element-afb0a05 elementor-widget elementor-widget-google_maps\" data-id=\"afb0a05\" data-element_type=\"widget\" data-widget_type=\"google_maps.default\">\n\t\t\t\t<div class=\"elementor-widget-container\">\n\t\t\t\t\t\t\t<div class=\"elementor-custom-embed\">\n\t\t\t<iframe loading=\"lazy\"\n\t\t\t\t\tsrc=\"https:\/\/maps.google.com\/maps?q=paneeli%202a%2F1&#038;t=m&#038;z=10&#038;output=embed&#038;iwloc=near\"\n\t\t\t\t\ttitle=\"paneeli 2a\/1\"\n\t\t\t\t\taria-label=\"paneeli 2a\/1\"\n\t\t\t><\/iframe>\n\t\t<\/div>\n\t\t\t\t\t\t<\/div>\n\t\t\t\t<\/div>\n\t\t\t\t\t<\/div>\n\t\t<\/div>\n\t\t\t\t\t<\/div>\n\t\t<\/section>\n\t\t\t\t<section class=\"elementor-section elementor-inner-section elementor-element elementor-element-46be88b elementor-section-full_width elementor-section-height-default elementor-section-height-default\" data-id=\"46be88b\" data-element_type=\"section\">\n\t\t\t\t\t\t<div class=\"elementor-container elementor-column-gap-default\">\n\t\t\t\t\t<div class=\"elementor-column elementor-col-50 elementor-inner-column elementor-element elementor-element-1029c37\" data-id=\"1029c37\" data-element_type=\"column\">\n\t\t\t<div class=\"elementor-widget-wrap elementor-element-populated\">\n\t\t\t\t\t\t<div class=\"elementor-element elementor-element-4b2683f elementor-widget elementor-widget-heading\" data-id=\"4b2683f\" data-element_type=\"widget\" data-widget_type=\"heading.default\">\n\t\t\t\t<div class=\"elementor-widget-container\">\n\t\t\t\t\t<h2 class=\"elementor-heading-title elementor-size-default\">\u041f\u0440\u043e\u0438\u0437\u0432\u043e\u0434\u0441\u0442\u0432\u043e <\/h2>\t\t\t\t<\/div>\n\t\t\t\t<\/div>\n\t\t\t\t<div class=\"elementor-element elementor-element-ba84348 elementor-widget elementor-widget-text-editor\" data-id=\"ba84348\" data-element_type=\"widget\" data-widget_type=\"text-editor.default\">\n\t\t\t\t<div class=\"elementor-widget-container\">\n\t\t\t\t\t\t\t\t\t<p><span style=\"color: #555555;\">\u0410\u0434\u0440\u0435\u0441: <\/span><a style=\"color: #c13128;\" href=\"https:\/\/www.google.ee\/maps\/place\/58%C2%B016'51.0%22N+26%C2%B010'31.4%22E\/@58.2848272,26.1784286,10z\/data=!4m5!3m4!1s0x0:0x0!8m2!3d58.280843!4d26.175379?hl=en\" target=\"_blank\" rel=\"noopener\"><span style=\"font-weight: bolder;\">Kaarlij\u00e4rve k\u00fcla, Elva vald, Tartumaa 61104<\/span><\/a><br style=\"color: #555555;\"><span style=\"color: #555555;\"><b>\u0422\u0435\u043b\u0435\u0444\u043e\u043d:<\/b> <\/span><span style=\"color: rgb(85, 85, 85);\">+372 7<\/span>3 53 802<br style=\"color: #555555;\"><span style=\"color: rgb(85, 85, 85);\"><span style=\"font-weight: 700;\">\u042d-\u043f\u043e\u0447\u0442\u0430:<\/span>&nbsp;<\/span><span style=\"color: rgb(85, 85, 85);\">estover(at)estover.ee<\/span><br style=\"color: #555555;\"><span style=\"font-weight: bolder; color: #555555;\">Estover Piimat\u00f6\u00f6stus O\u00dc<\/span><br style=\"color: #555555;\"><span style=\"color: #555555;\">\u0420\u0435\u0433.\u043a\u043e\u0434: <\/span><span style=\"font-weight: bolder; color: #555555;\">10585935<\/span><\/p>\t\t\t\t\t\t\t\t<\/div>\n\t\t\t\t<\/div>\n\t\t\t\t\t<\/div>\n\t\t<\/div>\n\t\t\t\t<div class=\"elementor-column elementor-col-50 elementor-inner-column elementor-element elementor-element-d1607c0\" data-id=\"d1607c0\" data-element_type=\"column\">\n\t\t\t<div class=\"elementor-widget-wrap elementor-element-populated\">\n\t\t\t\t\t\t<div class=\"elementor-element elementor-element-d8c8676 elementor-widget elementor-widget-google_maps\" data-id=\"d8c8676\" data-element_type=\"widget\" data-widget_type=\"google_maps.default\">\n\t\t\t\t<div class=\"elementor-widget-container\">\n\t\t\t\t\t\t\t<div class=\"elementor-custom-embed\">\n\t\t\t<iframe loading=\"lazy\"\n\t\t\t\t\tsrc=\"https:\/\/maps.google.com\/maps?q=Kaarlij%C3%A4rve%20k%C3%BCla%2C%20Elva%20vald%2C%20Tartumaa%2061104&#038;t=m&#038;z=10&#038;output=embed&#038;iwloc=near\"\n\t\t\t\t\ttitle=\"Kaarlij\u00e4rve k\u00fcla, Elva vald, Tartumaa 61104\"\n\t\t\t\t\taria-label=\"Kaarlij\u00e4rve k\u00fcla, Elva vald, Tartumaa 61104\"\n\t\t\t><\/iframe>\n\t\t<\/div>\n\t\t\t\t\t\t<\/div>\n\t\t\t\t<\/div>\n\t\t\t\t\t<\/div>\n\t\t<\/div>\n\t\t\t\t\t<\/div>\n\t\t<\/section>\n\t\t\t\t\t<\/div>\n\t\t<\/div>\n\t\t\t\t\t<\/div>\n\t\t<\/section>\n\t\t\t\t<\/div>\n\t\t","protected":false},"excerpt":{"rendered":"<p>\u041a\u041e\u041d\u0422\u0410\u041a\u0422\u042b \u0421\u0432\u044f\u0437\u0430\u0442\u044c\u0441\u044f \u0441 \u043d\u0430\u043c\u0438 Estover O\u00dc \u0421\u0432\u044f\u0437\u0430\u0442\u044c\u0441\u044f \u0441 \u043d\u0430\u043c\u0438 \u0410\u0434\u0440\u0435\u0441: Paneeli 2a\/1, Tallinn 13816\u0420\u0435\u0433.\u043a\u043e\u0434:&nbsp;10874607\u041d\u0414\u0421: EE100793754EORI nr: EE10874607 \u0422\u0435\u043b\u0435\u0444\u043e\u043d: +372 611 2600\u042d-\u043f\u043e\u0447\u0442\u0430: estover(at)estover.ee\u042d\u043a\u0441\u043f\u043e\u0440\u0442:&nbsp;export(at)estover.ee \u041f\u0440\u043e\u0438\u0437\u0432\u043e\u0434\u0441\u0442\u0432\u043e \u0410\u0434\u0440\u0435\u0441: Kaarlij\u00e4rve k\u00fcla, Elva vald, Tartumaa 61104\u0422\u0435\u043b\u0435\u0444\u043e\u043d: +372 73 53 802\u042d-\u043f\u043e\u0447\u0442\u0430:&nbsp;estover(at)estover.eeEstover Piimat\u00f6\u00f6stus O\u00dc\u0420\u0435\u0433.\u043a\u043e\u0434: 10585935<\/p>\n","protected":false},"author":1,"featured_media":0,"parent":0,"menu_order":0,"comment_status":"closed","ping_status":"closed","template":"","meta":{"inline_featured_image":false,"footnotes":""},"class_list":["post-3601","page","type-page","status-publish","hentry"],"yoast_head":"<!-- This site is optimized with the Yoast SEO plugin v27.2 - https:\/\/yoast.com\/product\/yoast-seo-wordpress\/ -->\n<title>\u041a\u043e\u043d\u0442\u0430\u043a\u0442\u044b - Estover<\/title>\n<meta name=\"robots\" content=\"index, follow, max-snippet:-1, max-image-preview:large, max-video-preview:-1\" \/>\n<link rel=\"canonical\" href=\"https:\/\/estover.ee\/ru\/%d0%ba%d0%be%d0%bd%d1%82%d0%b0%d0%ba%d1%82%d1%8b\/\" \/>\n<meta property=\"og:locale\" content=\"ru_RU\" \/>\n<meta property=\"og:type\" content=\"article\" \/>\n<meta property=\"og:title\" content=\"\u041a\u043e\u043d\u0442\u0430\u043a\u0442\u044b - Estover\" \/>\n<meta property=\"og:description\" content=\"\u041a\u041e\u041d\u0422\u0410\u041a\u0422\u042b \u0421\u0432\u044f\u0437\u0430\u0442\u044c\u0441\u044f \u0441 \u043d\u0430\u043c\u0438 Estover O\u00dc \u0421\u0432\u044f\u0437\u0430\u0442\u044c\u0441\u044f \u0441 \u043d\u0430\u043c\u0438 \u0410\u0434\u0440\u0435\u0441: Paneeli 2a\/1, Tallinn 13816\u0420\u0435\u0433.\u043a\u043e\u0434:&nbsp;10874607\u041d\u0414\u0421: EE100793754EORI nr: EE10874607 \u0422\u0435\u043b\u0435\u0444\u043e\u043d: +372 611 2600\u042d-\u043f\u043e\u0447\u0442\u0430: estover(at)estover.ee\u042d\u043a\u0441\u043f\u043e\u0440\u0442:&nbsp;export(at)estover.ee \u041f\u0440\u043e\u0438\u0437\u0432\u043e\u0434\u0441\u0442\u0432\u043e \u0410\u0434\u0440\u0435\u0441: Kaarlij\u00e4rve k\u00fcla, Elva vald, Tartumaa 61104\u0422\u0435\u043b\u0435\u0444\u043e\u043d: +372 73 53 802\u042d-\u043f\u043e\u0447\u0442\u0430:&nbsp;estover(at)estover.eeEstover Piimat\u00f6\u00f6stus O\u00dc\u0420\u0435\u0433.\u043a\u043e\u0434: 10585935\" \/>\n<meta property=\"og:url\" content=\"https:\/\/estover.ee\/ru\/%d0%ba%d0%be%d0%bd%d1%82%d0%b0%d0%ba%d1%82%d1%8b\/\" \/>\n<meta property=\"og:site_name\" content=\"Estover\" \/>\n<meta property=\"article:publisher\" content=\"https:\/\/www.facebook.com\/estoverpiimatoostus\" \/>\n<meta property=\"article:modified_time\" content=\"2025-05-26T08:26:50+00:00\" \/>\n<meta name=\"twitter:card\" content=\"summary_large_image\" \/>\n<meta name=\"twitter:label1\" content=\"\u041f\u0440\u0438\u043c\u0435\u0440\u043d\u043e\u0435 \u0432\u0440\u0435\u043c\u044f \u0434\u043b\u044f \u0447\u0442\u0435\u043d\u0438\u044f\" \/>\n\t<meta name=\"twitter:data1\" content=\"1 \u043c\u0438\u043d\u0443\u0442\u0430\" \/>\n<script type=\"application\/ld+json\" class=\"yoast-schema-graph\">{\"@context\":\"https:\/\/schema.org\",\"@graph\":[{\"@type\":\"WebPage\",\"@id\":\"https:\/\/estover.ee\/ru\/%d0%ba%d0%be%d0%bd%d1%82%d0%b0%d0%ba%d1%82%d1%8b\/\",\"url\":\"https:\/\/estover.ee\/ru\/%d0%ba%d0%be%d0%bd%d1%82%d0%b0%d0%ba%d1%82%d1%8b\/\",\"name\":\"\u041a\u043e\u043d\u0442\u0430\u043a\u0442\u044b - Estover\",\"isPartOf\":{\"@id\":\"https:\/\/estover.ee\/ru\/#website\"},\"datePublished\":\"2022-12-13T10:24:12+00:00\",\"dateModified\":\"2025-05-26T08:26:50+00:00\",\"breadcrumb\":{\"@id\":\"https:\/\/estover.ee\/ru\/%d0%ba%d0%be%d0%bd%d1%82%d0%b0%d0%ba%d1%82%d1%8b\/#breadcrumb\"},\"inLanguage\":\"ru-RU\",\"potentialAction\":[{\"@type\":\"ReadAction\",\"target\":[\"https:\/\/estover.ee\/ru\/%d0%ba%d0%be%d0%bd%d1%82%d0%b0%d0%ba%d1%82%d1%8b\/\"]}]},{\"@type\":\"BreadcrumbList\",\"@id\":\"https:\/\/estover.ee\/ru\/%d0%ba%d0%be%d0%bd%d1%82%d0%b0%d0%ba%d1%82%d1%8b\/#breadcrumb\",\"itemListElement\":[{\"@type\":\"ListItem\",\"position\":1,\"name\":\"Home\",\"item\":\"https:\/\/estover.ee\/ru\/\"},{\"@type\":\"ListItem\",\"position\":2,\"name\":\"\u041a\u043e\u043d\u0442\u0430\u043a\u0442\u044b\"}]},{\"@type\":\"WebSite\",\"@id\":\"https:\/\/estover.ee\/ru\/#website\",\"url\":\"https:\/\/estover.ee\/ru\/\",\"name\":\"Estover\",\"description\":\"Piimat\u00f6\u00f6stus\",\"publisher\":{\"@id\":\"https:\/\/estover.ee\/ru\/#organization\"},\"potentialAction\":[{\"@type\":\"SearchAction\",\"target\":{\"@type\":\"EntryPoint\",\"urlTemplate\":\"https:\/\/estover.ee\/ru\/?s={search_term_string}\"},\"query-input\":{\"@type\":\"PropertyValueSpecification\",\"valueRequired\":true,\"valueName\":\"search_term_string\"}}],\"inLanguage\":\"ru-RU\"},{\"@type\":\"Organization\",\"@id\":\"https:\/\/estover.ee\/ru\/#organization\",\"name\":\"Estover\",\"url\":\"https:\/\/estover.ee\/ru\/\",\"logo\":{\"@type\":\"ImageObject\",\"inLanguage\":\"ru-RU\",\"@id\":\"https:\/\/estover.ee\/ru\/#\/schema\/logo\/image\/\",\"url\":\"https:\/\/estover.ee\/wp-content\/uploads\/2022\/12\/estover_logo.png\",\"contentUrl\":\"https:\/\/estover.ee\/wp-content\/uploads\/2022\/12\/estover_logo.png\",\"width\":167,\"height\":125,\"caption\":\"Estover\"},\"image\":{\"@id\":\"https:\/\/estover.ee\/ru\/#\/schema\/logo\/image\/\"},\"sameAs\":[\"https:\/\/www.facebook.com\/estoverpiimatoostus\",\"https:\/\/www.instagram.com\/estovereesti\/\"]}]}<\/script>\n<!-- \/ Yoast SEO plugin. -->","yoast_head_json":{"title":"\u041a\u043e\u043d\u0442\u0430\u043a\u0442\u044b - Estover","robots":{"index":"index","follow":"follow","max-snippet":"max-snippet:-1","max-image-preview":"max-image-preview:large","max-video-preview":"max-video-preview:-1"},"canonical":"https:\/\/estover.ee\/ru\/%d0%ba%d0%be%d0%bd%d1%82%d0%b0%d0%ba%d1%82%d1%8b\/","og_locale":"ru_RU","og_type":"article","og_title":"\u041a\u043e\u043d\u0442\u0430\u043a\u0442\u044b - Estover","og_description":"\u041a\u041e\u041d\u0422\u0410\u041a\u0422\u042b \u0421\u0432\u044f\u0437\u0430\u0442\u044c\u0441\u044f \u0441 \u043d\u0430\u043c\u0438 Estover O\u00dc \u0421\u0432\u044f\u0437\u0430\u0442\u044c\u0441\u044f \u0441 \u043d\u0430\u043c\u0438 \u0410\u0434\u0440\u0435\u0441: Paneeli 2a\/1, Tallinn 13816\u0420\u0435\u0433.\u043a\u043e\u0434:&nbsp;10874607\u041d\u0414\u0421: EE100793754EORI nr: EE10874607 \u0422\u0435\u043b\u0435\u0444\u043e\u043d: +372 611 2600\u042d-\u043f\u043e\u0447\u0442\u0430: estover(at)estover.ee\u042d\u043a\u0441\u043f\u043e\u0440\u0442:&nbsp;export(at)estover.ee \u041f\u0440\u043e\u0438\u0437\u0432\u043e\u0434\u0441\u0442\u0432\u043e \u0410\u0434\u0440\u0435\u0441: Kaarlij\u00e4rve k\u00fcla, Elva vald, Tartumaa 61104\u0422\u0435\u043b\u0435\u0444\u043e\u043d: +372 73 53 802\u042d-\u043f\u043e\u0447\u0442\u0430:&nbsp;estover(at)estover.eeEstover Piimat\u00f6\u00f6stus O\u00dc\u0420\u0435\u0433.\u043a\u043e\u0434: 10585935","og_url":"https:\/\/estover.ee\/ru\/%d0%ba%d0%be%d0%bd%d1%82%d0%b0%d0%ba%d1%82%d1%8b\/","og_site_name":"Estover","article_publisher":"https:\/\/www.facebook.com\/estoverpiimatoostus","article_modified_time":"2025-05-26T08:26:50+00:00","twitter_card":"summary_large_image","twitter_misc":{"\u041f\u0440\u0438\u043c\u0435\u0440\u043d\u043e\u0435 \u0432\u0440\u0435\u043c\u044f \u0434\u043b\u044f \u0447\u0442\u0435\u043d\u0438\u044f":"1 \u043c\u0438\u043d\u0443\u0442\u0430"},"schema":{"@context":"https:\/\/schema.org","@graph":[{"@type":"WebPage","@id":"https:\/\/estover.ee\/ru\/%d0%ba%d0%be%d0%bd%d1%82%d0%b0%d0%ba%d1%82%d1%8b\/","url":"https:\/\/estover.ee\/ru\/%d0%ba%d0%be%d0%bd%d1%82%d0%b0%d0%ba%d1%82%d1%8b\/","name":"\u041a\u043e\u043d\u0442\u0430\u043a\u0442\u044b - Estover","isPartOf":{"@id":"https:\/\/estover.ee\/ru\/#website"},"datePublished":"2022-12-13T10:24:12+00:00","dateModified":"2025-05-26T08:26:50+00:00","breadcrumb":{"@id":"https:\/\/estover.ee\/ru\/%d0%ba%d0%be%d0%bd%d1%82%d0%b0%d0%ba%d1%82%d1%8b\/#breadcrumb"},"inLanguage":"ru-RU","potentialAction":[{"@type":"ReadAction","target":["https:\/\/estover.ee\/ru\/%d0%ba%d0%be%d0%bd%d1%82%d0%b0%d0%ba%d1%82%d1%8b\/"]}]},{"@type":"BreadcrumbList","@id":"https:\/\/estover.ee\/ru\/%d0%ba%d0%be%d0%bd%d1%82%d0%b0%d0%ba%d1%82%d1%8b\/#breadcrumb","itemListElement":[{"@type":"ListItem","position":1,"name":"Home","item":"https:\/\/estover.ee\/ru\/"},{"@type":"ListItem","position":2,"name":"\u041a\u043e\u043d\u0442\u0430\u043a\u0442\u044b"}]},{"@type":"WebSite","@id":"https:\/\/estover.ee\/ru\/#website","url":"https:\/\/estover.ee\/ru\/","name":"Estover","description":"Piimat\u00f6\u00f6stus","publisher":{"@id":"https:\/\/estover.ee\/ru\/#organization"},"potentialAction":[{"@type":"SearchAction","target":{"@type":"EntryPoint","urlTemplate":"https:\/\/estover.ee\/ru\/?s={search_term_string}"},"query-input":{"@type":"PropertyValueSpecification","valueRequired":true,"valueName":"search_term_string"}}],"inLanguage":"ru-RU"},{"@type":"Organization","@id":"https:\/\/estover.ee\/ru\/#organization","name":"Estover","url":"https:\/\/estover.ee\/ru\/","logo":{"@type":"ImageObject","inLanguage":"ru-RU","@id":"https:\/\/estover.ee\/ru\/#\/schema\/logo\/image\/","url":"https:\/\/estover.ee\/wp-content\/uploads\/2022\/12\/estover_logo.png","contentUrl":"https:\/\/estover.ee\/wp-content\/uploads\/2022\/12\/estover_logo.png","width":167,"height":125,"caption":"Estover"},"image":{"@id":"https:\/\/estover.ee\/ru\/#\/schema\/logo\/image\/"},"sameAs":["https:\/\/www.facebook.com\/estoverpiimatoostus","https:\/\/www.instagram.com\/estovereesti\/"]}]}},"_links":{"self":[{"href":"https:\/\/estover.ee\/ru\/wp-json\/wp\/v2\/pages\/3601","targetHints":{"allow":["GET"]}}],"collection":[{"href":"https:\/\/estover.ee\/ru\/wp-json\/wp\/v2\/pages"}],"about":[{"href":"https:\/\/estover.ee\/ru\/wp-json\/wp\/v2\/types\/page"}],"author":[{"embeddable":true,"href":"https:\/\/estover.ee\/ru\/wp-json\/wp\/v2\/users\/1"}],"replies":[{"embeddable":true,"href":"https:\/\/estover.ee\/ru\/wp-json\/wp\/v2\/comments?post=3601"}],"version-history":[{"count":8,"href":"https:\/\/estover.ee\/ru\/wp-json\/wp\/v2\/pages\/3601\/revisions"}],"predecessor-version":[{"id":7232,"href":"https:\/\/estover.ee\/ru\/wp-json\/wp\/v2\/pages\/3601\/revisions\/7232"}],"wp:attachment":[{"href":"https:\/\/estover.ee\/ru\/wp-json\/wp\/v2\/media?parent=3601"}],"curies":[{"name":"wp","href":"https:\/\/api.w.org\/{rel}","templated":true}]}}