{"id":3677,"date":"2022-12-22T11:55:54","date_gmt":"2022-12-22T11:55:54","guid":{"rendered":"https:\/\/estover.ee\/tooted\/uncategorized\/%d0%b9%d0%be%d0%b3%d1%83%d1%80%d1%82%d0%bd%d1%8b%d0%b9-%d0%bd%d0%b0%d0%bf%d0%b8%d1%82%d0%be%d0%ba-%d1%88%d0%ba%d0%be%d0%bb%d1%8c%d0%bd%d1%8b%d0%b9-%d0%b4%d0%b5%d0%bd%d1%8c-%d0%be%d1%80%d0%b3%d0%b0\/"},"modified":"2023-09-12T13:33:06","modified_gmt":"2023-09-12T13:33:06","slug":"koolipaeva-jogurtijook-mahedamaitseline-800g","status":"publish","type":"product","link":"https:\/\/estover.ee\/ru\/\u043f\u0440\u043e\u0434\u0443\u043a\u0442\u044b\/%d0%bf%d0%b8%d1%82%d1%8c%d0%b5%d0%b2%d0%be%d0%b9-%d0%b9%d0%be%d0%b3%d1%83%d1%80%d1%82\/koolipaeva-jogurtijook-mahedamaitseline-800g\/","title":{"rendered":"\u0419\u043e\u0433\u0443\u0440\u0442\u043e\u0432\u044b\u0439 \u043d\u0430\u043f\u0438\u0442\u043e\u043a &#171;\u0428\u043a\u043e\u043b\u044c\u043d\u044b\u0439 \u0434\u0435\u043d\u044c&#187; \u0441 \u043d\u0435\u0436\u043d\u044b\u043c \u0432\u043a\u0443\u0441\u043e\u043c 800 \u0433\u0440"},"content":{"rendered":"<p>\u0419\u043e\u0433\u0443\u0440\u0442\u043e\u0432\u044b\u0439 \u043d\u0430\u043f\u0438\u0442\u043e\u043a \u0441 \u043d\u0435\u0436\u043d\u044b\u043c \u0432\u043a\u0443\u0441\u043e\u043c &#8212; \u043d\u0435 \u0430\u0440\u043e\u043c\u0430\u0442\u0438\u0437\u0438\u0440\u043e\u0432\u0430\u043d\u043d\u044b\u0439 (\u0431\u0435\u0437 \u043a\u0430\u043a\u043e\u0433\u043e-\u043b\u0438\u0431\u043e \u0432\u043a\u0443\u0441\u0430) 800\u0433\u0440.<br \/>\n\u041d\u0435\u0430\u0440\u043e\u043c\u0430\u0442\u0438\u0437\u0438\u0440\u043e\u0432\u0430\u043d\u043d\u044b\u0439 \u0439\u043e\u0433\u0443\u0440\u0442 \u043c\u043e\u0436\u043d\u043e \u043a\u0443\u0448\u0430\u0442\u044c \u0432\u043c\u0435\u0441\u0442\u0435 \u0441 \u043c\u044e\u0441\u043b\u044f\u043c\u0438, \u0438\u0441\u043f\u043e\u043b\u044c\u0437\u043e\u0432\u0430\u0442\u044c \u0434\u043b\u044f \u043f\u0440\u0438\u0433\u043e\u0442\u043e\u0432\u043b\u0435\u043d\u0438\u044f \u0441\u043c\u0443\u0437\u0438, \u0431\u043b\u0438\u043d\u043e\u0432, \u0441\u043e\u0443\u0441\u043e\u0432, \u0442\u0430\u043a \u043a\u0430\u043a \u043e\u043d \u0441\u043e\u0434\u0435\u0440\u0436\u0438\u0442 \u043c\u0435\u043d\u044c\u0448\u0435 \u0436\u0438\u0440\u0430, \u0447\u0435\u043c \u0441\u043c\u0435\u0442\u0430\u043d\u0430 \u0438 \u0441\u043b\u0438\u0432\u043e\u0447\u043d\u044b\u0439 \u0441\u044b\u0440. \u0419\u043e\u0433\u0443\u0440\u0442\u043e\u0432\u044b\u0439 \u043d\u0430\u043f\u0438\u0442\u043e\u043a \u0441\u043e\u0434\u0435\u0440\u0436\u0438\u0442 \u043e\u0447\u0435\u043d\u044c \u043c\u0430\u043b\u043e \u0441\u0430\u0445\u0430\u0440\u0430 (2,7 \u0433\u0440\/100 \u0433\u0440), \u043c\u043d\u043e\u0433\u043e \u043a\u0430\u043b\u044c\u0446\u0438\u044f \u0438 \u0431\u0435\u043b\u043a\u0430, \u0431\u043e\u0433\u0430\u0442 \u043f\u043e\u043b\u0435\u0437\u043d\u044b\u043c\u0438 \u0441\u044b\u0432\u043e\u0440\u043e\u0442\u043e\u0447\u043d\u044b\u043c\u0438 \u0431\u0435\u043b\u043a\u0430\u043c\u0438, \u043a\u043e\u0442\u043e\u0440\u044b\u0435 \u043b\u0435\u0433\u043a\u043e \u0443\u0441\u0432\u0430\u0438\u0432\u0430\u044e\u0442\u0441\u044f \u043e\u0440\u0433\u0430\u043d\u0438\u0437\u043c\u043e\u043c.<br \/>\n\u0419\u043e\u0433\u0443\u0440\u0442\u043e\u0432\u044b\u0439 \u043d\u0430\u043f\u0438\u0442\u043e\u043a \u0438\u0437\u0433\u043e\u0442\u0430\u0432\u043b\u0438\u0432\u0430\u044e\u0442\u0441\u044f \u0438\u0437 \u043e\u0442\u0435\u0447\u0435\u0441\u0442\u0432\u0435\u043d\u043d\u044b\u0445 \u0438\u043d\u0433\u0440\u0435\u0434\u0438\u0435\u043d\u0442\u043e\u0432 \u0438 \u043c\u043e\u043b\u043e\u043a\u0430, \u043f\u0440\u043e\u0438\u0437\u0432\u0435\u0434\u0435\u043d\u043d\u043e\u0433\u043e \u0432 \u042d\u0441\u0442\u043e\u043d\u0438\u0438.<\/p>\n","protected":false},"excerpt":{"rendered":"<p>\u0419\u043e\u0433\u0443\u0440\u0442\u043e\u0432\u044b\u0439 \u043d\u0430\u043f\u0438\u0442\u043e\u043a \u0441\u043e\u0434\u0435\u0440\u0436\u0438\u0442 \u043e\u0447\u0435\u043d\u044c \u043c\u0430\u043b\u043e \u0441\u0430\u0445\u0430\u0440\u0430 (2,7 \u0433\u0440\/100 \u0433\u0440), \u043c\u043d\u043e\u0433\u043e \u043a\u0430\u043b\u044c\u0446\u0438\u044f \u0438 \u0431\u0435\u043b\u043a\u0430, \u0431\u043e\u0433\u0430\u0442 \u043f\u043e\u043b\u0435\u0437\u043d\u044b\u043c\u0438 \u0441\u044b\u0432\u043e\u0440\u043e\u0442\u043e\u0447\u043d\u044b\u043c\u0438 \u0431\u0435\u043b\u043a\u0430\u043c\u0438, \u043a\u043e\u0442\u043e\u0440\u044b\u0435 \u043b\u0435\u0433\u043a\u043e \u0443\u0441\u0432\u0430\u0438\u0432\u0430\u044e\u0442\u0441\u044f \u043e\u0440\u0433\u0430\u043d\u0438\u0437\u043c\u043e\u043c. \u0419\u043e\u0433\u0443\u0440\u0442\u043e\u0432\u044b\u0451 \u043d\u0430\u043f\u0438\u0442\u043e\u043a \u0438\u0437\u0433\u043e\u0442\u0430\u0432\u043b\u0438\u0432\u0430\u044e\u0442 \u0438\u0437 \u043e\u0442\u0435\u0447\u0435\u0441\u0442\u0432\u0435\u043d\u043d\u044b\u0445 \u0438\u043d\u0433\u0440\u0435\u0434\u0438\u0435\u043d\u0442\u043e\u0432 \u0438 \u043c\u043e\u043b\u043e\u043a\u0430, \u043f\u0440\u043e\u0438\u0437\u0432\u0435\u0434\u0435\u043d\u043d\u043e\u0433\u043e \u0432 \u042d\u0441\u0442\u043e\u043d\u0438\u0438.  <\/p>\n<p> \u0412 \u043d\u0430\u0448\u0435\u0439 \u043f\u0440\u043e\u0434\u0443\u043a\u0446\u0438\u0438 \u043c\u044b \u043d\u0435 \u0438\u0441\u043f\u043e\u043b\u044c\u0437\u0443\u0435\u043c \u0438\u0441\u043a\u0443\u0441\u0441\u0442\u0432\u0435\u043d\u043d\u044b\u0435 \u043a\u043e\u043d\u0441\u0435\u0440\u0432\u0430\u043d\u0442\u044b \u0438 \u043a\u0440\u0430\u0441\u0438\u0442\u0435\u043b\u0438.<\/p>\n<p><strong>C\u043e\u0441\u0442\u0430\u0432<\/strong><\/p>\n<p>\u0421\u042b\u0412\u041e\u0420\u041e\u0422\u041a\u0410, \u041c\u041e\u041b\u041e\u041a\u041e, \u0437\u0430\u043a\u0432\u0430\u0441\u043a\u0430<\/p>\n<p><strong>\u041f\u0438\u0449\u0435\u0432\u0430\u044f \u0446\u0435\u043d\u043d\u043e\u0441\u0442\u044c \u043d\u0430 100\u0433<\/strong><\/p>\n<p>\u042d\u043d\u0435\u0440\u0433\u0438\u044f 202 \u043a\u0414\u0436\/ 48 \u043a\u043a\u0430\u043b, \u0436\u0438\u0440\u044b 2,3 \u0433\u0440, \u0438\u0437 \u043d\u0438\u0445 \u043d\u0430\u0441\u044b\u0449\u0435\u043d\u043d\u044b\u0435 \u0436\u0438\u0440\u043d\u044b\u0435 \u043a\u0438\u0441\u043b\u043e\u0442\u044b 1,5 \u0433\u0440, \u0443\u0433\u043b\u0435\u0432\u043e\u0434\u044b 2,7 \u0433\u0440, \u0438\u0437 \u043d\u0438\u0445 \u0441\u0430\u0445\u0430\u0440\u0430 2,7 \u0433\u0440, \u0431\u0435\u043b\u043a\u0438 4,2 \u0433\u0440, \u0441\u043e\u043b\u044c 0,1 \u0433\u0440.<\/p>\n<p><strong>\u0411\u0440\u0435\u043d\u0434<\/strong><br \/>\nKoolip\u00e4eva<br \/>\n<strong>\u041f\u0440\u043e\u0438\u0437\u0432\u043e\u0434\u0438\u0442\u0435\u043b\u044c<\/strong><br \/>\nEstover Piimat\u00f6\u00f6stus O\u00dc<\/p>\n<p><a href=\"https:\/\/estover.ee\/wp-content\/uploads\/2022\/12\/Koolipaeva-jogurtijook-800g-EAN-4740572006067-inglise-keel.jpg\">\u0418\u0437\u043e\u0431\u0440\u0430\u0436\u0435\u043d\u0438\u0435 \u043f\u0440\u043e\u0434\u0443\u043a\u0442\u0430 <\/a><\/p>\n","protected":false},"featured_media":4301,"template":"","meta":{"inline_featured_image":false},"product_brand":[],"product_cat":[130],"product_tag":[],"class_list":{"0":"post-3677","1":"product","2":"type-product","3":"status-publish","4":"has-post-thumbnail","6":"product_cat-130","8":"first","9":"instock","10":"product-type-simple"},"yoast_head":"<!-- This site is optimized with the Yoast SEO plugin v27.2 - https:\/\/yoast.com\/product\/yoast-seo-wordpress\/ -->\n<title>\u0419\u043e\u0433\u0443\u0440\u0442\u043e\u0432\u044b\u0439 \u043d\u0430\u043f\u0438\u0442\u043e\u043a &quot;\u0428\u043a\u043e\u043b\u044c\u043d\u044b\u0439 \u0434\u0435\u043d\u044c&quot; \u0441 \u043d\u0435\u0436\u043d\u044b\u043c \u0432\u043a\u0443\u0441\u043e\u043c 800 \u0433\u0440 - Estover<\/title>\n<meta name=\"robots\" content=\"index, follow, max-snippet:-1, max-image-preview:large, max-video-preview:-1\" \/>\n<link rel=\"canonical\" href=\"https:\/\/estover.ee\/ru\/\u043f\u0440\u043e\u0434\u0443\u043a\u0442\u044b\/%d0%bf%d0%b8%d1%82%d1%8c%d0%b5%d0%b2%d0%be%d0%b9-%d0%b9%d0%be%d0%b3%d1%83%d1%80%d1%82\/koolipaeva-jogurtijook-mahedamaitseline-800g\/\" \/>\n<meta property=\"og:locale\" content=\"ru_RU\" \/>\n<meta property=\"og:type\" content=\"article\" \/>\n<meta property=\"og:title\" content=\"\u0419\u043e\u0433\u0443\u0440\u0442\u043e\u0432\u044b\u0439 \u043d\u0430\u043f\u0438\u0442\u043e\u043a &quot;\u0428\u043a\u043e\u043b\u044c\u043d\u044b\u0439 \u0434\u0435\u043d\u044c&quot; \u0441 \u043d\u0435\u0436\u043d\u044b\u043c \u0432\u043a\u0443\u0441\u043e\u043c 800 \u0433\u0440 - Estover\" \/>\n<meta property=\"og:description\" content=\"\u0419\u043e\u0433\u0443\u0440\u0442\u043e\u0432\u044b\u0439 \u043d\u0430\u043f\u0438\u0442\u043e\u043a \u0441\u043e\u0434\u0435\u0440\u0436\u0438\u0442 \u043e\u0447\u0435\u043d\u044c \u043c\u0430\u043b\u043e \u0441\u0430\u0445\u0430\u0440\u0430 (2,7 \u0433\u0440\/100 \u0433\u0440), \u043c\u043d\u043e\u0433\u043e \u043a\u0430\u043b\u044c\u0446\u0438\u044f \u0438 \u0431\u0435\u043b\u043a\u0430, \u0431\u043e\u0433\u0430\u0442 \u043f\u043e\u043b\u0435\u0437\u043d\u044b\u043c\u0438 \u0441\u044b\u0432\u043e\u0440\u043e\u0442\u043e\u0447\u043d\u044b\u043c\u0438 \u0431\u0435\u043b\u043a\u0430\u043c\u0438, \u043a\u043e\u0442\u043e\u0440\u044b\u0435 \u043b\u0435\u0433\u043a\u043e \u0443\u0441\u0432\u0430\u0438\u0432\u0430\u044e\u0442\u0441\u044f \u043e\u0440\u0433\u0430\u043d\u0438\u0437\u043c\u043e\u043c. \u0419\u043e\u0433\u0443\u0440\u0442\u043e\u0432\u044b\u0451 \u043d\u0430\u043f\u0438\u0442\u043e\u043a \u0438\u0437\u0433\u043e\u0442\u0430\u0432\u043b\u0438\u0432\u0430\u044e\u0442 \u0438\u0437 \u043e\u0442\u0435\u0447\u0435\u0441\u0442\u0432\u0435\u043d\u043d\u044b\u0445 \u0438\u043d\u0433\u0440\u0435\u0434\u0438\u0435\u043d\u0442\u043e\u0432 \u0438 \u043c\u043e\u043b\u043e\u043a\u0430, \u043f\u0440\u043e\u0438\u0437\u0432\u0435\u0434\u0435\u043d\u043d\u043e\u0433\u043e \u0432 \u042d\u0441\u0442\u043e\u043d\u0438\u0438.   \u0412 \u043d\u0430\u0448\u0435\u0439 \u043f\u0440\u043e\u0434\u0443\u043a\u0446\u0438\u0438 \u043c\u044b \u043d\u0435 \u0438\u0441\u043f\u043e\u043b\u044c\u0437\u0443\u0435\u043c \u0438\u0441\u043a\u0443\u0441\u0441\u0442\u0432\u0435\u043d\u043d\u044b\u0435 \u043a\u043e\u043d\u0441\u0435\u0440\u0432\u0430\u043d\u0442\u044b \u0438 \u043a\u0440\u0430\u0441\u0438\u0442\u0435\u043b\u0438. C\u043e\u0441\u0442\u0430\u0432 \u0421\u042b\u0412\u041e\u0420\u041e\u0422\u041a\u0410, \u041c\u041e\u041b\u041e\u041a\u041e, \u0437\u0430\u043a\u0432\u0430\u0441\u043a\u0430 \u041f\u0438\u0449\u0435\u0432\u0430\u044f \u0446\u0435\u043d\u043d\u043e\u0441\u0442\u044c \u043d\u0430 100\u0433 \u042d\u043d\u0435\u0440\u0433\u0438\u044f 202 \u043a\u0414\u0436\/ 48 \u043a\u043a\u0430\u043b, \u0436\u0438\u0440\u044b 2,3 \u0433\u0440, \u0438\u0437 \u043d\u0438\u0445 \u043d\u0430\u0441\u044b\u0449\u0435\u043d\u043d\u044b\u0435 \u0436\u0438\u0440\u043d\u044b\u0435 \u043a\u0438\u0441\u043b\u043e\u0442\u044b 1,5 \u0433\u0440, \u0443\u0433\u043b\u0435\u0432\u043e\u0434\u044b 2,7 \u0433\u0440, \u0438\u0437 \u043d\u0438\u0445 \u0441\u0430\u0445\u0430\u0440\u0430 2,7 \u0433\u0440, \u0431\u0435\u043b\u043a\u0438 4,2 \u0433\u0440, \u0441\u043e\u043b\u044c 0,1 \u0433\u0440. \u0411\u0440\u0435\u043d\u0434 Koolip\u00e4eva \u041f\u0440\u043e\u0438\u0437\u0432\u043e\u0434\u0438\u0442\u0435\u043b\u044c Estover Piimat\u00f6\u00f6stus O\u00dc \u0418\u0437\u043e\u0431\u0440\u0430\u0436\u0435\u043d\u0438\u0435 \u043f\u0440\u043e\u0434\u0443\u043a\u0442\u0430\" \/>\n<meta property=\"og:url\" content=\"https:\/\/estover.ee\/ru\/\u043f\u0440\u043e\u0434\u0443\u043a\u0442\u044b\/%d0%bf%d0%b8%d1%82%d1%8c%d0%b5%d0%b2%d0%be%d0%b9-%d0%b9%d0%be%d0%b3%d1%83%d1%80%d1%82\/koolipaeva-jogurtijook-mahedamaitseline-800g\/\" \/>\n<meta property=\"og:site_name\" content=\"Estover\" \/>\n<meta property=\"article:publisher\" content=\"https:\/\/www.facebook.com\/estoverpiimatoostus\" \/>\n<meta property=\"article:modified_time\" content=\"2023-09-12T13:33:06+00:00\" \/>\n<meta property=\"og:image\" content=\"https:\/\/estover.ee\/wp-content\/uploads\/2022\/12\/Koolipaeva-jogurtijook-800g-EAN-4740572006067-inglise-keel.jpg\" \/>\n\t<meta property=\"og:image:width\" content=\"1700\" \/>\n\t<meta property=\"og:image:height\" content=\"2200\" \/>\n\t<meta property=\"og:image:type\" content=\"image\/jpeg\" \/>\n<meta name=\"twitter:card\" content=\"summary_large_image\" \/>\n<script type=\"application\/ld+json\" class=\"yoast-schema-graph\">{\"@context\":\"https:\/\/schema.org\",\"@graph\":[{\"@type\":\"WebPage\",\"@id\":\"https:\/\/estover.ee\/ru\/\u043f\u0440\u043e\u0434\u0443\u043a\u0442\u044b\/%d0%bf%d0%b8%d1%82%d1%8c%d0%b5%d0%b2%d0%be%d0%b9-%d0%b9%d0%be%d0%b3%d1%83%d1%80%d1%82\/koolipaeva-jogurtijook-mahedamaitseline-800g\/\",\"url\":\"https:\/\/estover.ee\/ru\/\u043f\u0440\u043e\u0434\u0443\u043a\u0442\u044b\/%d0%bf%d0%b8%d1%82%d1%8c%d0%b5%d0%b2%d0%be%d0%b9-%d0%b9%d0%be%d0%b3%d1%83%d1%80%d1%82\/koolipaeva-jogurtijook-mahedamaitseline-800g\/\",\"name\":\"\u0419\u043e\u0433\u0443\u0440\u0442\u043e\u0432\u044b\u0439 \u043d\u0430\u043f\u0438\u0442\u043e\u043a \\\"\u0428\u043a\u043e\u043b\u044c\u043d\u044b\u0439 \u0434\u0435\u043d\u044c\\\" \u0441 \u043d\u0435\u0436\u043d\u044b\u043c \u0432\u043a\u0443\u0441\u043e\u043c 800 \u0433\u0440 - Estover\",\"isPartOf\":{\"@id\":\"https:\/\/estover.ee\/ru\/#website\"},\"primaryImageOfPage\":{\"@id\":\"https:\/\/estover.ee\/ru\/\u043f\u0440\u043e\u0434\u0443\u043a\u0442\u044b\/%d0%bf%d0%b8%d1%82%d1%8c%d0%b5%d0%b2%d0%be%d0%b9-%d0%b9%d0%be%d0%b3%d1%83%d1%80%d1%82\/koolipaeva-jogurtijook-mahedamaitseline-800g\/#primaryimage\"},\"image\":{\"@id\":\"https:\/\/estover.ee\/ru\/\u043f\u0440\u043e\u0434\u0443\u043a\u0442\u044b\/%d0%bf%d0%b8%d1%82%d1%8c%d0%b5%d0%b2%d0%be%d0%b9-%d0%b9%d0%be%d0%b3%d1%83%d1%80%d1%82\/koolipaeva-jogurtijook-mahedamaitseline-800g\/#primaryimage\"},\"thumbnailUrl\":\"https:\/\/estover.ee\/wp-content\/uploads\/2022\/12\/Koolipaeva-jogurtijook-800g-EAN-4740572006067-inglise-keel.jpg\",\"datePublished\":\"2022-12-22T11:55:54+00:00\",\"dateModified\":\"2023-09-12T13:33:06+00:00\",\"breadcrumb\":{\"@id\":\"https:\/\/estover.ee\/ru\/\u043f\u0440\u043e\u0434\u0443\u043a\u0442\u044b\/%d0%bf%d0%b8%d1%82%d1%8c%d0%b5%d0%b2%d0%be%d0%b9-%d0%b9%d0%be%d0%b3%d1%83%d1%80%d1%82\/koolipaeva-jogurtijook-mahedamaitseline-800g\/#breadcrumb\"},\"inLanguage\":\"ru-RU\",\"potentialAction\":[{\"@type\":\"ReadAction\",\"target\":[\"https:\/\/estover.ee\/ru\/\u043f\u0440\u043e\u0434\u0443\u043a\u0442\u044b\/%d0%bf%d0%b8%d1%82%d1%8c%d0%b5%d0%b2%d0%be%d0%b9-%d0%b9%d0%be%d0%b3%d1%83%d1%80%d1%82\/koolipaeva-jogurtijook-mahedamaitseline-800g\/\"]}]},{\"@type\":\"ImageObject\",\"inLanguage\":\"ru-RU\",\"@id\":\"https:\/\/estover.ee\/ru\/\u043f\u0440\u043e\u0434\u0443\u043a\u0442\u044b\/%d0%bf%d0%b8%d1%82%d1%8c%d0%b5%d0%b2%d0%be%d0%b9-%d0%b9%d0%be%d0%b3%d1%83%d1%80%d1%82\/koolipaeva-jogurtijook-mahedamaitseline-800g\/#primaryimage\",\"url\":\"https:\/\/estover.ee\/wp-content\/uploads\/2022\/12\/Koolipaeva-jogurtijook-800g-EAN-4740572006067-inglise-keel.jpg\",\"contentUrl\":\"https:\/\/estover.ee\/wp-content\/uploads\/2022\/12\/Koolipaeva-jogurtijook-800g-EAN-4740572006067-inglise-keel.jpg\",\"width\":1700,\"height\":2200},{\"@type\":\"BreadcrumbList\",\"@id\":\"https:\/\/estover.ee\/ru\/\u043f\u0440\u043e\u0434\u0443\u043a\u0442\u044b\/%d0%bf%d0%b8%d1%82%d1%8c%d0%b5%d0%b2%d0%be%d0%b9-%d0%b9%d0%be%d0%b3%d1%83%d1%80%d1%82\/koolipaeva-jogurtijook-mahedamaitseline-800g\/#breadcrumb\",\"itemListElement\":[{\"@type\":\"ListItem\",\"position\":1,\"name\":\"Home\",\"item\":\"https:\/\/estover.ee\/ru\/\"},{\"@type\":\"ListItem\",\"position\":2,\"name\":\"\u041f\u0440\u043e\u0434\u0443\u043a\u0442\u044b\",\"item\":\"https:\/\/estover.ee\/tooted\/\"},{\"@type\":\"ListItem\",\"position\":3,\"name\":\"\u0419\u043e\u0433\u0443\u0440\u0442\u043e\u0432\u044b\u0439 \u043d\u0430\u043f\u0438\u0442\u043e\u043a &#8220;\u0428\u043a\u043e\u043b\u044c\u043d\u044b\u0439 \u0434\u0435\u043d\u044c&#8221; \u0441 \u043d\u0435\u0436\u043d\u044b\u043c \u0432\u043a\u0443\u0441\u043e\u043c 800 \u0433\u0440\"}]},{\"@type\":\"WebSite\",\"@id\":\"https:\/\/estover.ee\/ru\/#website\",\"url\":\"https:\/\/estover.ee\/ru\/\",\"name\":\"Estover\",\"description\":\"Piimat\u00f6\u00f6stus\",\"publisher\":{\"@id\":\"https:\/\/estover.ee\/ru\/#organization\"},\"potentialAction\":[{\"@type\":\"SearchAction\",\"target\":{\"@type\":\"EntryPoint\",\"urlTemplate\":\"https:\/\/estover.ee\/ru\/?s={search_term_string}\"},\"query-input\":{\"@type\":\"PropertyValueSpecification\",\"valueRequired\":true,\"valueName\":\"search_term_string\"}}],\"inLanguage\":\"ru-RU\"},{\"@type\":\"Organization\",\"@id\":\"https:\/\/estover.ee\/ru\/#organization\",\"name\":\"Estover\",\"url\":\"https:\/\/estover.ee\/ru\/\",\"logo\":{\"@type\":\"ImageObject\",\"inLanguage\":\"ru-RU\",\"@id\":\"https:\/\/estover.ee\/ru\/#\/schema\/logo\/image\/\",\"url\":\"https:\/\/estover.ee\/wp-content\/uploads\/2022\/12\/estover_logo.png\",\"contentUrl\":\"https:\/\/estover.ee\/wp-content\/uploads\/2022\/12\/estover_logo.png\",\"width\":167,\"height\":125,\"caption\":\"Estover\"},\"image\":{\"@id\":\"https:\/\/estover.ee\/ru\/#\/schema\/logo\/image\/\"},\"sameAs\":[\"https:\/\/www.facebook.com\/estoverpiimatoostus\",\"https:\/\/www.instagram.com\/estovereesti\/\"]}]}<\/script>\n<!-- \/ Yoast SEO plugin. -->","yoast_head_json":{"title":"\u0419\u043e\u0433\u0443\u0440\u0442\u043e\u0432\u044b\u0439 \u043d\u0430\u043f\u0438\u0442\u043e\u043a \"\u0428\u043a\u043e\u043b\u044c\u043d\u044b\u0439 \u0434\u0435\u043d\u044c\" \u0441 \u043d\u0435\u0436\u043d\u044b\u043c \u0432\u043a\u0443\u0441\u043e\u043c 800 \u0433\u0440 - Estover","robots":{"index":"index","follow":"follow","max-snippet":"max-snippet:-1","max-image-preview":"max-image-preview:large","max-video-preview":"max-video-preview:-1"},"canonical":"https:\/\/estover.ee\/ru\/\u043f\u0440\u043e\u0434\u0443\u043a\u0442\u044b\/%d0%bf%d0%b8%d1%82%d1%8c%d0%b5%d0%b2%d0%be%d0%b9-%d0%b9%d0%be%d0%b3%d1%83%d1%80%d1%82\/koolipaeva-jogurtijook-mahedamaitseline-800g\/","og_locale":"ru_RU","og_type":"article","og_title":"\u0419\u043e\u0433\u0443\u0440\u0442\u043e\u0432\u044b\u0439 \u043d\u0430\u043f\u0438\u0442\u043e\u043a \"\u0428\u043a\u043e\u043b\u044c\u043d\u044b\u0439 \u0434\u0435\u043d\u044c\" \u0441 \u043d\u0435\u0436\u043d\u044b\u043c \u0432\u043a\u0443\u0441\u043e\u043c 800 \u0433\u0440 - Estover","og_description":"\u0419\u043e\u0433\u0443\u0440\u0442\u043e\u0432\u044b\u0439 \u043d\u0430\u043f\u0438\u0442\u043e\u043a \u0441\u043e\u0434\u0435\u0440\u0436\u0438\u0442 \u043e\u0447\u0435\u043d\u044c \u043c\u0430\u043b\u043e \u0441\u0430\u0445\u0430\u0440\u0430 (2,7 \u0433\u0440\/100 \u0433\u0440), \u043c\u043d\u043e\u0433\u043e \u043a\u0430\u043b\u044c\u0446\u0438\u044f \u0438 \u0431\u0435\u043b\u043a\u0430, \u0431\u043e\u0433\u0430\u0442 \u043f\u043e\u043b\u0435\u0437\u043d\u044b\u043c\u0438 \u0441\u044b\u0432\u043e\u0440\u043e\u0442\u043e\u0447\u043d\u044b\u043c\u0438 \u0431\u0435\u043b\u043a\u0430\u043c\u0438, \u043a\u043e\u0442\u043e\u0440\u044b\u0435 \u043b\u0435\u0433\u043a\u043e \u0443\u0441\u0432\u0430\u0438\u0432\u0430\u044e\u0442\u0441\u044f \u043e\u0440\u0433\u0430\u043d\u0438\u0437\u043c\u043e\u043c. \u0419\u043e\u0433\u0443\u0440\u0442\u043e\u0432\u044b\u0451 \u043d\u0430\u043f\u0438\u0442\u043e\u043a \u0438\u0437\u0433\u043e\u0442\u0430\u0432\u043b\u0438\u0432\u0430\u044e\u0442 \u0438\u0437 \u043e\u0442\u0435\u0447\u0435\u0441\u0442\u0432\u0435\u043d\u043d\u044b\u0445 \u0438\u043d\u0433\u0440\u0435\u0434\u0438\u0435\u043d\u0442\u043e\u0432 \u0438 \u043c\u043e\u043b\u043e\u043a\u0430, \u043f\u0440\u043e\u0438\u0437\u0432\u0435\u0434\u0435\u043d\u043d\u043e\u0433\u043e \u0432 \u042d\u0441\u0442\u043e\u043d\u0438\u0438.   \u0412 \u043d\u0430\u0448\u0435\u0439 \u043f\u0440\u043e\u0434\u0443\u043a\u0446\u0438\u0438 \u043c\u044b \u043d\u0435 \u0438\u0441\u043f\u043e\u043b\u044c\u0437\u0443\u0435\u043c \u0438\u0441\u043a\u0443\u0441\u0441\u0442\u0432\u0435\u043d\u043d\u044b\u0435 \u043a\u043e\u043d\u0441\u0435\u0440\u0432\u0430\u043d\u0442\u044b \u0438 \u043a\u0440\u0430\u0441\u0438\u0442\u0435\u043b\u0438. C\u043e\u0441\u0442\u0430\u0432 \u0421\u042b\u0412\u041e\u0420\u041e\u0422\u041a\u0410, \u041c\u041e\u041b\u041e\u041a\u041e, \u0437\u0430\u043a\u0432\u0430\u0441\u043a\u0430 \u041f\u0438\u0449\u0435\u0432\u0430\u044f \u0446\u0435\u043d\u043d\u043e\u0441\u0442\u044c \u043d\u0430 100\u0433 \u042d\u043d\u0435\u0440\u0433\u0438\u044f 202 \u043a\u0414\u0436\/ 48 \u043a\u043a\u0430\u043b, \u0436\u0438\u0440\u044b 2,3 \u0433\u0440, \u0438\u0437 \u043d\u0438\u0445 \u043d\u0430\u0441\u044b\u0449\u0435\u043d\u043d\u044b\u0435 \u0436\u0438\u0440\u043d\u044b\u0435 \u043a\u0438\u0441\u043b\u043e\u0442\u044b 1,5 \u0433\u0440, \u0443\u0433\u043b\u0435\u0432\u043e\u0434\u044b 2,7 \u0433\u0440, \u0438\u0437 \u043d\u0438\u0445 \u0441\u0430\u0445\u0430\u0440\u0430 2,7 \u0433\u0440, \u0431\u0435\u043b\u043a\u0438 4,2 \u0433\u0440, \u0441\u043e\u043b\u044c 0,1 \u0433\u0440. \u0411\u0440\u0435\u043d\u0434 Koolip\u00e4eva \u041f\u0440\u043e\u0438\u0437\u0432\u043e\u0434\u0438\u0442\u0435\u043b\u044c Estover Piimat\u00f6\u00f6stus O\u00dc \u0418\u0437\u043e\u0431\u0440\u0430\u0436\u0435\u043d\u0438\u0435 \u043f\u0440\u043e\u0434\u0443\u043a\u0442\u0430","og_url":"https:\/\/estover.ee\/ru\/\u043f\u0440\u043e\u0434\u0443\u043a\u0442\u044b\/%d0%bf%d0%b8%d1%82%d1%8c%d0%b5%d0%b2%d0%be%d0%b9-%d0%b9%d0%be%d0%b3%d1%83%d1%80%d1%82\/koolipaeva-jogurtijook-mahedamaitseline-800g\/","og_site_name":"Estover","article_publisher":"https:\/\/www.facebook.com\/estoverpiimatoostus","article_modified_time":"2023-09-12T13:33:06+00:00","og_image":[{"width":1700,"height":2200,"url":"https:\/\/estover.ee\/wp-content\/uploads\/2022\/12\/Koolipaeva-jogurtijook-800g-EAN-4740572006067-inglise-keel.jpg","type":"image\/jpeg"}],"twitter_card":"summary_large_image","schema":{"@context":"https:\/\/schema.org","@graph":[{"@type":"WebPage","@id":"https:\/\/estover.ee\/ru\/\u043f\u0440\u043e\u0434\u0443\u043a\u0442\u044b\/%d0%bf%d0%b8%d1%82%d1%8c%d0%b5%d0%b2%d0%be%d0%b9-%d0%b9%d0%be%d0%b3%d1%83%d1%80%d1%82\/koolipaeva-jogurtijook-mahedamaitseline-800g\/","url":"https:\/\/estover.ee\/ru\/\u043f\u0440\u043e\u0434\u0443\u043a\u0442\u044b\/%d0%bf%d0%b8%d1%82%d1%8c%d0%b5%d0%b2%d0%be%d0%b9-%d0%b9%d0%be%d0%b3%d1%83%d1%80%d1%82\/koolipaeva-jogurtijook-mahedamaitseline-800g\/","name":"\u0419\u043e\u0433\u0443\u0440\u0442\u043e\u0432\u044b\u0439 \u043d\u0430\u043f\u0438\u0442\u043e\u043a \"\u0428\u043a\u043e\u043b\u044c\u043d\u044b\u0439 \u0434\u0435\u043d\u044c\" \u0441 \u043d\u0435\u0436\u043d\u044b\u043c \u0432\u043a\u0443\u0441\u043e\u043c 800 \u0433\u0440 - Estover","isPartOf":{"@id":"https:\/\/estover.ee\/ru\/#website"},"primaryImageOfPage":{"@id":"https:\/\/estover.ee\/ru\/\u043f\u0440\u043e\u0434\u0443\u043a\u0442\u044b\/%d0%bf%d0%b8%d1%82%d1%8c%d0%b5%d0%b2%d0%be%d0%b9-%d0%b9%d0%be%d0%b3%d1%83%d1%80%d1%82\/koolipaeva-jogurtijook-mahedamaitseline-800g\/#primaryimage"},"image":{"@id":"https:\/\/estover.ee\/ru\/\u043f\u0440\u043e\u0434\u0443\u043a\u0442\u044b\/%d0%bf%d0%b8%d1%82%d1%8c%d0%b5%d0%b2%d0%be%d0%b9-%d0%b9%d0%be%d0%b3%d1%83%d1%80%d1%82\/koolipaeva-jogurtijook-mahedamaitseline-800g\/#primaryimage"},"thumbnailUrl":"https:\/\/estover.ee\/wp-content\/uploads\/2022\/12\/Koolipaeva-jogurtijook-800g-EAN-4740572006067-inglise-keel.jpg","datePublished":"2022-12-22T11:55:54+00:00","dateModified":"2023-09-12T13:33:06+00:00","breadcrumb":{"@id":"https:\/\/estover.ee\/ru\/\u043f\u0440\u043e\u0434\u0443\u043a\u0442\u044b\/%d0%bf%d0%b8%d1%82%d1%8c%d0%b5%d0%b2%d0%be%d0%b9-%d0%b9%d0%be%d0%b3%d1%83%d1%80%d1%82\/koolipaeva-jogurtijook-mahedamaitseline-800g\/#breadcrumb"},"inLanguage":"ru-RU","potentialAction":[{"@type":"ReadAction","target":["https:\/\/estover.ee\/ru\/\u043f\u0440\u043e\u0434\u0443\u043a\u0442\u044b\/%d0%bf%d0%b8%d1%82%d1%8c%d0%b5%d0%b2%d0%be%d0%b9-%d0%b9%d0%be%d0%b3%d1%83%d1%80%d1%82\/koolipaeva-jogurtijook-mahedamaitseline-800g\/"]}]},{"@type":"ImageObject","inLanguage":"ru-RU","@id":"https:\/\/estover.ee\/ru\/\u043f\u0440\u043e\u0434\u0443\u043a\u0442\u044b\/%d0%bf%d0%b8%d1%82%d1%8c%d0%b5%d0%b2%d0%be%d0%b9-%d0%b9%d0%be%d0%b3%d1%83%d1%80%d1%82\/koolipaeva-jogurtijook-mahedamaitseline-800g\/#primaryimage","url":"https:\/\/estover.ee\/wp-content\/uploads\/2022\/12\/Koolipaeva-jogurtijook-800g-EAN-4740572006067-inglise-keel.jpg","contentUrl":"https:\/\/estover.ee\/wp-content\/uploads\/2022\/12\/Koolipaeva-jogurtijook-800g-EAN-4740572006067-inglise-keel.jpg","width":1700,"height":2200},{"@type":"BreadcrumbList","@id":"https:\/\/estover.ee\/ru\/\u043f\u0440\u043e\u0434\u0443\u043a\u0442\u044b\/%d0%bf%d0%b8%d1%82%d1%8c%d0%b5%d0%b2%d0%be%d0%b9-%d0%b9%d0%be%d0%b3%d1%83%d1%80%d1%82\/koolipaeva-jogurtijook-mahedamaitseline-800g\/#breadcrumb","itemListElement":[{"@type":"ListItem","position":1,"name":"Home","item":"https:\/\/estover.ee\/ru\/"},{"@type":"ListItem","position":2,"name":"\u041f\u0440\u043e\u0434\u0443\u043a\u0442\u044b","item":"https:\/\/estover.ee\/tooted\/"},{"@type":"ListItem","position":3,"name":"\u0419\u043e\u0433\u0443\u0440\u0442\u043e\u0432\u044b\u0439 \u043d\u0430\u043f\u0438\u0442\u043e\u043a &#8220;\u0428\u043a\u043e\u043b\u044c\u043d\u044b\u0439 \u0434\u0435\u043d\u044c&#8221; \u0441 \u043d\u0435\u0436\u043d\u044b\u043c \u0432\u043a\u0443\u0441\u043e\u043c 800 \u0433\u0440"}]},{"@type":"WebSite","@id":"https:\/\/estover.ee\/ru\/#website","url":"https:\/\/estover.ee\/ru\/","name":"Estover","description":"Piimat\u00f6\u00f6stus","publisher":{"@id":"https:\/\/estover.ee\/ru\/#organization"},"potentialAction":[{"@type":"SearchAction","target":{"@type":"EntryPoint","urlTemplate":"https:\/\/estover.ee\/ru\/?s={search_term_string}"},"query-input":{"@type":"PropertyValueSpecification","valueRequired":true,"valueName":"search_term_string"}}],"inLanguage":"ru-RU"},{"@type":"Organization","@id":"https:\/\/estover.ee\/ru\/#organization","name":"Estover","url":"https:\/\/estover.ee\/ru\/","logo":{"@type":"ImageObject","inLanguage":"ru-RU","@id":"https:\/\/estover.ee\/ru\/#\/schema\/logo\/image\/","url":"https:\/\/estover.ee\/wp-content\/uploads\/2022\/12\/estover_logo.png","contentUrl":"https:\/\/estover.ee\/wp-content\/uploads\/2022\/12\/estover_logo.png","width":167,"height":125,"caption":"Estover"},"image":{"@id":"https:\/\/estover.ee\/ru\/#\/schema\/logo\/image\/"},"sameAs":["https:\/\/www.facebook.com\/estoverpiimatoostus","https:\/\/www.instagram.com\/estovereesti\/"]}]}},"_links":{"self":[{"href":"https:\/\/estover.ee\/ru\/wp-json\/wp\/v2\/product\/3677","targetHints":{"allow":["GET"]}}],"collection":[{"href":"https:\/\/estover.ee\/ru\/wp-json\/wp\/v2\/product"}],"about":[{"href":"https:\/\/estover.ee\/ru\/wp-json\/wp\/v2\/types\/product"}],"wp:featuredmedia":[{"embeddable":true,"href":"https:\/\/estover.ee\/ru\/wp-json\/wp\/v2\/media\/4301"}],"wp:attachment":[{"href":"https:\/\/estover.ee\/ru\/wp-json\/wp\/v2\/media?parent=3677"}],"wp:term":[{"taxonomy":"product_brand","embeddable":true,"href":"https:\/\/estover.ee\/ru\/wp-json\/wp\/v2\/product_brand?post=3677"},{"taxonomy":"product_cat","embeddable":true,"href":"https:\/\/estover.ee\/ru\/wp-json\/wp\/v2\/product_cat?post=3677"},{"taxonomy":"product_tag","embeddable":true,"href":"https:\/\/estover.ee\/ru\/wp-json\/wp\/v2\/product_tag?post=3677"}],"curies":[{"name":"wp","href":"https:\/\/api.w.org\/{rel}","templated":true}]}}