{"id":3762,"date":"2022-12-22T11:55:50","date_gmt":"2022-12-22T11:55:50","guid":{"rendered":"https:\/\/estover.ee\/tooted\/uncategorized\/%d1%81%d1%8b%d1%80-%d0%bc%d0%b0%d0%b0%d1%81%d0%b4%d0%b0%d0%bc-%d0%bd%d0%b0%d1%80%d0%b5%d0%b7%d0%b0%d0%bd%d0%bd%d1%8b%d0%b9-150-%d0%b3\/"},"modified":"2025-01-08T14:51:59","modified_gmt":"2025-01-08T14:51:59","slug":"maasdam-juust-viilutatud-150-g","status":"publish","type":"product","link":"https:\/\/estover.ee\/ru\/\u043f\u0440\u043e\u0434\u0443\u043a\u0442\u044b\/c%d1%8b%d1%80\/estover-ru\/maasdam-juust-viilutatud-150-g\/","title":{"rendered":"\u041d\u0430\u0440\u0435\u0437\u0430\u043d\u043d\u044b\u0439 \u0441\u044b\u0440 \u041c\u0430\u0430\u0441\u0434\u0430\u043c 150 \u0433\u0440"},"content":{"rendered":"","protected":false},"excerpt":{"rendered":"<p>\u0421\u044b\u0447\u0443\u0436\u043d\u044b\u0439 \u0441\u044b\u0440 \u0448\u0432\u0435\u0439\u0446\u0430\u0440\u0441\u043a\u043e\u0433\u043e \u0442\u0438\u043f\u0430 \u0438\u0437 \u043f\u043e\u043b\u0443\u0442\u0432\u0435\u0440\u0434\u043e\u0433\u043e \u043a\u043e\u0440\u043e\u0432\u044c\u0435\u0433\u043e \u043c\u043e\u043b\u043e\u043a\u0430. \u0421 \u043a\u0438\u0441\u043b\u043e-\u0441\u043b\u0430\u0434\u043a\u0438\u043c \u0438 \u0441\u043b\u0435\u0433\u043a\u0430 \u043e\u0440\u0435\u0445\u043e\u0432\u044b\u043c \u0432\u043a\u0443\u0441\u043e\u043c, \u0441\u0440\u0435\u0434\u043d\u0435\u0439 \u0436\u0438\u0440\u043d\u043e\u0441\u0442\u044c\u044e \u0438 \u0432\u044b\u0441\u043e\u043a\u0438\u043c \u0441\u043e\u0434\u0435\u0440\u0436\u0430\u043d\u0438\u0435\u043c \u043a\u0430\u043b\u044c\u0446\u0438\u044f. \u042d\u043b\u0430\u0441\u0442\u0438\u0447\u043d\u044b\u0439 \u043f\u043e \u043a\u043e\u043d\u0441\u0438\u0441\u0442\u0435\u043d\u0446\u0438\u0438 \u0438 \u043b\u0435\u0433\u043a\u043e \u0440\u0435\u0436\u0435\u0442\u0441\u044f, \u0441 \u0431\u043e\u043b\u044c\u0448\u0438\u043c\u0438 \u043e\u0442\u0432\u0435\u0440\u0441\u0442\u0438\u044f\u043c\u0438, \u0445\u0430\u0440\u0430\u043a\u0442\u0435\u0440\u043d\u044b\u043c\u0438 \u0434\u043b\u044f \u0448\u0432\u0435\u0439\u0446\u0430\u0440\u0441\u043a\u043e\u0433\u043e \u0441\u044b\u0440\u0430 \u043f\u043e \u0441\u0442\u0440\u0443\u043a\u0442\u0443\u0440\u0435. \u041f\u0435\u0440\u0435\u0434 \u043f\u043e\u0434\u0430\u0447\u0435\u0439 \u0441\u044b\u0440 \u0440\u0435\u043a\u043e\u043c\u0435\u043d\u0434\u0443\u0435\u0442\u0441\u044f \u0432\u044b\u0434\u0435\u0440\u0436\u0430\u0442\u044c \u043f\u0440\u0438 \u043a\u043e\u043c\u043d\u0430\u0442\u043d\u043e\u0439 \u0442\u0435\u043c\u043f\u0435\u0440\u0430\u0442\u0443\u0440\u0435 \u043d\u0435 \u043c\u0435\u043d\u0435\u0435 30 \u043c\u0438\u043d\u0443\u0442.<\/p>\n<p><strong>\u0418\u043d\u0433\u0440\u0435\u0434\u0438\u0435\u043d\u0442\u044b<\/strong><\/p>\n<p>\u041f\u0410\u0421\u0422\u0415\u0420\u0418\u0417\u041e\u0412\u0410\u041d\u041d\u041e\u0415 \u041c\u041e\u041b\u041e\u041a\u041e, \u0441\u043e\u043b\u044c, \u043c\u043e\u043b\u043e\u0447\u043d\u043e\u043a\u0438\u0441\u043b\u0430\u044f \u043a\u0443\u043b\u044c\u0442\u0443\u0440\u0430, \u043c\u0438\u043a\u0440\u043e\u0431\u0438\u043e\u043b\u043e\u0433\u0438\u0447\u0435\u0441\u043a\u0438\u0439 \u0441\u044b\u0447\u0443\u0436\u043d\u044b\u0439 \u0444\u0435\u0440\u043c\u0435\u043d\u0442.<\/p>\n<p><strong>\u0412 100 \u0433\u0440 \u043f\u0440\u043e\u0434\u0443\u043a\u0442\u0430 \u0441\u043e\u0434\u0435\u0440\u0436\u0438\u0442\u0441\u044f<\/strong><\/p>\n<p>\u042d\u043d\u0435\u0440\u0433\u0435\u0442\u0438\u0447\u0435\u0441\u043a\u0430\u044f \u0446\u0435\u043d\u043d\u043e\u0441\u0442\u044c 1426 \u043a\u0414\u0436\/343 \u043a\u043a\u0430\u043b, \u0436\u0438\u0440\u044b 27 \u0433\u0440, \u0438\u0437 \u043d\u0438\u0445 \u043d\u0430\u0441\u044b\u0449\u0435\u043d\u043d\u044b\u0435 \u0436\u0438\u0440\u043d\u044b\u0435 \u043a\u0438\u0441\u043b\u043e\u0442\u044b 17 \u0433\u0440, \u0443\u0433\u043b\u0435\u0432\u043e\u0434\u044b \u02c2 0,1 \u0433\u0440, \u0438\u0437 \u043d\u0438\u0445 \u0441\u0430\u0445\u0430\u0440\u0430 \u02c2 0,1 \u0433\u0440, \u0431\u0435\u043b\u043a\u0438 25 \u0433\u0440, \u0441\u043e\u043b\u044c 1,5 \u0433\u0440.<\/p>\n<p><b>\u0411\u0440\u0435\u043d\u0434<\/b><\/p>\n<p>Estover<\/p>\n<p><strong>\u041f\u0440\u043e\u0438\u0437\u0432\u043e\u0434\u0438\u0442\u0435\u043b\u044c<\/strong><br \/>\nO\u00dc Estover Piimat\u00f6\u00f6stus Kaarlij\u00e4rve Meierei<\/p>\n","protected":false},"featured_media":6059,"template":"","meta":{"inline_featured_image":false},"product_brand":[],"product_cat":[131,203],"product_tag":[],"class_list":{"0":"post-3762","1":"product","2":"type-product","3":"status-publish","4":"has-post-thumbnail","6":"product_cat-c","7":"product_cat-estover-ru","9":"first","10":"instock","11":"product-type-simple"},"yoast_head":"<!-- This site is optimized with the Yoast SEO plugin v27.2 - https:\/\/yoast.com\/product\/yoast-seo-wordpress\/ -->\n<title>\u041d\u0430\u0440\u0435\u0437\u0430\u043d\u043d\u044b\u0439 \u0441\u044b\u0440 \u041c\u0430\u0430\u0441\u0434\u0430\u043c 150 \u0433\u0440 - Estover<\/title>\n<meta name=\"robots\" content=\"index, follow, max-snippet:-1, max-image-preview:large, max-video-preview:-1\" \/>\n<link rel=\"canonical\" href=\"https:\/\/estover.ee\/ru\/\u043f\u0440\u043e\u0434\u0443\u043a\u0442\u044b\/c%d1%8b%d1%80\/estover-ru\/maasdam-juust-viilutatud-150-g\/\" \/>\n<meta property=\"og:locale\" content=\"ru_RU\" \/>\n<meta property=\"og:type\" content=\"article\" \/>\n<meta property=\"og:title\" content=\"\u041d\u0430\u0440\u0435\u0437\u0430\u043d\u043d\u044b\u0439 \u0441\u044b\u0440 \u041c\u0430\u0430\u0441\u0434\u0430\u043c 150 \u0433\u0440 - Estover\" \/>\n<meta property=\"og:description\" content=\"\u0421\u044b\u0447\u0443\u0436\u043d\u044b\u0439 \u0441\u044b\u0440 \u0448\u0432\u0435\u0439\u0446\u0430\u0440\u0441\u043a\u043e\u0433\u043e \u0442\u0438\u043f\u0430 \u0438\u0437 \u043f\u043e\u043b\u0443\u0442\u0432\u0435\u0440\u0434\u043e\u0433\u043e \u043a\u043e\u0440\u043e\u0432\u044c\u0435\u0433\u043e \u043c\u043e\u043b\u043e\u043a\u0430. \u0421 \u043a\u0438\u0441\u043b\u043e-\u0441\u043b\u0430\u0434\u043a\u0438\u043c \u0438 \u0441\u043b\u0435\u0433\u043a\u0430 \u043e\u0440\u0435\u0445\u043e\u0432\u044b\u043c \u0432\u043a\u0443\u0441\u043e\u043c, \u0441\u0440\u0435\u0434\u043d\u0435\u0439 \u0436\u0438\u0440\u043d\u043e\u0441\u0442\u044c\u044e \u0438 \u0432\u044b\u0441\u043e\u043a\u0438\u043c \u0441\u043e\u0434\u0435\u0440\u0436\u0430\u043d\u0438\u0435\u043c \u043a\u0430\u043b\u044c\u0446\u0438\u044f. \u042d\u043b\u0430\u0441\u0442\u0438\u0447\u043d\u044b\u0439 \u043f\u043e \u043a\u043e\u043d\u0441\u0438\u0441\u0442\u0435\u043d\u0446\u0438\u0438 \u0438 \u043b\u0435\u0433\u043a\u043e \u0440\u0435\u0436\u0435\u0442\u0441\u044f, \u0441 \u0431\u043e\u043b\u044c\u0448\u0438\u043c\u0438 \u043e\u0442\u0432\u0435\u0440\u0441\u0442\u0438\u044f\u043c\u0438, \u0445\u0430\u0440\u0430\u043a\u0442\u0435\u0440\u043d\u044b\u043c\u0438 \u0434\u043b\u044f \u0448\u0432\u0435\u0439\u0446\u0430\u0440\u0441\u043a\u043e\u0433\u043e \u0441\u044b\u0440\u0430 \u043f\u043e \u0441\u0442\u0440\u0443\u043a\u0442\u0443\u0440\u0435. \u041f\u0435\u0440\u0435\u0434 \u043f\u043e\u0434\u0430\u0447\u0435\u0439 \u0441\u044b\u0440 \u0440\u0435\u043a\u043e\u043c\u0435\u043d\u0434\u0443\u0435\u0442\u0441\u044f \u0432\u044b\u0434\u0435\u0440\u0436\u0430\u0442\u044c \u043f\u0440\u0438 \u043a\u043e\u043c\u043d\u0430\u0442\u043d\u043e\u0439 \u0442\u0435\u043c\u043f\u0435\u0440\u0430\u0442\u0443\u0440\u0435 \u043d\u0435 \u043c\u0435\u043d\u0435\u0435 30 \u043c\u0438\u043d\u0443\u0442.  \u0418\u043d\u0433\u0440\u0435\u0434\u0438\u0435\u043d\u0442\u044b  \u041f\u0410\u0421\u0422\u0415\u0420\u0418\u0417\u041e\u0412\u0410\u041d\u041d\u041e\u0415 \u041c\u041e\u041b\u041e\u041a\u041e, \u0441\u043e\u043b\u044c, \u043c\u043e\u043b\u043e\u0447\u043d\u043e\u043a\u0438\u0441\u043b\u0430\u044f \u043a\u0443\u043b\u044c\u0442\u0443\u0440\u0430, \u043c\u0438\u043a\u0440\u043e\u0431\u0438\u043e\u043b\u043e\u0433\u0438\u0447\u0435\u0441\u043a\u0438\u0439 \u0441\u044b\u0447\u0443\u0436\u043d\u044b\u0439 \u0444\u0435\u0440\u043c\u0435\u043d\u0442.  \u0412 100 \u0433\u0440 \u043f\u0440\u043e\u0434\u0443\u043a\u0442\u0430 \u0441\u043e\u0434\u0435\u0440\u0436\u0438\u0442\u0441\u044f  \u042d\u043d\u0435\u0440\u0433\u0435\u0442\u0438\u0447\u0435\u0441\u043a\u0430\u044f \u0446\u0435\u043d\u043d\u043e\u0441\u0442\u044c 1426 \u043a\u0414\u0436\/343 \u043a\u043a\u0430\u043b, \u0436\u0438\u0440\u044b 27 \u0433\u0440, \u0438\u0437 \u043d\u0438\u0445 \u043d\u0430\u0441\u044b\u0449\u0435\u043d\u043d\u044b\u0435 \u0436\u0438\u0440\u043d\u044b\u0435 \u043a\u0438\u0441\u043b\u043e\u0442\u044b 17 \u0433\u0440, \u0443\u0433\u043b\u0435\u0432\u043e\u0434\u044b \u02c2 0,1 \u0433\u0440, \u0438\u0437 \u043d\u0438\u0445 \u0441\u0430\u0445\u0430\u0440\u0430 \u02c2 0,1 \u0433\u0440, \u0431\u0435\u043b\u043a\u0438 25 \u0433\u0440, \u0441\u043e\u043b\u044c 1,5 \u0433\u0440.  \u0411\u0440\u0435\u043d\u0434  Estover  \u041f\u0440\u043e\u0438\u0437\u0432\u043e\u0434\u0438\u0442\u0435\u043b\u044c O\u00dc Estover Piimat\u00f6\u00f6stus Kaarlij\u00e4rve Meierei\" \/>\n<meta property=\"og:url\" content=\"https:\/\/estover.ee\/ru\/\u043f\u0440\u043e\u0434\u0443\u043a\u0442\u044b\/c%d1%8b%d1%80\/estover-ru\/maasdam-juust-viilutatud-150-g\/\" \/>\n<meta property=\"og:site_name\" content=\"Estover\" \/>\n<meta property=\"article:publisher\" content=\"https:\/\/www.facebook.com\/estoverpiimatoostus\" \/>\n<meta property=\"article:modified_time\" content=\"2025-01-08T14:51:59+00:00\" \/>\n<meta property=\"og:image\" content=\"https:\/\/estover.ee\/wp-content\/uploads\/2022\/12\/estover-maasdam-juust-scaled.jpg\" \/>\n\t<meta property=\"og:image:width\" content=\"2560\" \/>\n\t<meta property=\"og:image:height\" content=\"1707\" \/>\n\t<meta property=\"og:image:type\" content=\"image\/jpeg\" \/>\n<meta name=\"twitter:card\" content=\"summary_large_image\" \/>\n<meta name=\"twitter:label1\" content=\"\u041f\u0440\u0438\u043c\u0435\u0440\u043d\u043e\u0435 \u0432\u0440\u0435\u043c\u044f \u0434\u043b\u044f \u0447\u0442\u0435\u043d\u0438\u044f\" \/>\n\t<meta name=\"twitter:data1\" content=\"1 \u043c\u0438\u043d\u0443\u0442\u0430\" \/>\n<script type=\"application\/ld+json\" class=\"yoast-schema-graph\">{\"@context\":\"https:\/\/schema.org\",\"@graph\":[{\"@type\":\"WebPage\",\"@id\":\"https:\/\/estover.ee\/ru\/\u043f\u0440\u043e\u0434\u0443\u043a\u0442\u044b\/c%d1%8b%d1%80\/estover-ru\/maasdam-juust-viilutatud-150-g\/\",\"url\":\"https:\/\/estover.ee\/ru\/\u043f\u0440\u043e\u0434\u0443\u043a\u0442\u044b\/c%d1%8b%d1%80\/estover-ru\/maasdam-juust-viilutatud-150-g\/\",\"name\":\"\u041d\u0430\u0440\u0435\u0437\u0430\u043d\u043d\u044b\u0439 \u0441\u044b\u0440 \u041c\u0430\u0430\u0441\u0434\u0430\u043c 150 \u0433\u0440 - Estover\",\"isPartOf\":{\"@id\":\"https:\/\/estover.ee\/ru\/#website\"},\"primaryImageOfPage\":{\"@id\":\"https:\/\/estover.ee\/ru\/\u043f\u0440\u043e\u0434\u0443\u043a\u0442\u044b\/c%d1%8b%d1%80\/estover-ru\/maasdam-juust-viilutatud-150-g\/#primaryimage\"},\"image\":{\"@id\":\"https:\/\/estover.ee\/ru\/\u043f\u0440\u043e\u0434\u0443\u043a\u0442\u044b\/c%d1%8b%d1%80\/estover-ru\/maasdam-juust-viilutatud-150-g\/#primaryimage\"},\"thumbnailUrl\":\"https:\/\/estover.ee\/wp-content\/uploads\/2022\/12\/estover-maasdam-juust-scaled.jpg\",\"datePublished\":\"2022-12-22T11:55:50+00:00\",\"dateModified\":\"2025-01-08T14:51:59+00:00\",\"breadcrumb\":{\"@id\":\"https:\/\/estover.ee\/ru\/\u043f\u0440\u043e\u0434\u0443\u043a\u0442\u044b\/c%d1%8b%d1%80\/estover-ru\/maasdam-juust-viilutatud-150-g\/#breadcrumb\"},\"inLanguage\":\"ru-RU\",\"potentialAction\":[{\"@type\":\"ReadAction\",\"target\":[\"https:\/\/estover.ee\/ru\/\u043f\u0440\u043e\u0434\u0443\u043a\u0442\u044b\/c%d1%8b%d1%80\/estover-ru\/maasdam-juust-viilutatud-150-g\/\"]}]},{\"@type\":\"ImageObject\",\"inLanguage\":\"ru-RU\",\"@id\":\"https:\/\/estover.ee\/ru\/\u043f\u0440\u043e\u0434\u0443\u043a\u0442\u044b\/c%d1%8b%d1%80\/estover-ru\/maasdam-juust-viilutatud-150-g\/#primaryimage\",\"url\":\"https:\/\/estover.ee\/wp-content\/uploads\/2022\/12\/estover-maasdam-juust-scaled.jpg\",\"contentUrl\":\"https:\/\/estover.ee\/wp-content\/uploads\/2022\/12\/estover-maasdam-juust-scaled.jpg\",\"width\":2560,\"height\":1707,\"caption\":\"Estover Maastam juust 150g\"},{\"@type\":\"BreadcrumbList\",\"@id\":\"https:\/\/estover.ee\/ru\/\u043f\u0440\u043e\u0434\u0443\u043a\u0442\u044b\/c%d1%8b%d1%80\/estover-ru\/maasdam-juust-viilutatud-150-g\/#breadcrumb\",\"itemListElement\":[{\"@type\":\"ListItem\",\"position\":1,\"name\":\"Home\",\"item\":\"https:\/\/estover.ee\/ru\/\"},{\"@type\":\"ListItem\",\"position\":2,\"name\":\"\u041f\u0440\u043e\u0434\u0443\u043a\u0442\u044b\",\"item\":\"https:\/\/estover.ee\/tooted\/\"},{\"@type\":\"ListItem\",\"position\":3,\"name\":\"\u041d\u0430\u0440\u0435\u0437\u0430\u043d\u043d\u044b\u0439 \u0441\u044b\u0440 \u041c\u0430\u0430\u0441\u0434\u0430\u043c 150 \u0433\u0440\"}]},{\"@type\":\"WebSite\",\"@id\":\"https:\/\/estover.ee\/ru\/#website\",\"url\":\"https:\/\/estover.ee\/ru\/\",\"name\":\"Estover\",\"description\":\"Piimat\u00f6\u00f6stus\",\"publisher\":{\"@id\":\"https:\/\/estover.ee\/ru\/#organization\"},\"potentialAction\":[{\"@type\":\"SearchAction\",\"target\":{\"@type\":\"EntryPoint\",\"urlTemplate\":\"https:\/\/estover.ee\/ru\/?s={search_term_string}\"},\"query-input\":{\"@type\":\"PropertyValueSpecification\",\"valueRequired\":true,\"valueName\":\"search_term_string\"}}],\"inLanguage\":\"ru-RU\"},{\"@type\":\"Organization\",\"@id\":\"https:\/\/estover.ee\/ru\/#organization\",\"name\":\"Estover\",\"url\":\"https:\/\/estover.ee\/ru\/\",\"logo\":{\"@type\":\"ImageObject\",\"inLanguage\":\"ru-RU\",\"@id\":\"https:\/\/estover.ee\/ru\/#\/schema\/logo\/image\/\",\"url\":\"https:\/\/estover.ee\/wp-content\/uploads\/2022\/12\/estover_logo.png\",\"contentUrl\":\"https:\/\/estover.ee\/wp-content\/uploads\/2022\/12\/estover_logo.png\",\"width\":167,\"height\":125,\"caption\":\"Estover\"},\"image\":{\"@id\":\"https:\/\/estover.ee\/ru\/#\/schema\/logo\/image\/\"},\"sameAs\":[\"https:\/\/www.facebook.com\/estoverpiimatoostus\",\"https:\/\/www.instagram.com\/estovereesti\/\"]}]}<\/script>\n<!-- \/ Yoast SEO plugin. -->","yoast_head_json":{"title":"\u041d\u0430\u0440\u0435\u0437\u0430\u043d\u043d\u044b\u0439 \u0441\u044b\u0440 \u041c\u0430\u0430\u0441\u0434\u0430\u043c 150 \u0433\u0440 - Estover","robots":{"index":"index","follow":"follow","max-snippet":"max-snippet:-1","max-image-preview":"max-image-preview:large","max-video-preview":"max-video-preview:-1"},"canonical":"https:\/\/estover.ee\/ru\/\u043f\u0440\u043e\u0434\u0443\u043a\u0442\u044b\/c%d1%8b%d1%80\/estover-ru\/maasdam-juust-viilutatud-150-g\/","og_locale":"ru_RU","og_type":"article","og_title":"\u041d\u0430\u0440\u0435\u0437\u0430\u043d\u043d\u044b\u0439 \u0441\u044b\u0440 \u041c\u0430\u0430\u0441\u0434\u0430\u043c 150 \u0433\u0440 - Estover","og_description":"\u0421\u044b\u0447\u0443\u0436\u043d\u044b\u0439 \u0441\u044b\u0440 \u0448\u0432\u0435\u0439\u0446\u0430\u0440\u0441\u043a\u043e\u0433\u043e \u0442\u0438\u043f\u0430 \u0438\u0437 \u043f\u043e\u043b\u0443\u0442\u0432\u0435\u0440\u0434\u043e\u0433\u043e \u043a\u043e\u0440\u043e\u0432\u044c\u0435\u0433\u043e \u043c\u043e\u043b\u043e\u043a\u0430. \u0421 \u043a\u0438\u0441\u043b\u043e-\u0441\u043b\u0430\u0434\u043a\u0438\u043c \u0438 \u0441\u043b\u0435\u0433\u043a\u0430 \u043e\u0440\u0435\u0445\u043e\u0432\u044b\u043c \u0432\u043a\u0443\u0441\u043e\u043c, \u0441\u0440\u0435\u0434\u043d\u0435\u0439 \u0436\u0438\u0440\u043d\u043e\u0441\u0442\u044c\u044e \u0438 \u0432\u044b\u0441\u043e\u043a\u0438\u043c \u0441\u043e\u0434\u0435\u0440\u0436\u0430\u043d\u0438\u0435\u043c \u043a\u0430\u043b\u044c\u0446\u0438\u044f. \u042d\u043b\u0430\u0441\u0442\u0438\u0447\u043d\u044b\u0439 \u043f\u043e \u043a\u043e\u043d\u0441\u0438\u0441\u0442\u0435\u043d\u0446\u0438\u0438 \u0438 \u043b\u0435\u0433\u043a\u043e \u0440\u0435\u0436\u0435\u0442\u0441\u044f, \u0441 \u0431\u043e\u043b\u044c\u0448\u0438\u043c\u0438 \u043e\u0442\u0432\u0435\u0440\u0441\u0442\u0438\u044f\u043c\u0438, \u0445\u0430\u0440\u0430\u043a\u0442\u0435\u0440\u043d\u044b\u043c\u0438 \u0434\u043b\u044f \u0448\u0432\u0435\u0439\u0446\u0430\u0440\u0441\u043a\u043e\u0433\u043e \u0441\u044b\u0440\u0430 \u043f\u043e \u0441\u0442\u0440\u0443\u043a\u0442\u0443\u0440\u0435. \u041f\u0435\u0440\u0435\u0434 \u043f\u043e\u0434\u0430\u0447\u0435\u0439 \u0441\u044b\u0440 \u0440\u0435\u043a\u043e\u043c\u0435\u043d\u0434\u0443\u0435\u0442\u0441\u044f \u0432\u044b\u0434\u0435\u0440\u0436\u0430\u0442\u044c \u043f\u0440\u0438 \u043a\u043e\u043c\u043d\u0430\u0442\u043d\u043e\u0439 \u0442\u0435\u043c\u043f\u0435\u0440\u0430\u0442\u0443\u0440\u0435 \u043d\u0435 \u043c\u0435\u043d\u0435\u0435 30 \u043c\u0438\u043d\u0443\u0442.  \u0418\u043d\u0433\u0440\u0435\u0434\u0438\u0435\u043d\u0442\u044b  \u041f\u0410\u0421\u0422\u0415\u0420\u0418\u0417\u041e\u0412\u0410\u041d\u041d\u041e\u0415 \u041c\u041e\u041b\u041e\u041a\u041e, \u0441\u043e\u043b\u044c, \u043c\u043e\u043b\u043e\u0447\u043d\u043e\u043a\u0438\u0441\u043b\u0430\u044f \u043a\u0443\u043b\u044c\u0442\u0443\u0440\u0430, \u043c\u0438\u043a\u0440\u043e\u0431\u0438\u043e\u043b\u043e\u0433\u0438\u0447\u0435\u0441\u043a\u0438\u0439 \u0441\u044b\u0447\u0443\u0436\u043d\u044b\u0439 \u0444\u0435\u0440\u043c\u0435\u043d\u0442.  \u0412 100 \u0433\u0440 \u043f\u0440\u043e\u0434\u0443\u043a\u0442\u0430 \u0441\u043e\u0434\u0435\u0440\u0436\u0438\u0442\u0441\u044f  \u042d\u043d\u0435\u0440\u0433\u0435\u0442\u0438\u0447\u0435\u0441\u043a\u0430\u044f \u0446\u0435\u043d\u043d\u043e\u0441\u0442\u044c 1426 \u043a\u0414\u0436\/343 \u043a\u043a\u0430\u043b, \u0436\u0438\u0440\u044b 27 \u0433\u0440, \u0438\u0437 \u043d\u0438\u0445 \u043d\u0430\u0441\u044b\u0449\u0435\u043d\u043d\u044b\u0435 \u0436\u0438\u0440\u043d\u044b\u0435 \u043a\u0438\u0441\u043b\u043e\u0442\u044b 17 \u0433\u0440, \u0443\u0433\u043b\u0435\u0432\u043e\u0434\u044b \u02c2 0,1 \u0433\u0440, \u0438\u0437 \u043d\u0438\u0445 \u0441\u0430\u0445\u0430\u0440\u0430 \u02c2 0,1 \u0433\u0440, \u0431\u0435\u043b\u043a\u0438 25 \u0433\u0440, \u0441\u043e\u043b\u044c 1,5 \u0433\u0440.  \u0411\u0440\u0435\u043d\u0434  Estover  \u041f\u0440\u043e\u0438\u0437\u0432\u043e\u0434\u0438\u0442\u0435\u043b\u044c O\u00dc Estover Piimat\u00f6\u00f6stus Kaarlij\u00e4rve Meierei","og_url":"https:\/\/estover.ee\/ru\/\u043f\u0440\u043e\u0434\u0443\u043a\u0442\u044b\/c%d1%8b%d1%80\/estover-ru\/maasdam-juust-viilutatud-150-g\/","og_site_name":"Estover","article_publisher":"https:\/\/www.facebook.com\/estoverpiimatoostus","article_modified_time":"2025-01-08T14:51:59+00:00","og_image":[{"width":2560,"height":1707,"url":"https:\/\/estover.ee\/wp-content\/uploads\/2022\/12\/estover-maasdam-juust-scaled.jpg","type":"image\/jpeg"}],"twitter_card":"summary_large_image","twitter_misc":{"\u041f\u0440\u0438\u043c\u0435\u0440\u043d\u043e\u0435 \u0432\u0440\u0435\u043c\u044f \u0434\u043b\u044f \u0447\u0442\u0435\u043d\u0438\u044f":"1 \u043c\u0438\u043d\u0443\u0442\u0430"},"schema":{"@context":"https:\/\/schema.org","@graph":[{"@type":"WebPage","@id":"https:\/\/estover.ee\/ru\/\u043f\u0440\u043e\u0434\u0443\u043a\u0442\u044b\/c%d1%8b%d1%80\/estover-ru\/maasdam-juust-viilutatud-150-g\/","url":"https:\/\/estover.ee\/ru\/\u043f\u0440\u043e\u0434\u0443\u043a\u0442\u044b\/c%d1%8b%d1%80\/estover-ru\/maasdam-juust-viilutatud-150-g\/","name":"\u041d\u0430\u0440\u0435\u0437\u0430\u043d\u043d\u044b\u0439 \u0441\u044b\u0440 \u041c\u0430\u0430\u0441\u0434\u0430\u043c 150 \u0433\u0440 - Estover","isPartOf":{"@id":"https:\/\/estover.ee\/ru\/#website"},"primaryImageOfPage":{"@id":"https:\/\/estover.ee\/ru\/\u043f\u0440\u043e\u0434\u0443\u043a\u0442\u044b\/c%d1%8b%d1%80\/estover-ru\/maasdam-juust-viilutatud-150-g\/#primaryimage"},"image":{"@id":"https:\/\/estover.ee\/ru\/\u043f\u0440\u043e\u0434\u0443\u043a\u0442\u044b\/c%d1%8b%d1%80\/estover-ru\/maasdam-juust-viilutatud-150-g\/#primaryimage"},"thumbnailUrl":"https:\/\/estover.ee\/wp-content\/uploads\/2022\/12\/estover-maasdam-juust-scaled.jpg","datePublished":"2022-12-22T11:55:50+00:00","dateModified":"2025-01-08T14:51:59+00:00","breadcrumb":{"@id":"https:\/\/estover.ee\/ru\/\u043f\u0440\u043e\u0434\u0443\u043a\u0442\u044b\/c%d1%8b%d1%80\/estover-ru\/maasdam-juust-viilutatud-150-g\/#breadcrumb"},"inLanguage":"ru-RU","potentialAction":[{"@type":"ReadAction","target":["https:\/\/estover.ee\/ru\/\u043f\u0440\u043e\u0434\u0443\u043a\u0442\u044b\/c%d1%8b%d1%80\/estover-ru\/maasdam-juust-viilutatud-150-g\/"]}]},{"@type":"ImageObject","inLanguage":"ru-RU","@id":"https:\/\/estover.ee\/ru\/\u043f\u0440\u043e\u0434\u0443\u043a\u0442\u044b\/c%d1%8b%d1%80\/estover-ru\/maasdam-juust-viilutatud-150-g\/#primaryimage","url":"https:\/\/estover.ee\/wp-content\/uploads\/2022\/12\/estover-maasdam-juust-scaled.jpg","contentUrl":"https:\/\/estover.ee\/wp-content\/uploads\/2022\/12\/estover-maasdam-juust-scaled.jpg","width":2560,"height":1707,"caption":"Estover Maastam juust 150g"},{"@type":"BreadcrumbList","@id":"https:\/\/estover.ee\/ru\/\u043f\u0440\u043e\u0434\u0443\u043a\u0442\u044b\/c%d1%8b%d1%80\/estover-ru\/maasdam-juust-viilutatud-150-g\/#breadcrumb","itemListElement":[{"@type":"ListItem","position":1,"name":"Home","item":"https:\/\/estover.ee\/ru\/"},{"@type":"ListItem","position":2,"name":"\u041f\u0440\u043e\u0434\u0443\u043a\u0442\u044b","item":"https:\/\/estover.ee\/tooted\/"},{"@type":"ListItem","position":3,"name":"\u041d\u0430\u0440\u0435\u0437\u0430\u043d\u043d\u044b\u0439 \u0441\u044b\u0440 \u041c\u0430\u0430\u0441\u0434\u0430\u043c 150 \u0433\u0440"}]},{"@type":"WebSite","@id":"https:\/\/estover.ee\/ru\/#website","url":"https:\/\/estover.ee\/ru\/","name":"Estover","description":"Piimat\u00f6\u00f6stus","publisher":{"@id":"https:\/\/estover.ee\/ru\/#organization"},"potentialAction":[{"@type":"SearchAction","target":{"@type":"EntryPoint","urlTemplate":"https:\/\/estover.ee\/ru\/?s={search_term_string}"},"query-input":{"@type":"PropertyValueSpecification","valueRequired":true,"valueName":"search_term_string"}}],"inLanguage":"ru-RU"},{"@type":"Organization","@id":"https:\/\/estover.ee\/ru\/#organization","name":"Estover","url":"https:\/\/estover.ee\/ru\/","logo":{"@type":"ImageObject","inLanguage":"ru-RU","@id":"https:\/\/estover.ee\/ru\/#\/schema\/logo\/image\/","url":"https:\/\/estover.ee\/wp-content\/uploads\/2022\/12\/estover_logo.png","contentUrl":"https:\/\/estover.ee\/wp-content\/uploads\/2022\/12\/estover_logo.png","width":167,"height":125,"caption":"Estover"},"image":{"@id":"https:\/\/estover.ee\/ru\/#\/schema\/logo\/image\/"},"sameAs":["https:\/\/www.facebook.com\/estoverpiimatoostus","https:\/\/www.instagram.com\/estovereesti\/"]}]}},"_links":{"self":[{"href":"https:\/\/estover.ee\/ru\/wp-json\/wp\/v2\/product\/3762","targetHints":{"allow":["GET"]}}],"collection":[{"href":"https:\/\/estover.ee\/ru\/wp-json\/wp\/v2\/product"}],"about":[{"href":"https:\/\/estover.ee\/ru\/wp-json\/wp\/v2\/types\/product"}],"wp:featuredmedia":[{"embeddable":true,"href":"https:\/\/estover.ee\/ru\/wp-json\/wp\/v2\/media\/6059"}],"wp:attachment":[{"href":"https:\/\/estover.ee\/ru\/wp-json\/wp\/v2\/media?parent=3762"}],"wp:term":[{"taxonomy":"product_brand","embeddable":true,"href":"https:\/\/estover.ee\/ru\/wp-json\/wp\/v2\/product_brand?post=3762"},{"taxonomy":"product_cat","embeddable":true,"href":"https:\/\/estover.ee\/ru\/wp-json\/wp\/v2\/product_cat?post=3762"},{"taxonomy":"product_tag","embeddable":true,"href":"https:\/\/estover.ee\/ru\/wp-json\/wp\/v2\/product_tag?post=3762"}],"curies":[{"name":"wp","href":"https:\/\/api.w.org\/{rel}","templated":true}]}}