{"id":4548,"date":"2023-03-28T08:34:20","date_gmt":"2023-03-28T08:34:20","guid":{"rendered":"https:\/\/estover.ee\/?post_type=product&#038;p=4548"},"modified":"2023-03-28T08:49:34","modified_gmt":"2023-03-28T08:49:34","slug":"golden-monarch-sinihallitusjuust-100g","status":"publish","type":"product","link":"https:\/\/estover.ee\/ru\/\u043f\u0440\u043e\u0434\u0443\u043a\u0442\u044b\/%d1%81%d1%8b%d1%80-%d1%81-%d0%bf%d0%bb%d0%b5%d1%81%d0%b5%d0%bd%d1%8c%d1%8e\/golden-monarch-ru\/golden-monarch-sinihallitusjuust-100g\/","title":{"rendered":"\u0421\u044b\u0440 \u0441 \u0441\u0438\u043d\u0435\u0439 \u043f\u043b\u0435\u0441\u0435\u043d\u044c\u044e Golden Monarch 100 \u0433"},"content":{"rendered":"<p>\u0422\u0432\u043e\u0440\u043e\u0436\u043d\u044b\u0439 \u0441\u044b\u0440 Royal Blue Blue \u043f\u0440\u043e\u0438\u0437\u0432\u043e\u0434\u0438\u0442\u0441\u044f \u0438\u0437 \u043f\u0430\u0441\u0442\u0435\u0440\u0438\u0437\u043e\u0432\u0430\u043d\u043d\u043e\u0433\u043e \u043a\u043e\u0440\u043e\u0432\u044c\u0435\u0433\u043e \u043c\u043e\u043b\u043e\u043a\u0430 \u0438 \u043f\u0440\u0435\u0434\u0441\u0442\u0430\u0432\u043b\u044f\u0435\u0442 \u0441\u043e\u0431\u043e\u0439 \u0433\u043e\u043b\u0443\u0431\u043e\u0439 \u0442\u0432\u043e\u0440\u043e\u0433 \u0441\u0440\u0435\u0434\u043d\u0435\u0439 \u0436\u0438\u0440\u043d\u043e\u0441\u0442\u0438. \u0418\u043d\u0442\u0435\u043d\u0441\u0438\u0432\u043d\u044b\u0439 \u0432\u043a\u0443\u0441, \u0443\u043c\u0435\u0440\u0435\u043d\u043d\u043e \u0441\u043e\u043b\u0435\u043d\u0430\u044f, \u0441 \u0432\u044b\u0441\u043e\u043a\u0438\u043c \u0441\u043e\u0434\u0435\u0440\u0436\u0430\u043d\u0438\u0435\u043c \u043a\u0430\u043b\u044c\u0446\u0438\u044f. \u0422\u0432\u0435\u0440\u0434\u043e\u0439 \u043a\u043e\u043d\u0441\u0438\u0441\u0442\u0435\u043d\u0446\u0438\u0438, \u043b\u0435\u0433\u043a\u043e \u043d\u0430\u0440\u0435\u0437\u0430\u0435\u0442\u0441\u044f, \u043d\u0430 \u043f\u043e\u043f\u0435\u0440\u0435\u0447\u043d\u043e\u043c \u0441\u0440\u0435\u0437\u0435 \u0441\u044b\u0440\u0430 \u0432\u0438\u0434\u043d\u044b \u0433\u043e\u043b\u0443\u0431\u044b\u0435 \u043a\u0430\u043d\u0430\u043b\u044b \u043a\u043e\u0436\u0443\u0440\u044b. \u0421 \u0445\u0430\u0440\u0430\u043a\u0442\u0435\u0440\u043d\u044b\u043c \u0432\u043a\u0443\u0441\u043e\u043c \u0438 \u0437\u0430\u043f\u0430\u0445\u043e\u043c \u0441\u044b\u0440\u0430 \u0441 \u0433\u043e\u043b\u0443\u0431\u044b\u043c\u0438 \u043f\u0440\u043e\u0436\u0438\u043b\u043a\u0430\u043c\u0438, \u043a\u043e\u0442\u043e\u0440\u044b\u0435 \u0441\u0442\u0430\u043d\u043e\u0432\u044f\u0442\u0441\u044f \u0431\u043e\u043b\u0435\u0435 \u0438\u043d\u0442\u0435\u043d\u0441\u0438\u0432\u043d\u044b\u043c\u0438 \u043f\u043e \u043c\u0435\u0440\u0435 \u0441\u043e\u0437\u0440\u0435\u0432\u0430\u043d\u0438\u044f \u0441\u044b\u0440\u0430. \u0412 \u043f\u0440\u043e\u0438\u0437\u0432\u043e\u0434\u0441\u0442\u0432\u0435 \u043d\u0435 \u0438\u0441\u043f\u043e\u043b\u044c\u0437\u0443\u0435\u0442\u0441\u044f \u0441\u044b\u0447\u0443\u0436\u043d\u044b\u0439 \u0444\u0435\u0440\u043c\u0435\u043d\u0442 \u0436\u0438\u0432\u043e\u0442\u043d\u043e\u0433\u043e \u043f\u0440\u043e\u0438\u0441\u0445\u043e\u0436\u0434\u0435\u043d\u0438\u044f, \u043f\u043e\u0434\u0445\u043e\u0434\u0438\u0442 \u0434\u043b\u044f \u0432\u0435\u0433\u0435\u0442\u0430\u0440\u0438\u0430\u043d\u0446\u0435\u0432. \u041f\u0435\u0440\u0435\u0434 \u043f\u043e\u0434\u0430\u0447\u0435\u0439 \u0441\u044b\u0440 \u0440\u0435\u043a\u043e\u043c\u0435\u043d\u0434\u0443\u0435\u0442\u0441\u044f \u0432\u044b\u0434\u0435\u0440\u0436\u0430\u0442\u044c \u043f\u0440\u0438 \u043a\u043e\u043c\u043d\u0430\u0442\u043d\u043e\u0439 \u0442\u0435\u043c\u043f\u0435\u0440\u0430\u0442\u0443\u0440\u0435 \u043d\u0435 \u043c\u0435\u043d\u0435\u0435 30 \u043c\u0438\u043d\u0443\u0442.<\/p>\n<p><strong>Product variations<\/strong><br \/>\nRoyal Blue \u0437\u0430\u043a\u0443\u0441\u043e\u0447\u043d\u044b\u0439 \u0441\u044b\u0440 100 \u0433<br \/>\n\u0417\u0430\u043a\u0443\u0441\u043e\u0447\u043d\u044b\u0439 \u0441\u044b\u0440 Royal Blue \u043e\u043a. 2,5 \u043a\u0433<\/p>\n","protected":false},"excerpt":{"rendered":"<p>\u041f\u0435\u0440\u0435\u0434 \u043f\u043e\u0434\u0430\u0447\u0435\u0439 \u0441\u044b\u0440 \u0440\u0435\u043a\u043e\u043c\u0435\u043d\u0434\u0443\u0435\u0442\u0441\u044f \u0432\u044b\u0434\u0435\u0440\u0436\u0430\u0442\u044c \u043f\u0440\u0438 \u043a\u043e\u043c\u043d\u0430\u0442\u043d\u043e\u0439 \u0442\u0435\u043c\u043f\u0435\u0440\u0430\u0442\u0443\u0440\u0435 \u043d\u0435 \u043c\u0435\u043d\u0435\u0435 30 \u043c\u0438\u043d\u0443\u0442.<\/p>\n<p><strong>\u0418\u043d\u0433\u0440\u0435\u0434\u0438\u0435\u043d\u0442\u044b<\/strong><\/p>\n<p>\u041c\u041e\u041b\u041e\u041a\u041e, \u0441\u043e\u043b\u044c, \u043a\u0440\u0430\u0441\u0438\u0442\u0435\u043b\u044c: \u043a\u0430\u0440\u043e\u0442\u0438\u043d\u044b, \u0437\u0430\u0433\u0443\u0441\u0442\u0438\u0442\u0435\u043b\u044c: \u043a\u0430\u043b\u044c\u0446\u0438\u044f \u0445\u043b\u043e\u0440\u0438\u0434, \u043c\u0438\u043a\u0440\u043e\u0431\u0438\u043e\u043b\u043e\u0433\u0438\u0447\u0435\u0441\u043a\u0438\u0439 \u0444\u0435\u0440\u043c\u0435\u043d\u0442, \u043c\u043e\u043b\u043e\u0447\u043d\u043e\u043a\u0438\u0441\u043b\u044b\u0435 \u0431\u0430\u043a\u0442\u0435\u0440\u0438\u0438, Penicillium Roqueforti.<\/p>\n<p><strong>\u0412 100 \u0433\u0440 \u043f\u0440\u043e\u0434\u0443\u043a\u0442\u0430 \u0441\u043e\u0434\u0435\u0440\u0436\u0438\u0442\u0441\u044f<\/strong><\/p>\n<p>\u042d\u043d\u0435\u0440\u0433\u0435\u0442\u0438\u0447\u0435\u0441\u043a\u0430\u044f \u0446\u0435\u043d\u043d\u043e\u0441\u0442\u044c 1447 \u043a\u0414\u0436 \/ 349 K\u043a\u0430\u043b; \u0416\u0438\u0440\u044b 30 \u0433, \u0438\u0437 \u043d\u0438\u0445 \u043d\u0430\u0441\u044b\u0449\u0435\u043d\u043d\u044b\u0435 \u0436\u0438\u0440\u043d\u044b\u0435 \u043a\u0438\u0441\u043b\u043e\u0442\u044b 20 \u0433; \u0423\u0433\u043b\u0435\u0432\u043e\u0434\u044b 1,8 \u0433, \u0438\u0437 \u043d\u0438\u0445 \u0441\u0430\u0445\u0430\u0440\u0430 &lt;0,1 \u0433; \u0411\u0435\u043b\u043a\u0438 18 \u0433; C\u043e\u043b\u044c 2,5 \u0433 &lt;<\/p>\n<p><strong>\u0411\u0440\u0435\u043d\u0434<\/strong><br \/>\nGolden Monarch<\/p>\n<p><strong>\u041f\u0440\u043e\u0438\u0437\u0432\u043e\u0434\u0438\u0442\u0435\u043b\u044c<\/strong><br \/>\nLAZUR &#8212; SP\u00d3\u0141DZIELCZY ZWI\u0104ZEK GRUP PRODUCENT\u00d3W ROLNYCH<\/p>\n<p><a href=\"https:\/\/estover.ee\/wp-content\/uploads\/2023\/03\/RS-0559-scaled.jpg\">\u0418\u0437\u043e\u0431\u0440\u0430\u0436\u0435\u043d\u0438\u0435 \u043f\u0440\u043e\u0434\u0443\u043a\u0442\u0430<\/a><\/p>\n","protected":false},"featured_media":4551,"template":"","meta":{"inline_featured_image":false},"product_brand":[],"product_cat":[215,127],"product_tag":[],"class_list":{"0":"post-4548","1":"product","2":"type-product","3":"status-publish","4":"has-post-thumbnail","6":"product_cat-golden-monarch-ru","7":"product_cat-127","9":"first","10":"instock","11":"product-type-simple"},"yoast_head":"<!-- This site is optimized with the Yoast SEO plugin v27.2 - https:\/\/yoast.com\/product\/yoast-seo-wordpress\/ -->\n<title>\u0421\u044b\u0440 \u0441 \u0441\u0438\u043d\u0435\u0439 \u043f\u043b\u0435\u0441\u0435\u043d\u044c\u044e Golden Monarch 100 \u0433 - Estover<\/title>\n<meta name=\"robots\" content=\"index, follow, max-snippet:-1, max-image-preview:large, max-video-preview:-1\" \/>\n<link rel=\"canonical\" href=\"https:\/\/estover.ee\/ru\/\u043f\u0440\u043e\u0434\u0443\u043a\u0442\u044b\/%d1%81%d1%8b%d1%80-%d1%81-%d0%bf%d0%bb%d0%b5%d1%81%d0%b5%d0%bd%d1%8c%d1%8e\/golden-monarch-ru\/golden-monarch-sinihallitusjuust-100g\/\" \/>\n<meta property=\"og:locale\" content=\"ru_RU\" \/>\n<meta property=\"og:type\" content=\"article\" \/>\n<meta property=\"og:title\" content=\"\u0421\u044b\u0440 \u0441 \u0441\u0438\u043d\u0435\u0439 \u043f\u043b\u0435\u0441\u0435\u043d\u044c\u044e Golden Monarch 100 \u0433 - Estover\" \/>\n<meta property=\"og:description\" content=\"\u041f\u0435\u0440\u0435\u0434 \u043f\u043e\u0434\u0430\u0447\u0435\u0439 \u0441\u044b\u0440 \u0440\u0435\u043a\u043e\u043c\u0435\u043d\u0434\u0443\u0435\u0442\u0441\u044f \u0432\u044b\u0434\u0435\u0440\u0436\u0430\u0442\u044c \u043f\u0440\u0438 \u043a\u043e\u043c\u043d\u0430\u0442\u043d\u043e\u0439 \u0442\u0435\u043c\u043f\u0435\u0440\u0430\u0442\u0443\u0440\u0435 \u043d\u0435 \u043c\u0435\u043d\u0435\u0435 30 \u043c\u0438\u043d\u0443\u0442.  \u0418\u043d\u0433\u0440\u0435\u0434\u0438\u0435\u043d\u0442\u044b  \u041c\u041e\u041b\u041e\u041a\u041e, \u0441\u043e\u043b\u044c, \u043a\u0440\u0430\u0441\u0438\u0442\u0435\u043b\u044c: \u043a\u0430\u0440\u043e\u0442\u0438\u043d\u044b, \u0437\u0430\u0433\u0443\u0441\u0442\u0438\u0442\u0435\u043b\u044c: \u043a\u0430\u043b\u044c\u0446\u0438\u044f \u0445\u043b\u043e\u0440\u0438\u0434, \u043c\u0438\u043a\u0440\u043e\u0431\u0438\u043e\u043b\u043e\u0433\u0438\u0447\u0435\u0441\u043a\u0438\u0439 \u0444\u0435\u0440\u043c\u0435\u043d\u0442, \u043c\u043e\u043b\u043e\u0447\u043d\u043e\u043a\u0438\u0441\u043b\u044b\u0435 \u0431\u0430\u043a\u0442\u0435\u0440\u0438\u0438, Penicillium Roqueforti.  \u0412 100 \u0433\u0440 \u043f\u0440\u043e\u0434\u0443\u043a\u0442\u0430 \u0441\u043e\u0434\u0435\u0440\u0436\u0438\u0442\u0441\u044f  \u042d\u043d\u0435\u0440\u0433\u0435\u0442\u0438\u0447\u0435\u0441\u043a\u0430\u044f \u0446\u0435\u043d\u043d\u043e\u0441\u0442\u044c 1447 \u043a\u0414\u0436 \/ 349 K\u043a\u0430\u043b; \u0416\u0438\u0440\u044b 30 \u0433, \u0438\u0437 \u043d\u0438\u0445 \u043d\u0430\u0441\u044b\u0449\u0435\u043d\u043d\u044b\u0435 \u0436\u0438\u0440\u043d\u044b\u0435 \u043a\u0438\u0441\u043b\u043e\u0442\u044b 20 \u0433; \u0423\u0433\u043b\u0435\u0432\u043e\u0434\u044b 1,8 \u0433, \u0438\u0437 \u043d\u0438\u0445 \u0441\u0430\u0445\u0430\u0440\u0430 &lt;0,1 \u0433; \u0411\u0435\u043b\u043a\u0438 18 \u0433; C\u043e\u043b\u044c 2,5 \u0433 &lt;  \u0411\u0440\u0435\u043d\u0434 Golden Monarch  \u041f\u0440\u043e\u0438\u0437\u0432\u043e\u0434\u0438\u0442\u0435\u043b\u044c LAZUR - SP\u00d3\u0141DZIELCZY ZWI\u0104ZEK GRUP PRODUCENT\u00d3W ROLNYCH  \u0418\u0437\u043e\u0431\u0440\u0430\u0436\u0435\u043d\u0438\u0435 \u043f\u0440\u043e\u0434\u0443\u043a\u0442\u0430\" \/>\n<meta property=\"og:url\" content=\"https:\/\/estover.ee\/ru\/\u043f\u0440\u043e\u0434\u0443\u043a\u0442\u044b\/%d1%81%d1%8b%d1%80-%d1%81-%d0%bf%d0%bb%d0%b5%d1%81%d0%b5%d0%bd%d1%8c%d1%8e\/golden-monarch-ru\/golden-monarch-sinihallitusjuust-100g\/\" \/>\n<meta property=\"og:site_name\" content=\"Estover\" \/>\n<meta property=\"article:publisher\" content=\"https:\/\/www.facebook.com\/estoverpiimatoostus\" \/>\n<meta property=\"article:modified_time\" content=\"2023-03-28T08:49:34+00:00\" \/>\n<meta property=\"og:image\" content=\"https:\/\/estover.ee\/wp-content\/uploads\/2023\/03\/RS-0559-scaled.jpg\" \/>\n\t<meta property=\"og:image:width\" content=\"2560\" \/>\n\t<meta property=\"og:image:height\" content=\"1707\" \/>\n\t<meta property=\"og:image:type\" content=\"image\/jpeg\" \/>\n<meta name=\"twitter:card\" content=\"summary_large_image\" \/>\n<script type=\"application\/ld+json\" class=\"yoast-schema-graph\">{\"@context\":\"https:\/\/schema.org\",\"@graph\":[{\"@type\":\"WebPage\",\"@id\":\"https:\/\/estover.ee\/ru\/\u043f\u0440\u043e\u0434\u0443\u043a\u0442\u044b\/%d1%81%d1%8b%d1%80-%d1%81-%d0%bf%d0%bb%d0%b5%d1%81%d0%b5%d0%bd%d1%8c%d1%8e\/golden-monarch-ru\/golden-monarch-sinihallitusjuust-100g\/\",\"url\":\"https:\/\/estover.ee\/ru\/\u043f\u0440\u043e\u0434\u0443\u043a\u0442\u044b\/%d1%81%d1%8b%d1%80-%d1%81-%d0%bf%d0%bb%d0%b5%d1%81%d0%b5%d0%bd%d1%8c%d1%8e\/golden-monarch-ru\/golden-monarch-sinihallitusjuust-100g\/\",\"name\":\"\u0421\u044b\u0440 \u0441 \u0441\u0438\u043d\u0435\u0439 \u043f\u043b\u0435\u0441\u0435\u043d\u044c\u044e Golden Monarch 100 \u0433 - Estover\",\"isPartOf\":{\"@id\":\"https:\/\/estover.ee\/ru\/#website\"},\"primaryImageOfPage\":{\"@id\":\"https:\/\/estover.ee\/ru\/\u043f\u0440\u043e\u0434\u0443\u043a\u0442\u044b\/%d1%81%d1%8b%d1%80-%d1%81-%d0%bf%d0%bb%d0%b5%d1%81%d0%b5%d0%bd%d1%8c%d1%8e\/golden-monarch-ru\/golden-monarch-sinihallitusjuust-100g\/#primaryimage\"},\"image\":{\"@id\":\"https:\/\/estover.ee\/ru\/\u043f\u0440\u043e\u0434\u0443\u043a\u0442\u044b\/%d1%81%d1%8b%d1%80-%d1%81-%d0%bf%d0%bb%d0%b5%d1%81%d0%b5%d0%bd%d1%8c%d1%8e\/golden-monarch-ru\/golden-monarch-sinihallitusjuust-100g\/#primaryimage\"},\"thumbnailUrl\":\"https:\/\/estover.ee\/wp-content\/uploads\/2023\/03\/RS-0559-scaled.jpg\",\"datePublished\":\"2023-03-28T08:34:20+00:00\",\"dateModified\":\"2023-03-28T08:49:34+00:00\",\"breadcrumb\":{\"@id\":\"https:\/\/estover.ee\/ru\/\u043f\u0440\u043e\u0434\u0443\u043a\u0442\u044b\/%d1%81%d1%8b%d1%80-%d1%81-%d0%bf%d0%bb%d0%b5%d1%81%d0%b5%d0%bd%d1%8c%d1%8e\/golden-monarch-ru\/golden-monarch-sinihallitusjuust-100g\/#breadcrumb\"},\"inLanguage\":\"ru-RU\",\"potentialAction\":[{\"@type\":\"ReadAction\",\"target\":[\"https:\/\/estover.ee\/ru\/\u043f\u0440\u043e\u0434\u0443\u043a\u0442\u044b\/%d1%81%d1%8b%d1%80-%d1%81-%d0%bf%d0%bb%d0%b5%d1%81%d0%b5%d0%bd%d1%8c%d1%8e\/golden-monarch-ru\/golden-monarch-sinihallitusjuust-100g\/\"]}]},{\"@type\":\"ImageObject\",\"inLanguage\":\"ru-RU\",\"@id\":\"https:\/\/estover.ee\/ru\/\u043f\u0440\u043e\u0434\u0443\u043a\u0442\u044b\/%d1%81%d1%8b%d1%80-%d1%81-%d0%bf%d0%bb%d0%b5%d1%81%d0%b5%d0%bd%d1%8c%d1%8e\/golden-monarch-ru\/golden-monarch-sinihallitusjuust-100g\/#primaryimage\",\"url\":\"https:\/\/estover.ee\/wp-content\/uploads\/2023\/03\/RS-0559-scaled.jpg\",\"contentUrl\":\"https:\/\/estover.ee\/wp-content\/uploads\/2023\/03\/RS-0559-scaled.jpg\",\"width\":2560,\"height\":1707},{\"@type\":\"BreadcrumbList\",\"@id\":\"https:\/\/estover.ee\/ru\/\u043f\u0440\u043e\u0434\u0443\u043a\u0442\u044b\/%d1%81%d1%8b%d1%80-%d1%81-%d0%bf%d0%bb%d0%b5%d1%81%d0%b5%d0%bd%d1%8c%d1%8e\/golden-monarch-ru\/golden-monarch-sinihallitusjuust-100g\/#breadcrumb\",\"itemListElement\":[{\"@type\":\"ListItem\",\"position\":1,\"name\":\"Home\",\"item\":\"https:\/\/estover.ee\/ru\/\"},{\"@type\":\"ListItem\",\"position\":2,\"name\":\"\u041f\u0440\u043e\u0434\u0443\u043a\u0442\u044b\",\"item\":\"https:\/\/estover.ee\/tooted\/\"},{\"@type\":\"ListItem\",\"position\":3,\"name\":\"\u0421\u044b\u0440 \u0441 \u0441\u0438\u043d\u0435\u0439 \u043f\u043b\u0435\u0441\u0435\u043d\u044c\u044e Golden Monarch 100 \u0433\"}]},{\"@type\":\"WebSite\",\"@id\":\"https:\/\/estover.ee\/ru\/#website\",\"url\":\"https:\/\/estover.ee\/ru\/\",\"name\":\"Estover\",\"description\":\"Piimat\u00f6\u00f6stus\",\"publisher\":{\"@id\":\"https:\/\/estover.ee\/ru\/#organization\"},\"potentialAction\":[{\"@type\":\"SearchAction\",\"target\":{\"@type\":\"EntryPoint\",\"urlTemplate\":\"https:\/\/estover.ee\/ru\/?s={search_term_string}\"},\"query-input\":{\"@type\":\"PropertyValueSpecification\",\"valueRequired\":true,\"valueName\":\"search_term_string\"}}],\"inLanguage\":\"ru-RU\"},{\"@type\":\"Organization\",\"@id\":\"https:\/\/estover.ee\/ru\/#organization\",\"name\":\"Estover\",\"url\":\"https:\/\/estover.ee\/ru\/\",\"logo\":{\"@type\":\"ImageObject\",\"inLanguage\":\"ru-RU\",\"@id\":\"https:\/\/estover.ee\/ru\/#\/schema\/logo\/image\/\",\"url\":\"https:\/\/estover.ee\/wp-content\/uploads\/2022\/12\/estover_logo.png\",\"contentUrl\":\"https:\/\/estover.ee\/wp-content\/uploads\/2022\/12\/estover_logo.png\",\"width\":167,\"height\":125,\"caption\":\"Estover\"},\"image\":{\"@id\":\"https:\/\/estover.ee\/ru\/#\/schema\/logo\/image\/\"},\"sameAs\":[\"https:\/\/www.facebook.com\/estoverpiimatoostus\",\"https:\/\/www.instagram.com\/estovereesti\/\"]}]}<\/script>\n<!-- \/ Yoast SEO plugin. -->","yoast_head_json":{"title":"\u0421\u044b\u0440 \u0441 \u0441\u0438\u043d\u0435\u0439 \u043f\u043b\u0435\u0441\u0435\u043d\u044c\u044e Golden Monarch 100 \u0433 - Estover","robots":{"index":"index","follow":"follow","max-snippet":"max-snippet:-1","max-image-preview":"max-image-preview:large","max-video-preview":"max-video-preview:-1"},"canonical":"https:\/\/estover.ee\/ru\/\u043f\u0440\u043e\u0434\u0443\u043a\u0442\u044b\/%d1%81%d1%8b%d1%80-%d1%81-%d0%bf%d0%bb%d0%b5%d1%81%d0%b5%d0%bd%d1%8c%d1%8e\/golden-monarch-ru\/golden-monarch-sinihallitusjuust-100g\/","og_locale":"ru_RU","og_type":"article","og_title":"\u0421\u044b\u0440 \u0441 \u0441\u0438\u043d\u0435\u0439 \u043f\u043b\u0435\u0441\u0435\u043d\u044c\u044e Golden Monarch 100 \u0433 - Estover","og_description":"\u041f\u0435\u0440\u0435\u0434 \u043f\u043e\u0434\u0430\u0447\u0435\u0439 \u0441\u044b\u0440 \u0440\u0435\u043a\u043e\u043c\u0435\u043d\u0434\u0443\u0435\u0442\u0441\u044f \u0432\u044b\u0434\u0435\u0440\u0436\u0430\u0442\u044c \u043f\u0440\u0438 \u043a\u043e\u043c\u043d\u0430\u0442\u043d\u043e\u0439 \u0442\u0435\u043c\u043f\u0435\u0440\u0430\u0442\u0443\u0440\u0435 \u043d\u0435 \u043c\u0435\u043d\u0435\u0435 30 \u043c\u0438\u043d\u0443\u0442.  \u0418\u043d\u0433\u0440\u0435\u0434\u0438\u0435\u043d\u0442\u044b  \u041c\u041e\u041b\u041e\u041a\u041e, \u0441\u043e\u043b\u044c, \u043a\u0440\u0430\u0441\u0438\u0442\u0435\u043b\u044c: \u043a\u0430\u0440\u043e\u0442\u0438\u043d\u044b, \u0437\u0430\u0433\u0443\u0441\u0442\u0438\u0442\u0435\u043b\u044c: \u043a\u0430\u043b\u044c\u0446\u0438\u044f \u0445\u043b\u043e\u0440\u0438\u0434, \u043c\u0438\u043a\u0440\u043e\u0431\u0438\u043e\u043b\u043e\u0433\u0438\u0447\u0435\u0441\u043a\u0438\u0439 \u0444\u0435\u0440\u043c\u0435\u043d\u0442, \u043c\u043e\u043b\u043e\u0447\u043d\u043e\u043a\u0438\u0441\u043b\u044b\u0435 \u0431\u0430\u043a\u0442\u0435\u0440\u0438\u0438, Penicillium Roqueforti.  \u0412 100 \u0433\u0440 \u043f\u0440\u043e\u0434\u0443\u043a\u0442\u0430 \u0441\u043e\u0434\u0435\u0440\u0436\u0438\u0442\u0441\u044f  \u042d\u043d\u0435\u0440\u0433\u0435\u0442\u0438\u0447\u0435\u0441\u043a\u0430\u044f \u0446\u0435\u043d\u043d\u043e\u0441\u0442\u044c 1447 \u043a\u0414\u0436 \/ 349 K\u043a\u0430\u043b; \u0416\u0438\u0440\u044b 30 \u0433, \u0438\u0437 \u043d\u0438\u0445 \u043d\u0430\u0441\u044b\u0449\u0435\u043d\u043d\u044b\u0435 \u0436\u0438\u0440\u043d\u044b\u0435 \u043a\u0438\u0441\u043b\u043e\u0442\u044b 20 \u0433; \u0423\u0433\u043b\u0435\u0432\u043e\u0434\u044b 1,8 \u0433, \u0438\u0437 \u043d\u0438\u0445 \u0441\u0430\u0445\u0430\u0440\u0430 &lt;0,1 \u0433; \u0411\u0435\u043b\u043a\u0438 18 \u0433; C\u043e\u043b\u044c 2,5 \u0433 &lt;  \u0411\u0440\u0435\u043d\u0434 Golden Monarch  \u041f\u0440\u043e\u0438\u0437\u0432\u043e\u0434\u0438\u0442\u0435\u043b\u044c LAZUR - SP\u00d3\u0141DZIELCZY ZWI\u0104ZEK GRUP PRODUCENT\u00d3W ROLNYCH  \u0418\u0437\u043e\u0431\u0440\u0430\u0436\u0435\u043d\u0438\u0435 \u043f\u0440\u043e\u0434\u0443\u043a\u0442\u0430","og_url":"https:\/\/estover.ee\/ru\/\u043f\u0440\u043e\u0434\u0443\u043a\u0442\u044b\/%d1%81%d1%8b%d1%80-%d1%81-%d0%bf%d0%bb%d0%b5%d1%81%d0%b5%d0%bd%d1%8c%d1%8e\/golden-monarch-ru\/golden-monarch-sinihallitusjuust-100g\/","og_site_name":"Estover","article_publisher":"https:\/\/www.facebook.com\/estoverpiimatoostus","article_modified_time":"2023-03-28T08:49:34+00:00","og_image":[{"width":2560,"height":1707,"url":"https:\/\/estover.ee\/wp-content\/uploads\/2023\/03\/RS-0559-scaled.jpg","type":"image\/jpeg"}],"twitter_card":"summary_large_image","schema":{"@context":"https:\/\/schema.org","@graph":[{"@type":"WebPage","@id":"https:\/\/estover.ee\/ru\/\u043f\u0440\u043e\u0434\u0443\u043a\u0442\u044b\/%d1%81%d1%8b%d1%80-%d1%81-%d0%bf%d0%bb%d0%b5%d1%81%d0%b5%d0%bd%d1%8c%d1%8e\/golden-monarch-ru\/golden-monarch-sinihallitusjuust-100g\/","url":"https:\/\/estover.ee\/ru\/\u043f\u0440\u043e\u0434\u0443\u043a\u0442\u044b\/%d1%81%d1%8b%d1%80-%d1%81-%d0%bf%d0%bb%d0%b5%d1%81%d0%b5%d0%bd%d1%8c%d1%8e\/golden-monarch-ru\/golden-monarch-sinihallitusjuust-100g\/","name":"\u0421\u044b\u0440 \u0441 \u0441\u0438\u043d\u0435\u0439 \u043f\u043b\u0435\u0441\u0435\u043d\u044c\u044e Golden Monarch 100 \u0433 - Estover","isPartOf":{"@id":"https:\/\/estover.ee\/ru\/#website"},"primaryImageOfPage":{"@id":"https:\/\/estover.ee\/ru\/\u043f\u0440\u043e\u0434\u0443\u043a\u0442\u044b\/%d1%81%d1%8b%d1%80-%d1%81-%d0%bf%d0%bb%d0%b5%d1%81%d0%b5%d0%bd%d1%8c%d1%8e\/golden-monarch-ru\/golden-monarch-sinihallitusjuust-100g\/#primaryimage"},"image":{"@id":"https:\/\/estover.ee\/ru\/\u043f\u0440\u043e\u0434\u0443\u043a\u0442\u044b\/%d1%81%d1%8b%d1%80-%d1%81-%d0%bf%d0%bb%d0%b5%d1%81%d0%b5%d0%bd%d1%8c%d1%8e\/golden-monarch-ru\/golden-monarch-sinihallitusjuust-100g\/#primaryimage"},"thumbnailUrl":"https:\/\/estover.ee\/wp-content\/uploads\/2023\/03\/RS-0559-scaled.jpg","datePublished":"2023-03-28T08:34:20+00:00","dateModified":"2023-03-28T08:49:34+00:00","breadcrumb":{"@id":"https:\/\/estover.ee\/ru\/\u043f\u0440\u043e\u0434\u0443\u043a\u0442\u044b\/%d1%81%d1%8b%d1%80-%d1%81-%d0%bf%d0%bb%d0%b5%d1%81%d0%b5%d0%bd%d1%8c%d1%8e\/golden-monarch-ru\/golden-monarch-sinihallitusjuust-100g\/#breadcrumb"},"inLanguage":"ru-RU","potentialAction":[{"@type":"ReadAction","target":["https:\/\/estover.ee\/ru\/\u043f\u0440\u043e\u0434\u0443\u043a\u0442\u044b\/%d1%81%d1%8b%d1%80-%d1%81-%d0%bf%d0%bb%d0%b5%d1%81%d0%b5%d0%bd%d1%8c%d1%8e\/golden-monarch-ru\/golden-monarch-sinihallitusjuust-100g\/"]}]},{"@type":"ImageObject","inLanguage":"ru-RU","@id":"https:\/\/estover.ee\/ru\/\u043f\u0440\u043e\u0434\u0443\u043a\u0442\u044b\/%d1%81%d1%8b%d1%80-%d1%81-%d0%bf%d0%bb%d0%b5%d1%81%d0%b5%d0%bd%d1%8c%d1%8e\/golden-monarch-ru\/golden-monarch-sinihallitusjuust-100g\/#primaryimage","url":"https:\/\/estover.ee\/wp-content\/uploads\/2023\/03\/RS-0559-scaled.jpg","contentUrl":"https:\/\/estover.ee\/wp-content\/uploads\/2023\/03\/RS-0559-scaled.jpg","width":2560,"height":1707},{"@type":"BreadcrumbList","@id":"https:\/\/estover.ee\/ru\/\u043f\u0440\u043e\u0434\u0443\u043a\u0442\u044b\/%d1%81%d1%8b%d1%80-%d1%81-%d0%bf%d0%bb%d0%b5%d1%81%d0%b5%d0%bd%d1%8c%d1%8e\/golden-monarch-ru\/golden-monarch-sinihallitusjuust-100g\/#breadcrumb","itemListElement":[{"@type":"ListItem","position":1,"name":"Home","item":"https:\/\/estover.ee\/ru\/"},{"@type":"ListItem","position":2,"name":"\u041f\u0440\u043e\u0434\u0443\u043a\u0442\u044b","item":"https:\/\/estover.ee\/tooted\/"},{"@type":"ListItem","position":3,"name":"\u0421\u044b\u0440 \u0441 \u0441\u0438\u043d\u0435\u0439 \u043f\u043b\u0435\u0441\u0435\u043d\u044c\u044e Golden Monarch 100 \u0433"}]},{"@type":"WebSite","@id":"https:\/\/estover.ee\/ru\/#website","url":"https:\/\/estover.ee\/ru\/","name":"Estover","description":"Piimat\u00f6\u00f6stus","publisher":{"@id":"https:\/\/estover.ee\/ru\/#organization"},"potentialAction":[{"@type":"SearchAction","target":{"@type":"EntryPoint","urlTemplate":"https:\/\/estover.ee\/ru\/?s={search_term_string}"},"query-input":{"@type":"PropertyValueSpecification","valueRequired":true,"valueName":"search_term_string"}}],"inLanguage":"ru-RU"},{"@type":"Organization","@id":"https:\/\/estover.ee\/ru\/#organization","name":"Estover","url":"https:\/\/estover.ee\/ru\/","logo":{"@type":"ImageObject","inLanguage":"ru-RU","@id":"https:\/\/estover.ee\/ru\/#\/schema\/logo\/image\/","url":"https:\/\/estover.ee\/wp-content\/uploads\/2022\/12\/estover_logo.png","contentUrl":"https:\/\/estover.ee\/wp-content\/uploads\/2022\/12\/estover_logo.png","width":167,"height":125,"caption":"Estover"},"image":{"@id":"https:\/\/estover.ee\/ru\/#\/schema\/logo\/image\/"},"sameAs":["https:\/\/www.facebook.com\/estoverpiimatoostus","https:\/\/www.instagram.com\/estovereesti\/"]}]}},"_links":{"self":[{"href":"https:\/\/estover.ee\/ru\/wp-json\/wp\/v2\/product\/4548","targetHints":{"allow":["GET"]}}],"collection":[{"href":"https:\/\/estover.ee\/ru\/wp-json\/wp\/v2\/product"}],"about":[{"href":"https:\/\/estover.ee\/ru\/wp-json\/wp\/v2\/types\/product"}],"wp:featuredmedia":[{"embeddable":true,"href":"https:\/\/estover.ee\/ru\/wp-json\/wp\/v2\/media\/4551"}],"wp:attachment":[{"href":"https:\/\/estover.ee\/ru\/wp-json\/wp\/v2\/media?parent=4548"}],"wp:term":[{"taxonomy":"product_brand","embeddable":true,"href":"https:\/\/estover.ee\/ru\/wp-json\/wp\/v2\/product_brand?post=4548"},{"taxonomy":"product_cat","embeddable":true,"href":"https:\/\/estover.ee\/ru\/wp-json\/wp\/v2\/product_cat?post=4548"},{"taxonomy":"product_tag","embeddable":true,"href":"https:\/\/estover.ee\/ru\/wp-json\/wp\/v2\/product_tag?post=4548"}],"curies":[{"name":"wp","href":"https:\/\/api.w.org\/{rel}","templated":true}]}}